{"id":6916,"date":"2023-02-17T16:27:01","date_gmt":"2023-02-17T15:27:01","guid":{"rendered":"https:\/\/poppers-original.eu\/product\/poppers-rush-original-mala-lahvicka-10-ml\/"},"modified":"2025-01-04T02:51:41","modified_gmt":"2025-01-04T01:51:41","slug":"poppers-rush-original-mala-lahvicka-10-ml","status":"publish","type":"product","link":"https:\/\/poppers-original.eu\/cs\/produkt\/poppers-rush-original-mala-lahvicka-10-ml\/","title":{"rendered":"Poppers Rush Original Mal\u00e1 lahvi\u010dka 10 ml"},"content":{"rendered":"<p>Odkryjte opojn\u00fd sv\u011bt Mal\u00e9 lahvi\u010dky Poppers Rush Original 10 ml, legend\u00e1rn\u00ed v\u016fn\u011b, kter\u00e1 v 70. letech minul\u00e9ho stolet\u00ed zah\u00e1jila celosv\u011btov\u00fd trend poppers. Tato mal\u00e1, ale mocn\u00e1 lahvi\u010dka nab\u00edz\u00ed v\u00edce ne\u017e jen kr\u00e1tkodob\u00fd z\u00e1\u017eitek \u2013 je to vstupenka do dobrodru\u017estv\u00ed, na kter\u00e9 se ji\u017e vydaly miliony lid\u00ed. <\/p>\n<h2>Vychutnejte si \u00fa\u010dinky t\u00e9to siln\u00e9 formule<\/h2>\n<p>Nepodce\u0148ujte velikost Mal\u00e9 lahvi\u010dky Poppers Rush Original 10 ml. I kdy\u017e je mal\u00e1, obsahuje sv\u011b\u017e\u00ed a silnou v\u016fni propyl nitridu, kter\u00e1 zaru\u010duje intenzivn\u00ed z\u00e1\u017eitek. Jej\u00ed stimula\u010dn\u00ed a afrodiziak\u00e1ln\u00ed \u00fa\u010dinky p\u016fsob\u00ed rychle a p\u0159in\u00e1\u0161ej\u00ed zku\u0161enost, kterou jste je\u0161t\u011b nepro\u017eili!  <\/p>\n<h2>Pro\u010d si vybrat Poppers Rush Original?<\/h2>\n<p>Poppers Rush Original prodal po cel\u00e9m sv\u011bt\u011b ji\u017e v\u00edce ne\u017e deset milion\u016f lahvi\u010dek a mezi v\u0161emi aromaty poppers z\u016fst\u00e1v\u00e1 neust\u00e1le nejvyhled\u00e1van\u011bj\u0161\u00edm. D\u00edky osv\u011bd\u010den\u00e9 \u00fa\u010dinnosti a spolehlivosti je obl\u00edben\u00fd mezi t\u011bmi, kte\u0159\u00ed hledaj\u00ed prvot\u0159\u00eddn\u00ed kvalitu a mimo\u0159\u00e1dn\u011b vzru\u0161uj\u00edc\u00ed z\u00e1\u017eitek. <\/p>\n<h2>Kupte si ikonickou Malou lahvi\u010dku Poppers Rush Original<\/h2>\n<p>P\u0159\u00edval vzru\u0161en\u00ed po pou\u017eit\u00ed poppers je jen jedno kliknut\u00ed daleko. Po\u0159i\u010fte si dnes Malou lahvi\u010dku Poppers Rush Original 10 ml i vy a p\u0159idejte se k milion\u016fm lid\u00ed, kte\u0159\u00ed si toto jedine\u010dn\u00e9 aroma vyb\u00edraj\u00ed. Tato kapesn\u00ed lahvi\u010dka kombinuje pohodl\u00ed s produktem vyvol\u00e1vaj\u00edc\u00edm ty nejintenzivn\u011bj\u0161\u00ed pocity. Vstupte s Poppers Rush Original do sv\u011bta intenzivn\u00edho pot\u011b\u0161en\u00ed a nezapomenuteln\u00fdch z\u00e1\u017eitk\u016f.   <\/p>\n<p>&nbsp;<\/p>\n<p>Uva\u017eujete o n\u00e1kupu ve v\u011bt\u0161\u00edm mno\u017estv\u00ed? <a href=\"https:\/\/poppers-original.eu\/product\/rush-poppers-10-ml-3-pack\/\">Balen\u00ed t\u0159\u00ed lahvi\u010dek Rush Poppers<\/a> je chytrou a cenov\u011b v\u00fdhodnou volbou. <\/p>\n<p>Pro dal\u0161\u00ed mo\u017enosti a varianty si prohl\u00e9dn\u011bte na\u0161i kompletn\u00ed kolekci <a href=\"https:\/\/poppers-original.eu\/product-category\/formula-based-poppers\/propyl-nitrite-poppers\/\">Poppers na b\u00e1zi nitridu propylu<\/a>.<\/p>\n<p>&nbsp;<\/p>\n<p><strong>Obsah balen\u00ed:<\/strong><\/p>\n<ul>\n<li>1x Poppers Rush Original Mal\u00e1 lahvi\u010dka 10 ml<\/li>\n<\/ul>\n<p><strong>Vlastnosti:<\/strong><\/p>\n<ul>\n<li>Ofici\u00e1ln\u00ed n\u00e1zev: Poppers Rush Original Mal\u00e1 Lahvi\u010dka 10 ml<\/li>\n<li>Obsah: 10 ml<\/li>\n<li>S\u00edla: 3\/5<\/li>\n<li>Bezpe\u010dn\u00e9 otev\u00edr\u00e1n\u00ed: s bezpe\u010dnostn\u00edm uz\u00e1v\u011brem<\/li>\n<li>Power Pak Pellets (PPP) pro dlouhodobou \u010distotu.<\/li>\n<li>Znovu uzav\u00edrateln\u00e9 polykonov\u00e9 v\u00ed\u010dko pro zachov\u00e1n\u00ed s\u00edly.<\/li>\n<li>Zbo\u017e\u00ed ka\u017ed\u00fd t\u00fdden obm\u011b\u0148ujeme pro zaji\u0161t\u011bn\u00ed \u010derstvosti.<\/li>\n<li>(CAS 541-42-4) Isopropyl nitrit + Propan-2-ol (CAS 67-63-0) Isopropyl<\/li>\n<li>Garance spokojenosti bu\u010f vr\u00e1cen\u00edm pen\u011bz, nebo v\u00fdm\u011bnou produktu.<\/li>\n<li>V\u00fdrobce: PWD\u00ae \u2013 Never Fake It<\/li>\n<li>Vyrobeno v Lucembursku<\/li>\n<\/ul>\n<p>&nbsp;<\/p>\n","protected":false},"excerpt":{"rendered":"<p>Objevte legend\u00e1rn\u00ed Malou lahvi\u010dku Poppers Rush Original 10 ml, celosv\u011btovou jedni\u010dku ve v\u016fn\u00edch poppers. I kdy\u017e je lahvi\u010dka kompaktn\u00ed, jej\u00ed siln\u00e1 formule propyl nitridu slibuje rychl\u00e9, siln\u00e9 a afrodiziak\u00e1ln\u00ed \u00fa\u010dinky. Sta\u0148te se sou\u010d\u00e1st\u00ed fenom\u00e9nu rush a posu\u0148te sv\u00e9 z\u00e1\u017eitky na vy\u0161\u0161\u00ed \u00farove\u0148!  <\/p>\n","protected":false},"featured_media":5529,"comment_status":"open","ping_status":"closed","template":"","meta":{"_acf_changed":false},"product_brand":[],"product_cat":[651,759,661],"product_tag":[981,982,868,979,980,983,978],"class_list":{"0":"post-6916","1":"product","2":"type-product","3":"status-publish","4":"has-post-thumbnail","6":"product_cat-male-poppers","7":"product_cat-poppers-cs","8":"product_cat-poppers-na-bazi-nitridu-propylu","9":"product_tag-10-ml-cs","10":"product_tag-maly","11":"product_tag-poppers-cs","12":"product_tag-poppers-10-ml-cs","13":"product_tag-poppers-male","14":"product_tag-poppers-rush-cs","15":"product_tag-rush-cs","17":"first","18":"instock","19":"taxable","20":"shipping-taxable","21":"purchasable","22":"product-type-simple"},"acf":[],"yoast_head":"<!-- This site is optimized with the Yoast SEO plugin v27.3 - https:\/\/yoast.com\/product\/yoast-seo-wordpress\/ -->\n<title>Poppers Rush Original Mal\u00e1 lahvi\u010dka 10 ml - EU Poppers Sale, Buy Poppers online<\/title>\n<meta name=\"description\" content=\"Pro\u017eijte s Malou lahvi\u010dkou Poppers Rush Original 10 ml vzru\u0161uj\u00edc\u00ed chv\u00edle. \u00da\u010dinn\u00e1, spolehliv\u00e1 a cenov\u011b v\u00fdhodn\u00e1 \u2013 za\u017eijte dosud nepoznan\u00fd p\u0159\u00edval pocit\u016f!\" \/>\n<meta name=\"robots\" content=\"index, follow, max-snippet:-1, max-image-preview:large, max-video-preview:-1\" \/>\n<link rel=\"canonical\" href=\"https:\/\/poppers-original.eu\/cs\/produkt\/poppers-rush-original-mala-lahvicka-10-ml\/\" \/>\n<meta property=\"og:locale\" content=\"cs_CZ\" \/>\n<meta property=\"og:type\" content=\"article\" \/>\n<meta property=\"og:title\" content=\"Poppers Rush Original Mal\u00e1 lahvi\u010dka 10 ml - EU Poppers Sale, Buy Poppers online\" \/>\n<meta property=\"og:description\" content=\"Pro\u017eijte s Malou lahvi\u010dkou Poppers Rush Original 10 ml vzru\u0161uj\u00edc\u00ed chv\u00edle. \u00da\u010dinn\u00e1, spolehliv\u00e1 a cenov\u011b v\u00fdhodn\u00e1 \u2013 za\u017eijte dosud nepoznan\u00fd p\u0159\u00edval pocit\u016f!\" \/>\n<meta property=\"og:url\" content=\"https:\/\/poppers-original.eu\/cs\/produkt\/poppers-rush-original-mala-lahvicka-10-ml\/\" \/>\n<meta property=\"og:site_name\" content=\"EU Poppers Sale, Buy Poppers online\" \/>\n<meta property=\"article:modified_time\" content=\"2025-01-04T01:51:41+00:00\" \/>\n<meta property=\"og:image\" content=\"https:\/\/poppers-original.eu\/wp-content\/uploads\/2023\/02\/poppers-rush-original-small-bottle-10-ml.jpg\" \/>\n\t<meta property=\"og:image:width\" content=\"1000\" \/>\n\t<meta property=\"og:image:height\" content=\"1000\" \/>\n\t<meta property=\"og:image:type\" content=\"image\/jpeg\" \/>\n<meta name=\"twitter:card\" content=\"summary_large_image\" \/>\n<meta name=\"twitter:label1\" content=\"Odhadovan\u00e1 doba \u010dten\u00ed\" \/>\n\t<meta name=\"twitter:data1\" content=\"2 minuty\" \/>\n<script type=\"application\/ld+json\" class=\"yoast-schema-graph\">{\"@context\":\"https:\\\/\\\/schema.org\",\"@graph\":[{\"@type\":\"WebPage\",\"@id\":\"https:\\\/\\\/poppers-original.eu\\\/cs\\\/produkt\\\/poppers-rush-original-mala-lahvicka-10-ml\\\/\",\"url\":\"https:\\\/\\\/poppers-original.eu\\\/cs\\\/produkt\\\/poppers-rush-original-mala-lahvicka-10-ml\\\/\",\"name\":\"Poppers Rush Original Mal\u00e1 lahvi\u010dka 10 ml - EU Poppers Sale, Buy Poppers online\",\"isPartOf\":{\"@id\":\"https:\\\/\\\/poppers-original.eu\\\/cs\\\/#website\"},\"primaryImageOfPage\":{\"@id\":\"https:\\\/\\\/poppers-original.eu\\\/cs\\\/produkt\\\/poppers-rush-original-mala-lahvicka-10-ml\\\/#primaryimage\"},\"image\":{\"@id\":\"https:\\\/\\\/poppers-original.eu\\\/cs\\\/produkt\\\/poppers-rush-original-mala-lahvicka-10-ml\\\/#primaryimage\"},\"thumbnailUrl\":\"https:\\\/\\\/poppers-original.eu\\\/wp-content\\\/uploads\\\/2023\\\/02\\\/poppers-rush-original-small-bottle-10-ml.jpg\",\"datePublished\":\"2023-02-17T15:27:01+00:00\",\"dateModified\":\"2025-01-04T01:51:41+00:00\",\"description\":\"Pro\u017eijte s Malou lahvi\u010dkou Poppers Rush Original 10 ml vzru\u0161uj\u00edc\u00ed chv\u00edle. \u00da\u010dinn\u00e1, spolehliv\u00e1 a cenov\u011b v\u00fdhodn\u00e1 \u2013 za\u017eijte dosud nepoznan\u00fd p\u0159\u00edval pocit\u016f!\",\"breadcrumb\":{\"@id\":\"https:\\\/\\\/poppers-original.eu\\\/cs\\\/produkt\\\/poppers-rush-original-mala-lahvicka-10-ml\\\/#breadcrumb\"},\"inLanguage\":\"cs\",\"potentialAction\":[{\"@type\":\"ReadAction\",\"target\":[\"https:\\\/\\\/poppers-original.eu\\\/cs\\\/produkt\\\/poppers-rush-original-mala-lahvicka-10-ml\\\/\"]}]},{\"@type\":\"ImageObject\",\"inLanguage\":\"cs\",\"@id\":\"https:\\\/\\\/poppers-original.eu\\\/cs\\\/produkt\\\/poppers-rush-original-mala-lahvicka-10-ml\\\/#primaryimage\",\"url\":\"https:\\\/\\\/poppers-original.eu\\\/wp-content\\\/uploads\\\/2023\\\/02\\\/poppers-rush-original-small-bottle-10-ml.jpg\",\"contentUrl\":\"https:\\\/\\\/poppers-original.eu\\\/wp-content\\\/uploads\\\/2023\\\/02\\\/poppers-rush-original-small-bottle-10-ml.jpg\",\"width\":1000,\"height\":1000,\"caption\":\"Poppers Rush Original Mal\u00e1 lahvi\u010dka 10 ml\"},{\"@type\":\"BreadcrumbList\",\"@id\":\"https:\\\/\\\/poppers-original.eu\\\/cs\\\/produkt\\\/poppers-rush-original-mala-lahvicka-10-ml\\\/#breadcrumb\",\"itemListElement\":[{\"@type\":\"ListItem\",\"position\":1,\"name\":\"Home\",\"item\":\"https:\\\/\\\/poppers-original.eu\\\/cs\\\/\"},{\"@type\":\"ListItem\",\"position\":2,\"name\":\"Shop\",\"item\":\"https:\\\/\\\/poppers-original.eu\\\/shop\\\/\"},{\"@type\":\"ListItem\",\"position\":3,\"name\":\"Poppers Rush Original Mal\u00e1 lahvi\u010dka 10 ml\"}]},{\"@type\":\"WebSite\",\"@id\":\"https:\\\/\\\/poppers-original.eu\\\/cs\\\/#website\",\"url\":\"https:\\\/\\\/poppers-original.eu\\\/cs\\\/\",\"name\":\"Poppers Original, Buy Poppers online\",\"description\":\"Poppers Original\",\"publisher\":{\"@id\":\"https:\\\/\\\/poppers-original.eu\\\/cs\\\/#organization\"},\"potentialAction\":[{\"@type\":\"SearchAction\",\"target\":{\"@type\":\"EntryPoint\",\"urlTemplate\":\"https:\\\/\\\/poppers-original.eu\\\/cs\\\/?s={search_term_string}\"},\"query-input\":{\"@type\":\"PropertyValueSpecification\",\"valueRequired\":true,\"valueName\":\"search_term_string\"}}],\"inLanguage\":\"cs\"},{\"@type\":\"Organization\",\"@id\":\"https:\\\/\\\/poppers-original.eu\\\/cs\\\/#organization\",\"name\":\"Poppers Sale, Buy Poppers online\",\"url\":\"https:\\\/\\\/poppers-original.eu\\\/cs\\\/\",\"logo\":{\"@type\":\"ImageObject\",\"inLanguage\":\"cs\",\"@id\":\"https:\\\/\\\/poppers-original.eu\\\/cs\\\/#\\\/schema\\\/logo\\\/image\\\/\",\"url\":\"https:\\\/\\\/poppers-original.eu\\\/wp-content\\\/uploads\\\/2023\\\/05\\\/poppers-original-logo.png\",\"contentUrl\":\"https:\\\/\\\/poppers-original.eu\\\/wp-content\\\/uploads\\\/2023\\\/05\\\/poppers-original-logo.png\",\"width\":790,\"height\":150,\"caption\":\"Poppers Sale, Buy Poppers online\"},\"image\":{\"@id\":\"https:\\\/\\\/poppers-original.eu\\\/cs\\\/#\\\/schema\\\/logo\\\/image\\\/\"}}]}<\/script>\n<!-- \/ Yoast SEO plugin. -->","yoast_head_json":{"title":"Poppers Rush Original Mal\u00e1 lahvi\u010dka 10 ml - EU Poppers Sale, Buy Poppers online","description":"Pro\u017eijte s Malou lahvi\u010dkou Poppers Rush Original 10 ml vzru\u0161uj\u00edc\u00ed chv\u00edle. \u00da\u010dinn\u00e1, spolehliv\u00e1 a cenov\u011b v\u00fdhodn\u00e1 \u2013 za\u017eijte dosud nepoznan\u00fd p\u0159\u00edval pocit\u016f!","robots":{"index":"index","follow":"follow","max-snippet":"max-snippet:-1","max-image-preview":"max-image-preview:large","max-video-preview":"max-video-preview:-1"},"canonical":"https:\/\/poppers-original.eu\/cs\/produkt\/poppers-rush-original-mala-lahvicka-10-ml\/","og_locale":"cs_CZ","og_type":"article","og_title":"Poppers Rush Original Mal\u00e1 lahvi\u010dka 10 ml - EU Poppers Sale, Buy Poppers online","og_description":"Pro\u017eijte s Malou lahvi\u010dkou Poppers Rush Original 10 ml vzru\u0161uj\u00edc\u00ed chv\u00edle. \u00da\u010dinn\u00e1, spolehliv\u00e1 a cenov\u011b v\u00fdhodn\u00e1 \u2013 za\u017eijte dosud nepoznan\u00fd p\u0159\u00edval pocit\u016f!","og_url":"https:\/\/poppers-original.eu\/cs\/produkt\/poppers-rush-original-mala-lahvicka-10-ml\/","og_site_name":"EU Poppers Sale, Buy Poppers online","article_modified_time":"2025-01-04T01:51:41+00:00","og_image":[{"width":1000,"height":1000,"url":"https:\/\/poppers-original.eu\/wp-content\/uploads\/2023\/02\/poppers-rush-original-small-bottle-10-ml.jpg","type":"image\/jpeg"}],"twitter_card":"summary_large_image","twitter_misc":{"Odhadovan\u00e1 doba \u010dten\u00ed":"2 minuty"},"schema":{"@context":"https:\/\/schema.org","@graph":[{"@type":"WebPage","@id":"https:\/\/poppers-original.eu\/cs\/produkt\/poppers-rush-original-mala-lahvicka-10-ml\/","url":"https:\/\/poppers-original.eu\/cs\/produkt\/poppers-rush-original-mala-lahvicka-10-ml\/","name":"Poppers Rush Original Mal\u00e1 lahvi\u010dka 10 ml - EU Poppers Sale, Buy Poppers online","isPartOf":{"@id":"https:\/\/poppers-original.eu\/cs\/#website"},"primaryImageOfPage":{"@id":"https:\/\/poppers-original.eu\/cs\/produkt\/poppers-rush-original-mala-lahvicka-10-ml\/#primaryimage"},"image":{"@id":"https:\/\/poppers-original.eu\/cs\/produkt\/poppers-rush-original-mala-lahvicka-10-ml\/#primaryimage"},"thumbnailUrl":"https:\/\/poppers-original.eu\/wp-content\/uploads\/2023\/02\/poppers-rush-original-small-bottle-10-ml.jpg","datePublished":"2023-02-17T15:27:01+00:00","dateModified":"2025-01-04T01:51:41+00:00","description":"Pro\u017eijte s Malou lahvi\u010dkou Poppers Rush Original 10 ml vzru\u0161uj\u00edc\u00ed chv\u00edle. \u00da\u010dinn\u00e1, spolehliv\u00e1 a cenov\u011b v\u00fdhodn\u00e1 \u2013 za\u017eijte dosud nepoznan\u00fd p\u0159\u00edval pocit\u016f!","breadcrumb":{"@id":"https:\/\/poppers-original.eu\/cs\/produkt\/poppers-rush-original-mala-lahvicka-10-ml\/#breadcrumb"},"inLanguage":"cs","potentialAction":[{"@type":"ReadAction","target":["https:\/\/poppers-original.eu\/cs\/produkt\/poppers-rush-original-mala-lahvicka-10-ml\/"]}]},{"@type":"ImageObject","inLanguage":"cs","@id":"https:\/\/poppers-original.eu\/cs\/produkt\/poppers-rush-original-mala-lahvicka-10-ml\/#primaryimage","url":"https:\/\/poppers-original.eu\/wp-content\/uploads\/2023\/02\/poppers-rush-original-small-bottle-10-ml.jpg","contentUrl":"https:\/\/poppers-original.eu\/wp-content\/uploads\/2023\/02\/poppers-rush-original-small-bottle-10-ml.jpg","width":1000,"height":1000,"caption":"Poppers Rush Original Mal\u00e1 lahvi\u010dka 10 ml"},{"@type":"BreadcrumbList","@id":"https:\/\/poppers-original.eu\/cs\/produkt\/poppers-rush-original-mala-lahvicka-10-ml\/#breadcrumb","itemListElement":[{"@type":"ListItem","position":1,"name":"Home","item":"https:\/\/poppers-original.eu\/cs\/"},{"@type":"ListItem","position":2,"name":"Shop","item":"https:\/\/poppers-original.eu\/shop\/"},{"@type":"ListItem","position":3,"name":"Poppers Rush Original Mal\u00e1 lahvi\u010dka 10 ml"}]},{"@type":"WebSite","@id":"https:\/\/poppers-original.eu\/cs\/#website","url":"https:\/\/poppers-original.eu\/cs\/","name":"Poppers Original, Buy Poppers online","description":"Poppers Original","publisher":{"@id":"https:\/\/poppers-original.eu\/cs\/#organization"},"potentialAction":[{"@type":"SearchAction","target":{"@type":"EntryPoint","urlTemplate":"https:\/\/poppers-original.eu\/cs\/?s={search_term_string}"},"query-input":{"@type":"PropertyValueSpecification","valueRequired":true,"valueName":"search_term_string"}}],"inLanguage":"cs"},{"@type":"Organization","@id":"https:\/\/poppers-original.eu\/cs\/#organization","name":"Poppers Sale, Buy Poppers online","url":"https:\/\/poppers-original.eu\/cs\/","logo":{"@type":"ImageObject","inLanguage":"cs","@id":"https:\/\/poppers-original.eu\/cs\/#\/schema\/logo\/image\/","url":"https:\/\/poppers-original.eu\/wp-content\/uploads\/2023\/05\/poppers-original-logo.png","contentUrl":"https:\/\/poppers-original.eu\/wp-content\/uploads\/2023\/05\/poppers-original-logo.png","width":790,"height":150,"caption":"Poppers Sale, Buy Poppers online"},"image":{"@id":"https:\/\/poppers-original.eu\/cs\/#\/schema\/logo\/image\/"}}]}},"_links":{"self":[{"href":"https:\/\/poppers-original.eu\/cs\/wp-json\/wp\/v2\/product\/6916","targetHints":{"allow":["GET"]}}],"collection":[{"href":"https:\/\/poppers-original.eu\/cs\/wp-json\/wp\/v2\/product"}],"about":[{"href":"https:\/\/poppers-original.eu\/cs\/wp-json\/wp\/v2\/types\/product"}],"replies":[{"embeddable":true,"href":"https:\/\/poppers-original.eu\/cs\/wp-json\/wp\/v2\/comments?post=6916"}],"wp:featuredmedia":[{"embeddable":true,"href":"https:\/\/poppers-original.eu\/cs\/wp-json\/wp\/v2\/media\/5529"}],"wp:attachment":[{"href":"https:\/\/poppers-original.eu\/cs\/wp-json\/wp\/v2\/media?parent=6916"}],"wp:term":[{"taxonomy":"product_brand","embeddable":true,"href":"https:\/\/poppers-original.eu\/cs\/wp-json\/wp\/v2\/product_brand?post=6916"},{"taxonomy":"product_cat","embeddable":true,"href":"https:\/\/poppers-original.eu\/cs\/wp-json\/wp\/v2\/product_cat?post=6916"},{"taxonomy":"product_tag","embeddable":true,"href":"https:\/\/poppers-original.eu\/cs\/wp-json\/wp\/v2\/product_tag?post=6916"}],"curies":[{"name":"wp","href":"https:\/\/api.w.org\/{rel}","templated":true}]}}