{"id":6895,"date":"2023-03-11T12:52:38","date_gmt":"2023-03-11T11:52:38","guid":{"rendered":"https:\/\/poppers-original.eu\/product\/rave-poppers-10-ml\/"},"modified":"2025-07-28T16:38:00","modified_gmt":"2025-07-28T15:38:00","slug":"rave-poppers-10ml","status":"publish","type":"product","link":"https:\/\/poppers-original.eu\/cs\/produkt\/rave-poppers-10ml\/","title":{"rendered":"Rave Poppers 10 ml"},"content":{"rendered":"<p>Z centra p\u00e1rty sc\u00e9ny vystupuje proslul\u00fd Rave Poppers 10 ml, um\u00edst\u011bn\u00fd ve sv\u00e9 ikonick\u00e9 \u017elut\u00e9 lahvi\u010dce s nezam\u011bniteln\u00fdm logem RAVE. Je uzn\u00e1van\u00fd a obdivovan\u00fd nad\u0161en\u00fdmi u\u017eivateli z cel\u00e9ho sv\u011bta. Tato 10ml lahvi\u010dka v sob\u011b obsahuje nejen v\u00e1biv\u00e9 aroma, ale z\u00e1\u017eitek, kter\u00fd rezonuje jak s nov\u00e1\u010dky, tak s veter\u00e1ny. Vydejte se s n\u00e1mi na tuto smyslovou cestu a pono\u0159te se hloub\u011bji do kouzla, d\u00edky kter\u00e9mu je Rave Poppers st\u0159edem pozornosti.  <\/p>\n<h2>Kultovn\u00ed obl\u00edbenec: Podstata Rave<\/h2>\n<p>Rave nen\u00ed jen oby\u010dejn\u00fd n\u00e1zev; je to p\u0159edev\u0161\u00edm odkaz. Ka\u017ed\u00e1 lahvi\u010dka obsahuje sm\u011bs, kter\u00e1 nejen\u017ee ust\u00e1la zkou\u0161ku \u010dasu, ale nav\u00edc z n\u00ed vy\u0161la jako v\u00edt\u011bz. Rave Poppers 10 ml vychvaluj\u00ed z\u00e1kazn\u00edci z cel\u00e9ho sv\u011bta, co\u017e jen dokazuje fakt, \u017ee m\u00e1lo je n\u011bkdy v\u00edce. D\u00edky jeho snadn\u00e9 p\u0159enosnosti v\u00edte, \u017ee a\u0165 u\u017e jste n\u011bkde v klubu, nebo t\u0159eba v saun\u011b, s\u00edla Rave je v\u00e1m nabl\u00edzku.   <\/p>\n<h2>Slib Rave Poppers 10 ml: Kvalita a spokojenost<\/h2>\n<p>Rave Poppers maj\u00ed v mnoha lidsk\u00fdch srdc\u00edch zvl\u00e1\u0161tn\u00ed m\u00edsto. Proto do ka\u017ed\u00e9 lahvi\u010dky vkl\u00e1d\u00e1me tolik p\u00e9\u010de, abyste poka\u017ed\u00e9 z\u00edskali tu stejnou proslulou formuli. Kdy\u017e si vyberete Rave, v\u011bzte, \u017ee si vyb\u00edr\u00e1te v\u00edce ne\u017e jen aroma \u2013 dost\u00e1v\u00e1te prvot\u0159\u00eddn\u00ed kvalitu a vzru\u0161uj\u00edc\u00ed intenzitu, jakou jinde nenajdete. Rozhodnut\u00edm se pro Rave Poppers 10 ml ud\u011bl\u00e1te v\u00edc ne\u017e jen n\u00e1kup; je to investice do kvality a nezapomenuteln\u00fdch z\u00e1\u017eitk\u016f. Nechte toto okouzluj\u00edc\u00ed aroma v pr\u016fb\u011bhu noci pozdvihnout va\u0161e speci\u00e1ln\u00ed okam\u017eiky na novou \u00farove\u0148. V\u011b\u0159te v Rave a poznejte v\u00e1\u0161e\u0148, kterou p\u0159in\u00e1\u0161\u00ed p\u0159i ka\u017ed\u00e9 p\u0159\u00edle\u017eitosti. Pokud hled\u00e1te dal\u0161\u00ed mo\u017enosti a varianty poppers s propyl nitridem, pod\u00edvejte se na na\u0161i celou kolekci <a href=\"https:\/\/poppers-original.eu\/product-category\/formula-based-poppers\/propyl-nitrite-poppers\/\">Poppers na b\u00e1zi nitridu propylu<\/a>.  <\/p>\n<p><strong>Obsah balen\u00ed<\/strong><\/p>\n<ul>\n<li>1x Rave Aroma 10 ml<\/li>\n<\/ul>\n<p><strong>Vlastnosti:<\/strong><\/p>\n<ul>\n<li>Ofici\u00e1ln\u00ed n\u00e1zev: Rave Poppers 10 ml<\/li>\n<li>Obsah: 10 ml<\/li>\n<li>S\u00edla: 3\/5<\/li>\n<li>Bezpe\u010dn\u00e9 otev\u00edr\u00e1n\u00ed: s bezpe\u010dnostn\u00edm uz\u00e1v\u011brem<\/li>\n<li>Power Pak Pellets (PPP) pro dlouhodobou \u010distotu.<\/li>\n<li>Znovu uzav\u00edrateln\u00e9 polykonov\u00e9 v\u00ed\u010dko pro zachov\u00e1n\u00ed s\u00edly.<\/li>\n<li>Zbo\u017e\u00ed ka\u017ed\u00fd t\u00fdden obm\u011b\u0148ujeme pro zaji\u0161t\u011bn\u00ed \u010derstvosti.<\/li>\n<li>(CAS 541-42-4) Isopropyl nitrit + Propan-2-ol (CAS 67-63-0) Isopropyl<\/li>\n<li>Garance spokojenosti bu\u010f vr\u00e1cen\u00edm pen\u011bz, nebo v\u00fdm\u011bnou produktu.<\/li>\n<li>V\u00fdrobce: PWD\u00ae \u2013 Never Fake It<\/li>\n<li>Vyrobeno v Lucembursku<\/li>\n<\/ul>\n","protected":false},"excerpt":{"rendered":"<p>Rave Poppers je celosv\u011btov\u011b uzn\u00e1v\u00e1n jako jeden z p\u0159edn\u00edch poppers vhodn\u00fdch na v\u00edkendov\u00e9 p\u00e1rty. Pono\u0159te se do kouzla jeho unik\u00e1tn\u00ed formule, navr\u017een\u00e9 tak, aby v\u00e1\u0161e\u0148 a vzru\u0161en\u00ed z\u016fstaly \u017eiv\u00e9 a\u017e do rann\u00edch hodin. Ka\u017ed\u00e1 lahvi\u010dka Rave poppers obsahuje 10 ml t\u00e9to fascinuj\u00edc\u00ed sm\u011bsi, kter\u00e1 slibuje neopakovateln\u00e9 smyslov\u00e9 pot\u011b\u0161en\u00ed. Chceme abyste v\u011bd\u011bli, \u017ee jsme hrd\u00ed na to, \u017ee nab\u00edz\u00edme pouze autentick\u00e9 poppers za nep\u0159ekonateln\u00e9 ceny. N\u00e1\u0161 vynikaj\u00edc\u00ed z\u00e1kaznick\u00fd servis a rychl\u00e9, diskr\u00e9tn\u00ed dod\u00e1n\u00ed jsou jen t\u0159e\u0161ni\u010dkou na dortu. Vyzkou\u0161ejte, jak\u00fd rozd\u00edl zp\u016fsob\u00ed Rave Poppers, je\u0161t\u011b dnes!     <\/p>\n","protected":false},"featured_media":5564,"comment_status":"open","ping_status":"closed","template":"","meta":{"_acf_changed":false},"product_brand":[],"product_cat":[651,759,661],"product_tag":[955,952,954,953],"class_list":{"0":"post-6895","1":"product","2":"type-product","3":"status-publish","4":"has-post-thumbnail","6":"product_cat-male-poppers","7":"product_cat-poppers-cs","8":"product_cat-poppers-na-bazi-nitridu-propylu","9":"product_tag-poppers-na-rave","10":"product_tag-poppers-rave-cs","11":"product_tag-poppers-rave-10-ml-cs","12":"product_tag-rave-poppers-cs","14":"first","15":"outofstock","16":"taxable","17":"shipping-taxable","18":"purchasable","19":"product-type-simple"},"acf":[],"yoast_head":"<!-- This site is optimized with the Yoast SEO plugin v27.3 - https:\/\/yoast.com\/product\/yoast-seo-wordpress\/ -->\n<title>Rave Poppers 10 ml - EU Poppers Sale, Buy Poppers online<\/title>\n<meta name=\"description\" content=\"Vypus\u0165te s Rave Poppers 10 ml vzru\u0161en\u00ed ze \u0159et\u011bzu. Je ide\u00e1ln\u00ed pro nezapomenuteln\u00e9 ve\u010d\u00edrky a trval\u00e9 pot\u011b\u0161en\u00ed. P\u0159ipojte se k hnut\u00ed za Rave je\u0161t\u011b dnes!\" \/>\n<meta name=\"robots\" content=\"index, follow, max-snippet:-1, max-image-preview:large, max-video-preview:-1\" \/>\n<link rel=\"canonical\" href=\"https:\/\/poppers-original.eu\/cs\/produkt\/rave-poppers-10ml\/\" \/>\n<meta property=\"og:locale\" content=\"cs_CZ\" \/>\n<meta property=\"og:type\" content=\"article\" \/>\n<meta property=\"og:title\" content=\"Rave Poppers 10 ml - EU Poppers Sale, Buy Poppers online\" \/>\n<meta property=\"og:description\" content=\"Vypus\u0165te s Rave Poppers 10 ml vzru\u0161en\u00ed ze \u0159et\u011bzu. Je ide\u00e1ln\u00ed pro nezapomenuteln\u00e9 ve\u010d\u00edrky a trval\u00e9 pot\u011b\u0161en\u00ed. P\u0159ipojte se k hnut\u00ed za Rave je\u0161t\u011b dnes!\" \/>\n<meta property=\"og:url\" content=\"https:\/\/poppers-original.eu\/cs\/produkt\/rave-poppers-10ml\/\" \/>\n<meta property=\"og:site_name\" content=\"EU Poppers Sale, Buy Poppers online\" \/>\n<meta property=\"article:modified_time\" content=\"2025-07-28T15:38:00+00:00\" \/>\n<meta property=\"og:image\" content=\"https:\/\/poppers-original.eu\/wp-content\/uploads\/2023\/03\/poppers-rave-10-ml-1.jpg\" \/>\n\t<meta property=\"og:image:width\" content=\"1000\" \/>\n\t<meta property=\"og:image:height\" content=\"1000\" \/>\n\t<meta property=\"og:image:type\" content=\"image\/jpeg\" \/>\n<meta name=\"twitter:card\" content=\"summary_large_image\" \/>\n<meta name=\"twitter:label1\" content=\"Odhadovan\u00e1 doba \u010dten\u00ed\" \/>\n\t<meta name=\"twitter:data1\" content=\"2 minuty\" \/>\n<script type=\"application\/ld+json\" class=\"yoast-schema-graph\">{\"@context\":\"https:\\\/\\\/schema.org\",\"@graph\":[{\"@type\":\"WebPage\",\"@id\":\"https:\\\/\\\/poppers-original.eu\\\/cs\\\/produkt\\\/rave-poppers-10ml\\\/\",\"url\":\"https:\\\/\\\/poppers-original.eu\\\/cs\\\/produkt\\\/rave-poppers-10ml\\\/\",\"name\":\"Rave Poppers 10 ml - EU Poppers Sale, Buy Poppers online\",\"isPartOf\":{\"@id\":\"https:\\\/\\\/poppers-original.eu\\\/cs\\\/#website\"},\"primaryImageOfPage\":{\"@id\":\"https:\\\/\\\/poppers-original.eu\\\/cs\\\/produkt\\\/rave-poppers-10ml\\\/#primaryimage\"},\"image\":{\"@id\":\"https:\\\/\\\/poppers-original.eu\\\/cs\\\/produkt\\\/rave-poppers-10ml\\\/#primaryimage\"},\"thumbnailUrl\":\"https:\\\/\\\/poppers-original.eu\\\/wp-content\\\/uploads\\\/2023\\\/03\\\/poppers-rave-10-ml-1.jpg\",\"datePublished\":\"2023-03-11T11:52:38+00:00\",\"dateModified\":\"2025-07-28T15:38:00+00:00\",\"description\":\"Vypus\u0165te s Rave Poppers 10 ml vzru\u0161en\u00ed ze \u0159et\u011bzu. Je ide\u00e1ln\u00ed pro nezapomenuteln\u00e9 ve\u010d\u00edrky a trval\u00e9 pot\u011b\u0161en\u00ed. P\u0159ipojte se k hnut\u00ed za Rave je\u0161t\u011b dnes!\",\"breadcrumb\":{\"@id\":\"https:\\\/\\\/poppers-original.eu\\\/cs\\\/produkt\\\/rave-poppers-10ml\\\/#breadcrumb\"},\"inLanguage\":\"cs\",\"potentialAction\":[{\"@type\":\"ReadAction\",\"target\":[\"https:\\\/\\\/poppers-original.eu\\\/cs\\\/produkt\\\/rave-poppers-10ml\\\/\"]}]},{\"@type\":\"ImageObject\",\"inLanguage\":\"cs\",\"@id\":\"https:\\\/\\\/poppers-original.eu\\\/cs\\\/produkt\\\/rave-poppers-10ml\\\/#primaryimage\",\"url\":\"https:\\\/\\\/poppers-original.eu\\\/wp-content\\\/uploads\\\/2023\\\/03\\\/poppers-rave-10-ml-1.jpg\",\"contentUrl\":\"https:\\\/\\\/poppers-original.eu\\\/wp-content\\\/uploads\\\/2023\\\/03\\\/poppers-rave-10-ml-1.jpg\",\"width\":1000,\"height\":1000,\"caption\":\"Poppers Rave 10 ml\"},{\"@type\":\"BreadcrumbList\",\"@id\":\"https:\\\/\\\/poppers-original.eu\\\/cs\\\/produkt\\\/rave-poppers-10ml\\\/#breadcrumb\",\"itemListElement\":[{\"@type\":\"ListItem\",\"position\":1,\"name\":\"Home\",\"item\":\"https:\\\/\\\/poppers-original.eu\\\/cs\\\/\"},{\"@type\":\"ListItem\",\"position\":2,\"name\":\"Shop\",\"item\":\"https:\\\/\\\/poppers-original.eu\\\/shop\\\/\"},{\"@type\":\"ListItem\",\"position\":3,\"name\":\"Rave Poppers 10 ml\"}]},{\"@type\":\"WebSite\",\"@id\":\"https:\\\/\\\/poppers-original.eu\\\/cs\\\/#website\",\"url\":\"https:\\\/\\\/poppers-original.eu\\\/cs\\\/\",\"name\":\"Poppers Original, Buy Poppers online\",\"description\":\"Poppers Original\",\"publisher\":{\"@id\":\"https:\\\/\\\/poppers-original.eu\\\/cs\\\/#organization\"},\"potentialAction\":[{\"@type\":\"SearchAction\",\"target\":{\"@type\":\"EntryPoint\",\"urlTemplate\":\"https:\\\/\\\/poppers-original.eu\\\/cs\\\/?s={search_term_string}\"},\"query-input\":{\"@type\":\"PropertyValueSpecification\",\"valueRequired\":true,\"valueName\":\"search_term_string\"}}],\"inLanguage\":\"cs\"},{\"@type\":\"Organization\",\"@id\":\"https:\\\/\\\/poppers-original.eu\\\/cs\\\/#organization\",\"name\":\"Poppers Sale, Buy Poppers online\",\"url\":\"https:\\\/\\\/poppers-original.eu\\\/cs\\\/\",\"logo\":{\"@type\":\"ImageObject\",\"inLanguage\":\"cs\",\"@id\":\"https:\\\/\\\/poppers-original.eu\\\/cs\\\/#\\\/schema\\\/logo\\\/image\\\/\",\"url\":\"https:\\\/\\\/poppers-original.eu\\\/wp-content\\\/uploads\\\/2023\\\/05\\\/poppers-original-logo.png\",\"contentUrl\":\"https:\\\/\\\/poppers-original.eu\\\/wp-content\\\/uploads\\\/2023\\\/05\\\/poppers-original-logo.png\",\"width\":790,\"height\":150,\"caption\":\"Poppers Sale, Buy Poppers online\"},\"image\":{\"@id\":\"https:\\\/\\\/poppers-original.eu\\\/cs\\\/#\\\/schema\\\/logo\\\/image\\\/\"}}]}<\/script>\n<!-- \/ Yoast SEO plugin. -->","yoast_head_json":{"title":"Rave Poppers 10 ml - EU Poppers Sale, Buy Poppers online","description":"Vypus\u0165te s Rave Poppers 10 ml vzru\u0161en\u00ed ze \u0159et\u011bzu. Je ide\u00e1ln\u00ed pro nezapomenuteln\u00e9 ve\u010d\u00edrky a trval\u00e9 pot\u011b\u0161en\u00ed. P\u0159ipojte se k hnut\u00ed za Rave je\u0161t\u011b dnes!","robots":{"index":"index","follow":"follow","max-snippet":"max-snippet:-1","max-image-preview":"max-image-preview:large","max-video-preview":"max-video-preview:-1"},"canonical":"https:\/\/poppers-original.eu\/cs\/produkt\/rave-poppers-10ml\/","og_locale":"cs_CZ","og_type":"article","og_title":"Rave Poppers 10 ml - EU Poppers Sale, Buy Poppers online","og_description":"Vypus\u0165te s Rave Poppers 10 ml vzru\u0161en\u00ed ze \u0159et\u011bzu. Je ide\u00e1ln\u00ed pro nezapomenuteln\u00e9 ve\u010d\u00edrky a trval\u00e9 pot\u011b\u0161en\u00ed. P\u0159ipojte se k hnut\u00ed za Rave je\u0161t\u011b dnes!","og_url":"https:\/\/poppers-original.eu\/cs\/produkt\/rave-poppers-10ml\/","og_site_name":"EU Poppers Sale, Buy Poppers online","article_modified_time":"2025-07-28T15:38:00+00:00","og_image":[{"width":1000,"height":1000,"url":"https:\/\/poppers-original.eu\/wp-content\/uploads\/2023\/03\/poppers-rave-10-ml-1.jpg","type":"image\/jpeg"}],"twitter_card":"summary_large_image","twitter_misc":{"Odhadovan\u00e1 doba \u010dten\u00ed":"2 minuty"},"schema":{"@context":"https:\/\/schema.org","@graph":[{"@type":"WebPage","@id":"https:\/\/poppers-original.eu\/cs\/produkt\/rave-poppers-10ml\/","url":"https:\/\/poppers-original.eu\/cs\/produkt\/rave-poppers-10ml\/","name":"Rave Poppers 10 ml - EU Poppers Sale, Buy Poppers online","isPartOf":{"@id":"https:\/\/poppers-original.eu\/cs\/#website"},"primaryImageOfPage":{"@id":"https:\/\/poppers-original.eu\/cs\/produkt\/rave-poppers-10ml\/#primaryimage"},"image":{"@id":"https:\/\/poppers-original.eu\/cs\/produkt\/rave-poppers-10ml\/#primaryimage"},"thumbnailUrl":"https:\/\/poppers-original.eu\/wp-content\/uploads\/2023\/03\/poppers-rave-10-ml-1.jpg","datePublished":"2023-03-11T11:52:38+00:00","dateModified":"2025-07-28T15:38:00+00:00","description":"Vypus\u0165te s Rave Poppers 10 ml vzru\u0161en\u00ed ze \u0159et\u011bzu. Je ide\u00e1ln\u00ed pro nezapomenuteln\u00e9 ve\u010d\u00edrky a trval\u00e9 pot\u011b\u0161en\u00ed. P\u0159ipojte se k hnut\u00ed za Rave je\u0161t\u011b dnes!","breadcrumb":{"@id":"https:\/\/poppers-original.eu\/cs\/produkt\/rave-poppers-10ml\/#breadcrumb"},"inLanguage":"cs","potentialAction":[{"@type":"ReadAction","target":["https:\/\/poppers-original.eu\/cs\/produkt\/rave-poppers-10ml\/"]}]},{"@type":"ImageObject","inLanguage":"cs","@id":"https:\/\/poppers-original.eu\/cs\/produkt\/rave-poppers-10ml\/#primaryimage","url":"https:\/\/poppers-original.eu\/wp-content\/uploads\/2023\/03\/poppers-rave-10-ml-1.jpg","contentUrl":"https:\/\/poppers-original.eu\/wp-content\/uploads\/2023\/03\/poppers-rave-10-ml-1.jpg","width":1000,"height":1000,"caption":"Poppers Rave 10 ml"},{"@type":"BreadcrumbList","@id":"https:\/\/poppers-original.eu\/cs\/produkt\/rave-poppers-10ml\/#breadcrumb","itemListElement":[{"@type":"ListItem","position":1,"name":"Home","item":"https:\/\/poppers-original.eu\/cs\/"},{"@type":"ListItem","position":2,"name":"Shop","item":"https:\/\/poppers-original.eu\/shop\/"},{"@type":"ListItem","position":3,"name":"Rave Poppers 10 ml"}]},{"@type":"WebSite","@id":"https:\/\/poppers-original.eu\/cs\/#website","url":"https:\/\/poppers-original.eu\/cs\/","name":"Poppers Original, Buy Poppers online","description":"Poppers Original","publisher":{"@id":"https:\/\/poppers-original.eu\/cs\/#organization"},"potentialAction":[{"@type":"SearchAction","target":{"@type":"EntryPoint","urlTemplate":"https:\/\/poppers-original.eu\/cs\/?s={search_term_string}"},"query-input":{"@type":"PropertyValueSpecification","valueRequired":true,"valueName":"search_term_string"}}],"inLanguage":"cs"},{"@type":"Organization","@id":"https:\/\/poppers-original.eu\/cs\/#organization","name":"Poppers Sale, Buy Poppers online","url":"https:\/\/poppers-original.eu\/cs\/","logo":{"@type":"ImageObject","inLanguage":"cs","@id":"https:\/\/poppers-original.eu\/cs\/#\/schema\/logo\/image\/","url":"https:\/\/poppers-original.eu\/wp-content\/uploads\/2023\/05\/poppers-original-logo.png","contentUrl":"https:\/\/poppers-original.eu\/wp-content\/uploads\/2023\/05\/poppers-original-logo.png","width":790,"height":150,"caption":"Poppers Sale, Buy Poppers online"},"image":{"@id":"https:\/\/poppers-original.eu\/cs\/#\/schema\/logo\/image\/"}}]}},"_links":{"self":[{"href":"https:\/\/poppers-original.eu\/cs\/wp-json\/wp\/v2\/product\/6895","targetHints":{"allow":["GET"]}}],"collection":[{"href":"https:\/\/poppers-original.eu\/cs\/wp-json\/wp\/v2\/product"}],"about":[{"href":"https:\/\/poppers-original.eu\/cs\/wp-json\/wp\/v2\/types\/product"}],"replies":[{"embeddable":true,"href":"https:\/\/poppers-original.eu\/cs\/wp-json\/wp\/v2\/comments?post=6895"}],"wp:featuredmedia":[{"embeddable":true,"href":"https:\/\/poppers-original.eu\/cs\/wp-json\/wp\/v2\/media\/5564"}],"wp:attachment":[{"href":"https:\/\/poppers-original.eu\/cs\/wp-json\/wp\/v2\/media?parent=6895"}],"wp:term":[{"taxonomy":"product_brand","embeddable":true,"href":"https:\/\/poppers-original.eu\/cs\/wp-json\/wp\/v2\/product_brand?post=6895"},{"taxonomy":"product_cat","embeddable":true,"href":"https:\/\/poppers-original.eu\/cs\/wp-json\/wp\/v2\/product_cat?post=6895"},{"taxonomy":"product_tag","embeddable":true,"href":"https:\/\/poppers-original.eu\/cs\/wp-json\/wp\/v2\/product_tag?post=6895"}],"curies":[{"name":"wp","href":"https:\/\/api.w.org\/{rel}","templated":true}]}}