{"id":6745,"date":"2023-06-08T08:33:27","date_gmt":"2023-06-08T07:33:27","guid":{"rendered":"https:\/\/poppers-original.eu\/product\/poppers-jungle-juice-black-label-25-ml\/"},"modified":"2025-01-04T17:08:12","modified_gmt":"2025-01-04T16:08:12","slug":"poppers-jungle-juice-black-label-25-ml","status":"publish","type":"product","link":"https:\/\/poppers-original.eu\/cs\/produkt\/poppers-jungle-juice-black-label-25-ml\/","title":{"rendered":"Poppers Jungle Juice Black Label 25 ml"},"content":{"rendered":"<p>P\u0159edstavujeme v\u00e1m Poppers Jungle Juice Black Label, nesm\u00edrn\u011b siln\u00e9 aroma poppers, zn\u00e1m\u00e9 svou jedine\u010dnou a silnou formul\u00ed. Jeliko\u017e je proslul\u00fd svou schopnost\u00ed zvy\u0161ovat vytrvalost a prodlu\u017eovat pot\u011b\u0161en\u00ed, stane se va\u0161\u00ed vstupenkou k vzru\u0161uj\u00edc\u00edm orgasm\u016fm a nezapomenuteln\u00fdm divok\u00fdm ve\u010d\u00edrk\u016fm. Tento prvot\u0159\u00eddn\u00ed poppers mezi top v\u00fdrobky ve sv\u011bt\u011b erotick\u00fdch aromat nesporn\u011b vynik\u00e1 a oslovuje zejm\u00e9na jedince, kte\u0159\u00ed ocen\u00ed s\u00edlu a v\u00fdkon.  <\/p>\n<h2>P\u0159idejte se k revoluci s edic\u00ed Jungle Juice Black<\/h2>\n<p>Jungle Juice Black Label, proslul\u00fd svou silnou formul\u00ed, vyvol\u00e1v\u00e1 okam\u017eit\u00e9 a intenzivn\u00ed pocity. St\u00e1v\u00e1 se tak prvn\u00ed volbou pro u\u017eivatele, kte\u0159\u00ed hledaj\u00ed siln\u00e9 a vzru\u0161uj\u00edc\u00ed z\u00e1\u017eitky.<\/p>\n<h2>Kupte si Poppers Jungle Juice Black Label: Oce\u0148te originalitu<\/h2>\n<p>Za\u017eijte autenticitu origin\u00e1ln\u00edho Jungle Juice Black Label. Je zn\u00e1m\u00fd svou intenzivn\u00ed v\u016fn\u00ed a n\u011bkolikan\u00e1sobn\u00fdmi destilacemi. Jde o siln\u00fd poppers pro ty, kte\u0159\u00ed cht\u011bj\u00ed jen ty nejlep\u0161\u00ed formule. <\/p>\n<h2>Poppers na prodej: Nejsiln\u011bj\u0161\u00ed lahvi\u010dka Jungle Juice<\/h2>\n<p>P\u0159edstavujeme v\u00e1m Jungle Juice Black Label, maximum s\u00edly v na\u0161\u00ed kolekci. Chy\u0165te p\u0159\u00edle\u017eitost za pa\u010desy a prozkoumejte s touto v\u00fdjime\u010dnou sm\u011bs\u00ed nezn\u00e1m\u00e1 \u00fazem\u00ed vzru\u0161en\u00ed. <\/p>\n<h2>Skv\u011bl\u00e1 cena za \u00fa\u017easnou \u010dernou lahvi\u010dku XL<\/h2>\n<p>Z\u00edskejte siln\u00fd Jungle Juice Black Label za neporazitelnou cenu. Za\u017eijte jeho jedine\u010dnou formuli, kter\u00e1 stimuluje libido a probouz\u00ed skryt\u00e9 instinkty. <\/p>\n<h2>Slib Black Label: Uvoln\u011bte s\u00edlu pokojov\u00e9 v\u016fn\u011b s amyl nitridem<\/h2>\n<p>Jungle Juice Black Label, uzn\u00e1van\u00fd pro svou extr\u00e9mn\u00ed s\u00edlu, zp\u016fsobuje siln\u00fd n\u00e1val pocit\u016f, kter\u00fd trv\u00e1 n\u011bkolik minut. Je ide\u00e1ln\u00ed pro milovn\u00edky vzru\u0161en\u00ed a jedince, kte\u0159\u00ed tou\u017e\u00ed po kvalitn\u00edch z\u00e1\u017eitc\u00edch. Jungle Juice Black Label poskytuje intenzivn\u00ed pocit, kter\u00fd v\u00e1m pro budouc\u00ed vzru\u0161uj\u00edc\u00ed z\u00e1\u017eitky nastav\u00ed nov\u00e1 o\u010dek\u00e1v\u00e1n\u00ed. <\/p>\n<p>&nbsp;<\/p>\n<p>Pono\u0159te se s Jungle Juice Black Label do intenzivn\u011bj\u0161\u00edho a v\u00edce vzru\u0161uj\u00edc\u00edho z\u00e1\u017eitku. Jeho jedine\u010dn\u00e1 formule se py\u0161n\u00ed schopnost\u00ed zv\u00fd\u0161it va\u0161e smyslov\u00e9 vn\u00edm\u00e1n\u00ed tak, jak jste to dosud nepoznali. Zakupte Jungle Juice Black Label ji\u017e dnes a objevte sv\u011bt hlubok\u00fdch pocit\u016f.  <\/p>\n<p>&nbsp;<\/p>\n<p>Pokud hled\u00e1te dal\u0161\u00ed extr\u00e9mn\u011b silnou variantu, prozkoumejte na\u0161e <a href=\"https:\/\/poppers-original.eu\/cs\/produkt\/poppers-rush-zero-25-ml\/\">Poppers Rush Zero 25 ml<\/a>, obl\u00edbenou volbu zna\u010dky Rush.<\/p>\n<p>M\u00e1te z\u00e1jem o men\u0161\u00ed, 10ml lahvi\u010dku? Pod\u00edvejte se na na\u0161e <a href=\"https:\/\/poppers-original.eu\/cs\/produkt\/poppers-jungle-juice-black-label-10-ml\/\">Poppers Jungle Juice Black Label 10 ml<\/a>. <\/p>\n<p>&nbsp;<\/p>\n<p><strong>Obsah balen\u00ed<\/strong><\/p>\n<ul>\n<li>1x Jungle Juice Black Label Aroma 25 ml<\/li>\n<\/ul>\n<p><strong>Vlastnosti:<\/strong><\/p>\n<ul>\n<li>Ofici\u00e1ln\u00ed n\u00e1zev: Poppers Jungle Juice Black Label 25 ml<\/li>\n<li>Obsah: 25 ml<\/li>\n<li>S\u00edla: 5\/5<\/li>\n<li>Bezpe\u010dn\u00e9 otev\u00edr\u00e1n\u00ed: s bezpe\u010dnostn\u00edm uz\u00e1v\u011brem<\/li>\n<li>Power Pak Pellets (PPP) pro dlouhodobou \u010distotu.<\/li>\n<li>Znovu uzav\u00edrateln\u00e9 polykonov\u00e9 v\u00ed\u010dko pro zachov\u00e1n\u00ed s\u00edly.<\/li>\n<li>Zbo\u017e\u00ed ka\u017ed\u00fd t\u00fdden obm\u011b\u0148ujeme pro zaji\u0161t\u011bn\u00ed \u010derstvosti.<\/li>\n<li>Amyl Nitrit, Mixed isomers (CAS 110-46-3) + 1-Butanol, 3-methyl (CAS 123-51-3)<\/li>\n<li>Garance spokojenosti bu\u010f vr\u00e1cen\u00edm pen\u011bz, nebo v\u00fdm\u011bnou produktu.<\/li>\n<li>V\u00fdrobce: Funline\u00ae Laboratory<\/li>\n<li>Vyrobeno ve Francii<\/li>\n<\/ul>\n","protected":false},"excerpt":{"rendered":"<p>Pono\u0159te se do neoby\u010dejn\u00e9ho dobrodru\u017estv\u00ed s Poppers Jungle Juice Black Label, vynikaj\u00edc\u00edm pokojov\u00fdm aromatem proslul\u00fdm svou intenzivn\u00ed silou. Tento nejprod\u00e1van\u011bj\u0161\u00ed produkt nab\u00edz\u00ed unik\u00e1tn\u00ed formuli kombinuj\u00edc\u00ed amyl nitrid, kter\u00e1 probud\u00ed va\u0161e skryt\u00e9 instinkty a pos\u00edl\u00ed fyzickou vytrvalost. Za\u017eijte hlubok\u00e9 pocity, prodlu\u017ete si pot\u011b\u0161en\u00ed a probu\u010fte k \u017eivotu sv\u00e9 nejtajn\u011bj\u0161\u00ed impulzy. Formule s amyl nitridem poskytuje okam\u017eit\u00e9, intenzivn\u00ed \u00fa\u010dinky. Produkt nen\u00ed ur\u010den pro za\u010d\u00e1te\u010dn\u00edky, proto\u017ee poskytuje siln\u00fd p\u0159\u00edval pocit\u016f. Je tud\u00ed\u017e ide\u00e1ln\u00ed pro divok\u00e9 ve\u010d\u00edrky nebo vzru\u0161uj\u00edc\u00ed chv\u00edle. Kupte si tento siln\u00fd poppers je\u0161t\u011b dnes a objevte jeho \u00fa\u010dinnou formuli a skv\u011blou kvalitu.     <\/p>\n","protected":false},"featured_media":5306,"comment_status":"open","ping_status":"closed","template":"","meta":{"_acf_changed":false},"product_brand":[],"product_cat":[759,669,436],"product_tag":[939,940,942,944,943,941],"class_list":{"0":"post-6745","1":"product","2":"type-product","3":"status-publish","4":"has-post-thumbnail","6":"product_cat-poppers-cs","7":"product_cat-poppers-s-amyl-nitridem","8":"product_cat-velke-poppers","9":"product_tag-25-ml-poppers-jungle-juice-black-label-cs","10":"product_tag-black-label-jungle-juice-cs","11":"product_tag-extremni-sila-black-label-jungle-juice-poppers","12":"product_tag-poppers-jungle-juice-black-label-cs","13":"product_tag-poppers-jungle-juice-black-label-25-ml-cs","14":"product_tag-velka-lahvicka-jungle-juice-black-label","16":"first","17":"instock","18":"taxable","19":"shipping-taxable","20":"purchasable","21":"product-type-simple"},"acf":[],"yoast_head":"<!-- This site is optimized with the Yoast SEO plugin v27.3 - https:\/\/yoast.com\/product\/yoast-seo-wordpress\/ -->\n<title>Poppers Jungle Juice Black Label 25 ml<\/title>\n<meta name=\"description\" content=\"Kupte si nyn\u00ed Poppers Jungle Juice Black Label, vynikaj\u00edc\u00ed pokojov\u00e9 aroma s intenzivn\u00ed formul\u00ed. Ozvl\u00e1\u0161tn\u011bte svou ka\u017edodenn\u00ed rutinu je\u0161t\u011b dnes!\" \/>\n<meta name=\"robots\" content=\"index, follow, max-snippet:-1, max-image-preview:large, max-video-preview:-1\" \/>\n<link rel=\"canonical\" href=\"https:\/\/poppers-original.eu\/cs\/produkt\/poppers-jungle-juice-black-label-25-ml\/\" \/>\n<meta property=\"og:locale\" content=\"cs_CZ\" \/>\n<meta property=\"og:type\" content=\"article\" \/>\n<meta property=\"og:title\" content=\"Poppers Jungle Juice Black Label 25 ml\" \/>\n<meta property=\"og:description\" content=\"Kupte si nyn\u00ed Poppers Jungle Juice Black Label, vynikaj\u00edc\u00ed pokojov\u00e9 aroma s intenzivn\u00ed formul\u00ed. Ozvl\u00e1\u0161tn\u011bte svou ka\u017edodenn\u00ed rutinu je\u0161t\u011b dnes!\" \/>\n<meta property=\"og:url\" content=\"https:\/\/poppers-original.eu\/cs\/produkt\/poppers-jungle-juice-black-label-25-ml\/\" \/>\n<meta property=\"og:site_name\" content=\"EU Poppers Sale, Buy Poppers online\" \/>\n<meta property=\"article:modified_time\" content=\"2025-01-04T16:08:12+00:00\" \/>\n<meta property=\"og:image\" content=\"https:\/\/poppers-original.eu\/wp-content\/uploads\/2023\/06\/poppers-jungle-juice-black-label-25-ml.jpg\" \/>\n\t<meta property=\"og:image:width\" content=\"1000\" \/>\n\t<meta property=\"og:image:height\" content=\"1000\" \/>\n\t<meta property=\"og:image:type\" content=\"image\/jpeg\" \/>\n<meta name=\"twitter:card\" content=\"summary_large_image\" \/>\n<meta name=\"twitter:label1\" content=\"Odhadovan\u00e1 doba \u010dten\u00ed\" \/>\n\t<meta name=\"twitter:data1\" content=\"3 minuty\" \/>\n<script type=\"application\/ld+json\" class=\"yoast-schema-graph\">{\"@context\":\"https:\\\/\\\/schema.org\",\"@graph\":[{\"@type\":\"WebPage\",\"@id\":\"https:\\\/\\\/poppers-original.eu\\\/cs\\\/produkt\\\/poppers-jungle-juice-black-label-25-ml\\\/\",\"url\":\"https:\\\/\\\/poppers-original.eu\\\/cs\\\/produkt\\\/poppers-jungle-juice-black-label-25-ml\\\/\",\"name\":\"Poppers Jungle Juice Black Label 25 ml\",\"isPartOf\":{\"@id\":\"https:\\\/\\\/poppers-original.eu\\\/cs\\\/#website\"},\"primaryImageOfPage\":{\"@id\":\"https:\\\/\\\/poppers-original.eu\\\/cs\\\/produkt\\\/poppers-jungle-juice-black-label-25-ml\\\/#primaryimage\"},\"image\":{\"@id\":\"https:\\\/\\\/poppers-original.eu\\\/cs\\\/produkt\\\/poppers-jungle-juice-black-label-25-ml\\\/#primaryimage\"},\"thumbnailUrl\":\"https:\\\/\\\/poppers-original.eu\\\/wp-content\\\/uploads\\\/2023\\\/06\\\/poppers-jungle-juice-black-label-25-ml.jpg\",\"datePublished\":\"2023-06-08T07:33:27+00:00\",\"dateModified\":\"2025-01-04T16:08:12+00:00\",\"description\":\"Kupte si nyn\u00ed Poppers Jungle Juice Black Label, vynikaj\u00edc\u00ed pokojov\u00e9 aroma s intenzivn\u00ed formul\u00ed. Ozvl\u00e1\u0161tn\u011bte svou ka\u017edodenn\u00ed rutinu je\u0161t\u011b dnes!\",\"breadcrumb\":{\"@id\":\"https:\\\/\\\/poppers-original.eu\\\/cs\\\/produkt\\\/poppers-jungle-juice-black-label-25-ml\\\/#breadcrumb\"},\"inLanguage\":\"cs\",\"potentialAction\":[{\"@type\":\"ReadAction\",\"target\":[\"https:\\\/\\\/poppers-original.eu\\\/cs\\\/produkt\\\/poppers-jungle-juice-black-label-25-ml\\\/\"]}]},{\"@type\":\"ImageObject\",\"inLanguage\":\"cs\",\"@id\":\"https:\\\/\\\/poppers-original.eu\\\/cs\\\/produkt\\\/poppers-jungle-juice-black-label-25-ml\\\/#primaryimage\",\"url\":\"https:\\\/\\\/poppers-original.eu\\\/wp-content\\\/uploads\\\/2023\\\/06\\\/poppers-jungle-juice-black-label-25-ml.jpg\",\"contentUrl\":\"https:\\\/\\\/poppers-original.eu\\\/wp-content\\\/uploads\\\/2023\\\/06\\\/poppers-jungle-juice-black-label-25-ml.jpg\",\"width\":1000,\"height\":1000,\"caption\":\"Poppers Jungle Juice Black Label 25 ml\"},{\"@type\":\"BreadcrumbList\",\"@id\":\"https:\\\/\\\/poppers-original.eu\\\/cs\\\/produkt\\\/poppers-jungle-juice-black-label-25-ml\\\/#breadcrumb\",\"itemListElement\":[{\"@type\":\"ListItem\",\"position\":1,\"name\":\"Home\",\"item\":\"https:\\\/\\\/poppers-original.eu\\\/cs\\\/\"},{\"@type\":\"ListItem\",\"position\":2,\"name\":\"Shop\",\"item\":\"https:\\\/\\\/poppers-original.eu\\\/shop\\\/\"},{\"@type\":\"ListItem\",\"position\":3,\"name\":\"Poppers Jungle Juice Black Label 25 ml\"}]},{\"@type\":\"WebSite\",\"@id\":\"https:\\\/\\\/poppers-original.eu\\\/cs\\\/#website\",\"url\":\"https:\\\/\\\/poppers-original.eu\\\/cs\\\/\",\"name\":\"Poppers Original, Buy Poppers online\",\"description\":\"Poppers Original\",\"publisher\":{\"@id\":\"https:\\\/\\\/poppers-original.eu\\\/cs\\\/#organization\"},\"potentialAction\":[{\"@type\":\"SearchAction\",\"target\":{\"@type\":\"EntryPoint\",\"urlTemplate\":\"https:\\\/\\\/poppers-original.eu\\\/cs\\\/?s={search_term_string}\"},\"query-input\":{\"@type\":\"PropertyValueSpecification\",\"valueRequired\":true,\"valueName\":\"search_term_string\"}}],\"inLanguage\":\"cs\"},{\"@type\":\"Organization\",\"@id\":\"https:\\\/\\\/poppers-original.eu\\\/cs\\\/#organization\",\"name\":\"Poppers Sale, Buy Poppers online\",\"url\":\"https:\\\/\\\/poppers-original.eu\\\/cs\\\/\",\"logo\":{\"@type\":\"ImageObject\",\"inLanguage\":\"cs\",\"@id\":\"https:\\\/\\\/poppers-original.eu\\\/cs\\\/#\\\/schema\\\/logo\\\/image\\\/\",\"url\":\"https:\\\/\\\/poppers-original.eu\\\/wp-content\\\/uploads\\\/2023\\\/05\\\/poppers-original-logo.png\",\"contentUrl\":\"https:\\\/\\\/poppers-original.eu\\\/wp-content\\\/uploads\\\/2023\\\/05\\\/poppers-original-logo.png\",\"width\":790,\"height\":150,\"caption\":\"Poppers Sale, Buy Poppers online\"},\"image\":{\"@id\":\"https:\\\/\\\/poppers-original.eu\\\/cs\\\/#\\\/schema\\\/logo\\\/image\\\/\"}}]}<\/script>\n<!-- \/ Yoast SEO plugin. -->","yoast_head_json":{"title":"Poppers Jungle Juice Black Label 25 ml","description":"Kupte si nyn\u00ed Poppers Jungle Juice Black Label, vynikaj\u00edc\u00ed pokojov\u00e9 aroma s intenzivn\u00ed formul\u00ed. Ozvl\u00e1\u0161tn\u011bte svou ka\u017edodenn\u00ed rutinu je\u0161t\u011b dnes!","robots":{"index":"index","follow":"follow","max-snippet":"max-snippet:-1","max-image-preview":"max-image-preview:large","max-video-preview":"max-video-preview:-1"},"canonical":"https:\/\/poppers-original.eu\/cs\/produkt\/poppers-jungle-juice-black-label-25-ml\/","og_locale":"cs_CZ","og_type":"article","og_title":"Poppers Jungle Juice Black Label 25 ml","og_description":"Kupte si nyn\u00ed Poppers Jungle Juice Black Label, vynikaj\u00edc\u00ed pokojov\u00e9 aroma s intenzivn\u00ed formul\u00ed. Ozvl\u00e1\u0161tn\u011bte svou ka\u017edodenn\u00ed rutinu je\u0161t\u011b dnes!","og_url":"https:\/\/poppers-original.eu\/cs\/produkt\/poppers-jungle-juice-black-label-25-ml\/","og_site_name":"EU Poppers Sale, Buy Poppers online","article_modified_time":"2025-01-04T16:08:12+00:00","og_image":[{"width":1000,"height":1000,"url":"https:\/\/poppers-original.eu\/wp-content\/uploads\/2023\/06\/poppers-jungle-juice-black-label-25-ml.jpg","type":"image\/jpeg"}],"twitter_card":"summary_large_image","twitter_misc":{"Odhadovan\u00e1 doba \u010dten\u00ed":"3 minuty"},"schema":{"@context":"https:\/\/schema.org","@graph":[{"@type":"WebPage","@id":"https:\/\/poppers-original.eu\/cs\/produkt\/poppers-jungle-juice-black-label-25-ml\/","url":"https:\/\/poppers-original.eu\/cs\/produkt\/poppers-jungle-juice-black-label-25-ml\/","name":"Poppers Jungle Juice Black Label 25 ml","isPartOf":{"@id":"https:\/\/poppers-original.eu\/cs\/#website"},"primaryImageOfPage":{"@id":"https:\/\/poppers-original.eu\/cs\/produkt\/poppers-jungle-juice-black-label-25-ml\/#primaryimage"},"image":{"@id":"https:\/\/poppers-original.eu\/cs\/produkt\/poppers-jungle-juice-black-label-25-ml\/#primaryimage"},"thumbnailUrl":"https:\/\/poppers-original.eu\/wp-content\/uploads\/2023\/06\/poppers-jungle-juice-black-label-25-ml.jpg","datePublished":"2023-06-08T07:33:27+00:00","dateModified":"2025-01-04T16:08:12+00:00","description":"Kupte si nyn\u00ed Poppers Jungle Juice Black Label, vynikaj\u00edc\u00ed pokojov\u00e9 aroma s intenzivn\u00ed formul\u00ed. Ozvl\u00e1\u0161tn\u011bte svou ka\u017edodenn\u00ed rutinu je\u0161t\u011b dnes!","breadcrumb":{"@id":"https:\/\/poppers-original.eu\/cs\/produkt\/poppers-jungle-juice-black-label-25-ml\/#breadcrumb"},"inLanguage":"cs","potentialAction":[{"@type":"ReadAction","target":["https:\/\/poppers-original.eu\/cs\/produkt\/poppers-jungle-juice-black-label-25-ml\/"]}]},{"@type":"ImageObject","inLanguage":"cs","@id":"https:\/\/poppers-original.eu\/cs\/produkt\/poppers-jungle-juice-black-label-25-ml\/#primaryimage","url":"https:\/\/poppers-original.eu\/wp-content\/uploads\/2023\/06\/poppers-jungle-juice-black-label-25-ml.jpg","contentUrl":"https:\/\/poppers-original.eu\/wp-content\/uploads\/2023\/06\/poppers-jungle-juice-black-label-25-ml.jpg","width":1000,"height":1000,"caption":"Poppers Jungle Juice Black Label 25 ml"},{"@type":"BreadcrumbList","@id":"https:\/\/poppers-original.eu\/cs\/produkt\/poppers-jungle-juice-black-label-25-ml\/#breadcrumb","itemListElement":[{"@type":"ListItem","position":1,"name":"Home","item":"https:\/\/poppers-original.eu\/cs\/"},{"@type":"ListItem","position":2,"name":"Shop","item":"https:\/\/poppers-original.eu\/shop\/"},{"@type":"ListItem","position":3,"name":"Poppers Jungle Juice Black Label 25 ml"}]},{"@type":"WebSite","@id":"https:\/\/poppers-original.eu\/cs\/#website","url":"https:\/\/poppers-original.eu\/cs\/","name":"Poppers Original, Buy Poppers online","description":"Poppers Original","publisher":{"@id":"https:\/\/poppers-original.eu\/cs\/#organization"},"potentialAction":[{"@type":"SearchAction","target":{"@type":"EntryPoint","urlTemplate":"https:\/\/poppers-original.eu\/cs\/?s={search_term_string}"},"query-input":{"@type":"PropertyValueSpecification","valueRequired":true,"valueName":"search_term_string"}}],"inLanguage":"cs"},{"@type":"Organization","@id":"https:\/\/poppers-original.eu\/cs\/#organization","name":"Poppers Sale, Buy Poppers online","url":"https:\/\/poppers-original.eu\/cs\/","logo":{"@type":"ImageObject","inLanguage":"cs","@id":"https:\/\/poppers-original.eu\/cs\/#\/schema\/logo\/image\/","url":"https:\/\/poppers-original.eu\/wp-content\/uploads\/2023\/05\/poppers-original-logo.png","contentUrl":"https:\/\/poppers-original.eu\/wp-content\/uploads\/2023\/05\/poppers-original-logo.png","width":790,"height":150,"caption":"Poppers Sale, Buy Poppers online"},"image":{"@id":"https:\/\/poppers-original.eu\/cs\/#\/schema\/logo\/image\/"}}]}},"_links":{"self":[{"href":"https:\/\/poppers-original.eu\/cs\/wp-json\/wp\/v2\/product\/6745","targetHints":{"allow":["GET"]}}],"collection":[{"href":"https:\/\/poppers-original.eu\/cs\/wp-json\/wp\/v2\/product"}],"about":[{"href":"https:\/\/poppers-original.eu\/cs\/wp-json\/wp\/v2\/types\/product"}],"replies":[{"embeddable":true,"href":"https:\/\/poppers-original.eu\/cs\/wp-json\/wp\/v2\/comments?post=6745"}],"wp:featuredmedia":[{"embeddable":true,"href":"https:\/\/poppers-original.eu\/cs\/wp-json\/wp\/v2\/media\/5306"}],"wp:attachment":[{"href":"https:\/\/poppers-original.eu\/cs\/wp-json\/wp\/v2\/media?parent=6745"}],"wp:term":[{"taxonomy":"product_brand","embeddable":true,"href":"https:\/\/poppers-original.eu\/cs\/wp-json\/wp\/v2\/product_brand?post=6745"},{"taxonomy":"product_cat","embeddable":true,"href":"https:\/\/poppers-original.eu\/cs\/wp-json\/wp\/v2\/product_cat?post=6745"},{"taxonomy":"product_tag","embeddable":true,"href":"https:\/\/poppers-original.eu\/cs\/wp-json\/wp\/v2\/product_tag?post=6745"}],"curies":[{"name":"wp","href":"https:\/\/api.w.org\/{rel}","templated":true}]}}