{"id":6742,"date":"2023-06-12T21:34:22","date_gmt":"2023-06-12T20:34:22","guid":{"rendered":"https:\/\/poppers-original.eu\/product\/super-rush-black-label-poppers-24-ml-nebo-25-ml\/"},"modified":"2025-01-04T01:40:16","modified_gmt":"2025-01-04T00:40:16","slug":"super-rush-black-label-poppers-24ml-nebo-25ml","status":"publish","type":"product","link":"https:\/\/poppers-original.eu\/cs\/produkt\/super-rush-black-label-poppers-24ml-nebo-25ml\/","title":{"rendered":"Super Rush Black Label Poppers 24 ml nebo 25 ml"},"content":{"rendered":"<p>P\u0159edstavujeme v\u00e1m Poppers Super Rush Black Label, nejl\u00e9pe prod\u00e1van\u00e9 aroma, dostupn\u00e9 ve 24ml a 25ml lahvi\u010dk\u00e1ch, kter\u00e9 zaru\u010den\u011b probud\u00ed va\u0161e smysly a podn\u00edt\u00ed i ty nejintenzivn\u011bj\u0161\u00ed touhy.<\/p>\n<h2>Poznejte mocnou s\u00edlu edice Poppers Super Rush Black<\/h2>\n<p>Tyto \u00fa\u010dinn\u00e9 \u010distic\u00ed prost\u0159edky nesporn\u011b pat\u0159\u00ed mezi nejl\u00e9pe prod\u00e1van\u00e9 poppers. Jsou proslul\u00e9 sv\u00fdm jedine\u010dn\u00fdm slo\u017een\u00edm, kter\u00e9 zvy\u0161uje \u00fa\u010dinnost produktu, stimuluje libido a probouz\u00ed ty nejskryt\u011bj\u0161\u00ed instinkty.<\/p>\n<h2>Pr\u00e9miov\u00e1 kvalita za dostupn\u00e9 ceny<\/h2>\n<p>Super Rush Black Label, s jeho prvot\u0159\u00eddn\u00ed kvalitou a silnou formul\u00ed, je nab\u00edzen za velmi konkuren\u010dn\u00ed cenu. Tak na co je\u0161t\u011b \u010dekat? Kupte jej nyn\u00ed a poznejte jeho siln\u00e9 \u00fa\u010dinky na vlastn\u00ed k\u016f\u017ei.  <\/p>\n<h2>Mocn\u00e9 \u00fa\u010dinky pro dobrodru\u017en\u00e9ho ducha<\/h2>\n<p>Tento produkt nen\u00ed pro za\u010d\u00e1te\u010dn\u00edky. Jeho s\u00edla, spolu s intenzivn\u00ed v\u016fn\u00ed stvo\u0159enou v EU ji\u017e p\u0159ed mnoha lety, z n\u011bj \u010din\u00ed ide\u00e1ln\u00ed volbu pro jedince, kte\u0159\u00ed hledaj\u00ed siln\u00e9 poppers s mocn\u00fdmi \u00fa\u010dinky. Vyzkou\u0161ejte ho a objevte jeho mimo\u0159\u00e1dnou s\u00edlu i vy.  <\/p>\n<h2>Kupte si Poppers Super Rush Black Label je\u0161t\u011b dnes<\/h2>\n<p>Jste p\u0159ipraveni na pr\u00e9miov\u00fd z\u00e1\u017eitek? Tak na nic ne\u010dekejte, kupte si sv\u00e9 nov\u00e9 obl\u00edben\u00e9 Poppers je\u0161t\u011b dnes a p\u0159idejte se k n\u00e1m. Za\u017eijte intenzivn\u00ed n\u00e1val pocit\u016f, energie a vzru\u0161en\u00ed. U\u017eijte si \u00fa\u010dinn\u00fd p\u0159\u00edpravek, jak\u00fd jste je\u0161t\u011b nepoznali \u2013 siln\u00fd, mocn\u00fd a nesm\u00edrn\u011b z\u00e1bavn\u00fd.    <\/p>\n<p>&nbsp;<\/p>\n<p>Pokud v\u00e1s oslovila s\u00edla Poppers Super Rush Black Label, m\u016f\u017eete tak\u00e9 zkusit dal\u0161\u00ed extra silnou mo\u017enost: proslul\u00fd <a href=\"https:\/\/poppers-original.eu\/cs\/produkt\/poppers-jungle-juice-black-label-25-ml\/\">Jungle Juice Poppers Black Label<\/a>.<\/p>\n<p>U\u017e jste sly\u0161eli o nov\u00e9 vysok\u00e9 designov\u00e9 lahvi\u010dce? Ur\u010dit\u011b ji mus\u00edte vid\u011bt! Zkuste na\u0161e <a href=\"https:\/\/poppers-original.eu\/cs\/produkt\/poppers-super-rush-black-label-vysoka-lahvicka-24-ml\/\">Poppers Super Rush Black Label ve vysok\u00e9 lahvi\u010dce 24 ml<\/a> \u2013 ur\u010dit\u011b v\u00e1s nadchne!  <\/p>\n<p>&nbsp;<\/p>\n<p><strong>Obsah balen\u00ed<\/strong><\/p>\n<ul>\n<li>1x Super Rush Black Label 24 ml (nebo 25 ml) Aroma<\/li>\n<\/ul>\n<p><strong>Vlastnosti:<\/strong><\/p>\n<ul>\n<li>Ofici\u00e1ln\u00ed n\u00e1zev: Super Rush Black Label Poppers 24 ml nebo 25 ml<\/li>\n<li>Bezpe\u010dn\u00e9 otev\u00edr\u00e1n\u00ed: s bezpe\u010dnostn\u00edm uz\u00e1v\u011brem<\/li>\n<li>Znovu uzav\u00edrateln\u00e9 polykonov\u00e9 v\u00ed\u010dko pro zachov\u00e1n\u00ed s\u00edly.<\/li>\n<li>Zbo\u017e\u00ed ka\u017ed\u00fd t\u00fdden obm\u011b\u0148ujeme pro zaji\u0161t\u011bn\u00ed \u010derstvosti.<\/li>\n<li>Garance spokojenosti bu\u010f vr\u00e1cen\u00edm pen\u011bz, nebo v\u00fdm\u011bnou produktu.<\/li>\n<\/ul>\n<p><strong>Funline\u00ae Laboratory &#8211; 25 ml Lahvi\u010dka<\/strong><\/p>\n<ul>\n<li>Amyl Nitrit: Mixed isomers (CAS 110-46-3) + 1-Butanol, 3-methyl (CAS 123-51-3)<\/li>\n<li>S\u00edla: 5\/5<\/li>\n<li>Obsah: 25 ml<\/li>\n<li>V\u00fdrobce: Funline\u00ae Laboratory<\/li>\n<li>Vyrobeno ve Francii<\/li>\n<\/ul>\n<p><strong>PWD\u00ae Never Fake It &#8211; 24 ml Lahvi\u010dka<\/strong><\/p>\n<ul>\n<li>Amyl Nitrit: Mixed isomers (CAS 110-46-3) + 1-Butanol, 3-methyl (CAS 123-51-3)<\/li>\n<li>S\u00edla: 5\/5<\/li>\n<li>Obsah: 24 ml<\/li>\n<li>V\u00fdrobce: PWD\u00ae \u2013 Never Fake It<\/li>\n<li>Vyrobeno v Lucembursku<\/li>\n<\/ul>\n","protected":false},"excerpt":{"rendered":"<p>Pro\u017eijte nep\u0159edv\u00eddatelnou s\u00edlu s Poppers Super Rush Black Label. Tento v\u00fdkonn\u00fd \u010disti\u010d ko\u017een\u00fdch materi\u00e1l\u016f od renomovan\u00e9 zna\u010dky Rush v\u00e1m zaru\u010d\u00ed vzru\u0161uj\u00edc\u00ed z\u00e1\u017eitek, nabud\u00ed va\u0161e smysly a probud\u00ed ve v\u00e1s ty nejhlub\u0161\u00ed touhy. Vydejte se na jedine\u010dnou cestu s touto pe\u010dliv\u011b vytvo\u0159enou pokojovou v\u016fn\u00ed je\u0161t\u011b dnes!  <\/p>\n<p><b>Vyberte si svou obl\u00edbenou formuli.<\/b><\/p>\n","protected":false},"featured_media":5409,"comment_status":"open","ping_status":"closed","template":"","meta":{"_acf_changed":false},"product_brand":[],"product_cat":[759,669,436],"product_tag":[713,936,937,938],"class_list":{"0":"post-6742","1":"product","2":"type-product","3":"status-publish","4":"has-post-thumbnail","6":"product_cat-poppers-cs","7":"product_cat-poppers-s-amyl-nitridem","8":"product_cat-velke-poppers","9":"product_tag-black-super-rush-cs","10":"product_tag-poppers-super-rush-black-cs","11":"product_tag-poppers-super-rush-black-label-cs","12":"product_tag-super-rush-black-cs","14":"first","15":"instock","16":"taxable","17":"shipping-taxable","18":"purchasable","19":"product-type-variable"},"acf":[],"yoast_head":"<!-- This site is optimized with the Yoast SEO plugin v27.3 - https:\/\/yoast.com\/product\/yoast-seo-wordpress\/ -->\n<title>Super Rush Black Label Poppers 24 ml nebo 25 ml - Poppers Original<\/title>\n<meta name=\"description\" content=\"Poznejte Super Rush Black Label Poppers, napln\u011bn\u00fd \u00fa\u010dinn\u00fdm amyl nitridem. Uvoln\u011bte nev\u00eddan\u00e9 pocity. Kupte jej u\u017e dnes a za\u017eijte vzru\u0161uj\u00edc\u00ed dobrodru\u017estv\u00ed!\" \/>\n<meta name=\"robots\" content=\"index, follow, max-snippet:-1, max-image-preview:large, max-video-preview:-1\" \/>\n<link rel=\"canonical\" href=\"https:\/\/poppers-original.eu\/cs\/produkt\/super-rush-black-label-poppers-24ml-nebo-25ml\/\" \/>\n<meta property=\"og:locale\" content=\"cs_CZ\" \/>\n<meta property=\"og:type\" content=\"article\" \/>\n<meta property=\"og:title\" content=\"Super Rush Black Label Poppers 24 ml nebo 25 ml - Poppers Original\" \/>\n<meta property=\"og:description\" content=\"Poznejte Super Rush Black Label Poppers, napln\u011bn\u00fd \u00fa\u010dinn\u00fdm amyl nitridem. Uvoln\u011bte nev\u00eddan\u00e9 pocity. Kupte jej u\u017e dnes a za\u017eijte vzru\u0161uj\u00edc\u00ed dobrodru\u017estv\u00ed!\" \/>\n<meta property=\"og:url\" content=\"https:\/\/poppers-original.eu\/cs\/produkt\/super-rush-black-label-poppers-24ml-nebo-25ml\/\" \/>\n<meta property=\"og:site_name\" content=\"EU Poppers Sale, Buy Poppers online\" \/>\n<meta property=\"article:modified_time\" content=\"2025-01-04T00:40:16+00:00\" \/>\n<meta property=\"og:image\" content=\"https:\/\/poppers-original.eu\/wp-content\/uploads\/2023\/07\/poppers-super-rush-black-label-24-ml.jpg\" \/>\n\t<meta property=\"og:image:width\" content=\"1000\" \/>\n\t<meta property=\"og:image:height\" content=\"1000\" \/>\n\t<meta property=\"og:image:type\" content=\"image\/jpeg\" \/>\n<meta name=\"twitter:card\" content=\"summary_large_image\" \/>\n<meta name=\"twitter:label1\" content=\"Odhadovan\u00e1 doba \u010dten\u00ed\" \/>\n\t<meta name=\"twitter:data1\" content=\"2 minuty\" \/>\n<script type=\"application\/ld+json\" class=\"yoast-schema-graph\">{\"@context\":\"https:\\\/\\\/schema.org\",\"@graph\":[{\"@type\":\"WebPage\",\"@id\":\"https:\\\/\\\/poppers-original.eu\\\/cs\\\/produkt\\\/super-rush-black-label-poppers-24ml-nebo-25ml\\\/\",\"url\":\"https:\\\/\\\/poppers-original.eu\\\/cs\\\/produkt\\\/super-rush-black-label-poppers-24ml-nebo-25ml\\\/\",\"name\":\"Super Rush Black Label Poppers 24 ml nebo 25 ml - Poppers Original\",\"isPartOf\":{\"@id\":\"https:\\\/\\\/poppers-original.eu\\\/cs\\\/#website\"},\"primaryImageOfPage\":{\"@id\":\"https:\\\/\\\/poppers-original.eu\\\/cs\\\/produkt\\\/super-rush-black-label-poppers-24ml-nebo-25ml\\\/#primaryimage\"},\"image\":{\"@id\":\"https:\\\/\\\/poppers-original.eu\\\/cs\\\/produkt\\\/super-rush-black-label-poppers-24ml-nebo-25ml\\\/#primaryimage\"},\"thumbnailUrl\":\"https:\\\/\\\/poppers-original.eu\\\/wp-content\\\/uploads\\\/2023\\\/07\\\/poppers-super-rush-black-label-24-ml.jpg\",\"datePublished\":\"2023-06-12T20:34:22+00:00\",\"dateModified\":\"2025-01-04T00:40:16+00:00\",\"description\":\"Poznejte Super Rush Black Label Poppers, napln\u011bn\u00fd \u00fa\u010dinn\u00fdm amyl nitridem. Uvoln\u011bte nev\u00eddan\u00e9 pocity. Kupte jej u\u017e dnes a za\u017eijte vzru\u0161uj\u00edc\u00ed dobrodru\u017estv\u00ed!\",\"breadcrumb\":{\"@id\":\"https:\\\/\\\/poppers-original.eu\\\/cs\\\/produkt\\\/super-rush-black-label-poppers-24ml-nebo-25ml\\\/#breadcrumb\"},\"inLanguage\":\"cs\",\"potentialAction\":[{\"@type\":\"ReadAction\",\"target\":[\"https:\\\/\\\/poppers-original.eu\\\/cs\\\/produkt\\\/super-rush-black-label-poppers-24ml-nebo-25ml\\\/\"]}]},{\"@type\":\"ImageObject\",\"inLanguage\":\"cs\",\"@id\":\"https:\\\/\\\/poppers-original.eu\\\/cs\\\/produkt\\\/super-rush-black-label-poppers-24ml-nebo-25ml\\\/#primaryimage\",\"url\":\"https:\\\/\\\/poppers-original.eu\\\/wp-content\\\/uploads\\\/2023\\\/07\\\/poppers-super-rush-black-label-24-ml.jpg\",\"contentUrl\":\"https:\\\/\\\/poppers-original.eu\\\/wp-content\\\/uploads\\\/2023\\\/07\\\/poppers-super-rush-black-label-24-ml.jpg\",\"width\":1000,\"height\":1000,\"caption\":\"Poppers Super Rush Black Label 24 ml\"},{\"@type\":\"BreadcrumbList\",\"@id\":\"https:\\\/\\\/poppers-original.eu\\\/cs\\\/produkt\\\/super-rush-black-label-poppers-24ml-nebo-25ml\\\/#breadcrumb\",\"itemListElement\":[{\"@type\":\"ListItem\",\"position\":1,\"name\":\"Home\",\"item\":\"https:\\\/\\\/poppers-original.eu\\\/cs\\\/\"},{\"@type\":\"ListItem\",\"position\":2,\"name\":\"Shop\",\"item\":\"https:\\\/\\\/poppers-original.eu\\\/shop\\\/\"},{\"@type\":\"ListItem\",\"position\":3,\"name\":\"Super Rush Black Label Poppers 24 ml nebo 25 ml\"}]},{\"@type\":\"WebSite\",\"@id\":\"https:\\\/\\\/poppers-original.eu\\\/cs\\\/#website\",\"url\":\"https:\\\/\\\/poppers-original.eu\\\/cs\\\/\",\"name\":\"Poppers Original, Buy Poppers online\",\"description\":\"Poppers Original\",\"publisher\":{\"@id\":\"https:\\\/\\\/poppers-original.eu\\\/cs\\\/#organization\"},\"potentialAction\":[{\"@type\":\"SearchAction\",\"target\":{\"@type\":\"EntryPoint\",\"urlTemplate\":\"https:\\\/\\\/poppers-original.eu\\\/cs\\\/?s={search_term_string}\"},\"query-input\":{\"@type\":\"PropertyValueSpecification\",\"valueRequired\":true,\"valueName\":\"search_term_string\"}}],\"inLanguage\":\"cs\"},{\"@type\":\"Organization\",\"@id\":\"https:\\\/\\\/poppers-original.eu\\\/cs\\\/#organization\",\"name\":\"Poppers Sale, Buy Poppers online\",\"url\":\"https:\\\/\\\/poppers-original.eu\\\/cs\\\/\",\"logo\":{\"@type\":\"ImageObject\",\"inLanguage\":\"cs\",\"@id\":\"https:\\\/\\\/poppers-original.eu\\\/cs\\\/#\\\/schema\\\/logo\\\/image\\\/\",\"url\":\"https:\\\/\\\/poppers-original.eu\\\/wp-content\\\/uploads\\\/2023\\\/05\\\/poppers-original-logo.png\",\"contentUrl\":\"https:\\\/\\\/poppers-original.eu\\\/wp-content\\\/uploads\\\/2023\\\/05\\\/poppers-original-logo.png\",\"width\":790,\"height\":150,\"caption\":\"Poppers Sale, Buy Poppers online\"},\"image\":{\"@id\":\"https:\\\/\\\/poppers-original.eu\\\/cs\\\/#\\\/schema\\\/logo\\\/image\\\/\"}}]}<\/script>\n<!-- \/ Yoast SEO plugin. -->","yoast_head_json":{"title":"Super Rush Black Label Poppers 24 ml nebo 25 ml - Poppers Original","description":"Poznejte Super Rush Black Label Poppers, napln\u011bn\u00fd \u00fa\u010dinn\u00fdm amyl nitridem. Uvoln\u011bte nev\u00eddan\u00e9 pocity. Kupte jej u\u017e dnes a za\u017eijte vzru\u0161uj\u00edc\u00ed dobrodru\u017estv\u00ed!","robots":{"index":"index","follow":"follow","max-snippet":"max-snippet:-1","max-image-preview":"max-image-preview:large","max-video-preview":"max-video-preview:-1"},"canonical":"https:\/\/poppers-original.eu\/cs\/produkt\/super-rush-black-label-poppers-24ml-nebo-25ml\/","og_locale":"cs_CZ","og_type":"article","og_title":"Super Rush Black Label Poppers 24 ml nebo 25 ml - Poppers Original","og_description":"Poznejte Super Rush Black Label Poppers, napln\u011bn\u00fd \u00fa\u010dinn\u00fdm amyl nitridem. Uvoln\u011bte nev\u00eddan\u00e9 pocity. Kupte jej u\u017e dnes a za\u017eijte vzru\u0161uj\u00edc\u00ed dobrodru\u017estv\u00ed!","og_url":"https:\/\/poppers-original.eu\/cs\/produkt\/super-rush-black-label-poppers-24ml-nebo-25ml\/","og_site_name":"EU Poppers Sale, Buy Poppers online","article_modified_time":"2025-01-04T00:40:16+00:00","og_image":[{"width":1000,"height":1000,"url":"https:\/\/poppers-original.eu\/wp-content\/uploads\/2023\/07\/poppers-super-rush-black-label-24-ml.jpg","type":"image\/jpeg"}],"twitter_card":"summary_large_image","twitter_misc":{"Odhadovan\u00e1 doba \u010dten\u00ed":"2 minuty"},"schema":{"@context":"https:\/\/schema.org","@graph":[{"@type":"WebPage","@id":"https:\/\/poppers-original.eu\/cs\/produkt\/super-rush-black-label-poppers-24ml-nebo-25ml\/","url":"https:\/\/poppers-original.eu\/cs\/produkt\/super-rush-black-label-poppers-24ml-nebo-25ml\/","name":"Super Rush Black Label Poppers 24 ml nebo 25 ml - Poppers Original","isPartOf":{"@id":"https:\/\/poppers-original.eu\/cs\/#website"},"primaryImageOfPage":{"@id":"https:\/\/poppers-original.eu\/cs\/produkt\/super-rush-black-label-poppers-24ml-nebo-25ml\/#primaryimage"},"image":{"@id":"https:\/\/poppers-original.eu\/cs\/produkt\/super-rush-black-label-poppers-24ml-nebo-25ml\/#primaryimage"},"thumbnailUrl":"https:\/\/poppers-original.eu\/wp-content\/uploads\/2023\/07\/poppers-super-rush-black-label-24-ml.jpg","datePublished":"2023-06-12T20:34:22+00:00","dateModified":"2025-01-04T00:40:16+00:00","description":"Poznejte Super Rush Black Label Poppers, napln\u011bn\u00fd \u00fa\u010dinn\u00fdm amyl nitridem. Uvoln\u011bte nev\u00eddan\u00e9 pocity. Kupte jej u\u017e dnes a za\u017eijte vzru\u0161uj\u00edc\u00ed dobrodru\u017estv\u00ed!","breadcrumb":{"@id":"https:\/\/poppers-original.eu\/cs\/produkt\/super-rush-black-label-poppers-24ml-nebo-25ml\/#breadcrumb"},"inLanguage":"cs","potentialAction":[{"@type":"ReadAction","target":["https:\/\/poppers-original.eu\/cs\/produkt\/super-rush-black-label-poppers-24ml-nebo-25ml\/"]}]},{"@type":"ImageObject","inLanguage":"cs","@id":"https:\/\/poppers-original.eu\/cs\/produkt\/super-rush-black-label-poppers-24ml-nebo-25ml\/#primaryimage","url":"https:\/\/poppers-original.eu\/wp-content\/uploads\/2023\/07\/poppers-super-rush-black-label-24-ml.jpg","contentUrl":"https:\/\/poppers-original.eu\/wp-content\/uploads\/2023\/07\/poppers-super-rush-black-label-24-ml.jpg","width":1000,"height":1000,"caption":"Poppers Super Rush Black Label 24 ml"},{"@type":"BreadcrumbList","@id":"https:\/\/poppers-original.eu\/cs\/produkt\/super-rush-black-label-poppers-24ml-nebo-25ml\/#breadcrumb","itemListElement":[{"@type":"ListItem","position":1,"name":"Home","item":"https:\/\/poppers-original.eu\/cs\/"},{"@type":"ListItem","position":2,"name":"Shop","item":"https:\/\/poppers-original.eu\/shop\/"},{"@type":"ListItem","position":3,"name":"Super Rush Black Label Poppers 24 ml nebo 25 ml"}]},{"@type":"WebSite","@id":"https:\/\/poppers-original.eu\/cs\/#website","url":"https:\/\/poppers-original.eu\/cs\/","name":"Poppers Original, Buy Poppers online","description":"Poppers Original","publisher":{"@id":"https:\/\/poppers-original.eu\/cs\/#organization"},"potentialAction":[{"@type":"SearchAction","target":{"@type":"EntryPoint","urlTemplate":"https:\/\/poppers-original.eu\/cs\/?s={search_term_string}"},"query-input":{"@type":"PropertyValueSpecification","valueRequired":true,"valueName":"search_term_string"}}],"inLanguage":"cs"},{"@type":"Organization","@id":"https:\/\/poppers-original.eu\/cs\/#organization","name":"Poppers Sale, Buy Poppers online","url":"https:\/\/poppers-original.eu\/cs\/","logo":{"@type":"ImageObject","inLanguage":"cs","@id":"https:\/\/poppers-original.eu\/cs\/#\/schema\/logo\/image\/","url":"https:\/\/poppers-original.eu\/wp-content\/uploads\/2023\/05\/poppers-original-logo.png","contentUrl":"https:\/\/poppers-original.eu\/wp-content\/uploads\/2023\/05\/poppers-original-logo.png","width":790,"height":150,"caption":"Poppers Sale, Buy Poppers online"},"image":{"@id":"https:\/\/poppers-original.eu\/cs\/#\/schema\/logo\/image\/"}}]}},"_links":{"self":[{"href":"https:\/\/poppers-original.eu\/cs\/wp-json\/wp\/v2\/product\/6742","targetHints":{"allow":["GET"]}}],"collection":[{"href":"https:\/\/poppers-original.eu\/cs\/wp-json\/wp\/v2\/product"}],"about":[{"href":"https:\/\/poppers-original.eu\/cs\/wp-json\/wp\/v2\/types\/product"}],"replies":[{"embeddable":true,"href":"https:\/\/poppers-original.eu\/cs\/wp-json\/wp\/v2\/comments?post=6742"}],"wp:featuredmedia":[{"embeddable":true,"href":"https:\/\/poppers-original.eu\/cs\/wp-json\/wp\/v2\/media\/5409"}],"wp:attachment":[{"href":"https:\/\/poppers-original.eu\/cs\/wp-json\/wp\/v2\/media?parent=6742"}],"wp:term":[{"taxonomy":"product_brand","embeddable":true,"href":"https:\/\/poppers-original.eu\/cs\/wp-json\/wp\/v2\/product_brand?post=6742"},{"taxonomy":"product_cat","embeddable":true,"href":"https:\/\/poppers-original.eu\/cs\/wp-json\/wp\/v2\/product_cat?post=6742"},{"taxonomy":"product_tag","embeddable":true,"href":"https:\/\/poppers-original.eu\/cs\/wp-json\/wp\/v2\/product_tag?post=6742"}],"curies":[{"name":"wp","href":"https:\/\/api.w.org\/{rel}","templated":true}]}}