{"id":6730,"date":"2023-06-17T20:56:43","date_gmt":"2023-06-17T19:56:43","guid":{"rendered":"https:\/\/poppers-original.eu\/product\/poppers-blue-lad-darkroom-25-ml\/"},"modified":"2025-01-03T15:45:38","modified_gmt":"2025-01-03T14:45:38","slug":"poppers-blue-lad-darkroom-25-ml","status":"publish","type":"product","link":"https:\/\/poppers-original.eu\/cs\/produkt\/poppers-blue-lad-darkroom-25-ml\/","title":{"rendered":"Poppers Blue Lad Darkroom 25 ml"},"content":{"rendered":"<p>Vstupte do vzru\u0161uj\u00edc\u00ed \u0159\u00ed\u0161e Poppers Blue Lad Darkroom 25 ml. Jde o omamn\u00e9 aroma, d\u00edky n\u011bmu\u017e za\u017eijete v noci mnohem v\u00edce pot\u011b\u0161en\u00ed a p\u0159i \u00faklidu po ve\u010d\u00edrku budete sr\u0161et energi\u00ed.<\/p>\n<h2>Nov\u00fd rozm\u011br ve v\u016fn\u00edch Poppers<\/h2>\n<p>N\u00e1\u0161 Blue Lad Darkroom 25 ml poppers zm\u011bn\u00ed pro\u017e\u00edv\u00e1n\u00ed v\u00e1\u0161niv\u00fdch sc\u00e9n i klasick\u00e9ho \u00faklidu. D\u00edky sv\u00e9 siln\u00e9 formuli amylu je ide\u00e1ln\u00ed jak pro \u017ehav\u00e9 pozdn\u00ed noci, tak pro d\u016fkladn\u00fd \u00faklid po p\u00e1rty. P\u0159inese v\u00e1m energick\u00fd a nezam\u011bniteln\u00fd z\u00e1\u017eitek, kter\u00fdm p\u0159ed\u010d\u00ed i osv\u011bd\u010den\u00e9 klasiky jako <a href=\"https:\/\/poppers-original.eu\/product\/jungle-juice-platinum-poppers-24ml\/\">Jungle Juice Platinum<\/a>.  <\/p>\n<h2>Z\u00e1zrak v temn\u00e9 noci i p\u0159i \u00faklidu<\/h2>\n<p>Jak u\u017e s\u00e1m n\u00e1zev napov\u00edd\u00e1, Blue Lad poppers je pe\u010dliv\u011b vytvo\u0159en tak, aby naplnil va\u0161e nejhlub\u0161\u00ed fantazie, ale z\u00e1rove\u0148 poslou\u017eil i pro praktick\u00e9 pot\u0159eby. A\u0165 u\u017e se s t\u00edmto poppers p\u0159enesete do \u0159\u00ed\u0161e fantazi\u00ed, nebo ho vyu\u017eijete p\u0159i b\u011b\u017en\u00fdch \u00faklidov\u00fdch prac\u00edch, bude stejn\u011b \u00fa\u010dinn\u00fd a energizuj\u00edc\u00ed a vyvol\u00e1 p\u0159\u00edjemn\u00e9 vibrace od va\u0161ich prst\u016f na nohou a\u017e po \u0161pi\u010dky prst\u016f na rukou. <\/p>\n<h2>Za\u017eijte slastn\u00e9 pocity a snadn\u00fd \u00faklid s aromatem Blue Lad Darkroom<\/h2>\n<p>Toto poppers aroma v\u00e1s p\u0159enese do sv\u011bta intenzivn\u00edch pocit\u016f a prvot\u0159\u00eddn\u00edho \u00faklidu. A\u017e se budete p\u0159ipravovat na nezapomenuteln\u00e9 setk\u00e1n\u00ed nebo se budete cht\u00edt vrhnout na \u00faklid po ve\u010d\u00edrku s p\u0159\u00e1teli, poc\u00edt\u00edte p\u0159\u00edval energizuj\u00edc\u00edho vzru\u0161en\u00ed. Jeho \u00fa\u010dinky jsou jak omamn\u00e9, tak neuv\u011b\u0159iteln\u011b siln\u00e9.  <\/p>\n<h2>Kupte si Poppers Blue Lad Darkroom 25 ml pro neopakovatelnou z\u00e1bavu<\/h2>\n<p>Hled\u00e1te poppers, kter\u00fd v\u00e1m p\u0159inese extr\u00e9mn\u011b siln\u00e9 pocity a z\u00e1rove\u0148 v\u00e1m pom\u016f\u017ee p\u0159i \u00faklidu? Pak m\u016f\u017eete zakotvit u Poppers Blue Lad Darkroom 25 ml. Je ide\u00e1ln\u00ed pro smysln\u00e9 setk\u00e1n\u00ed ve dvou i efektivn\u00ed \u010di\u0161t\u011bn\u00ed. Upout\u00e1 ka\u017ed\u00e9ho, kdo hled\u00e1 mimo\u0159\u00e1dn\u00e9 pot\u011b\u0161en\u00ed a dokonale \u010dist\u00e9 prost\u0159ed\u00ed.  <\/p>\n<h2>Pro\u010d zrovna lahvi\u010dka Blue Lad Darkroom 25 ml?<\/h2>\n<p>Blue Lad poppers, je\u017e se st\u00e1v\u00e1 jedn\u00edm z nejprod\u00e1van\u011bj\u0161\u00edch produkt\u016f v roce 2023, kombinuje afrodiziak\u00e1ln\u00ed aroma s elektrizuj\u00edc\u00ed silou, kter\u00e9 p\u0159iprav\u00ed ide\u00e1ln\u00ed podm\u00ednky pro z\u00e1bavn\u00e9 ve\u010dery a dokonal\u00fd \u00faklid. A\u0165 u\u017e jste v poppers t\u00e1paj\u00edc\u00ed za\u010d\u00e1te\u010dn\u00edk, nebo jejich ost\u0159\u00edlen\u00fd milovn\u00edk, jde rozhodn\u011b o skv\u011blou volbu. Z\u00edskejte chu\u0165 na smysln\u00e9 intimn\u00ed setk\u00e1n\u00ed i d\u016fkladn\u00e9 vygruntov\u00e1n\u00ed domova jako nikdy p\u0159edt\u00edm \u2013 vyzkou\u0161ejte Poppers Blue Lad Darkroom 25 ml ji\u017e dnes. Mo\u017en\u00e1 by v\u00e1s mohl zaujmout i n\u00e1\u0161 podobn\u00fd produkt na b\u00e1zi amyl nitridu <a href=\"https:\/\/poppers-original.eu\/cs\/produkt\/liquid-gold-poppers-aroma-24-ml\/\">Liquid Gold Poppers Aroma 24 ml<\/a>.  <\/p>\n<p>&nbsp;<\/p>\n<p><strong>Obsah balen\u00ed<\/strong><\/p>\n<ul>\n<li>1x Blue Lad Darkroom Aroma 25 ml<\/li>\n<\/ul>\n<p><strong>Vlastnosti:<\/strong><\/p>\n<ul>\n<li>Ofici\u00e1ln\u00ed n\u00e1zev: Poppers Blue Lad Darkroom 25 ml<\/li>\n<li>Obsah: 25 ml<\/li>\n<li>S\u00edla: 5\/5<\/li>\n<li>Bezpe\u010dn\u00e9 otev\u00edr\u00e1n\u00ed: s bezpe\u010dnostn\u00edm uz\u00e1v\u011brem<\/li>\n<li>Power Pak Pellets (PPP) pro dlouhodobou \u010distotu.<\/li>\n<li>Znovu uzav\u00edrateln\u00e9 polykonov\u00e9 v\u00ed\u010dko pro zachov\u00e1n\u00ed s\u00edly.<\/li>\n<li>Zbo\u017e\u00ed ka\u017ed\u00fd t\u00fdden obm\u011b\u0148ujeme pro zaji\u0161t\u011bn\u00ed \u010derstvosti.<\/li>\n<li>Amyl Nitrit, Mixed isomers (CAS 110-46-3) + 1-Butanol, 3-methyl (CAS 123-51-3)<\/li>\n<li>Garance spokojenosti bu\u010f vr\u00e1cen\u00edm pen\u011bz, nebo v\u00fdm\u011bnou produktu.<\/li>\n<li>V\u00fdrobce: Funline\u00ae Laboratory<\/li>\n<li>Vyrobeno ve Francii<\/li>\n<\/ul>\n","protected":false},"excerpt":{"rendered":"<p>Vstupte do okouzluj\u00edc\u00edho sv\u011bta Poppers Blue Lad Darkroom 25 ml, vzru\u0161uj\u00edc\u00ed novinky v palet\u011b produkt\u016f pro dosp\u011bl\u00e9 v roce 2023. Toto poppers, nabit\u00e9 koncentrovanou formul\u00ed amylu s hodnocen\u00edm v\u00fdkonu 5\/5, nastavuje novou la\u0165ku pro dobrodru\u017en\u00e9 noci pln\u00e9 extr\u00e9mn\u00edho pot\u011b\u0161en\u00ed i d\u016fkladn\u00e9ho \u00faklidu. Blue Lad poppers, kter\u00fd je d\u00edky sv\u00e9 nep\u0159ekonateln\u00e9 s\u00edle a \u010distot\u011b novou senzac\u00ed v duhov\u00e9 komunit\u011b, ve v\u00e1s rozproud\u00ed pocity, kter\u00e9 budete vn\u00edmat od prst\u016f na nohou a\u017e po \u0161pi\u010dky prst\u016f na rukou, a mo\u017en\u00e1 \u017ee i d\u00e1l. S n\u00edm budou pozdn\u00ed no\u010dn\u00ed setk\u00e1n\u00ed i \u00faklid po ve\u010d\u00edrc\u00edch skute\u010dn\u011b nezapomenuteln\u00e9.  <\/p>\n","protected":false},"featured_media":5336,"comment_status":"open","ping_status":"closed","template":"","meta":{"_acf_changed":false},"product_brand":[],"product_cat":[759,669,436],"product_tag":[912,911,914,913,910],"class_list":{"0":"post-6730","1":"product","2":"type-product","3":"status-publish","4":"has-post-thumbnail","6":"product_cat-poppers-cs","7":"product_cat-poppers-s-amyl-nitridem","8":"product_cat-velke-poppers","9":"product_tag-bluelad-poppers-darkroom-cs","10":"product_tag-darkroom-blue-lad-cs","11":"product_tag-darkroom-poppers-blue-lad-cs","12":"product_tag-poppers-blue-lad-darkroom-cs","13":"product_tag-poppers-blue-lad-darkroom-25-ml-cs","15":"first","16":"instock","17":"taxable","18":"shipping-taxable","19":"purchasable","20":"product-type-simple"},"acf":[],"yoast_head":"<!-- This site is optimized with the Yoast SEO plugin v27.3 - https:\/\/yoast.com\/product\/yoast-seo-wordpress\/ -->\n<title>Poppers Blue Lad Darkroom 25 ml<\/title>\n<meta name=\"description\" content=\"Uvoln\u011bte intenzivn\u00ed s\u00edlu Poppers Blue Lad Darkroom 25 ml. U\u017eijte si ultra \u010distou formuli na b\u00e1zi amylu pro neopakovateln\u00fd z\u00e1\u017eitek. Nakupujte nyn\u00ed!\" \/>\n<meta name=\"robots\" content=\"index, follow, max-snippet:-1, max-image-preview:large, max-video-preview:-1\" \/>\n<link rel=\"canonical\" href=\"https:\/\/poppers-original.eu\/cs\/produkt\/poppers-blue-lad-darkroom-25-ml\/\" \/>\n<meta property=\"og:locale\" content=\"cs_CZ\" \/>\n<meta property=\"og:type\" content=\"article\" \/>\n<meta property=\"og:title\" content=\"Poppers Blue Lad Darkroom 25 ml\" \/>\n<meta property=\"og:description\" content=\"Uvoln\u011bte intenzivn\u00ed s\u00edlu Poppers Blue Lad Darkroom 25 ml. U\u017eijte si ultra \u010distou formuli na b\u00e1zi amylu pro neopakovateln\u00fd z\u00e1\u017eitek. Nakupujte nyn\u00ed!\" \/>\n<meta property=\"og:url\" content=\"https:\/\/poppers-original.eu\/cs\/produkt\/poppers-blue-lad-darkroom-25-ml\/\" \/>\n<meta property=\"og:site_name\" content=\"EU Poppers Sale, Buy Poppers online\" \/>\n<meta property=\"article:modified_time\" content=\"2025-01-03T14:45:38+00:00\" \/>\n<meta property=\"og:image\" content=\"https:\/\/poppers-original.eu\/wp-content\/uploads\/2023\/06\/poppers-blue-lad-25-ml.jpg\" \/>\n\t<meta property=\"og:image:width\" content=\"1000\" \/>\n\t<meta property=\"og:image:height\" content=\"1000\" \/>\n\t<meta property=\"og:image:type\" content=\"image\/jpeg\" \/>\n<meta name=\"twitter:card\" content=\"summary_large_image\" \/>\n<meta name=\"twitter:label1\" content=\"Odhadovan\u00e1 doba \u010dten\u00ed\" \/>\n\t<meta name=\"twitter:data1\" content=\"3 minuty\" \/>\n<script type=\"application\/ld+json\" class=\"yoast-schema-graph\">{\"@context\":\"https:\\\/\\\/schema.org\",\"@graph\":[{\"@type\":\"WebPage\",\"@id\":\"https:\\\/\\\/poppers-original.eu\\\/cs\\\/produkt\\\/poppers-blue-lad-darkroom-25-ml\\\/\",\"url\":\"https:\\\/\\\/poppers-original.eu\\\/cs\\\/produkt\\\/poppers-blue-lad-darkroom-25-ml\\\/\",\"name\":\"Poppers Blue Lad Darkroom 25 ml\",\"isPartOf\":{\"@id\":\"https:\\\/\\\/poppers-original.eu\\\/cs\\\/#website\"},\"primaryImageOfPage\":{\"@id\":\"https:\\\/\\\/poppers-original.eu\\\/cs\\\/produkt\\\/poppers-blue-lad-darkroom-25-ml\\\/#primaryimage\"},\"image\":{\"@id\":\"https:\\\/\\\/poppers-original.eu\\\/cs\\\/produkt\\\/poppers-blue-lad-darkroom-25-ml\\\/#primaryimage\"},\"thumbnailUrl\":\"https:\\\/\\\/poppers-original.eu\\\/wp-content\\\/uploads\\\/2023\\\/06\\\/poppers-blue-lad-25-ml.jpg\",\"datePublished\":\"2023-06-17T19:56:43+00:00\",\"dateModified\":\"2025-01-03T14:45:38+00:00\",\"description\":\"Uvoln\u011bte intenzivn\u00ed s\u00edlu Poppers Blue Lad Darkroom 25 ml. U\u017eijte si ultra \u010distou formuli na b\u00e1zi amylu pro neopakovateln\u00fd z\u00e1\u017eitek. Nakupujte nyn\u00ed!\",\"breadcrumb\":{\"@id\":\"https:\\\/\\\/poppers-original.eu\\\/cs\\\/produkt\\\/poppers-blue-lad-darkroom-25-ml\\\/#breadcrumb\"},\"inLanguage\":\"cs\",\"potentialAction\":[{\"@type\":\"ReadAction\",\"target\":[\"https:\\\/\\\/poppers-original.eu\\\/cs\\\/produkt\\\/poppers-blue-lad-darkroom-25-ml\\\/\"]}]},{\"@type\":\"ImageObject\",\"inLanguage\":\"cs\",\"@id\":\"https:\\\/\\\/poppers-original.eu\\\/cs\\\/produkt\\\/poppers-blue-lad-darkroom-25-ml\\\/#primaryimage\",\"url\":\"https:\\\/\\\/poppers-original.eu\\\/wp-content\\\/uploads\\\/2023\\\/06\\\/poppers-blue-lad-25-ml.jpg\",\"contentUrl\":\"https:\\\/\\\/poppers-original.eu\\\/wp-content\\\/uploads\\\/2023\\\/06\\\/poppers-blue-lad-25-ml.jpg\",\"width\":1000,\"height\":1000,\"caption\":\"Poppers Blue Lad Darkroom 25 ml\"},{\"@type\":\"BreadcrumbList\",\"@id\":\"https:\\\/\\\/poppers-original.eu\\\/cs\\\/produkt\\\/poppers-blue-lad-darkroom-25-ml\\\/#breadcrumb\",\"itemListElement\":[{\"@type\":\"ListItem\",\"position\":1,\"name\":\"Home\",\"item\":\"https:\\\/\\\/poppers-original.eu\\\/cs\\\/\"},{\"@type\":\"ListItem\",\"position\":2,\"name\":\"Shop\",\"item\":\"https:\\\/\\\/poppers-original.eu\\\/shop\\\/\"},{\"@type\":\"ListItem\",\"position\":3,\"name\":\"Poppers Blue Lad Darkroom 25 ml\"}]},{\"@type\":\"WebSite\",\"@id\":\"https:\\\/\\\/poppers-original.eu\\\/cs\\\/#website\",\"url\":\"https:\\\/\\\/poppers-original.eu\\\/cs\\\/\",\"name\":\"Poppers Original, Buy Poppers online\",\"description\":\"Poppers Original\",\"publisher\":{\"@id\":\"https:\\\/\\\/poppers-original.eu\\\/cs\\\/#organization\"},\"potentialAction\":[{\"@type\":\"SearchAction\",\"target\":{\"@type\":\"EntryPoint\",\"urlTemplate\":\"https:\\\/\\\/poppers-original.eu\\\/cs\\\/?s={search_term_string}\"},\"query-input\":{\"@type\":\"PropertyValueSpecification\",\"valueRequired\":true,\"valueName\":\"search_term_string\"}}],\"inLanguage\":\"cs\"},{\"@type\":\"Organization\",\"@id\":\"https:\\\/\\\/poppers-original.eu\\\/cs\\\/#organization\",\"name\":\"Poppers Sale, Buy Poppers online\",\"url\":\"https:\\\/\\\/poppers-original.eu\\\/cs\\\/\",\"logo\":{\"@type\":\"ImageObject\",\"inLanguage\":\"cs\",\"@id\":\"https:\\\/\\\/poppers-original.eu\\\/cs\\\/#\\\/schema\\\/logo\\\/image\\\/\",\"url\":\"https:\\\/\\\/poppers-original.eu\\\/wp-content\\\/uploads\\\/2023\\\/05\\\/poppers-original-logo.png\",\"contentUrl\":\"https:\\\/\\\/poppers-original.eu\\\/wp-content\\\/uploads\\\/2023\\\/05\\\/poppers-original-logo.png\",\"width\":790,\"height\":150,\"caption\":\"Poppers Sale, Buy Poppers online\"},\"image\":{\"@id\":\"https:\\\/\\\/poppers-original.eu\\\/cs\\\/#\\\/schema\\\/logo\\\/image\\\/\"}}]}<\/script>\n<!-- \/ Yoast SEO plugin. -->","yoast_head_json":{"title":"Poppers Blue Lad Darkroom 25 ml","description":"Uvoln\u011bte intenzivn\u00ed s\u00edlu Poppers Blue Lad Darkroom 25 ml. U\u017eijte si ultra \u010distou formuli na b\u00e1zi amylu pro neopakovateln\u00fd z\u00e1\u017eitek. Nakupujte nyn\u00ed!","robots":{"index":"index","follow":"follow","max-snippet":"max-snippet:-1","max-image-preview":"max-image-preview:large","max-video-preview":"max-video-preview:-1"},"canonical":"https:\/\/poppers-original.eu\/cs\/produkt\/poppers-blue-lad-darkroom-25-ml\/","og_locale":"cs_CZ","og_type":"article","og_title":"Poppers Blue Lad Darkroom 25 ml","og_description":"Uvoln\u011bte intenzivn\u00ed s\u00edlu Poppers Blue Lad Darkroom 25 ml. U\u017eijte si ultra \u010distou formuli na b\u00e1zi amylu pro neopakovateln\u00fd z\u00e1\u017eitek. Nakupujte nyn\u00ed!","og_url":"https:\/\/poppers-original.eu\/cs\/produkt\/poppers-blue-lad-darkroom-25-ml\/","og_site_name":"EU Poppers Sale, Buy Poppers online","article_modified_time":"2025-01-03T14:45:38+00:00","og_image":[{"width":1000,"height":1000,"url":"https:\/\/poppers-original.eu\/wp-content\/uploads\/2023\/06\/poppers-blue-lad-25-ml.jpg","type":"image\/jpeg"}],"twitter_card":"summary_large_image","twitter_misc":{"Odhadovan\u00e1 doba \u010dten\u00ed":"3 minuty"},"schema":{"@context":"https:\/\/schema.org","@graph":[{"@type":"WebPage","@id":"https:\/\/poppers-original.eu\/cs\/produkt\/poppers-blue-lad-darkroom-25-ml\/","url":"https:\/\/poppers-original.eu\/cs\/produkt\/poppers-blue-lad-darkroom-25-ml\/","name":"Poppers Blue Lad Darkroom 25 ml","isPartOf":{"@id":"https:\/\/poppers-original.eu\/cs\/#website"},"primaryImageOfPage":{"@id":"https:\/\/poppers-original.eu\/cs\/produkt\/poppers-blue-lad-darkroom-25-ml\/#primaryimage"},"image":{"@id":"https:\/\/poppers-original.eu\/cs\/produkt\/poppers-blue-lad-darkroom-25-ml\/#primaryimage"},"thumbnailUrl":"https:\/\/poppers-original.eu\/wp-content\/uploads\/2023\/06\/poppers-blue-lad-25-ml.jpg","datePublished":"2023-06-17T19:56:43+00:00","dateModified":"2025-01-03T14:45:38+00:00","description":"Uvoln\u011bte intenzivn\u00ed s\u00edlu Poppers Blue Lad Darkroom 25 ml. U\u017eijte si ultra \u010distou formuli na b\u00e1zi amylu pro neopakovateln\u00fd z\u00e1\u017eitek. Nakupujte nyn\u00ed!","breadcrumb":{"@id":"https:\/\/poppers-original.eu\/cs\/produkt\/poppers-blue-lad-darkroom-25-ml\/#breadcrumb"},"inLanguage":"cs","potentialAction":[{"@type":"ReadAction","target":["https:\/\/poppers-original.eu\/cs\/produkt\/poppers-blue-lad-darkroom-25-ml\/"]}]},{"@type":"ImageObject","inLanguage":"cs","@id":"https:\/\/poppers-original.eu\/cs\/produkt\/poppers-blue-lad-darkroom-25-ml\/#primaryimage","url":"https:\/\/poppers-original.eu\/wp-content\/uploads\/2023\/06\/poppers-blue-lad-25-ml.jpg","contentUrl":"https:\/\/poppers-original.eu\/wp-content\/uploads\/2023\/06\/poppers-blue-lad-25-ml.jpg","width":1000,"height":1000,"caption":"Poppers Blue Lad Darkroom 25 ml"},{"@type":"BreadcrumbList","@id":"https:\/\/poppers-original.eu\/cs\/produkt\/poppers-blue-lad-darkroom-25-ml\/#breadcrumb","itemListElement":[{"@type":"ListItem","position":1,"name":"Home","item":"https:\/\/poppers-original.eu\/cs\/"},{"@type":"ListItem","position":2,"name":"Shop","item":"https:\/\/poppers-original.eu\/shop\/"},{"@type":"ListItem","position":3,"name":"Poppers Blue Lad Darkroom 25 ml"}]},{"@type":"WebSite","@id":"https:\/\/poppers-original.eu\/cs\/#website","url":"https:\/\/poppers-original.eu\/cs\/","name":"Poppers Original, Buy Poppers online","description":"Poppers Original","publisher":{"@id":"https:\/\/poppers-original.eu\/cs\/#organization"},"potentialAction":[{"@type":"SearchAction","target":{"@type":"EntryPoint","urlTemplate":"https:\/\/poppers-original.eu\/cs\/?s={search_term_string}"},"query-input":{"@type":"PropertyValueSpecification","valueRequired":true,"valueName":"search_term_string"}}],"inLanguage":"cs"},{"@type":"Organization","@id":"https:\/\/poppers-original.eu\/cs\/#organization","name":"Poppers Sale, Buy Poppers online","url":"https:\/\/poppers-original.eu\/cs\/","logo":{"@type":"ImageObject","inLanguage":"cs","@id":"https:\/\/poppers-original.eu\/cs\/#\/schema\/logo\/image\/","url":"https:\/\/poppers-original.eu\/wp-content\/uploads\/2023\/05\/poppers-original-logo.png","contentUrl":"https:\/\/poppers-original.eu\/wp-content\/uploads\/2023\/05\/poppers-original-logo.png","width":790,"height":150,"caption":"Poppers Sale, Buy Poppers online"},"image":{"@id":"https:\/\/poppers-original.eu\/cs\/#\/schema\/logo\/image\/"}}]}},"_links":{"self":[{"href":"https:\/\/poppers-original.eu\/cs\/wp-json\/wp\/v2\/product\/6730","targetHints":{"allow":["GET"]}}],"collection":[{"href":"https:\/\/poppers-original.eu\/cs\/wp-json\/wp\/v2\/product"}],"about":[{"href":"https:\/\/poppers-original.eu\/cs\/wp-json\/wp\/v2\/types\/product"}],"replies":[{"embeddable":true,"href":"https:\/\/poppers-original.eu\/cs\/wp-json\/wp\/v2\/comments?post=6730"}],"wp:featuredmedia":[{"embeddable":true,"href":"https:\/\/poppers-original.eu\/cs\/wp-json\/wp\/v2\/media\/5336"}],"wp:attachment":[{"href":"https:\/\/poppers-original.eu\/cs\/wp-json\/wp\/v2\/media?parent=6730"}],"wp:term":[{"taxonomy":"product_brand","embeddable":true,"href":"https:\/\/poppers-original.eu\/cs\/wp-json\/wp\/v2\/product_brand?post=6730"},{"taxonomy":"product_cat","embeddable":true,"href":"https:\/\/poppers-original.eu\/cs\/wp-json\/wp\/v2\/product_cat?post=6730"},{"taxonomy":"product_tag","embeddable":true,"href":"https:\/\/poppers-original.eu\/cs\/wp-json\/wp\/v2\/product_tag?post=6730"}],"curies":[{"name":"wp","href":"https:\/\/api.w.org\/{rel}","templated":true}]}}