{"id":6729,"date":"2023-06-19T21:13:37","date_gmt":"2023-06-19T20:13:37","guid":{"rendered":"https:\/\/poppers-original.eu\/product\/jungle-juice-xtrem-poppers-30-ml\/"},"modified":"2025-01-02T13:35:58","modified_gmt":"2025-01-02T12:35:58","slug":"jungle-juice-xtrem-poppers-30-ml","status":"publish","type":"product","link":"https:\/\/poppers-original.eu\/cs\/produkt\/jungle-juice-xtrem-poppers-30-ml\/","title":{"rendered":"Jungle Juice Xtrem Poppers 30 ml"},"content":{"rendered":"<p>Pono\u0159te se do sv\u011bta prvot\u0159\u00eddn\u00ed kvality s Jungle Juice Xtrem Poppers 30 ml. Tento v\u00fdkonn\u00fd \u010disti\u010d ko\u017een\u00fdch materi\u00e1l\u016f na b\u00e1zi amyl nitridu je jedn\u00edm z nejsiln\u011bj\u0161\u00edch pokojov\u00fdch aromat na trhu a b\u011b\u017en\u00e9mu \u00faklidu dod\u00e1 zcela novou intenzitu. Je zabalen v XXL hlin\u00edkov\u00e9 lahvi\u010dce, kter\u00e1 je lehk\u00e1 a nerozbitn\u00e1, a je ide\u00e1ln\u00ed volbou pro spole\u010densk\u00e1 setk\u00e1n\u00ed.  <\/p>\n<h2>Pro\u010d si vybrat Jungle Juice Xtrem: Nejsiln\u011bj\u0161\u00ed Poppers na sv\u011bt\u011b<\/h2>\n<p>Za\u017eijte nep\u0159ekonatelnou s\u00edlu Jungle Juice Xtrem Poppers 30 ml, jednoho z nejsiln\u011bj\u0161\u00edch poppers na sv\u011bt\u011b. Na\u0161e anketa hovo\u0159\u00ed sama za sebe &#8211; pro v\u011bt\u0161inu u\u017eivatel\u016f je to nejsiln\u011bj\u0161\u00ed poppers, kter\u00fd kdy vyzkou\u0161eli. Tento \u010disti\u010d ko\u017een\u00fdch materi\u00e1l\u016f, produkt nejl\u00e9pe prod\u00e1van\u00e9 zna\u010dky v Evrop\u011b &#8211; Jungle Juice, vynik\u00e1 jako Xtrem ve v\u0161ech sm\u011brech.  <\/p>\n<h2>Odhalujeme \u00fa\u010dinky mimo\u0159\u00e1dn\u011b siln\u00fdch poppers<\/h2>\n<p>Jungle Juice Xtrem je zn\u00e1m\u00fd sv\u00fdmi siln\u00fdmi \u00fa\u010dinky. O\u010dek\u00e1vejte zv\u00fd\u0161enou touhu, intenzivn\u00ed euforii a pocit pohody. Za\u017eijete velmi dlouh\u00e9 a hluboce pro\u017e\u00edvan\u00e9 vzestupy, kter\u00e9 si obl\u00edbily zejm\u00e9na milovn\u00edci intenzivn\u00edch pocit\u016f. Toto je poppers, kter\u00fd v\u00e1m spln\u00ed v\u0161echna p\u0159\u00e1n\u00ed. Je ide\u00e1ln\u00ed pro ka\u017ed\u00e9ho, kdo tou\u017e\u00ed za\u017e\u00edt n\u00e1dech p\u0159\u00edjemn\u00e9ho tepla a kouzlo opojn\u00e9ho deliria.   <\/p>\n<h2>Kupte si Jungle Juice Xtrem Poppers 30 ml<\/h2>\n<p>Hled\u00e1te spolehliv\u00fd, siln\u00fd \u010disti\u010d ko\u017een\u00fdch materi\u00e1l\u016f? Pod\u00edvejte se na \u010distic\u00ed prost\u0159edek na ko\u017een\u00e9 p\u0159edm\u011bty o objemu 30 ml Jungle Juice Xtrem. Tento produkt je dod\u00e1v\u00e1n v pevn\u00e9 a p\u0159enosn\u00e9 hlin\u00edkov\u00e9 lahvi\u010dce o velikosti XXL, kterou si snadno vezmete s sebou. S uz\u00e1v\u011brem, kter\u00fd je dvakr\u00e1t v\u011bt\u0161\u00ed ne\u017e standardn\u00ed v\u00ed\u010dko, za\u017eijete jeho \u00fa\u010dinky dvakr\u00e1t rychleji a dvakr\u00e1t siln\u011bji. Kupte si jej nyn\u00ed a vyu\u017eijte v \u010cesk\u00e9 republice a Evrop\u011b na\u0161ich rychl\u00fdch a diskr\u00e9tn\u00edch dodac\u00edch slu\u017eeb.    <\/p>\n<p>&nbsp;<\/p>\n<p>M\u011bjte na mysli, \u017ee tento produkt nen\u00ed jen tak n\u011bjak\u00fd poppers &#8211; je to poppers, kter\u00fd slibuje extr\u00e9mn\u00ed a dlouhotrvaj\u00edc\u00ed pocity. Vyzkou\u0161ejte ho proto co nejd\u0159\u00edve! Dejte sbohem poppers v nekvalitn\u00edch lahvi\u010dk\u00e1ch, kter\u00e9 jsou rozbit\u00e9 a produkt z nich vyt\u00e9k\u00e1 nebo se vypa\u0159uje, a vstupte do \u0159\u00ed\u0161e sn\u016f s vysoce kvalitn\u00edmi, dlouhotrvaj\u00edc\u00edmi \u00fa\u010dinky Jungle Juice Xtrem Poppers 30 ml. <\/p>\n<p>&nbsp;<\/p>\n<p>Nav\u0161tivte na\u0161i <a href=\"https:\/\/www.poppers-original.com\/\">domovskou str\u00e1nku<\/a> a prozkoumejte na\u0161i rozs\u00e1hlou kolekci v\u0161ech mo\u017en\u00fdch poppers.<\/p>\n<p>&nbsp;<\/p>\n<p><strong>Obsah balen\u00ed:<\/strong><\/p>\n<ul>\n<li>1x Jungle Juice Xtrem Aroma 30 ml<\/li>\n<\/ul>\n<p><strong>Vlastnosti:<\/strong><\/p>\n<ul>\n<li>Ofici\u00e1ln\u00ed n\u00e1zev: Jungle Juice Xtrem Poppers 30 ml<\/li>\n<li>Obsah: 30 ml<\/li>\n<li>S\u00edla: 5\/5<\/li>\n<li>Bezpe\u010dn\u00e9 otev\u00edr\u00e1n\u00ed: s bezpe\u010dnostn\u00edm uz\u00e1v\u011brem<\/li>\n<li>Power Pak Pellets (PPP) pro dlouhodobou \u010distotu.<\/li>\n<li>Znovu uzav\u00edrateln\u00e9 polykonov\u00e9 v\u00ed\u010dko pro zachov\u00e1n\u00ed s\u00edly.<\/li>\n<li>Zbo\u017e\u00ed ka\u017ed\u00fd t\u00fdden obm\u011b\u0148ujeme pro zaji\u0161t\u011bn\u00ed \u010derstvosti.<\/li>\n<li>Amyl Nitrit, Mixed isomers (CAS 110-46-3) + 1-Butanol, 3-methyl (CAS 123-51-3)<\/li>\n<li>Garance spokojenosti bu\u010f vr\u00e1cen\u00edm pen\u011bz, nebo v\u00fdm\u011bnou produktu.<\/li>\n<li>V\u00fdrobce: Funline\u00ae Laboratory<\/li>\n<li>Vyrobeno ve Francii<\/li>\n<\/ul>\n","protected":false},"excerpt":{"rendered":"<p>Odhalte mimo\u0159\u00e1dnou s\u00edlu a kvalitu Jungle Juice Xtrem Poppers 30 ml. Toto siln\u00e9 erotick\u00e9 aroma je dod\u00e1v\u00e1no v nerozbitn\u00e9 hlin\u00edkov\u00e9 lahvi\u010dce s extra velk\u00fdm uz\u00e1v\u011brem pro rychl\u00e9 a hojn\u00e9 roz\u0161\u00ed\u0159en\u00ed jeho ultra siln\u00e9 v\u016fn\u011b. <\/p>\n","protected":false},"featured_media":5346,"comment_status":"open","ping_status":"closed","template":"","meta":{"_acf_changed":false},"product_brand":[],"product_cat":[759,669,436],"product_tag":[904,902,903],"class_list":{"0":"post-6729","1":"product","2":"type-product","3":"status-publish","4":"has-post-thumbnail","6":"product_cat-poppers-cs","7":"product_cat-poppers-s-amyl-nitridem","8":"product_cat-velke-poppers","9":"product_tag-jungle-juice-xtrem-cs","10":"product_tag-jungle-juice-xtrem-poppers-30-ml-cs","11":"product_tag-xtrem-poppers-jungle-juice-cs","13":"first","14":"outofstock","15":"taxable","16":"shipping-taxable","17":"purchasable","18":"product-type-simple"},"acf":[],"yoast_head":"<!-- This site is optimized with the Yoast SEO plugin v27.3 - https:\/\/yoast.com\/product\/yoast-seo-wordpress\/ -->\n<title>Jungle Juice Xtrem Poppers 30 ml<\/title>\n<meta name=\"description\" content=\"Objevte nep\u0159ekonatelnou s\u00edlu Jungle Juice Xtrem Poppers 30 ml. Vypus\u0165te do sv\u011bta intenzivn\u00ed pocity. Zkuste ho hned a vylep\u0161ete si standardn\u00ed \u00faklid!\" \/>\n<meta name=\"robots\" content=\"index, follow, max-snippet:-1, max-image-preview:large, max-video-preview:-1\" \/>\n<link rel=\"canonical\" href=\"https:\/\/poppers-original.eu\/cs\/produkt\/jungle-juice-xtrem-poppers-30-ml\/\" \/>\n<meta property=\"og:locale\" content=\"cs_CZ\" \/>\n<meta property=\"og:type\" content=\"article\" \/>\n<meta property=\"og:title\" content=\"Jungle Juice Xtrem Poppers 30 ml\" \/>\n<meta property=\"og:description\" content=\"Objevte nep\u0159ekonatelnou s\u00edlu Jungle Juice Xtrem Poppers 30 ml. Vypus\u0165te do sv\u011bta intenzivn\u00ed pocity. Zkuste ho hned a vylep\u0161ete si standardn\u00ed \u00faklid!\" \/>\n<meta property=\"og:url\" content=\"https:\/\/poppers-original.eu\/cs\/produkt\/jungle-juice-xtrem-poppers-30-ml\/\" \/>\n<meta property=\"og:site_name\" content=\"EU Poppers Sale, Buy Poppers online\" \/>\n<meta property=\"article:modified_time\" content=\"2025-01-02T12:35:58+00:00\" \/>\n<meta property=\"og:image\" content=\"https:\/\/poppers-original.eu\/wp-content\/uploads\/2023\/06\/jungle-juice-poppers-xtrem-30-ml.jpg\" \/>\n\t<meta property=\"og:image:width\" content=\"1000\" \/>\n\t<meta property=\"og:image:height\" content=\"1000\" \/>\n\t<meta property=\"og:image:type\" content=\"image\/jpeg\" \/>\n<meta name=\"twitter:card\" content=\"summary_large_image\" \/>\n<meta name=\"twitter:label1\" content=\"Odhadovan\u00e1 doba \u010dten\u00ed\" \/>\n\t<meta name=\"twitter:data1\" content=\"3 minuty\" \/>\n<script type=\"application\/ld+json\" class=\"yoast-schema-graph\">{\"@context\":\"https:\\\/\\\/schema.org\",\"@graph\":[{\"@type\":\"WebPage\",\"@id\":\"https:\\\/\\\/poppers-original.eu\\\/cs\\\/produkt\\\/jungle-juice-xtrem-poppers-30-ml\\\/\",\"url\":\"https:\\\/\\\/poppers-original.eu\\\/cs\\\/produkt\\\/jungle-juice-xtrem-poppers-30-ml\\\/\",\"name\":\"Jungle Juice Xtrem Poppers 30 ml\",\"isPartOf\":{\"@id\":\"https:\\\/\\\/poppers-original.eu\\\/cs\\\/#website\"},\"primaryImageOfPage\":{\"@id\":\"https:\\\/\\\/poppers-original.eu\\\/cs\\\/produkt\\\/jungle-juice-xtrem-poppers-30-ml\\\/#primaryimage\"},\"image\":{\"@id\":\"https:\\\/\\\/poppers-original.eu\\\/cs\\\/produkt\\\/jungle-juice-xtrem-poppers-30-ml\\\/#primaryimage\"},\"thumbnailUrl\":\"https:\\\/\\\/poppers-original.eu\\\/wp-content\\\/uploads\\\/2023\\\/06\\\/jungle-juice-poppers-xtrem-30-ml.jpg\",\"datePublished\":\"2023-06-19T20:13:37+00:00\",\"dateModified\":\"2025-01-02T12:35:58+00:00\",\"description\":\"Objevte nep\u0159ekonatelnou s\u00edlu Jungle Juice Xtrem Poppers 30 ml. Vypus\u0165te do sv\u011bta intenzivn\u00ed pocity. Zkuste ho hned a vylep\u0161ete si standardn\u00ed \u00faklid!\",\"breadcrumb\":{\"@id\":\"https:\\\/\\\/poppers-original.eu\\\/cs\\\/produkt\\\/jungle-juice-xtrem-poppers-30-ml\\\/#breadcrumb\"},\"inLanguage\":\"cs\",\"potentialAction\":[{\"@type\":\"ReadAction\",\"target\":[\"https:\\\/\\\/poppers-original.eu\\\/cs\\\/produkt\\\/jungle-juice-xtrem-poppers-30-ml\\\/\"]}]},{\"@type\":\"ImageObject\",\"inLanguage\":\"cs\",\"@id\":\"https:\\\/\\\/poppers-original.eu\\\/cs\\\/produkt\\\/jungle-juice-xtrem-poppers-30-ml\\\/#primaryimage\",\"url\":\"https:\\\/\\\/poppers-original.eu\\\/wp-content\\\/uploads\\\/2023\\\/06\\\/jungle-juice-poppers-xtrem-30-ml.jpg\",\"contentUrl\":\"https:\\\/\\\/poppers-original.eu\\\/wp-content\\\/uploads\\\/2023\\\/06\\\/jungle-juice-poppers-xtrem-30-ml.jpg\",\"width\":1000,\"height\":1000,\"caption\":\"Jungle Juice Xtrem Poppers 30 ml\"},{\"@type\":\"BreadcrumbList\",\"@id\":\"https:\\\/\\\/poppers-original.eu\\\/cs\\\/produkt\\\/jungle-juice-xtrem-poppers-30-ml\\\/#breadcrumb\",\"itemListElement\":[{\"@type\":\"ListItem\",\"position\":1,\"name\":\"Home\",\"item\":\"https:\\\/\\\/poppers-original.eu\\\/cs\\\/\"},{\"@type\":\"ListItem\",\"position\":2,\"name\":\"Shop\",\"item\":\"https:\\\/\\\/poppers-original.eu\\\/shop\\\/\"},{\"@type\":\"ListItem\",\"position\":3,\"name\":\"Jungle Juice Xtrem Poppers 30 ml\"}]},{\"@type\":\"WebSite\",\"@id\":\"https:\\\/\\\/poppers-original.eu\\\/cs\\\/#website\",\"url\":\"https:\\\/\\\/poppers-original.eu\\\/cs\\\/\",\"name\":\"Poppers Original, Buy Poppers online\",\"description\":\"Poppers Original\",\"publisher\":{\"@id\":\"https:\\\/\\\/poppers-original.eu\\\/cs\\\/#organization\"},\"potentialAction\":[{\"@type\":\"SearchAction\",\"target\":{\"@type\":\"EntryPoint\",\"urlTemplate\":\"https:\\\/\\\/poppers-original.eu\\\/cs\\\/?s={search_term_string}\"},\"query-input\":{\"@type\":\"PropertyValueSpecification\",\"valueRequired\":true,\"valueName\":\"search_term_string\"}}],\"inLanguage\":\"cs\"},{\"@type\":\"Organization\",\"@id\":\"https:\\\/\\\/poppers-original.eu\\\/cs\\\/#organization\",\"name\":\"Poppers Sale, Buy Poppers online\",\"url\":\"https:\\\/\\\/poppers-original.eu\\\/cs\\\/\",\"logo\":{\"@type\":\"ImageObject\",\"inLanguage\":\"cs\",\"@id\":\"https:\\\/\\\/poppers-original.eu\\\/cs\\\/#\\\/schema\\\/logo\\\/image\\\/\",\"url\":\"https:\\\/\\\/poppers-original.eu\\\/wp-content\\\/uploads\\\/2023\\\/05\\\/poppers-original-logo.png\",\"contentUrl\":\"https:\\\/\\\/poppers-original.eu\\\/wp-content\\\/uploads\\\/2023\\\/05\\\/poppers-original-logo.png\",\"width\":790,\"height\":150,\"caption\":\"Poppers Sale, Buy Poppers online\"},\"image\":{\"@id\":\"https:\\\/\\\/poppers-original.eu\\\/cs\\\/#\\\/schema\\\/logo\\\/image\\\/\"}}]}<\/script>\n<!-- \/ Yoast SEO plugin. -->","yoast_head_json":{"title":"Jungle Juice Xtrem Poppers 30 ml","description":"Objevte nep\u0159ekonatelnou s\u00edlu Jungle Juice Xtrem Poppers 30 ml. Vypus\u0165te do sv\u011bta intenzivn\u00ed pocity. Zkuste ho hned a vylep\u0161ete si standardn\u00ed \u00faklid!","robots":{"index":"index","follow":"follow","max-snippet":"max-snippet:-1","max-image-preview":"max-image-preview:large","max-video-preview":"max-video-preview:-1"},"canonical":"https:\/\/poppers-original.eu\/cs\/produkt\/jungle-juice-xtrem-poppers-30-ml\/","og_locale":"cs_CZ","og_type":"article","og_title":"Jungle Juice Xtrem Poppers 30 ml","og_description":"Objevte nep\u0159ekonatelnou s\u00edlu Jungle Juice Xtrem Poppers 30 ml. Vypus\u0165te do sv\u011bta intenzivn\u00ed pocity. Zkuste ho hned a vylep\u0161ete si standardn\u00ed \u00faklid!","og_url":"https:\/\/poppers-original.eu\/cs\/produkt\/jungle-juice-xtrem-poppers-30-ml\/","og_site_name":"EU Poppers Sale, Buy Poppers online","article_modified_time":"2025-01-02T12:35:58+00:00","og_image":[{"width":1000,"height":1000,"url":"https:\/\/poppers-original.eu\/wp-content\/uploads\/2023\/06\/jungle-juice-poppers-xtrem-30-ml.jpg","type":"image\/jpeg"}],"twitter_card":"summary_large_image","twitter_misc":{"Odhadovan\u00e1 doba \u010dten\u00ed":"3 minuty"},"schema":{"@context":"https:\/\/schema.org","@graph":[{"@type":"WebPage","@id":"https:\/\/poppers-original.eu\/cs\/produkt\/jungle-juice-xtrem-poppers-30-ml\/","url":"https:\/\/poppers-original.eu\/cs\/produkt\/jungle-juice-xtrem-poppers-30-ml\/","name":"Jungle Juice Xtrem Poppers 30 ml","isPartOf":{"@id":"https:\/\/poppers-original.eu\/cs\/#website"},"primaryImageOfPage":{"@id":"https:\/\/poppers-original.eu\/cs\/produkt\/jungle-juice-xtrem-poppers-30-ml\/#primaryimage"},"image":{"@id":"https:\/\/poppers-original.eu\/cs\/produkt\/jungle-juice-xtrem-poppers-30-ml\/#primaryimage"},"thumbnailUrl":"https:\/\/poppers-original.eu\/wp-content\/uploads\/2023\/06\/jungle-juice-poppers-xtrem-30-ml.jpg","datePublished":"2023-06-19T20:13:37+00:00","dateModified":"2025-01-02T12:35:58+00:00","description":"Objevte nep\u0159ekonatelnou s\u00edlu Jungle Juice Xtrem Poppers 30 ml. Vypus\u0165te do sv\u011bta intenzivn\u00ed pocity. Zkuste ho hned a vylep\u0161ete si standardn\u00ed \u00faklid!","breadcrumb":{"@id":"https:\/\/poppers-original.eu\/cs\/produkt\/jungle-juice-xtrem-poppers-30-ml\/#breadcrumb"},"inLanguage":"cs","potentialAction":[{"@type":"ReadAction","target":["https:\/\/poppers-original.eu\/cs\/produkt\/jungle-juice-xtrem-poppers-30-ml\/"]}]},{"@type":"ImageObject","inLanguage":"cs","@id":"https:\/\/poppers-original.eu\/cs\/produkt\/jungle-juice-xtrem-poppers-30-ml\/#primaryimage","url":"https:\/\/poppers-original.eu\/wp-content\/uploads\/2023\/06\/jungle-juice-poppers-xtrem-30-ml.jpg","contentUrl":"https:\/\/poppers-original.eu\/wp-content\/uploads\/2023\/06\/jungle-juice-poppers-xtrem-30-ml.jpg","width":1000,"height":1000,"caption":"Jungle Juice Xtrem Poppers 30 ml"},{"@type":"BreadcrumbList","@id":"https:\/\/poppers-original.eu\/cs\/produkt\/jungle-juice-xtrem-poppers-30-ml\/#breadcrumb","itemListElement":[{"@type":"ListItem","position":1,"name":"Home","item":"https:\/\/poppers-original.eu\/cs\/"},{"@type":"ListItem","position":2,"name":"Shop","item":"https:\/\/poppers-original.eu\/shop\/"},{"@type":"ListItem","position":3,"name":"Jungle Juice Xtrem Poppers 30 ml"}]},{"@type":"WebSite","@id":"https:\/\/poppers-original.eu\/cs\/#website","url":"https:\/\/poppers-original.eu\/cs\/","name":"Poppers Original, Buy Poppers online","description":"Poppers Original","publisher":{"@id":"https:\/\/poppers-original.eu\/cs\/#organization"},"potentialAction":[{"@type":"SearchAction","target":{"@type":"EntryPoint","urlTemplate":"https:\/\/poppers-original.eu\/cs\/?s={search_term_string}"},"query-input":{"@type":"PropertyValueSpecification","valueRequired":true,"valueName":"search_term_string"}}],"inLanguage":"cs"},{"@type":"Organization","@id":"https:\/\/poppers-original.eu\/cs\/#organization","name":"Poppers Sale, Buy Poppers online","url":"https:\/\/poppers-original.eu\/cs\/","logo":{"@type":"ImageObject","inLanguage":"cs","@id":"https:\/\/poppers-original.eu\/cs\/#\/schema\/logo\/image\/","url":"https:\/\/poppers-original.eu\/wp-content\/uploads\/2023\/05\/poppers-original-logo.png","contentUrl":"https:\/\/poppers-original.eu\/wp-content\/uploads\/2023\/05\/poppers-original-logo.png","width":790,"height":150,"caption":"Poppers Sale, Buy Poppers online"},"image":{"@id":"https:\/\/poppers-original.eu\/cs\/#\/schema\/logo\/image\/"}}]}},"_links":{"self":[{"href":"https:\/\/poppers-original.eu\/cs\/wp-json\/wp\/v2\/product\/6729","targetHints":{"allow":["GET"]}}],"collection":[{"href":"https:\/\/poppers-original.eu\/cs\/wp-json\/wp\/v2\/product"}],"about":[{"href":"https:\/\/poppers-original.eu\/cs\/wp-json\/wp\/v2\/types\/product"}],"replies":[{"embeddable":true,"href":"https:\/\/poppers-original.eu\/cs\/wp-json\/wp\/v2\/comments?post=6729"}],"wp:featuredmedia":[{"embeddable":true,"href":"https:\/\/poppers-original.eu\/cs\/wp-json\/wp\/v2\/media\/5346"}],"wp:attachment":[{"href":"https:\/\/poppers-original.eu\/cs\/wp-json\/wp\/v2\/media?parent=6729"}],"wp:term":[{"taxonomy":"product_brand","embeddable":true,"href":"https:\/\/poppers-original.eu\/cs\/wp-json\/wp\/v2\/product_brand?post=6729"},{"taxonomy":"product_cat","embeddable":true,"href":"https:\/\/poppers-original.eu\/cs\/wp-json\/wp\/v2\/product_cat?post=6729"},{"taxonomy":"product_tag","embeddable":true,"href":"https:\/\/poppers-original.eu\/cs\/wp-json\/wp\/v2\/product_tag?post=6729"}],"curies":[{"name":"wp","href":"https:\/\/api.w.org\/{rel}","templated":true}]}}