{"id":6727,"date":"2023-06-24T09:50:36","date_gmt":"2023-06-24T08:50:36","guid":{"rendered":"https:\/\/poppers-original.eu\/product\/poppers-jungle-juice-stoned-10-ml\/"},"modified":"2025-01-03T23:53:33","modified_gmt":"2025-01-03T22:53:33","slug":"poppers-jungle-juice-stoned-10-ml","status":"publish","type":"product","link":"https:\/\/poppers-original.eu\/cs\/produkt\/poppers-jungle-juice-stoned-10-ml\/","title":{"rendered":"Poppers Jungle Juice Stoned 10 ml"},"content":{"rendered":"<h2>Za\u017eijte intenzitu Poppers Jungle Juice Stoned<\/h2>\n<p>Poppers Jungle Juice Stoned je nejnov\u011bj\u0161\u00edm produktem proslul\u00e9 zna\u010dky Jungle Juice a d\u00edky sv\u00e9mu vysoce kvalitn\u00edmu slo\u017een\u00ed vytv\u00e1\u0159\u00ed v\u00fdjime\u010dn\u00e9 z\u00e1\u017eitky. Nen\u00ed se \u010demu divit, proto\u017ee Jungle Juice, co\u017e je jedna z nejprod\u00e1van\u011bj\u0161\u00edch zna\u010dek v Evrop\u011b, zaru\u010duje kvalitu a \u00fa\u010dinnost sv\u00fdch v\u016fn\u00ed neust\u00e1le. <\/p>\n<h2>Z\u00e1ruka kvality od Poppers Original<\/h2>\n<p>Jako nejnov\u011bj\u0161\u00ed p\u0159\u00edr\u016fstek ke zna\u010dce Jungle Juice, vstupuje Poppers Jungle Juice Stoned na trh s garanc\u00ed kvality. Zna\u010dka je uzn\u00e1v\u00e1na d\u00edky sv\u00e9 bohat\u00e9 \u0159ad\u011b v\u016fn\u00ed poppers a c\u00edlen\u011b nab\u00edz\u00ed jedine\u010dn\u00e9 sm\u011bsi charakterizovan\u00e9 pr\u00e9miov\u00fdmi nitridy. Vlastnosti \u010disti\u010de ko\u017een\u00fdch materi\u00e1l\u016f Jungle Juice Stoned jednak zaru\u010duj\u00ed rychl\u00e9 a siln\u00e9 \u00fa\u010dinky, ale tak\u00e9 jsou odrazem pevn\u00e9ho z\u00e1vazku zna\u010dky udr\u017eovat pr\u00e9miovou kvalitu.  <\/p>\n<h2>Kupte si Poppers Jungle Juice Stoned ji\u017e dnes<\/h2>\n<p>Pokud hled\u00e1te p\u0159\u00edjemn\u00e9 pokojov\u00e9 aroma, kter\u00e9 v\u00e1s nav\u00edc trochu povzbud\u00ed, Jungle Juice Stoned v lahvi\u010dce o objemu 10 ml bude dokonal\u00fdm \u0159e\u0161en\u00edm! V Poppers Original si produkty pe\u010dliv\u011b vyb\u00edr\u00e1me a nab\u00edz\u00edme zde jen ty nejlep\u0161\u00ed poppers, tak\u017ee se m\u016f\u017eete spolehnout na jejich rychl\u00e9 a siln\u00e9 \u00fa\u010dinky. Na\u0161e 10ml lahvi\u010dky s neprody\u0161n\u00fdm uz\u00e1v\u011brem v\u00e1m nav\u00edc umo\u017en\u00ed vyu\u017e\u00edt ka\u017edou kapku naplno. Proto\u017ee jsme oddan\u00ed kvalit\u011b, garantujeme v\u00e1m, \u017ee aroma Jungle Juice Stoned dosahuje maxim\u00e1ln\u00ed s\u00edly \u010dili 5\/5.   <\/p>\n<h2>Za\u017eijte s \u010disti\u010dem ko\u017een\u00fdch materi\u00e1l\u016f Jungle Juice Stoned novou \u00farove\u0148 vzru\u0161en\u00ed<\/h2>\n<p>Poppers Jungle Juice Stoned, vyroben\u00fd na b\u00e1zi amyl nitridu, nab\u00edz\u00ed maxim\u00e1ln\u011b relaxa\u010dn\u00ed a stimuluj\u00edc\u00ed \u00fa\u010dinek z\u00e1rove\u0148. Amyl zp\u016fsobuje, na rozd\u00edl od poppers na b\u00e1zi propyl nitridu, pomalej\u0161\u00ed n\u00e1stup vzru\u0161en\u00ed, ale jeho \u00fa\u010dinky jsou del\u0161\u00ed a b\u011bhem vrcholu intenzivn\u011bj\u0161\u00ed. Tato formule je ur\u010dena zejm\u00e9na pro jednotlivce, kte\u0159\u00ed jsou s poppers ji\u017e obezn\u00e1meni, a je p\u0159\u00edslibem jedine\u010dn\u00e9ho z\u00e1\u017eitku. \u010cisti\u010d ko\u017een\u00fdch materi\u00e1l\u016f Jungle Juice Stoned v\u00e1m zaru\u010d\u00ed dokonalou relaxaci a maxim\u00e1ln\u00ed vzru\u0161en\u00ed. Kupte si jej je\u0161t\u011b dnes a nechte se v\u00e9st sv\u00fdmi smysly! Pokud hled\u00e1te v nab\u00eddce formul\u00ed na b\u00e1zi amyl nitridu Jungle Juice v\u011bt\u0161\u00ed variantu, nenechte si uj\u00edt na\u0161e <a href=\"https:\/\/poppers-original.eu\/cs\/produkt\/jungle-juice-gold-label-poppers-25-ml\/\">Poppers Jungle Juice Gold Label<\/a>.    <\/p>\n<p><strong>Obsah balen\u00ed:<\/strong><\/p>\n<ul>\n<li>1x Jungle Juice Stoned Aroma 10 ml<\/li>\n<\/ul>\n<p><strong>Vlastnosti:<\/strong><\/p>\n<ul>\n<li>Ofici\u00e1ln\u00ed n\u00e1zev: Poppers Jungle Juice Stoned 10 ml<\/li>\n<li>Obsah: 10 ml<\/li>\n<li>S\u00edla: 5\/5<\/li>\n<li>Bezpe\u010dn\u00e9 otev\u00edr\u00e1n\u00ed: s bezpe\u010dnostn\u00edm uz\u00e1v\u011brem<\/li>\n<li>Power Pak Pellets (PPP) pro dlouhodobou \u010distotu.<\/li>\n<li>Znovu uzav\u00edrateln\u00e9 polykonov\u00e9 v\u00ed\u010dko pro zachov\u00e1n\u00ed s\u00edly.<\/li>\n<li>Zbo\u017e\u00ed ka\u017ed\u00fd t\u00fdden obm\u011b\u0148ujeme pro zaji\u0161t\u011bn\u00ed \u010derstvosti.<\/li>\n<li>Amyl Nitrit, Mixed isomers (CAS 110-46-3) + 1-Butanol, 3-methyl (CAS 123-51-3)<\/li>\n<li>Garance spokojenosti bu\u010f vr\u00e1cen\u00edm pen\u011bz, nebo v\u00fdm\u011bnou produktu.<\/li>\n<li>V\u00fdrobce: Funline\u00ae Laboratory<\/li>\n<li>Vyrobeno ve Francii<\/li>\n<\/ul>\n","protected":false},"excerpt":{"rendered":"<p>V\u00edtejte ve sv\u011bt\u011b Poppers Jungle Juice Stoned! Na trhu poppers na b\u00e1zi amyl nitridu jde o jednu z nejsiln\u011bj\u0161\u00edch v\u016fn\u00ed, kter\u00e1 zaru\u010duje nep\u0159ekonan\u00e9 a intenzivn\u00ed pocity. Jej\u00ed \u010dist\u00e1 formule zalo\u017een\u00e1 na amylu je uzn\u00e1v\u00e1na jako jedna z nejsiln\u011bj\u0161\u00edch, co existuj\u00ed. Pokud si dop\u0159ejete z\u00e1\u017eitek s Jungle Juice Stoned, p\u0159ekro\u010d\u00edte domn\u011bl\u00e9 hranice va\u0161\u00ed energie, dojde ke zv\u00fd\u0161en\u00ed libida a oby\u010dejn\u00e9 aktivity prom\u011bn\u00edte v mimo\u0159\u00e1dn\u00e9, nezapomenuteln\u00e9 okam\u017eiky. Va\u0161e ve\u010dery pak dostanou \u00fapln\u011b jin\u00fd rozm\u011br!    <\/p>\n","protected":false},"featured_media":5375,"comment_status":"open","ping_status":"closed","template":"","meta":{"_acf_changed":false},"product_brand":[],"product_cat":[651,759,669],"product_tag":[895,889,892,894,893,891,890,896],"class_list":{"0":"post-6727","1":"product","2":"type-product","3":"status-publish","4":"has-post-thumbnail","6":"product_cat-male-poppers","7":"product_cat-poppers-cs","8":"product_cat-poppers-s-amyl-nitridem","9":"product_tag-jungle-juice-stoned-mala-lahvicka","10":"product_tag-jungle-juice-stoned-poppers-cs","11":"product_tag-jungle-juice-stoned-poppers-10-ml-cs","12":"product_tag-mala-lahvicka-10-ml-jungle-juice-stoned","13":"product_tag-mala-lahvicka-jungle-juice","14":"product_tag-poppers-stoned-jungle-juice-cs","15":"product_tag-stoned-jungle-juice-cs","16":"product_tag-stoned-jungle-juice-poppers-amyl-cs","18":"first","19":"instock","20":"taxable","21":"shipping-taxable","22":"purchasable","23":"product-type-simple"},"acf":[],"yoast_head":"<!-- This site is optimized with the Yoast SEO plugin v27.3 - https:\/\/yoast.com\/product\/yoast-seo-wordpress\/ -->\n<title>Poppers Jungle Juice Stoned 10 ml - Poppers Original<\/title>\n<meta name=\"description\" content=\"Za\u017eijte s Poppers Jungle Juice Stoned, jednou z nej\u00fa\u010dinn\u011bj\u0161\u00edch formul\u00ed amyl nitridu na trhu, extr\u00e9mn\u011b siln\u00e9 pocity. Objevte ho je\u0161t\u011b dnes!\" \/>\n<meta name=\"robots\" content=\"index, follow, max-snippet:-1, max-image-preview:large, max-video-preview:-1\" \/>\n<link rel=\"canonical\" href=\"https:\/\/poppers-original.eu\/cs\/produkt\/poppers-jungle-juice-stoned-10-ml\/\" \/>\n<meta property=\"og:locale\" content=\"cs_CZ\" \/>\n<meta property=\"og:type\" content=\"article\" \/>\n<meta property=\"og:title\" content=\"Poppers Jungle Juice Stoned 10 ml - Poppers Original\" \/>\n<meta property=\"og:description\" content=\"Za\u017eijte s Poppers Jungle Juice Stoned, jednou z nej\u00fa\u010dinn\u011bj\u0161\u00edch formul\u00ed amyl nitridu na trhu, extr\u00e9mn\u011b siln\u00e9 pocity. Objevte ho je\u0161t\u011b dnes!\" \/>\n<meta property=\"og:url\" content=\"https:\/\/poppers-original.eu\/cs\/produkt\/poppers-jungle-juice-stoned-10-ml\/\" \/>\n<meta property=\"og:site_name\" content=\"EU Poppers Sale, Buy Poppers online\" \/>\n<meta property=\"article:modified_time\" content=\"2025-01-03T22:53:33+00:00\" \/>\n<meta property=\"og:image\" content=\"https:\/\/poppers-original.eu\/wp-content\/uploads\/2023\/06\/poppers-jungle-juice-stoned-10-ml.jpg\" \/>\n\t<meta property=\"og:image:width\" content=\"1000\" \/>\n\t<meta property=\"og:image:height\" content=\"1000\" \/>\n\t<meta property=\"og:image:type\" content=\"image\/jpeg\" \/>\n<meta name=\"twitter:card\" content=\"summary_large_image\" \/>\n<meta name=\"twitter:label1\" content=\"Odhadovan\u00e1 doba \u010dten\u00ed\" \/>\n\t<meta name=\"twitter:data1\" content=\"3 minuty\" \/>\n<script type=\"application\/ld+json\" class=\"yoast-schema-graph\">{\"@context\":\"https:\\\/\\\/schema.org\",\"@graph\":[{\"@type\":\"WebPage\",\"@id\":\"https:\\\/\\\/poppers-original.eu\\\/cs\\\/produkt\\\/poppers-jungle-juice-stoned-10-ml\\\/\",\"url\":\"https:\\\/\\\/poppers-original.eu\\\/cs\\\/produkt\\\/poppers-jungle-juice-stoned-10-ml\\\/\",\"name\":\"Poppers Jungle Juice Stoned 10 ml - Poppers Original\",\"isPartOf\":{\"@id\":\"https:\\\/\\\/poppers-original.eu\\\/cs\\\/#website\"},\"primaryImageOfPage\":{\"@id\":\"https:\\\/\\\/poppers-original.eu\\\/cs\\\/produkt\\\/poppers-jungle-juice-stoned-10-ml\\\/#primaryimage\"},\"image\":{\"@id\":\"https:\\\/\\\/poppers-original.eu\\\/cs\\\/produkt\\\/poppers-jungle-juice-stoned-10-ml\\\/#primaryimage\"},\"thumbnailUrl\":\"https:\\\/\\\/poppers-original.eu\\\/wp-content\\\/uploads\\\/2023\\\/06\\\/poppers-jungle-juice-stoned-10-ml.jpg\",\"datePublished\":\"2023-06-24T08:50:36+00:00\",\"dateModified\":\"2025-01-03T22:53:33+00:00\",\"description\":\"Za\u017eijte s Poppers Jungle Juice Stoned, jednou z nej\u00fa\u010dinn\u011bj\u0161\u00edch formul\u00ed amyl nitridu na trhu, extr\u00e9mn\u011b siln\u00e9 pocity. Objevte ho je\u0161t\u011b dnes!\",\"breadcrumb\":{\"@id\":\"https:\\\/\\\/poppers-original.eu\\\/cs\\\/produkt\\\/poppers-jungle-juice-stoned-10-ml\\\/#breadcrumb\"},\"inLanguage\":\"cs\",\"potentialAction\":[{\"@type\":\"ReadAction\",\"target\":[\"https:\\\/\\\/poppers-original.eu\\\/cs\\\/produkt\\\/poppers-jungle-juice-stoned-10-ml\\\/\"]}]},{\"@type\":\"ImageObject\",\"inLanguage\":\"cs\",\"@id\":\"https:\\\/\\\/poppers-original.eu\\\/cs\\\/produkt\\\/poppers-jungle-juice-stoned-10-ml\\\/#primaryimage\",\"url\":\"https:\\\/\\\/poppers-original.eu\\\/wp-content\\\/uploads\\\/2023\\\/06\\\/poppers-jungle-juice-stoned-10-ml.jpg\",\"contentUrl\":\"https:\\\/\\\/poppers-original.eu\\\/wp-content\\\/uploads\\\/2023\\\/06\\\/poppers-jungle-juice-stoned-10-ml.jpg\",\"width\":1000,\"height\":1000,\"caption\":\"Poppers Jungle Juice Stoned 10 ml\"},{\"@type\":\"BreadcrumbList\",\"@id\":\"https:\\\/\\\/poppers-original.eu\\\/cs\\\/produkt\\\/poppers-jungle-juice-stoned-10-ml\\\/#breadcrumb\",\"itemListElement\":[{\"@type\":\"ListItem\",\"position\":1,\"name\":\"Home\",\"item\":\"https:\\\/\\\/poppers-original.eu\\\/cs\\\/\"},{\"@type\":\"ListItem\",\"position\":2,\"name\":\"Shop\",\"item\":\"https:\\\/\\\/poppers-original.eu\\\/shop\\\/\"},{\"@type\":\"ListItem\",\"position\":3,\"name\":\"Poppers Jungle Juice Stoned 10 ml\"}]},{\"@type\":\"WebSite\",\"@id\":\"https:\\\/\\\/poppers-original.eu\\\/cs\\\/#website\",\"url\":\"https:\\\/\\\/poppers-original.eu\\\/cs\\\/\",\"name\":\"Poppers Original, Buy Poppers online\",\"description\":\"Poppers Original\",\"publisher\":{\"@id\":\"https:\\\/\\\/poppers-original.eu\\\/cs\\\/#organization\"},\"potentialAction\":[{\"@type\":\"SearchAction\",\"target\":{\"@type\":\"EntryPoint\",\"urlTemplate\":\"https:\\\/\\\/poppers-original.eu\\\/cs\\\/?s={search_term_string}\"},\"query-input\":{\"@type\":\"PropertyValueSpecification\",\"valueRequired\":true,\"valueName\":\"search_term_string\"}}],\"inLanguage\":\"cs\"},{\"@type\":\"Organization\",\"@id\":\"https:\\\/\\\/poppers-original.eu\\\/cs\\\/#organization\",\"name\":\"Poppers Sale, Buy Poppers online\",\"url\":\"https:\\\/\\\/poppers-original.eu\\\/cs\\\/\",\"logo\":{\"@type\":\"ImageObject\",\"inLanguage\":\"cs\",\"@id\":\"https:\\\/\\\/poppers-original.eu\\\/cs\\\/#\\\/schema\\\/logo\\\/image\\\/\",\"url\":\"https:\\\/\\\/poppers-original.eu\\\/wp-content\\\/uploads\\\/2023\\\/05\\\/poppers-original-logo.png\",\"contentUrl\":\"https:\\\/\\\/poppers-original.eu\\\/wp-content\\\/uploads\\\/2023\\\/05\\\/poppers-original-logo.png\",\"width\":790,\"height\":150,\"caption\":\"Poppers Sale, Buy Poppers online\"},\"image\":{\"@id\":\"https:\\\/\\\/poppers-original.eu\\\/cs\\\/#\\\/schema\\\/logo\\\/image\\\/\"}}]}<\/script>\n<!-- \/ Yoast SEO plugin. -->","yoast_head_json":{"title":"Poppers Jungle Juice Stoned 10 ml - Poppers Original","description":"Za\u017eijte s Poppers Jungle Juice Stoned, jednou z nej\u00fa\u010dinn\u011bj\u0161\u00edch formul\u00ed amyl nitridu na trhu, extr\u00e9mn\u011b siln\u00e9 pocity. Objevte ho je\u0161t\u011b dnes!","robots":{"index":"index","follow":"follow","max-snippet":"max-snippet:-1","max-image-preview":"max-image-preview:large","max-video-preview":"max-video-preview:-1"},"canonical":"https:\/\/poppers-original.eu\/cs\/produkt\/poppers-jungle-juice-stoned-10-ml\/","og_locale":"cs_CZ","og_type":"article","og_title":"Poppers Jungle Juice Stoned 10 ml - Poppers Original","og_description":"Za\u017eijte s Poppers Jungle Juice Stoned, jednou z nej\u00fa\u010dinn\u011bj\u0161\u00edch formul\u00ed amyl nitridu na trhu, extr\u00e9mn\u011b siln\u00e9 pocity. Objevte ho je\u0161t\u011b dnes!","og_url":"https:\/\/poppers-original.eu\/cs\/produkt\/poppers-jungle-juice-stoned-10-ml\/","og_site_name":"EU Poppers Sale, Buy Poppers online","article_modified_time":"2025-01-03T22:53:33+00:00","og_image":[{"width":1000,"height":1000,"url":"https:\/\/poppers-original.eu\/wp-content\/uploads\/2023\/06\/poppers-jungle-juice-stoned-10-ml.jpg","type":"image\/jpeg"}],"twitter_card":"summary_large_image","twitter_misc":{"Odhadovan\u00e1 doba \u010dten\u00ed":"3 minuty"},"schema":{"@context":"https:\/\/schema.org","@graph":[{"@type":"WebPage","@id":"https:\/\/poppers-original.eu\/cs\/produkt\/poppers-jungle-juice-stoned-10-ml\/","url":"https:\/\/poppers-original.eu\/cs\/produkt\/poppers-jungle-juice-stoned-10-ml\/","name":"Poppers Jungle Juice Stoned 10 ml - Poppers Original","isPartOf":{"@id":"https:\/\/poppers-original.eu\/cs\/#website"},"primaryImageOfPage":{"@id":"https:\/\/poppers-original.eu\/cs\/produkt\/poppers-jungle-juice-stoned-10-ml\/#primaryimage"},"image":{"@id":"https:\/\/poppers-original.eu\/cs\/produkt\/poppers-jungle-juice-stoned-10-ml\/#primaryimage"},"thumbnailUrl":"https:\/\/poppers-original.eu\/wp-content\/uploads\/2023\/06\/poppers-jungle-juice-stoned-10-ml.jpg","datePublished":"2023-06-24T08:50:36+00:00","dateModified":"2025-01-03T22:53:33+00:00","description":"Za\u017eijte s Poppers Jungle Juice Stoned, jednou z nej\u00fa\u010dinn\u011bj\u0161\u00edch formul\u00ed amyl nitridu na trhu, extr\u00e9mn\u011b siln\u00e9 pocity. Objevte ho je\u0161t\u011b dnes!","breadcrumb":{"@id":"https:\/\/poppers-original.eu\/cs\/produkt\/poppers-jungle-juice-stoned-10-ml\/#breadcrumb"},"inLanguage":"cs","potentialAction":[{"@type":"ReadAction","target":["https:\/\/poppers-original.eu\/cs\/produkt\/poppers-jungle-juice-stoned-10-ml\/"]}]},{"@type":"ImageObject","inLanguage":"cs","@id":"https:\/\/poppers-original.eu\/cs\/produkt\/poppers-jungle-juice-stoned-10-ml\/#primaryimage","url":"https:\/\/poppers-original.eu\/wp-content\/uploads\/2023\/06\/poppers-jungle-juice-stoned-10-ml.jpg","contentUrl":"https:\/\/poppers-original.eu\/wp-content\/uploads\/2023\/06\/poppers-jungle-juice-stoned-10-ml.jpg","width":1000,"height":1000,"caption":"Poppers Jungle Juice Stoned 10 ml"},{"@type":"BreadcrumbList","@id":"https:\/\/poppers-original.eu\/cs\/produkt\/poppers-jungle-juice-stoned-10-ml\/#breadcrumb","itemListElement":[{"@type":"ListItem","position":1,"name":"Home","item":"https:\/\/poppers-original.eu\/cs\/"},{"@type":"ListItem","position":2,"name":"Shop","item":"https:\/\/poppers-original.eu\/shop\/"},{"@type":"ListItem","position":3,"name":"Poppers Jungle Juice Stoned 10 ml"}]},{"@type":"WebSite","@id":"https:\/\/poppers-original.eu\/cs\/#website","url":"https:\/\/poppers-original.eu\/cs\/","name":"Poppers Original, Buy Poppers online","description":"Poppers Original","publisher":{"@id":"https:\/\/poppers-original.eu\/cs\/#organization"},"potentialAction":[{"@type":"SearchAction","target":{"@type":"EntryPoint","urlTemplate":"https:\/\/poppers-original.eu\/cs\/?s={search_term_string}"},"query-input":{"@type":"PropertyValueSpecification","valueRequired":true,"valueName":"search_term_string"}}],"inLanguage":"cs"},{"@type":"Organization","@id":"https:\/\/poppers-original.eu\/cs\/#organization","name":"Poppers Sale, Buy Poppers online","url":"https:\/\/poppers-original.eu\/cs\/","logo":{"@type":"ImageObject","inLanguage":"cs","@id":"https:\/\/poppers-original.eu\/cs\/#\/schema\/logo\/image\/","url":"https:\/\/poppers-original.eu\/wp-content\/uploads\/2023\/05\/poppers-original-logo.png","contentUrl":"https:\/\/poppers-original.eu\/wp-content\/uploads\/2023\/05\/poppers-original-logo.png","width":790,"height":150,"caption":"Poppers Sale, Buy Poppers online"},"image":{"@id":"https:\/\/poppers-original.eu\/cs\/#\/schema\/logo\/image\/"}}]}},"_links":{"self":[{"href":"https:\/\/poppers-original.eu\/cs\/wp-json\/wp\/v2\/product\/6727","targetHints":{"allow":["GET"]}}],"collection":[{"href":"https:\/\/poppers-original.eu\/cs\/wp-json\/wp\/v2\/product"}],"about":[{"href":"https:\/\/poppers-original.eu\/cs\/wp-json\/wp\/v2\/types\/product"}],"replies":[{"embeddable":true,"href":"https:\/\/poppers-original.eu\/cs\/wp-json\/wp\/v2\/comments?post=6727"}],"wp:featuredmedia":[{"embeddable":true,"href":"https:\/\/poppers-original.eu\/cs\/wp-json\/wp\/v2\/media\/5375"}],"wp:attachment":[{"href":"https:\/\/poppers-original.eu\/cs\/wp-json\/wp\/v2\/media?parent=6727"}],"wp:term":[{"taxonomy":"product_brand","embeddable":true,"href":"https:\/\/poppers-original.eu\/cs\/wp-json\/wp\/v2\/product_brand?post=6727"},{"taxonomy":"product_cat","embeddable":true,"href":"https:\/\/poppers-original.eu\/cs\/wp-json\/wp\/v2\/product_cat?post=6727"},{"taxonomy":"product_tag","embeddable":true,"href":"https:\/\/poppers-original.eu\/cs\/wp-json\/wp\/v2\/product_tag?post=6727"}],"curies":[{"name":"wp","href":"https:\/\/api.w.org\/{rel}","templated":true}]}}