{"id":6639,"date":"2023-04-10T13:21:42","date_gmt":"2023-04-10T12:21:42","guid":{"rendered":"https:\/\/poppers-original.eu\/product\/rush-poppers-balicek-peti-kusu-10-ml\/"},"modified":"2025-01-03T07:40:12","modified_gmt":"2025-01-03T06:40:12","slug":"rush-poppers-balicek-peti-kusu-10-ml","status":"publish","type":"product","link":"https:\/\/poppers-original.eu\/cs\/produkt\/rush-poppers-balicek-peti-kusu-10-ml\/","title":{"rendered":"Rush Poppers Bal\u00ed\u010dek p\u011bti kus\u016f 10 ml"},"content":{"rendered":"<h2 style=\"color: #252525;\">Objevte pr\u00e9miovou kvalitu Rush Poppers<\/h2>\n<p style=\"color: #252525;\">Vstupte do sv\u011bta v\u00fdjime\u010dn\u00fdch aromat s Bal\u00ed\u010dkem p\u011bti kus\u016f Rush Poppers o objemu 10 ml. Rush je na poli poppers vedouc\u00ed zna\u010dkou, kter\u00e1 je v\u017edy spojena s kvalitou a \u00fa\u010dinnost\u00ed. Tato ikonick\u00e1 sm\u011bs propyl nitridu, po cel\u00e9m sv\u011bt\u011b obdivovan\u00e1 pro svou omamnou v\u016fni a siln\u00e9 \u00fa\u010dinky, p\u0159in\u00e1\u0161\u00ed osv\u011b\u017euj\u00edc\u00ed prvek, kter\u00fd roz\u017ehav\u00ed va\u0161e smysly a zv\u00fd\u0161\u00ed relaxaci. <\/p>\n<h2 style=\"color: #252525;\">Odemkn\u011bte br\u00e1nu k intenzivn\u00edmu pot\u011b\u0161en\u00ed s Rush Poppers<\/h2>\n<p style=\"color: #252525;\">Hled\u00e1te siln\u00fd z\u00e1\u017eitek? Zastavte se zde! Kompaktn\u00ed 10ml Rush PWD poppers v\u00e1m se sv\u00fdmi intenzivn\u00edmi afrodiziak\u00e1ln\u00edmi a stimuluj\u00edc\u00edmi \u00fa\u010dinky u\u0161t\u011bd\u0159\u00ed po\u0159\u00e1dnou r\u00e1nu. Za\u017eijte n\u00e1val pocit\u016f, z kter\u00e9ho v\u0161ichni \u0161\u00edl\u00ed, za neuv\u011b\u0159itelnou cenu. Tato lahvi\u010dka je v\u00e1\u0161 pas do fascinuj\u00edc\u00edho sv\u011bta pocit\u016f.   <\/p>\n<h2 style=\"color: #252525;\">Poznejte obl\u00edbenou v\u016fni Rush, prov\u011b\u0159enou \u010dasem<\/h2>\n<p style=\"color: #252525;\">S v\u00edce ne\u017e deseti miliony prodan\u00fdch lahvi\u010dek po cel\u00e9m sv\u011bt\u011b z\u016fst\u00e1vaj\u00ed Rush Poppers nepora\u017eeni a mezi pokojov\u00fdmi v\u016fn\u011bmi si udr\u017euj\u00ed pozici \u010d\u00edslo jedna. Nejen\u017ee je Rush siln\u00fd sexu\u00e1ln\u00ed stimulant, ale tak\u00e9 slou\u017e\u00ed jako \u00fa\u010dinn\u00fd \u010disti\u010d ko\u017een\u00fdch materi\u00e1l\u016f. Jedine\u010dn\u00e1 receptura zvy\u0161uje libido a prodlu\u017euje z\u00e1\u017eitky, kter\u00e9 vedou k nep\u0159ekonateln\u00e9mu uspokojen\u00ed.  <\/p>\n<h2 style=\"color: #252525;\">S Bal\u00ed\u010dkem p\u011bti kus\u016f Rush Poppers z\u00edsk\u00e1v\u00e1te tu nejvy\u0161\u0161\u00ed hodnotu<\/h2>\n<p style=\"color: #252525;\">Dlouhotrvaj\u00edc\u00ed \u00fa\u010dinky Rush Poppers spolu s pomal\u00fdm odpa\u0159ov\u00e1n\u00edm p\u0159in\u00e1\u0161ej\u00ed mimo\u0159\u00e1dnou hodnotu a jsou d\u016fvodem jeho obl\u00edbenosti u z\u00e1kazn\u00edk\u016f. Bal\u00ed\u010dek p\u011bti kus\u016f nab\u00edz\u00ed cenov\u011b dostupn\u00fd zp\u016fsob, jak si vychutnat s\u00edlu Rush. Jde o ide\u00e1ln\u00ed volbu jak pro zku\u0161en\u00e9 milovn\u00edky poppers, tak pro naprost\u00e9 nov\u00e1\u010dky. Neprop\u00e1sn\u011bte tuto skv\u011blou p\u0159\u00edle\u017eitost &#8211; objednejte si n\u00e1\u0161 Bal\u00ed\u010dek p\u011bti kus\u016f Rush Poppers je\u0161t\u011b dnes a vyu\u017eijte t\u00e9to \u00fa\u017easn\u00e9 ceny!  <\/p>\n<p>&nbsp;<\/p>\n<p>S elitn\u00edmi zna\u010dkami v na\u0161\u00ed kategorii <a href=\"https:\/\/poppers-original.eu\/cs\/kategorie-produktu\/multi-baleni-poppers\/poppers-v-petibaleni\/\">Poppers v p\u011btibalen\u00ed<\/a> m\u016f\u017eete ohromn\u011b u\u0161et\u0159it. Pono\u0159te se do nab\u00eddky t\u011bch nejlep\u0161\u00edch bal\u00ed\u010dk\u016f s top hodnotou!<\/p>\n<p>&nbsp;<\/p>\n<p><strong>Obsah balen\u00ed:<\/strong><\/p>\n<ul>\n<li> 5x Rush Aroma 10 ml<\/li>\n<\/ul>\n<p><strong>Vlastnosti:<\/strong><\/p>\n<ul>\n<li>Ofici\u00e1ln\u00ed n\u00e1zev: Rush Poppers Bal\u00ed\u010dek p\u011bti kus\u016f 10 ml<\/li>\n<li>Bezpe\u010dn\u00e9 otev\u00edr\u00e1n\u00ed: s bezpe\u010dnostn\u00edm uz\u00e1v\u011brem<\/li>\n<li>Znovu uzav\u00edrateln\u00e9 polykonov\u00e9 v\u00ed\u010dko pro zachov\u00e1n\u00ed s\u00edly.<\/li>\n<li>Zbo\u017e\u00ed ka\u017ed\u00fd t\u00fdden obm\u011b\u0148ujeme pro zaji\u0161t\u011bn\u00ed \u010derstvosti.<\/li>\n<li>Garance spokojenosti bu\u010f vr\u00e1cen\u00edm pen\u011bz, nebo v\u00fdm\u011bnou produktu.<\/li>\n<li>(CAS 541-42-4) Isopropyl nitrit + Propan-2-ol (CAS 67-63-0) Isopropyl<\/li>\n<li>S\u00edla: 3\/5<\/li>\n<li>Obsah: 10 ml<\/li>\n<li>V\u00fdrobce: PWD\u00ae \u2013 Never Fake It<\/li>\n<li>Vyrobeno v Lucembursku<\/li>\n<\/ul>\n<p>&nbsp;<\/p>\n<p>&nbsp;<\/p>\n","protected":false},"excerpt":{"rendered":"<p>O\u017eivte sv\u00e9 smysly s ikonick\u00fdm Bal\u00ed\u010dkem p\u011bti kus\u016f Rush Poppers o objemu 10 ml, va\u0161\u00edm pasem do sv\u011bta euforick\u00fdch pocit\u016f. Tyto \u0161pi\u010dkov\u00e9 poppers, obl\u00edben\u00e9 na cel\u00e9m sv\u011bt\u011b, si udr\u017euj\u00ed rekord d\u00edky sv\u00e9 fascinuj\u00edc\u00ed s\u00edle, dlouhodob\u00fdm \u00fa\u010dink\u016fm a l\u00e1kav\u00e9mu aromatu. Kupte si je hned te\u010f!  <\/p>\n","protected":false},"featured_media":5202,"comment_status":"open","ping_status":"closed","template":"","meta":{"_acf_changed":false},"product_brand":[],"product_cat":[759,756],"product_tag":[855,848,845,849,850,846,847],"class_list":{"0":"post-6639","1":"product","2":"type-product","3":"status-publish","4":"has-post-thumbnail","6":"product_cat-poppers-cs","7":"product_cat-poppers-v-petibaleni","8":"product_tag-poppers-5-baleni-lahvicek-rush-10-ml","9":"product_tag-poppers-rush-vicebaleni","10":"product_tag-rush-10-ml-vicebaleni","11":"product_tag-rush-poppers-vicebaleni","12":"product_tag-rush-sleva-za-mnozstvi","13":"product_tag-rush-vicebaleni","14":"product_tag-rush-vicebaleni-cs","16":"first","17":"instock","18":"sale","19":"taxable","20":"shipping-taxable","21":"purchasable","22":"product-type-simple"},"acf":[],"yoast_head":"<!-- This site is optimized with the Yoast SEO plugin v27.3 - https:\/\/yoast.com\/product\/yoast-seo-wordpress\/ -->\n<title>Rush Poppers Bal\u00ed\u010dek p\u011bti kus\u016f 10 ml - EU Poppers Sale, Buy Poppers online<\/title>\n<meta name=\"description\" content=\"S na\u0161\u00edm Bal\u00ed\u010dkem p\u011bti kus\u016f Rush Poppers z\u00edsk\u00e1v\u00e1te v\u00edce za m\u00e9n\u011b. U\u017eijte si aroma Rush za p\u0159\u00edv\u011btiv\u011bj\u0161\u00ed cenu. P\u0159edz\u00e1sobte se, u\u0161et\u0159ete a nic nezme\u0161kejte!\" \/>\n<meta name=\"robots\" content=\"index, follow, max-snippet:-1, max-image-preview:large, max-video-preview:-1\" \/>\n<link rel=\"canonical\" href=\"https:\/\/poppers-original.eu\/cs\/produkt\/rush-poppers-balicek-peti-kusu-10-ml\/\" \/>\n<meta property=\"og:locale\" content=\"cs_CZ\" \/>\n<meta property=\"og:type\" content=\"article\" \/>\n<meta property=\"og:title\" content=\"Rush Poppers Bal\u00ed\u010dek p\u011bti kus\u016f 10 ml - EU Poppers Sale, Buy Poppers online\" \/>\n<meta property=\"og:description\" content=\"S na\u0161\u00edm Bal\u00ed\u010dkem p\u011bti kus\u016f Rush Poppers z\u00edsk\u00e1v\u00e1te v\u00edce za m\u00e9n\u011b. U\u017eijte si aroma Rush za p\u0159\u00edv\u011btiv\u011bj\u0161\u00ed cenu. P\u0159edz\u00e1sobte se, u\u0161et\u0159ete a nic nezme\u0161kejte!\" \/>\n<meta property=\"og:url\" content=\"https:\/\/poppers-original.eu\/cs\/produkt\/rush-poppers-balicek-peti-kusu-10-ml\/\" \/>\n<meta property=\"og:site_name\" content=\"EU Poppers Sale, Buy Poppers online\" \/>\n<meta property=\"article:modified_time\" content=\"2025-01-03T06:40:12+00:00\" \/>\n<meta property=\"og:image\" content=\"https:\/\/poppers-original.eu\/wp-content\/uploads\/2023\/04\/poppers-multi-packs-5-bottles-pack-rush.jpg\" \/>\n\t<meta property=\"og:image:width\" content=\"1000\" \/>\n\t<meta property=\"og:image:height\" content=\"1000\" \/>\n\t<meta property=\"og:image:type\" content=\"image\/jpeg\" \/>\n<meta name=\"twitter:card\" content=\"summary_large_image\" \/>\n<meta name=\"twitter:label1\" content=\"Odhadovan\u00e1 doba \u010dten\u00ed\" \/>\n\t<meta name=\"twitter:data1\" content=\"2 minuty\" \/>\n<script type=\"application\/ld+json\" class=\"yoast-schema-graph\">{\"@context\":\"https:\\\/\\\/schema.org\",\"@graph\":[{\"@type\":\"WebPage\",\"@id\":\"https:\\\/\\\/poppers-original.eu\\\/cs\\\/produkt\\\/rush-poppers-balicek-peti-kusu-10-ml\\\/\",\"url\":\"https:\\\/\\\/poppers-original.eu\\\/cs\\\/produkt\\\/rush-poppers-balicek-peti-kusu-10-ml\\\/\",\"name\":\"Rush Poppers Bal\u00ed\u010dek p\u011bti kus\u016f 10 ml - EU Poppers Sale, Buy Poppers online\",\"isPartOf\":{\"@id\":\"https:\\\/\\\/poppers-original.eu\\\/cs\\\/#website\"},\"primaryImageOfPage\":{\"@id\":\"https:\\\/\\\/poppers-original.eu\\\/cs\\\/produkt\\\/rush-poppers-balicek-peti-kusu-10-ml\\\/#primaryimage\"},\"image\":{\"@id\":\"https:\\\/\\\/poppers-original.eu\\\/cs\\\/produkt\\\/rush-poppers-balicek-peti-kusu-10-ml\\\/#primaryimage\"},\"thumbnailUrl\":\"https:\\\/\\\/poppers-original.eu\\\/wp-content\\\/uploads\\\/2023\\\/04\\\/poppers-multi-packs-5-bottles-pack-rush.jpg\",\"datePublished\":\"2023-04-10T12:21:42+00:00\",\"dateModified\":\"2025-01-03T06:40:12+00:00\",\"description\":\"S na\u0161\u00edm Bal\u00ed\u010dkem p\u011bti kus\u016f Rush Poppers z\u00edsk\u00e1v\u00e1te v\u00edce za m\u00e9n\u011b. U\u017eijte si aroma Rush za p\u0159\u00edv\u011btiv\u011bj\u0161\u00ed cenu. P\u0159edz\u00e1sobte se, u\u0161et\u0159ete a nic nezme\u0161kejte!\",\"breadcrumb\":{\"@id\":\"https:\\\/\\\/poppers-original.eu\\\/cs\\\/produkt\\\/rush-poppers-balicek-peti-kusu-10-ml\\\/#breadcrumb\"},\"inLanguage\":\"cs\",\"potentialAction\":[{\"@type\":\"ReadAction\",\"target\":[\"https:\\\/\\\/poppers-original.eu\\\/cs\\\/produkt\\\/rush-poppers-balicek-peti-kusu-10-ml\\\/\"]}]},{\"@type\":\"ImageObject\",\"inLanguage\":\"cs\",\"@id\":\"https:\\\/\\\/poppers-original.eu\\\/cs\\\/produkt\\\/rush-poppers-balicek-peti-kusu-10-ml\\\/#primaryimage\",\"url\":\"https:\\\/\\\/poppers-original.eu\\\/wp-content\\\/uploads\\\/2023\\\/04\\\/poppers-multi-packs-5-bottles-pack-rush.jpg\",\"contentUrl\":\"https:\\\/\\\/poppers-original.eu\\\/wp-content\\\/uploads\\\/2023\\\/04\\\/poppers-multi-packs-5-bottles-pack-rush.jpg\",\"width\":1000,\"height\":1000,\"caption\":\"Poppers multipack s 5 lahvi\u010dkami Rush poppers 10 ml\"},{\"@type\":\"BreadcrumbList\",\"@id\":\"https:\\\/\\\/poppers-original.eu\\\/cs\\\/produkt\\\/rush-poppers-balicek-peti-kusu-10-ml\\\/#breadcrumb\",\"itemListElement\":[{\"@type\":\"ListItem\",\"position\":1,\"name\":\"Home\",\"item\":\"https:\\\/\\\/poppers-original.eu\\\/cs\\\/\"},{\"@type\":\"ListItem\",\"position\":2,\"name\":\"Shop\",\"item\":\"https:\\\/\\\/poppers-original.eu\\\/shop\\\/\"},{\"@type\":\"ListItem\",\"position\":3,\"name\":\"Rush Poppers Bal\u00ed\u010dek p\u011bti kus\u016f 10 ml\"}]},{\"@type\":\"WebSite\",\"@id\":\"https:\\\/\\\/poppers-original.eu\\\/cs\\\/#website\",\"url\":\"https:\\\/\\\/poppers-original.eu\\\/cs\\\/\",\"name\":\"Poppers Original, Buy Poppers online\",\"description\":\"Poppers Original\",\"publisher\":{\"@id\":\"https:\\\/\\\/poppers-original.eu\\\/cs\\\/#organization\"},\"potentialAction\":[{\"@type\":\"SearchAction\",\"target\":{\"@type\":\"EntryPoint\",\"urlTemplate\":\"https:\\\/\\\/poppers-original.eu\\\/cs\\\/?s={search_term_string}\"},\"query-input\":{\"@type\":\"PropertyValueSpecification\",\"valueRequired\":true,\"valueName\":\"search_term_string\"}}],\"inLanguage\":\"cs\"},{\"@type\":\"Organization\",\"@id\":\"https:\\\/\\\/poppers-original.eu\\\/cs\\\/#organization\",\"name\":\"Poppers Sale, Buy Poppers online\",\"url\":\"https:\\\/\\\/poppers-original.eu\\\/cs\\\/\",\"logo\":{\"@type\":\"ImageObject\",\"inLanguage\":\"cs\",\"@id\":\"https:\\\/\\\/poppers-original.eu\\\/cs\\\/#\\\/schema\\\/logo\\\/image\\\/\",\"url\":\"https:\\\/\\\/poppers-original.eu\\\/wp-content\\\/uploads\\\/2023\\\/05\\\/poppers-original-logo.png\",\"contentUrl\":\"https:\\\/\\\/poppers-original.eu\\\/wp-content\\\/uploads\\\/2023\\\/05\\\/poppers-original-logo.png\",\"width\":790,\"height\":150,\"caption\":\"Poppers Sale, Buy Poppers online\"},\"image\":{\"@id\":\"https:\\\/\\\/poppers-original.eu\\\/cs\\\/#\\\/schema\\\/logo\\\/image\\\/\"}}]}<\/script>\n<!-- \/ Yoast SEO plugin. -->","yoast_head_json":{"title":"Rush Poppers Bal\u00ed\u010dek p\u011bti kus\u016f 10 ml - EU Poppers Sale, Buy Poppers online","description":"S na\u0161\u00edm Bal\u00ed\u010dkem p\u011bti kus\u016f Rush Poppers z\u00edsk\u00e1v\u00e1te v\u00edce za m\u00e9n\u011b. U\u017eijte si aroma Rush za p\u0159\u00edv\u011btiv\u011bj\u0161\u00ed cenu. P\u0159edz\u00e1sobte se, u\u0161et\u0159ete a nic nezme\u0161kejte!","robots":{"index":"index","follow":"follow","max-snippet":"max-snippet:-1","max-image-preview":"max-image-preview:large","max-video-preview":"max-video-preview:-1"},"canonical":"https:\/\/poppers-original.eu\/cs\/produkt\/rush-poppers-balicek-peti-kusu-10-ml\/","og_locale":"cs_CZ","og_type":"article","og_title":"Rush Poppers Bal\u00ed\u010dek p\u011bti kus\u016f 10 ml - EU Poppers Sale, Buy Poppers online","og_description":"S na\u0161\u00edm Bal\u00ed\u010dkem p\u011bti kus\u016f Rush Poppers z\u00edsk\u00e1v\u00e1te v\u00edce za m\u00e9n\u011b. U\u017eijte si aroma Rush za p\u0159\u00edv\u011btiv\u011bj\u0161\u00ed cenu. P\u0159edz\u00e1sobte se, u\u0161et\u0159ete a nic nezme\u0161kejte!","og_url":"https:\/\/poppers-original.eu\/cs\/produkt\/rush-poppers-balicek-peti-kusu-10-ml\/","og_site_name":"EU Poppers Sale, Buy Poppers online","article_modified_time":"2025-01-03T06:40:12+00:00","og_image":[{"width":1000,"height":1000,"url":"https:\/\/poppers-original.eu\/wp-content\/uploads\/2023\/04\/poppers-multi-packs-5-bottles-pack-rush.jpg","type":"image\/jpeg"}],"twitter_card":"summary_large_image","twitter_misc":{"Odhadovan\u00e1 doba \u010dten\u00ed":"2 minuty"},"schema":{"@context":"https:\/\/schema.org","@graph":[{"@type":"WebPage","@id":"https:\/\/poppers-original.eu\/cs\/produkt\/rush-poppers-balicek-peti-kusu-10-ml\/","url":"https:\/\/poppers-original.eu\/cs\/produkt\/rush-poppers-balicek-peti-kusu-10-ml\/","name":"Rush Poppers Bal\u00ed\u010dek p\u011bti kus\u016f 10 ml - EU Poppers Sale, Buy Poppers online","isPartOf":{"@id":"https:\/\/poppers-original.eu\/cs\/#website"},"primaryImageOfPage":{"@id":"https:\/\/poppers-original.eu\/cs\/produkt\/rush-poppers-balicek-peti-kusu-10-ml\/#primaryimage"},"image":{"@id":"https:\/\/poppers-original.eu\/cs\/produkt\/rush-poppers-balicek-peti-kusu-10-ml\/#primaryimage"},"thumbnailUrl":"https:\/\/poppers-original.eu\/wp-content\/uploads\/2023\/04\/poppers-multi-packs-5-bottles-pack-rush.jpg","datePublished":"2023-04-10T12:21:42+00:00","dateModified":"2025-01-03T06:40:12+00:00","description":"S na\u0161\u00edm Bal\u00ed\u010dkem p\u011bti kus\u016f Rush Poppers z\u00edsk\u00e1v\u00e1te v\u00edce za m\u00e9n\u011b. U\u017eijte si aroma Rush za p\u0159\u00edv\u011btiv\u011bj\u0161\u00ed cenu. P\u0159edz\u00e1sobte se, u\u0161et\u0159ete a nic nezme\u0161kejte!","breadcrumb":{"@id":"https:\/\/poppers-original.eu\/cs\/produkt\/rush-poppers-balicek-peti-kusu-10-ml\/#breadcrumb"},"inLanguage":"cs","potentialAction":[{"@type":"ReadAction","target":["https:\/\/poppers-original.eu\/cs\/produkt\/rush-poppers-balicek-peti-kusu-10-ml\/"]}]},{"@type":"ImageObject","inLanguage":"cs","@id":"https:\/\/poppers-original.eu\/cs\/produkt\/rush-poppers-balicek-peti-kusu-10-ml\/#primaryimage","url":"https:\/\/poppers-original.eu\/wp-content\/uploads\/2023\/04\/poppers-multi-packs-5-bottles-pack-rush.jpg","contentUrl":"https:\/\/poppers-original.eu\/wp-content\/uploads\/2023\/04\/poppers-multi-packs-5-bottles-pack-rush.jpg","width":1000,"height":1000,"caption":"Poppers multipack s 5 lahvi\u010dkami Rush poppers 10 ml"},{"@type":"BreadcrumbList","@id":"https:\/\/poppers-original.eu\/cs\/produkt\/rush-poppers-balicek-peti-kusu-10-ml\/#breadcrumb","itemListElement":[{"@type":"ListItem","position":1,"name":"Home","item":"https:\/\/poppers-original.eu\/cs\/"},{"@type":"ListItem","position":2,"name":"Shop","item":"https:\/\/poppers-original.eu\/shop\/"},{"@type":"ListItem","position":3,"name":"Rush Poppers Bal\u00ed\u010dek p\u011bti kus\u016f 10 ml"}]},{"@type":"WebSite","@id":"https:\/\/poppers-original.eu\/cs\/#website","url":"https:\/\/poppers-original.eu\/cs\/","name":"Poppers Original, Buy Poppers online","description":"Poppers Original","publisher":{"@id":"https:\/\/poppers-original.eu\/cs\/#organization"},"potentialAction":[{"@type":"SearchAction","target":{"@type":"EntryPoint","urlTemplate":"https:\/\/poppers-original.eu\/cs\/?s={search_term_string}"},"query-input":{"@type":"PropertyValueSpecification","valueRequired":true,"valueName":"search_term_string"}}],"inLanguage":"cs"},{"@type":"Organization","@id":"https:\/\/poppers-original.eu\/cs\/#organization","name":"Poppers Sale, Buy Poppers online","url":"https:\/\/poppers-original.eu\/cs\/","logo":{"@type":"ImageObject","inLanguage":"cs","@id":"https:\/\/poppers-original.eu\/cs\/#\/schema\/logo\/image\/","url":"https:\/\/poppers-original.eu\/wp-content\/uploads\/2023\/05\/poppers-original-logo.png","contentUrl":"https:\/\/poppers-original.eu\/wp-content\/uploads\/2023\/05\/poppers-original-logo.png","width":790,"height":150,"caption":"Poppers Sale, Buy Poppers online"},"image":{"@id":"https:\/\/poppers-original.eu\/cs\/#\/schema\/logo\/image\/"}}]}},"_links":{"self":[{"href":"https:\/\/poppers-original.eu\/cs\/wp-json\/wp\/v2\/product\/6639","targetHints":{"allow":["GET"]}}],"collection":[{"href":"https:\/\/poppers-original.eu\/cs\/wp-json\/wp\/v2\/product"}],"about":[{"href":"https:\/\/poppers-original.eu\/cs\/wp-json\/wp\/v2\/types\/product"}],"replies":[{"embeddable":true,"href":"https:\/\/poppers-original.eu\/cs\/wp-json\/wp\/v2\/comments?post=6639"}],"wp:featuredmedia":[{"embeddable":true,"href":"https:\/\/poppers-original.eu\/cs\/wp-json\/wp\/v2\/media\/5202"}],"wp:attachment":[{"href":"https:\/\/poppers-original.eu\/cs\/wp-json\/wp\/v2\/media?parent=6639"}],"wp:term":[{"taxonomy":"product_brand","embeddable":true,"href":"https:\/\/poppers-original.eu\/cs\/wp-json\/wp\/v2\/product_brand?post=6639"},{"taxonomy":"product_cat","embeddable":true,"href":"https:\/\/poppers-original.eu\/cs\/wp-json\/wp\/v2\/product_cat?post=6639"},{"taxonomy":"product_tag","embeddable":true,"href":"https:\/\/poppers-original.eu\/cs\/wp-json\/wp\/v2\/product_tag?post=6639"}],"curies":[{"name":"wp","href":"https:\/\/api.w.org\/{rel}","templated":true}]}}