{"id":6634,"date":"2023-04-22T17:07:28","date_gmt":"2023-04-22T16:07:28","guid":{"rendered":"https:\/\/poppers-original.eu\/product\/rush-poppers-balicek-tri-kusu-10-ml\/"},"modified":"2025-01-02T23:26:15","modified_gmt":"2025-01-02T22:26:15","slug":"rush-poppers-balicek-tri-kusu-10-ml","status":"publish","type":"product","link":"https:\/\/poppers-original.eu\/cs\/produkt\/rush-poppers-balicek-tri-kusu-10-ml\/","title":{"rendered":"Rush Poppers Bal\u00ed\u010dek t\u0159\u00ed kus\u016f 10 ml"},"content":{"rendered":"<h2>Rush Poppers Bal\u00ed\u010dek t\u0159\u00ed kus\u016f: Otev\u0159ete sv\u011bt senzac\u00ed<\/h2>\n<p>Projevte s na\u0161\u00edm trojit\u00fdm bal\u00ed\u010dkem Rush Poppers 10 ml svou divokou str\u00e1nku. Tyto mal\u00e9 lahvi\u010dky, navr\u017een\u00e9 tak, aby roz\u017eehly va\u0161e smysly a zdokonalily va\u0161e z\u00e1\u017eitky, dr\u017e\u00ed kl\u00ed\u010d k nezapomenuteln\u00fdm noc\u00edm. A\u0165 u\u017e pl\u00e1nujete ve\u010der ve m\u011bst\u011b, nebo malou soukromou oslavu, Rush Poppers jim dodaj\u00ed extra jiskru vzru\u0161en\u00ed.  <\/p>\n<h2>Pro\u010d si vybrat Bal\u00ed\u010dek t\u0159\u00ed kus\u016f Rush Poppers?<\/h2>\n<p>S na\u0161\u00edm bal\u00ed\u010dkem ve v\u011bt\u0161\u00edm mno\u017estv\u00ed toho jednak v\u00edce za\u017eijete a jednak v\u00edce u\u0161et\u0159\u00edte. Volbou na\u0161eho slavn\u00e9ho bal\u00ed\u010dku t\u0159\u00ed kus\u016f z\u00edsk\u00e1te za lahvi\u010dku skv\u011blou cenu a z\u00e1rove\u0148 si zajist\u00edte dostate\u010dn\u00e9 mno\u017estv\u00ed z\u00e1sob, aby nemusela rozjet\u00e1 z\u00e1bava ne\u010dekan\u011b skon\u010dit. Pono\u0159te se do kouzeln\u00e9ho sv\u011bta, kde jsou pocity zintenzivn\u011bny a hodnota maximalizov\u00e1na.  <\/p>\n<h2>Tradice a kvalita v ka\u017ed\u00e9 lahvi\u010dce<\/h2>\n<p>S na\u0161\u00edm Bal\u00ed\u010dkem t\u0159\u00ed kus\u016f Rush Poppers o objemu 10 ml se vyd\u00e1te na cestu tradic\u00ed. Svou pov\u011bst si z\u00edskaly d\u00edky tomu, \u017ee byly jedn\u00edm z p\u016fvodn\u00edch poppers a staly se celosv\u011btov\u00fdm bestsellerem. Rush Poppers jsou d\u00edky vyv\u00e1\u017een\u00e9 s\u00edle 3\/5 prvn\u00ed volbou jak pro za\u010d\u00e1te\u010dn\u00edky, tak pro zku\u0161en\u00e9 u\u017eivatele.  <\/p>\n<h2>V\u00edce ne\u017e jen aroma<\/h2>\n<p>Zv\u00fdrazn\u011bte atmosf\u00e9ru jak\u00e9hokoli setk\u00e1n\u00ed ikonickou v\u016fn\u00ed Rush. Krom\u011b n\u00e1valu vzru\u0161en\u00ed tak\u00e9 funguj\u00ed jako efektivn\u00ed \u010disti\u010de ko\u017een\u00fdch materi\u00e1l\u016f. Ka\u017ed\u00e1 chv\u00edle bude d\u00edky nim pro\u017e\u00edv\u00e1na mnohem intenzivn\u011bji. Poj\u010fte do toho a p\u0159idejte se k celosv\u011btov\u00e9 tradici. Z\u00edskejte sv\u016fj Bal\u00ed\u010dek t\u0159\u00ed kus\u016f Rush Poppers je\u0161t\u011b dnes! Objevte \u00fa\u017easn\u00e9 nab\u00eddky p\u0159edn\u00edch zna\u010dek v na\u0161\u00ed kategorii <a href=\"https:\/\/poppers-original.eu\/cs\/kategorie-produktu\/multi-baleni-poppers\/poppers-v-trojbaleni\/\">Poppers v trojbalen\u00ed<\/a>.   <\/p>\n<p> Prozkoumejte ty nejlep\u0161\u00ed n\u00e1kupy ve velk\u00e9m!<\/p>\n<p><strong>Obsah balen\u00ed:<\/strong><\/p>\n<ul>\n<li> 3x Rush Aroma 10 ml<\/li>\n<\/ul>\n<p><strong>Vlastnosti:<\/strong><\/p>\n<ul>\n<li>Ofici\u00e1ln\u00ed n\u00e1zev: Rush Poppers Bal\u00ed\u010dek t\u0159\u00ed kus\u016f 10 ml<\/li>\n<li>Bezpe\u010dn\u00e9 otev\u00edr\u00e1n\u00ed: s bezpe\u010dnostn\u00edm uz\u00e1v\u011brem<\/li>\n<li>Znovu uzav\u00edrateln\u00e9 polykonov\u00e9 v\u00ed\u010dko pro zachov\u00e1n\u00ed s\u00edly.<\/li>\n<li>Zbo\u017e\u00ed ka\u017ed\u00fd t\u00fdden obm\u011b\u0148ujeme pro zaji\u0161t\u011bn\u00ed \u010derstvosti.<\/li>\n<li>Garance spokojenosti bu\u010f vr\u00e1cen\u00edm pen\u011bz, nebo v\u00fdm\u011bnou produktu.<\/li>\n<li>(CAS 541-42-4) Isopropyl nitrit + Propan-2-ol (CAS 67-63-0) Isopropyl<\/li>\n<li>S\u00edla: 3\/5<\/li>\n<li>Obsah: 10 ml<\/li>\n<li>V\u00fdrobce: PWD\u00ae \u2013 Never Fake It<\/li>\n<li>Vyrobeno v Lucembursku<\/li>\n<\/ul>\n","protected":false},"excerpt":{"rendered":"<p>Za\u017eijte legend\u00e1rn\u00ed Rush Poppers v na\u0161em speci\u00e1ln\u00edm bal\u00ed\u010dku t\u0159\u00ed kus\u016f. N\u00e1kupem ve v\u011bt\u0161\u00edm mno\u017estv\u00ed z\u00edsk\u00e1te tu nejlep\u0161\u00ed hodnotu a budete p\u0159ipraveni na ne\u010dekan\u00e9 chv\u00edle z\u00e1bavy. Jak dokl\u00e1d\u00e1 jejich pov\u011bst, zalo\u017een\u00e1 na des\u00edtk\u00e1ch let, Rush Poppers poskytuj\u00ed poka\u017ed\u00e9 vzru\u0161uj\u00edc\u00ed z\u00e1\u017eitek. Pono\u0159te se do sv\u016fdn\u00e9 atmosf\u00e9ry a vychutnejte si nep\u0159ekonanou kvalitu a tradici zna\u010dky Rush.   <\/p>\n","protected":false},"featured_media":5216,"comment_status":"open","ping_status":"closed","template":"","meta":{"_acf_changed":false},"product_brand":[],"product_cat":[759,755],"product_tag":[853,852,851,848,845,849,850,846,847],"class_list":{"0":"post-6634","1":"product","2":"type-product","3":"status-publish","4":"has-post-thumbnail","6":"product_cat-poppers-cs","7":"product_cat-poppers-v-trojbaleni","8":"product_tag-3-baleni-poppers-rush","9":"product_tag-3-baleni-rush-poppers","10":"product_tag-poppers-3-baleni-rush-10-ml","11":"product_tag-poppers-rush-vicebaleni","12":"product_tag-rush-10-ml-vicebaleni","13":"product_tag-rush-poppers-vicebaleni","14":"product_tag-rush-sleva-za-mnozstvi","15":"product_tag-rush-vicebaleni","16":"product_tag-rush-vicebaleni-cs","18":"first","19":"instock","20":"sale","21":"taxable","22":"shipping-taxable","23":"purchasable","24":"product-type-simple"},"acf":[],"yoast_head":"<!-- This site is optimized with the Yoast SEO plugin v27.3 - https:\/\/yoast.com\/product\/yoast-seo-wordpress\/ -->\n<title>Rush Poppers Bal\u00ed\u010dek t\u0159\u00ed kus\u016f 10 ml - EU Poppers Sale, Buy Poppers online<\/title>\n<meta name=\"description\" content=\"Z\u00edskejte s na\u0161\u00edm Bal\u00ed\u010dkem t\u0159\u00ed kus\u016f Rush Poppers neporazitelnou hodnotu. U\u0161et\u0159ete, vychutnejte si ikonick\u00fd z\u00e1\u017eitek z Rush a p\u0159ipravte se na divokou j\u00edzdu!\" \/>\n<meta name=\"robots\" content=\"index, follow, max-snippet:-1, max-image-preview:large, max-video-preview:-1\" \/>\n<link rel=\"canonical\" href=\"https:\/\/poppers-original.eu\/cs\/produkt\/rush-poppers-balicek-tri-kusu-10-ml\/\" \/>\n<meta property=\"og:locale\" content=\"cs_CZ\" \/>\n<meta property=\"og:type\" content=\"article\" \/>\n<meta property=\"og:title\" content=\"Rush Poppers Bal\u00ed\u010dek t\u0159\u00ed kus\u016f 10 ml - EU Poppers Sale, Buy Poppers online\" \/>\n<meta property=\"og:description\" content=\"Z\u00edskejte s na\u0161\u00edm Bal\u00ed\u010dkem t\u0159\u00ed kus\u016f Rush Poppers neporazitelnou hodnotu. U\u0161et\u0159ete, vychutnejte si ikonick\u00fd z\u00e1\u017eitek z Rush a p\u0159ipravte se na divokou j\u00edzdu!\" \/>\n<meta property=\"og:url\" content=\"https:\/\/poppers-original.eu\/cs\/produkt\/rush-poppers-balicek-tri-kusu-10-ml\/\" \/>\n<meta property=\"og:site_name\" content=\"EU Poppers Sale, Buy Poppers online\" \/>\n<meta property=\"article:modified_time\" content=\"2025-01-02T22:26:15+00:00\" \/>\n<meta property=\"og:image\" content=\"https:\/\/poppers-original.eu\/wp-content\/uploads\/2023\/04\/poppers-multi-packs-3-bottles-pack-rush.jpg\" \/>\n\t<meta property=\"og:image:width\" content=\"1200\" \/>\n\t<meta property=\"og:image:height\" content=\"1200\" \/>\n\t<meta property=\"og:image:type\" content=\"image\/jpeg\" \/>\n<meta name=\"twitter:card\" content=\"summary_large_image\" \/>\n<meta name=\"twitter:label1\" content=\"Odhadovan\u00e1 doba \u010dten\u00ed\" \/>\n\t<meta name=\"twitter:data1\" content=\"2 minuty\" \/>\n<script type=\"application\/ld+json\" class=\"yoast-schema-graph\">{\"@context\":\"https:\\\/\\\/schema.org\",\"@graph\":[{\"@type\":\"WebPage\",\"@id\":\"https:\\\/\\\/poppers-original.eu\\\/cs\\\/produkt\\\/rush-poppers-balicek-tri-kusu-10-ml\\\/\",\"url\":\"https:\\\/\\\/poppers-original.eu\\\/cs\\\/produkt\\\/rush-poppers-balicek-tri-kusu-10-ml\\\/\",\"name\":\"Rush Poppers Bal\u00ed\u010dek t\u0159\u00ed kus\u016f 10 ml - EU Poppers Sale, Buy Poppers online\",\"isPartOf\":{\"@id\":\"https:\\\/\\\/poppers-original.eu\\\/cs\\\/#website\"},\"primaryImageOfPage\":{\"@id\":\"https:\\\/\\\/poppers-original.eu\\\/cs\\\/produkt\\\/rush-poppers-balicek-tri-kusu-10-ml\\\/#primaryimage\"},\"image\":{\"@id\":\"https:\\\/\\\/poppers-original.eu\\\/cs\\\/produkt\\\/rush-poppers-balicek-tri-kusu-10-ml\\\/#primaryimage\"},\"thumbnailUrl\":\"https:\\\/\\\/poppers-original.eu\\\/wp-content\\\/uploads\\\/2023\\\/04\\\/poppers-multi-packs-3-bottles-pack-rush.jpg\",\"datePublished\":\"2023-04-22T16:07:28+00:00\",\"dateModified\":\"2025-01-02T22:26:15+00:00\",\"description\":\"Z\u00edskejte s na\u0161\u00edm Bal\u00ed\u010dkem t\u0159\u00ed kus\u016f Rush Poppers neporazitelnou hodnotu. U\u0161et\u0159ete, vychutnejte si ikonick\u00fd z\u00e1\u017eitek z Rush a p\u0159ipravte se na divokou j\u00edzdu!\",\"breadcrumb\":{\"@id\":\"https:\\\/\\\/poppers-original.eu\\\/cs\\\/produkt\\\/rush-poppers-balicek-tri-kusu-10-ml\\\/#breadcrumb\"},\"inLanguage\":\"cs\",\"potentialAction\":[{\"@type\":\"ReadAction\",\"target\":[\"https:\\\/\\\/poppers-original.eu\\\/cs\\\/produkt\\\/rush-poppers-balicek-tri-kusu-10-ml\\\/\"]}]},{\"@type\":\"ImageObject\",\"inLanguage\":\"cs\",\"@id\":\"https:\\\/\\\/poppers-original.eu\\\/cs\\\/produkt\\\/rush-poppers-balicek-tri-kusu-10-ml\\\/#primaryimage\",\"url\":\"https:\\\/\\\/poppers-original.eu\\\/wp-content\\\/uploads\\\/2023\\\/04\\\/poppers-multi-packs-3-bottles-pack-rush.jpg\",\"contentUrl\":\"https:\\\/\\\/poppers-original.eu\\\/wp-content\\\/uploads\\\/2023\\\/04\\\/poppers-multi-packs-3-bottles-pack-rush.jpg\",\"width\":1200,\"height\":1200,\"caption\":\"Poppers Rush 3 balen\u00ed - multipack, kter\u00fd obsahuje t\u0159i lahvi\u010dky Rush 10 ml\"},{\"@type\":\"BreadcrumbList\",\"@id\":\"https:\\\/\\\/poppers-original.eu\\\/cs\\\/produkt\\\/rush-poppers-balicek-tri-kusu-10-ml\\\/#breadcrumb\",\"itemListElement\":[{\"@type\":\"ListItem\",\"position\":1,\"name\":\"Home\",\"item\":\"https:\\\/\\\/poppers-original.eu\\\/cs\\\/\"},{\"@type\":\"ListItem\",\"position\":2,\"name\":\"Shop\",\"item\":\"https:\\\/\\\/poppers-original.eu\\\/shop\\\/\"},{\"@type\":\"ListItem\",\"position\":3,\"name\":\"Rush Poppers Bal\u00ed\u010dek t\u0159\u00ed kus\u016f 10 ml\"}]},{\"@type\":\"WebSite\",\"@id\":\"https:\\\/\\\/poppers-original.eu\\\/cs\\\/#website\",\"url\":\"https:\\\/\\\/poppers-original.eu\\\/cs\\\/\",\"name\":\"Poppers Original, Buy Poppers online\",\"description\":\"Poppers Original\",\"publisher\":{\"@id\":\"https:\\\/\\\/poppers-original.eu\\\/cs\\\/#organization\"},\"potentialAction\":[{\"@type\":\"SearchAction\",\"target\":{\"@type\":\"EntryPoint\",\"urlTemplate\":\"https:\\\/\\\/poppers-original.eu\\\/cs\\\/?s={search_term_string}\"},\"query-input\":{\"@type\":\"PropertyValueSpecification\",\"valueRequired\":true,\"valueName\":\"search_term_string\"}}],\"inLanguage\":\"cs\"},{\"@type\":\"Organization\",\"@id\":\"https:\\\/\\\/poppers-original.eu\\\/cs\\\/#organization\",\"name\":\"Poppers Sale, Buy Poppers online\",\"url\":\"https:\\\/\\\/poppers-original.eu\\\/cs\\\/\",\"logo\":{\"@type\":\"ImageObject\",\"inLanguage\":\"cs\",\"@id\":\"https:\\\/\\\/poppers-original.eu\\\/cs\\\/#\\\/schema\\\/logo\\\/image\\\/\",\"url\":\"https:\\\/\\\/poppers-original.eu\\\/wp-content\\\/uploads\\\/2023\\\/05\\\/poppers-original-logo.png\",\"contentUrl\":\"https:\\\/\\\/poppers-original.eu\\\/wp-content\\\/uploads\\\/2023\\\/05\\\/poppers-original-logo.png\",\"width\":790,\"height\":150,\"caption\":\"Poppers Sale, Buy Poppers online\"},\"image\":{\"@id\":\"https:\\\/\\\/poppers-original.eu\\\/cs\\\/#\\\/schema\\\/logo\\\/image\\\/\"}}]}<\/script>\n<!-- \/ Yoast SEO plugin. -->","yoast_head_json":{"title":"Rush Poppers Bal\u00ed\u010dek t\u0159\u00ed kus\u016f 10 ml - EU Poppers Sale, Buy Poppers online","description":"Z\u00edskejte s na\u0161\u00edm Bal\u00ed\u010dkem t\u0159\u00ed kus\u016f Rush Poppers neporazitelnou hodnotu. U\u0161et\u0159ete, vychutnejte si ikonick\u00fd z\u00e1\u017eitek z Rush a p\u0159ipravte se na divokou j\u00edzdu!","robots":{"index":"index","follow":"follow","max-snippet":"max-snippet:-1","max-image-preview":"max-image-preview:large","max-video-preview":"max-video-preview:-1"},"canonical":"https:\/\/poppers-original.eu\/cs\/produkt\/rush-poppers-balicek-tri-kusu-10-ml\/","og_locale":"cs_CZ","og_type":"article","og_title":"Rush Poppers Bal\u00ed\u010dek t\u0159\u00ed kus\u016f 10 ml - EU Poppers Sale, Buy Poppers online","og_description":"Z\u00edskejte s na\u0161\u00edm Bal\u00ed\u010dkem t\u0159\u00ed kus\u016f Rush Poppers neporazitelnou hodnotu. U\u0161et\u0159ete, vychutnejte si ikonick\u00fd z\u00e1\u017eitek z Rush a p\u0159ipravte se na divokou j\u00edzdu!","og_url":"https:\/\/poppers-original.eu\/cs\/produkt\/rush-poppers-balicek-tri-kusu-10-ml\/","og_site_name":"EU Poppers Sale, Buy Poppers online","article_modified_time":"2025-01-02T22:26:15+00:00","og_image":[{"width":1200,"height":1200,"url":"https:\/\/poppers-original.eu\/wp-content\/uploads\/2023\/04\/poppers-multi-packs-3-bottles-pack-rush.jpg","type":"image\/jpeg"}],"twitter_card":"summary_large_image","twitter_misc":{"Odhadovan\u00e1 doba \u010dten\u00ed":"2 minuty"},"schema":{"@context":"https:\/\/schema.org","@graph":[{"@type":"WebPage","@id":"https:\/\/poppers-original.eu\/cs\/produkt\/rush-poppers-balicek-tri-kusu-10-ml\/","url":"https:\/\/poppers-original.eu\/cs\/produkt\/rush-poppers-balicek-tri-kusu-10-ml\/","name":"Rush Poppers Bal\u00ed\u010dek t\u0159\u00ed kus\u016f 10 ml - EU Poppers Sale, Buy Poppers online","isPartOf":{"@id":"https:\/\/poppers-original.eu\/cs\/#website"},"primaryImageOfPage":{"@id":"https:\/\/poppers-original.eu\/cs\/produkt\/rush-poppers-balicek-tri-kusu-10-ml\/#primaryimage"},"image":{"@id":"https:\/\/poppers-original.eu\/cs\/produkt\/rush-poppers-balicek-tri-kusu-10-ml\/#primaryimage"},"thumbnailUrl":"https:\/\/poppers-original.eu\/wp-content\/uploads\/2023\/04\/poppers-multi-packs-3-bottles-pack-rush.jpg","datePublished":"2023-04-22T16:07:28+00:00","dateModified":"2025-01-02T22:26:15+00:00","description":"Z\u00edskejte s na\u0161\u00edm Bal\u00ed\u010dkem t\u0159\u00ed kus\u016f Rush Poppers neporazitelnou hodnotu. U\u0161et\u0159ete, vychutnejte si ikonick\u00fd z\u00e1\u017eitek z Rush a p\u0159ipravte se na divokou j\u00edzdu!","breadcrumb":{"@id":"https:\/\/poppers-original.eu\/cs\/produkt\/rush-poppers-balicek-tri-kusu-10-ml\/#breadcrumb"},"inLanguage":"cs","potentialAction":[{"@type":"ReadAction","target":["https:\/\/poppers-original.eu\/cs\/produkt\/rush-poppers-balicek-tri-kusu-10-ml\/"]}]},{"@type":"ImageObject","inLanguage":"cs","@id":"https:\/\/poppers-original.eu\/cs\/produkt\/rush-poppers-balicek-tri-kusu-10-ml\/#primaryimage","url":"https:\/\/poppers-original.eu\/wp-content\/uploads\/2023\/04\/poppers-multi-packs-3-bottles-pack-rush.jpg","contentUrl":"https:\/\/poppers-original.eu\/wp-content\/uploads\/2023\/04\/poppers-multi-packs-3-bottles-pack-rush.jpg","width":1200,"height":1200,"caption":"Poppers Rush 3 balen\u00ed - multipack, kter\u00fd obsahuje t\u0159i lahvi\u010dky Rush 10 ml"},{"@type":"BreadcrumbList","@id":"https:\/\/poppers-original.eu\/cs\/produkt\/rush-poppers-balicek-tri-kusu-10-ml\/#breadcrumb","itemListElement":[{"@type":"ListItem","position":1,"name":"Home","item":"https:\/\/poppers-original.eu\/cs\/"},{"@type":"ListItem","position":2,"name":"Shop","item":"https:\/\/poppers-original.eu\/shop\/"},{"@type":"ListItem","position":3,"name":"Rush Poppers Bal\u00ed\u010dek t\u0159\u00ed kus\u016f 10 ml"}]},{"@type":"WebSite","@id":"https:\/\/poppers-original.eu\/cs\/#website","url":"https:\/\/poppers-original.eu\/cs\/","name":"Poppers Original, Buy Poppers online","description":"Poppers Original","publisher":{"@id":"https:\/\/poppers-original.eu\/cs\/#organization"},"potentialAction":[{"@type":"SearchAction","target":{"@type":"EntryPoint","urlTemplate":"https:\/\/poppers-original.eu\/cs\/?s={search_term_string}"},"query-input":{"@type":"PropertyValueSpecification","valueRequired":true,"valueName":"search_term_string"}}],"inLanguage":"cs"},{"@type":"Organization","@id":"https:\/\/poppers-original.eu\/cs\/#organization","name":"Poppers Sale, Buy Poppers online","url":"https:\/\/poppers-original.eu\/cs\/","logo":{"@type":"ImageObject","inLanguage":"cs","@id":"https:\/\/poppers-original.eu\/cs\/#\/schema\/logo\/image\/","url":"https:\/\/poppers-original.eu\/wp-content\/uploads\/2023\/05\/poppers-original-logo.png","contentUrl":"https:\/\/poppers-original.eu\/wp-content\/uploads\/2023\/05\/poppers-original-logo.png","width":790,"height":150,"caption":"Poppers Sale, Buy Poppers online"},"image":{"@id":"https:\/\/poppers-original.eu\/cs\/#\/schema\/logo\/image\/"}}]}},"_links":{"self":[{"href":"https:\/\/poppers-original.eu\/cs\/wp-json\/wp\/v2\/product\/6634","targetHints":{"allow":["GET"]}}],"collection":[{"href":"https:\/\/poppers-original.eu\/cs\/wp-json\/wp\/v2\/product"}],"about":[{"href":"https:\/\/poppers-original.eu\/cs\/wp-json\/wp\/v2\/types\/product"}],"replies":[{"embeddable":true,"href":"https:\/\/poppers-original.eu\/cs\/wp-json\/wp\/v2\/comments?post=6634"}],"wp:featuredmedia":[{"embeddable":true,"href":"https:\/\/poppers-original.eu\/cs\/wp-json\/wp\/v2\/media\/5216"}],"wp:attachment":[{"href":"https:\/\/poppers-original.eu\/cs\/wp-json\/wp\/v2\/media?parent=6634"}],"wp:term":[{"taxonomy":"product_brand","embeddable":true,"href":"https:\/\/poppers-original.eu\/cs\/wp-json\/wp\/v2\/product_brand?post=6634"},{"taxonomy":"product_cat","embeddable":true,"href":"https:\/\/poppers-original.eu\/cs\/wp-json\/wp\/v2\/product_cat?post=6634"},{"taxonomy":"product_tag","embeddable":true,"href":"https:\/\/poppers-original.eu\/cs\/wp-json\/wp\/v2\/product_tag?post=6634"}],"curies":[{"name":"wp","href":"https:\/\/api.w.org\/{rel}","templated":true}]}}