{"id":6633,"date":"2023-04-22T17:11:29","date_gmt":"2023-04-22T16:11:29","guid":{"rendered":"https:\/\/poppers-original.eu\/product\/gold-rush-poppers-balicek-tri-kusu-10-ml\/"},"modified":"2025-01-02T17:14:20","modified_gmt":"2025-01-02T16:14:20","slug":"gold-rush-poppers-balicek-tri-kusu","status":"publish","type":"product","link":"https:\/\/poppers-original.eu\/cs\/produkt\/gold-rush-poppers-balicek-tri-kusu\/","title":{"rendered":"Gold Rush Poppers Bal\u00ed\u010dek t\u0159\u00ed kus\u016f 10 ml"},"content":{"rendered":"<h2><strong>Uvoln\u011bte s\u00edlu Bal\u00ed\u010dku t\u0159\u00ed kus\u016f Gold Rush Poppers 10ml<\/strong><\/h2>\n<p>Pono\u0159te se do sv\u011bta intenzivn\u00edch pocit\u016f s Bal\u00ed\u010dkem t\u0159\u00ed kus\u016f Gold Rush Poppers. Tyto kompaktn\u00ed lahvi\u010dky, vytvo\u0159en\u00e9 pro ty z v\u00e1s, kte\u0159\u00ed tou\u017e\u00ed po vzru\u0161uj\u00edc\u00edch z\u00e1\u017eitc\u00edch, jsou va\u0161\u00ed vstupenkou do \u0159\u00ed\u0161e zv\u00fd\u0161en\u00fdch smyslov\u00fdch pot\u011b\u0161en\u00ed. Nechte toto siln\u00e9 aroma probudit v\u0161echny va\u0161e smysly a p\u0159iv\u00e9st k \u017eivotu va\u0161e nejhlub\u0161\u00ed fantazie.  <\/p>\n<h2><strong>Kompaktn\u00ed, pohodln\u00e9 a v\u00fdkonn\u00e9: Gold Rush Poppers Trojit\u00fd bal\u00ed\u010dek<\/strong><\/h2>\n<p>Trojit\u00fd bal\u00ed\u010dek GOLD Rush Poppers 10 ml p\u0159in\u00e1\u0161\u00ed maxim\u00e1ln\u00ed pohodl\u00ed, ani\u017e by se sn\u00ed\u017eily n\u00e1roky na jeho \u00fa\u010dinnost. P\u0159es svou malou velikost p\u0159in\u00e1\u0161ej\u00ed tyto poppers celou explozi pocit\u016f, a proto jsou ide\u00e1ln\u00edmi spole\u010dn\u00edky pro jakoukoli p\u0159\u00edle\u017eitost. Za\u017eijte s t\u011bmito mocn\u00fdmi poppers sv\u016fdn\u00e9 vzru\u0161en\u00ed a vydejte se na smyslnou cestu, jakou jste je\u0161t\u011b neza\u017eili.  <\/p>\n<h2><strong>GOLD Rush Poppers 10 ml Bal\u00ed\u010dek t\u0159\u00ed kus\u016f: Br\u00e1na k nov\u00fdm smyslov\u00fdm obzor\u016fm<\/strong><\/h2>\n<p>Objevte nov\u00e9 smyslov\u00e9 obzory s Trojit\u00fdm bal\u00ed\u010dkem Gold Rush Poppers 10 ml. Siln\u00e9 slo\u017een\u00ed t\u011bchto mocn\u00fdch aromat je navr\u017eeno tak, aby v\u00e1s un\u00e1\u0161elo do sv\u011bta maxim\u00e1ln\u00edho pot\u011b\u0161en\u00ed a vzru\u0161en\u00ed. Nechte sv\u00e9 smysly, a\u0165 v\u00e1s vedou a vstupte do vzru\u0161uj\u00edc\u00edho sv\u011bta Gold Rush Poppers.  <\/p>\n<h2><strong>Smyslov\u00e1 cesta s fantastick\u00fdm Bal\u00ed\u010dkem t\u0159\u00ed kus\u016f<\/strong><\/h2>\n<p>Vydejte se na smyslovou cestu s Bal\u00ed\u010dkem t\u0159\u00ed kus\u016f Gold Rush Poppers 10 ml. Tato sada v\u00e1m slibuje siln\u00e9 \u00fa\u010dinky a v\u011bt\u0161\u00ed smyslov\u00e9 z\u00e1\u017eitky. Vzhledem k hodnocen\u00ed sv\u00e9 s\u00edly 4\/5 je Trojit\u00e1 kombinace Gold Rush Poppers 10 ml nezbytn\u00fdm dopl\u0148kem pro odv\u00e1\u017elivce, kte\u0159\u00ed cht\u011bj\u00ed zkoumat hranice sv\u00fdch smysl\u016f. Objevte \u00fa\u017easn\u00e9 nab\u00eddky p\u0159edn\u00edch zna\u010dek v na\u0161\u00ed kategorii <a href=\"https:\/\/poppers-original.eu\/cs\/kategorie-produktu\/multi-baleni-poppers\/poppers-v-trojbaleni\/\">Poppers v trojbalen\u00ed<\/a>.  <\/p>\n<p> Prozkoumejte ty nejlep\u0161\u00ed n\u00e1kupy ve velk\u00e9m!<\/p>\n<p><strong>Obsah balen\u00ed:<\/strong><\/p>\n<ul>\n<li> 3x Gold Rush \u010disti\u010d ko\u017een\u00fdch materi\u00e1l\u016f 10 ml<\/li>\n<\/ul>\n<p><strong>Vlastnosti:<\/strong><\/p>\n<ul>\n<li>Ofici\u00e1ln\u00ed n\u00e1zev: Gold Rush Poppers Bal\u00ed\u010dek t\u0159\u00ed kus\u016f 10 ml<\/li>\n<li>Bezpe\u010dn\u00e9 otev\u00edr\u00e1n\u00ed: s bezpe\u010dnostn\u00edm uz\u00e1v\u011brem<\/li>\n<li>Znovu uzav\u00edrateln\u00e9 polykonov\u00e9 v\u00ed\u010dko pro zachov\u00e1n\u00ed s\u00edly.<\/li>\n<li>Zbo\u017e\u00ed ka\u017ed\u00fd t\u00fdden obm\u011b\u0148ujeme pro zaji\u0161t\u011bn\u00ed \u010derstvosti.<\/li>\n<li>Garance spokojenosti bu\u010f vr\u00e1cen\u00edm pen\u011bz, nebo v\u00fdm\u011bnou produktu.<\/li>\n<li>Amyl Nitrit, Mixed isomers (CAS 110-46-3) + 1-Butanol, 3-methyl (CAS 123-51-3)<\/li>\n<li>S\u00edla: 4\/5<\/li>\n<li>Obsah: 10 ml<\/li>\n<li>V\u00fdrobce: PWD\u00ae \u2013 Never Fake It<\/li>\n<li>Vyrobeno v Lucembursku<\/li>\n<\/ul>\n","protected":false},"excerpt":{"rendered":"<p>Seznamte se se sadou t\u0159ech kus\u016f Gold Rush Poppers 10 ml: mal\u00fdmi, ale \u00fa\u010dinn\u00fdmi aromaty, kter\u00e9 nabud\u00ed va\u0161e smysly. Nenechte se zm\u00e1st jejich velikost\u00ed; ka\u017ed\u00e1 lahvi\u010dka skr\u00fdv\u00e1 siln\u00fd \u00fa\u010dinek, proto jsou ide\u00e1ln\u00ed pro jedince, kte\u0159\u00ed hledaj\u00ed intenzivn\u00ed smyslov\u00e9 z\u00e1\u017eitky. S hodnocen\u00edm s\u00edly 4\/5 je sada t\u0159ech kus\u016f Gold Rush skv\u011blou volbou pro lidi vyhled\u00e1vaj\u00edc\u00ed vzru\u0161en\u00ed.  <\/p>\n","protected":false},"featured_media":5217,"comment_status":"open","ping_status":"closed","template":"","meta":{"_acf_changed":false},"product_brand":[],"product_cat":[759,755],"product_tag":[843,837,842,840,841,838,839,844,836],"class_list":{"0":"post-6633","1":"product","2":"type-product","3":"status-publish","4":"has-post-thumbnail","6":"product_cat-poppers-cs","7":"product_cat-poppers-v-trojbaleni","8":"product_tag-3-baleni-gold-rush-poppers","9":"product_tag-gold-rush-10-ml-vicebaleni","10":"product_tag-gold-rush-poppers-balicek-tri-kusu","11":"product_tag-gold-rush-poppers-vicebaleni","12":"product_tag-gold-rush-sleva-za-mnozstvi","13":"product_tag-gold-rush-vicebaleni","14":"product_tag-gold-rush-vicebaleni-cs","15":"product_tag-poppers-3-baleni-lahvicky-gold-rush-10-ml","16":"product_tag-poppers-gold-rush-vicebaleni","18":"first","19":"instock","20":"sale","21":"taxable","22":"shipping-taxable","23":"purchasable","24":"product-type-simple"},"acf":[],"yoast_head":"<!-- This site is optimized with the Yoast SEO plugin v27.3 - https:\/\/yoast.com\/product\/yoast-seo-wordpress\/ -->\n<title>Gold Rush Poppers Bal\u00ed\u010dek t\u0159\u00ed kus\u016f 10 ml - EU Poppers Sale, Buy Poppers online<\/title>\n<meta name=\"description\" content=\"Objevte Bal\u00ed\u010dek t\u0159\u00ed kus\u016f Gold Rush Poppers: \u00fa\u010dinn\u00e9 10ml pokojov\u00e9 aroma v kompaktn\u00ed velikosti. Ide\u00e1ln\u00ed pro intenzivn\u00ed z\u00e1\u017eitky. Kupte jej hned a uvid\u00edte!\" \/>\n<meta name=\"robots\" content=\"index, follow, max-snippet:-1, max-image-preview:large, max-video-preview:-1\" \/>\n<link rel=\"canonical\" href=\"https:\/\/poppers-original.eu\/cs\/produkt\/gold-rush-poppers-balicek-tri-kusu\/\" \/>\n<meta property=\"og:locale\" content=\"cs_CZ\" \/>\n<meta property=\"og:type\" content=\"article\" \/>\n<meta property=\"og:title\" content=\"Gold Rush Poppers Bal\u00ed\u010dek t\u0159\u00ed kus\u016f 10 ml - EU Poppers Sale, Buy Poppers online\" \/>\n<meta property=\"og:description\" content=\"Objevte Bal\u00ed\u010dek t\u0159\u00ed kus\u016f Gold Rush Poppers: \u00fa\u010dinn\u00e9 10ml pokojov\u00e9 aroma v kompaktn\u00ed velikosti. Ide\u00e1ln\u00ed pro intenzivn\u00ed z\u00e1\u017eitky. Kupte jej hned a uvid\u00edte!\" \/>\n<meta property=\"og:url\" content=\"https:\/\/poppers-original.eu\/cs\/produkt\/gold-rush-poppers-balicek-tri-kusu\/\" \/>\n<meta property=\"og:site_name\" content=\"EU Poppers Sale, Buy Poppers online\" \/>\n<meta property=\"article:modified_time\" content=\"2025-01-02T16:14:20+00:00\" \/>\n<meta property=\"og:image\" content=\"https:\/\/poppers-original.eu\/wp-content\/uploads\/2023\/04\/poppers-multi-packs-3-bottles-pack-gold-rush.jpg\" \/>\n\t<meta property=\"og:image:width\" content=\"1200\" \/>\n\t<meta property=\"og:image:height\" content=\"1200\" \/>\n\t<meta property=\"og:image:type\" content=\"image\/jpeg\" \/>\n<meta name=\"twitter:card\" content=\"summary_large_image\" \/>\n<meta name=\"twitter:label1\" content=\"Odhadovan\u00e1 doba \u010dten\u00ed\" \/>\n\t<meta name=\"twitter:data1\" content=\"2 minuty\" \/>\n<script type=\"application\/ld+json\" class=\"yoast-schema-graph\">{\"@context\":\"https:\\\/\\\/schema.org\",\"@graph\":[{\"@type\":\"WebPage\",\"@id\":\"https:\\\/\\\/poppers-original.eu\\\/cs\\\/produkt\\\/gold-rush-poppers-balicek-tri-kusu\\\/\",\"url\":\"https:\\\/\\\/poppers-original.eu\\\/cs\\\/produkt\\\/gold-rush-poppers-balicek-tri-kusu\\\/\",\"name\":\"Gold Rush Poppers Bal\u00ed\u010dek t\u0159\u00ed kus\u016f 10 ml - EU Poppers Sale, Buy Poppers online\",\"isPartOf\":{\"@id\":\"https:\\\/\\\/poppers-original.eu\\\/cs\\\/#website\"},\"primaryImageOfPage\":{\"@id\":\"https:\\\/\\\/poppers-original.eu\\\/cs\\\/produkt\\\/gold-rush-poppers-balicek-tri-kusu\\\/#primaryimage\"},\"image\":{\"@id\":\"https:\\\/\\\/poppers-original.eu\\\/cs\\\/produkt\\\/gold-rush-poppers-balicek-tri-kusu\\\/#primaryimage\"},\"thumbnailUrl\":\"https:\\\/\\\/poppers-original.eu\\\/wp-content\\\/uploads\\\/2023\\\/04\\\/poppers-multi-packs-3-bottles-pack-gold-rush.jpg\",\"datePublished\":\"2023-04-22T16:11:29+00:00\",\"dateModified\":\"2025-01-02T16:14:20+00:00\",\"description\":\"Objevte Bal\u00ed\u010dek t\u0159\u00ed kus\u016f Gold Rush Poppers: \u00fa\u010dinn\u00e9 10ml pokojov\u00e9 aroma v kompaktn\u00ed velikosti. Ide\u00e1ln\u00ed pro intenzivn\u00ed z\u00e1\u017eitky. Kupte jej hned a uvid\u00edte!\",\"breadcrumb\":{\"@id\":\"https:\\\/\\\/poppers-original.eu\\\/cs\\\/produkt\\\/gold-rush-poppers-balicek-tri-kusu\\\/#breadcrumb\"},\"inLanguage\":\"cs\",\"potentialAction\":[{\"@type\":\"ReadAction\",\"target\":[\"https:\\\/\\\/poppers-original.eu\\\/cs\\\/produkt\\\/gold-rush-poppers-balicek-tri-kusu\\\/\"]}]},{\"@type\":\"ImageObject\",\"inLanguage\":\"cs\",\"@id\":\"https:\\\/\\\/poppers-original.eu\\\/cs\\\/produkt\\\/gold-rush-poppers-balicek-tri-kusu\\\/#primaryimage\",\"url\":\"https:\\\/\\\/poppers-original.eu\\\/wp-content\\\/uploads\\\/2023\\\/04\\\/poppers-multi-packs-3-bottles-pack-gold-rush.jpg\",\"contentUrl\":\"https:\\\/\\\/poppers-original.eu\\\/wp-content\\\/uploads\\\/2023\\\/04\\\/poppers-multi-packs-3-bottles-pack-gold-rush.jpg\",\"width\":1200,\"height\":1200,\"caption\":\"3-balen\u00ed gold rush poppers 10 ml - Obsahuje 3 lahvi\u010dky \u010disti\u010de ko\u017een\u00fdch materi\u00e1l\u016f Gold Rush Poppers.\"},{\"@type\":\"BreadcrumbList\",\"@id\":\"https:\\\/\\\/poppers-original.eu\\\/cs\\\/produkt\\\/gold-rush-poppers-balicek-tri-kusu\\\/#breadcrumb\",\"itemListElement\":[{\"@type\":\"ListItem\",\"position\":1,\"name\":\"Home\",\"item\":\"https:\\\/\\\/poppers-original.eu\\\/cs\\\/\"},{\"@type\":\"ListItem\",\"position\":2,\"name\":\"Shop\",\"item\":\"https:\\\/\\\/poppers-original.eu\\\/shop\\\/\"},{\"@type\":\"ListItem\",\"position\":3,\"name\":\"Gold Rush Poppers Bal\u00ed\u010dek t\u0159\u00ed kus\u016f 10 ml\"}]},{\"@type\":\"WebSite\",\"@id\":\"https:\\\/\\\/poppers-original.eu\\\/cs\\\/#website\",\"url\":\"https:\\\/\\\/poppers-original.eu\\\/cs\\\/\",\"name\":\"Poppers Original, Buy Poppers online\",\"description\":\"Poppers Original\",\"publisher\":{\"@id\":\"https:\\\/\\\/poppers-original.eu\\\/cs\\\/#organization\"},\"potentialAction\":[{\"@type\":\"SearchAction\",\"target\":{\"@type\":\"EntryPoint\",\"urlTemplate\":\"https:\\\/\\\/poppers-original.eu\\\/cs\\\/?s={search_term_string}\"},\"query-input\":{\"@type\":\"PropertyValueSpecification\",\"valueRequired\":true,\"valueName\":\"search_term_string\"}}],\"inLanguage\":\"cs\"},{\"@type\":\"Organization\",\"@id\":\"https:\\\/\\\/poppers-original.eu\\\/cs\\\/#organization\",\"name\":\"Poppers Sale, Buy Poppers online\",\"url\":\"https:\\\/\\\/poppers-original.eu\\\/cs\\\/\",\"logo\":{\"@type\":\"ImageObject\",\"inLanguage\":\"cs\",\"@id\":\"https:\\\/\\\/poppers-original.eu\\\/cs\\\/#\\\/schema\\\/logo\\\/image\\\/\",\"url\":\"https:\\\/\\\/poppers-original.eu\\\/wp-content\\\/uploads\\\/2023\\\/05\\\/poppers-original-logo.png\",\"contentUrl\":\"https:\\\/\\\/poppers-original.eu\\\/wp-content\\\/uploads\\\/2023\\\/05\\\/poppers-original-logo.png\",\"width\":790,\"height\":150,\"caption\":\"Poppers Sale, Buy Poppers online\"},\"image\":{\"@id\":\"https:\\\/\\\/poppers-original.eu\\\/cs\\\/#\\\/schema\\\/logo\\\/image\\\/\"}}]}<\/script>\n<!-- \/ Yoast SEO plugin. -->","yoast_head_json":{"title":"Gold Rush Poppers Bal\u00ed\u010dek t\u0159\u00ed kus\u016f 10 ml - EU Poppers Sale, Buy Poppers online","description":"Objevte Bal\u00ed\u010dek t\u0159\u00ed kus\u016f Gold Rush Poppers: \u00fa\u010dinn\u00e9 10ml pokojov\u00e9 aroma v kompaktn\u00ed velikosti. Ide\u00e1ln\u00ed pro intenzivn\u00ed z\u00e1\u017eitky. Kupte jej hned a uvid\u00edte!","robots":{"index":"index","follow":"follow","max-snippet":"max-snippet:-1","max-image-preview":"max-image-preview:large","max-video-preview":"max-video-preview:-1"},"canonical":"https:\/\/poppers-original.eu\/cs\/produkt\/gold-rush-poppers-balicek-tri-kusu\/","og_locale":"cs_CZ","og_type":"article","og_title":"Gold Rush Poppers Bal\u00ed\u010dek t\u0159\u00ed kus\u016f 10 ml - EU Poppers Sale, Buy Poppers online","og_description":"Objevte Bal\u00ed\u010dek t\u0159\u00ed kus\u016f Gold Rush Poppers: \u00fa\u010dinn\u00e9 10ml pokojov\u00e9 aroma v kompaktn\u00ed velikosti. Ide\u00e1ln\u00ed pro intenzivn\u00ed z\u00e1\u017eitky. Kupte jej hned a uvid\u00edte!","og_url":"https:\/\/poppers-original.eu\/cs\/produkt\/gold-rush-poppers-balicek-tri-kusu\/","og_site_name":"EU Poppers Sale, Buy Poppers online","article_modified_time":"2025-01-02T16:14:20+00:00","og_image":[{"width":1200,"height":1200,"url":"https:\/\/poppers-original.eu\/wp-content\/uploads\/2023\/04\/poppers-multi-packs-3-bottles-pack-gold-rush.jpg","type":"image\/jpeg"}],"twitter_card":"summary_large_image","twitter_misc":{"Odhadovan\u00e1 doba \u010dten\u00ed":"2 minuty"},"schema":{"@context":"https:\/\/schema.org","@graph":[{"@type":"WebPage","@id":"https:\/\/poppers-original.eu\/cs\/produkt\/gold-rush-poppers-balicek-tri-kusu\/","url":"https:\/\/poppers-original.eu\/cs\/produkt\/gold-rush-poppers-balicek-tri-kusu\/","name":"Gold Rush Poppers Bal\u00ed\u010dek t\u0159\u00ed kus\u016f 10 ml - EU Poppers Sale, Buy Poppers online","isPartOf":{"@id":"https:\/\/poppers-original.eu\/cs\/#website"},"primaryImageOfPage":{"@id":"https:\/\/poppers-original.eu\/cs\/produkt\/gold-rush-poppers-balicek-tri-kusu\/#primaryimage"},"image":{"@id":"https:\/\/poppers-original.eu\/cs\/produkt\/gold-rush-poppers-balicek-tri-kusu\/#primaryimage"},"thumbnailUrl":"https:\/\/poppers-original.eu\/wp-content\/uploads\/2023\/04\/poppers-multi-packs-3-bottles-pack-gold-rush.jpg","datePublished":"2023-04-22T16:11:29+00:00","dateModified":"2025-01-02T16:14:20+00:00","description":"Objevte Bal\u00ed\u010dek t\u0159\u00ed kus\u016f Gold Rush Poppers: \u00fa\u010dinn\u00e9 10ml pokojov\u00e9 aroma v kompaktn\u00ed velikosti. Ide\u00e1ln\u00ed pro intenzivn\u00ed z\u00e1\u017eitky. Kupte jej hned a uvid\u00edte!","breadcrumb":{"@id":"https:\/\/poppers-original.eu\/cs\/produkt\/gold-rush-poppers-balicek-tri-kusu\/#breadcrumb"},"inLanguage":"cs","potentialAction":[{"@type":"ReadAction","target":["https:\/\/poppers-original.eu\/cs\/produkt\/gold-rush-poppers-balicek-tri-kusu\/"]}]},{"@type":"ImageObject","inLanguage":"cs","@id":"https:\/\/poppers-original.eu\/cs\/produkt\/gold-rush-poppers-balicek-tri-kusu\/#primaryimage","url":"https:\/\/poppers-original.eu\/wp-content\/uploads\/2023\/04\/poppers-multi-packs-3-bottles-pack-gold-rush.jpg","contentUrl":"https:\/\/poppers-original.eu\/wp-content\/uploads\/2023\/04\/poppers-multi-packs-3-bottles-pack-gold-rush.jpg","width":1200,"height":1200,"caption":"3-balen\u00ed gold rush poppers 10 ml - Obsahuje 3 lahvi\u010dky \u010disti\u010de ko\u017een\u00fdch materi\u00e1l\u016f Gold Rush Poppers."},{"@type":"BreadcrumbList","@id":"https:\/\/poppers-original.eu\/cs\/produkt\/gold-rush-poppers-balicek-tri-kusu\/#breadcrumb","itemListElement":[{"@type":"ListItem","position":1,"name":"Home","item":"https:\/\/poppers-original.eu\/cs\/"},{"@type":"ListItem","position":2,"name":"Shop","item":"https:\/\/poppers-original.eu\/shop\/"},{"@type":"ListItem","position":3,"name":"Gold Rush Poppers Bal\u00ed\u010dek t\u0159\u00ed kus\u016f 10 ml"}]},{"@type":"WebSite","@id":"https:\/\/poppers-original.eu\/cs\/#website","url":"https:\/\/poppers-original.eu\/cs\/","name":"Poppers Original, Buy Poppers online","description":"Poppers Original","publisher":{"@id":"https:\/\/poppers-original.eu\/cs\/#organization"},"potentialAction":[{"@type":"SearchAction","target":{"@type":"EntryPoint","urlTemplate":"https:\/\/poppers-original.eu\/cs\/?s={search_term_string}"},"query-input":{"@type":"PropertyValueSpecification","valueRequired":true,"valueName":"search_term_string"}}],"inLanguage":"cs"},{"@type":"Organization","@id":"https:\/\/poppers-original.eu\/cs\/#organization","name":"Poppers Sale, Buy Poppers online","url":"https:\/\/poppers-original.eu\/cs\/","logo":{"@type":"ImageObject","inLanguage":"cs","@id":"https:\/\/poppers-original.eu\/cs\/#\/schema\/logo\/image\/","url":"https:\/\/poppers-original.eu\/wp-content\/uploads\/2023\/05\/poppers-original-logo.png","contentUrl":"https:\/\/poppers-original.eu\/wp-content\/uploads\/2023\/05\/poppers-original-logo.png","width":790,"height":150,"caption":"Poppers Sale, Buy Poppers online"},"image":{"@id":"https:\/\/poppers-original.eu\/cs\/#\/schema\/logo\/image\/"}}]}},"_links":{"self":[{"href":"https:\/\/poppers-original.eu\/cs\/wp-json\/wp\/v2\/product\/6633","targetHints":{"allow":["GET"]}}],"collection":[{"href":"https:\/\/poppers-original.eu\/cs\/wp-json\/wp\/v2\/product"}],"about":[{"href":"https:\/\/poppers-original.eu\/cs\/wp-json\/wp\/v2\/types\/product"}],"replies":[{"embeddable":true,"href":"https:\/\/poppers-original.eu\/cs\/wp-json\/wp\/v2\/comments?post=6633"}],"wp:featuredmedia":[{"embeddable":true,"href":"https:\/\/poppers-original.eu\/cs\/wp-json\/wp\/v2\/media\/5217"}],"wp:attachment":[{"href":"https:\/\/poppers-original.eu\/cs\/wp-json\/wp\/v2\/media?parent=6633"}],"wp:term":[{"taxonomy":"product_brand","embeddable":true,"href":"https:\/\/poppers-original.eu\/cs\/wp-json\/wp\/v2\/product_brand?post=6633"},{"taxonomy":"product_cat","embeddable":true,"href":"https:\/\/poppers-original.eu\/cs\/wp-json\/wp\/v2\/product_cat?post=6633"},{"taxonomy":"product_tag","embeddable":true,"href":"https:\/\/poppers-original.eu\/cs\/wp-json\/wp\/v2\/product_tag?post=6633"}],"curies":[{"name":"wp","href":"https:\/\/api.w.org\/{rel}","templated":true}]}}