{"id":6623,"date":"2023-06-24T18:43:55","date_gmt":"2023-06-24T17:43:55","guid":{"rendered":"https:\/\/poppers-original.eu\/product\/amsterdam-poppers-chill-10-ml\/"},"modified":"2025-01-04T23:20:05","modified_gmt":"2025-01-04T22:20:05","slug":"amsterdam-poppers-chill-10-ml","status":"publish","type":"product","link":"https:\/\/poppers-original.eu\/cs\/produkt\/amsterdam-poppers-chill-10-ml\/","title":{"rendered":"Amsterdam Poppers Chill 10 ml"},"content":{"rendered":"<p>Amsterdam Poppers Chill je fascinuj\u00edc\u00ed \u010disti\u010d ko\u017een\u00fdch materi\u00e1l\u016f, kter\u00fd na trhu rychle z\u00edsk\u00e1v\u00e1 na popularit\u011b. Je cen\u011bn pro svou \u00fa\u010dinnou formuli propyl nitridu a je zjevn\u00e9, \u017ee je dnes jednou z nej\u00fa\u010dinn\u011bj\u0161\u00edch dostupn\u00fdch mo\u017enost\u00ed. Jakmile lahvi\u010dku otev\u0159ete, jej\u00ed \u00fa\u010dinky se okam\u017eit\u011b pust\u00ed do akce a odnesou v\u00e1s do v\u00edru vzru\u0161uj\u00edc\u00edch z\u00e1\u017eitk\u016f.  <\/p>\n<h2>Pro\u010d si vybrat Amsterdam Poppers Chill?<\/h2>\n<p>Pokud hled\u00e1te nov\u00fd z\u00e1\u017eitek, Amsterdam Poppers Chill bude va\u0161\u00edm ide\u00e1ln\u00edm partnerem. Jedn\u00e1 se o nejnov\u011bj\u0161\u00ed produkt zn\u00e1m\u00e9 zna\u010dky Amsterdam, kter\u00fd odpov\u00edd\u00e1 vysok\u00fdm o\u010dek\u00e1v\u00e1n\u00edm stanoven\u00fdm jeho p\u0159edch\u016fdci. Tato v\u00fdjime\u010dn\u00e1 formule v\u00e1m do sv\u011bta poppers, zn\u00e1m\u00e9ho pro sv\u016fj rychl\u00fd \u00fa\u010dinek, zv\u00fd\u0161en\u00ed energie a p\u016fsobiv\u00e9 vlastnosti zvy\u0161uj\u00edc\u00ed libido, zajist\u00ed fascinuj\u00edc\u00ed vstup. D\u00edky slo\u017een\u00ed vysoce kvalitn\u00edho propyl nitridu m\u016f\u017eete v \u010distotu a p\u016fsoben\u00ed tohoto v\u00fdjime\u010dn\u00e9ho \u010disti\u010de ko\u017een\u00fdch materi\u00e1l\u016f vlo\u017eit svou d\u016fv\u011bru.   <\/p>\n<h2>Nejlep\u0161\u00ed pro chill p\u00e1rty a neform\u00e1ln\u00ed setk\u00e1n\u00ed<\/h2>\n<p>Amsterdam Poppers Chill, speci\u00e1ln\u011b navr\u017een\u00fd pro pohodov\u00e9 ve\u010d\u00edrky a uvoln\u011bn\u00e9 afterparty, vnese do va\u0161ich orgi\u00ed nespoutanou nestoudnost. Je obl\u00edben\u00fd jak u u\u017eivatel\u016f, kte\u0159\u00ed poppers zkou\u0161ej\u00ed poprv\u00e9, tak u zku\u0161en\u00fdch veter\u00e1n\u016f. Stejn\u011b jako dal\u0161\u00ed obl\u00edben\u00e9 zna\u010dky, jako jsou Rush a Jungle Juice, m\u00e1 na trhu siln\u00e9 zastoupen\u00ed, co\u017e z t\u00e9to lahvi\u010dky \u010din\u00ed skv\u011bl\u00fd dopln\u011bk do jak\u00e9koli sb\u00edrky poppers.  <\/p>\n<h2>Amsterdam Poppers Chill: Kupte si ho pro pot\u011b\u0161en\u00ed a relaxaci<\/h2>\n<p>S Amsterdam Poppers Chill za\u017eijete pot\u011b\u0161en\u00ed a relaxaci jako nikdy p\u0159edt\u00edm. Jeho siln\u00e1 propyl formule zp\u016fsobuje v\u00fdbu\u0161n\u00fd z\u00e1\u017eitek, kter\u00fd pozvedne speci\u00e1ln\u00ed okam\u017eiky na vy\u0161\u0161\u00ed \u00farove\u0148, a\u0165 u\u017e ho u\u017eijete n\u011bkde v klubu, nebo doma v lo\u017enici. Poppers Amsterdam Chill se tak\u00e9 py\u0161n\u00ed intenzivn\u00edm a vzru\u0161uj\u00edc\u00edm aromatem, kter\u00e9 nab\u00edz\u00ed relaxa\u010dn\u00ed pocit. Nep\u0159ipravte se o tyto n\u00e1dhern\u00e9 a vzru\u0161uj\u00edc\u00ed pro\u017eitky. Objednejte si 10ml lahvi\u010dku aroma Amsterdam Chill ji\u017e dnes a nechte sv\u00e9 smysly rozb\u011bhnout se naplno! D\u00e1v\u00e1te p\u0159ednost v\u011bt\u0161\u00edm objem\u016fm? <a href=\"https:\/\/poppers-original.eu\/product\/amsterdam-poppers-24ml-and-25ml\/\">Amsterdam Poppers<\/a> jsou k dispozici i ve v\u011bt\u0161\u00edch velikostech lahvi\u010dek.    <\/p>\n<p><strong>Obsah balen\u00ed:<\/strong><\/p>\n<ul>\n<li>1x Amsterdam Chill Aroma 10 ml<\/li>\n<\/ul>\n<p><strong>Vlastnosti:<\/strong><\/p>\n<ul>\n<li>Ofici\u00e1ln\u00ed n\u00e1zev: Amsterdam Poppers Chill Small Bottle 10 ml<\/li>\n<li>Obsah: 10 ml<\/li>\n<li>S\u00edla: 3\/5<\/li>\n<li>Bezpe\u010dn\u00e9 otev\u00edr\u00e1n\u00ed: s bezpe\u010dnostn\u00edm uz\u00e1v\u011brem<\/li>\n<li>Power Pak Pellets\u2122 (PPP) pro zaji\u0161t\u011bn\u00ed dlouhodob\u00e9 \u010distoty.<\/li>\n<li>Znovu uzav\u00edrateln\u00e9 polykonov\u00e9 v\u00ed\u010dko pro zachov\u00e1n\u00ed s\u00edly.<\/li>\n<li>Zbo\u017e\u00ed ka\u017ed\u00fd t\u00fdden obm\u011b\u0148ujeme pro zaji\u0161t\u011bn\u00ed \u010derstvosti.<\/li>\n<li>(CAS 541-42-4) Isopropyl nitrit + Propan-2-ol (CAS 67-63-0) Isopropyl<\/li>\n<li>Garance spokojenosti bu\u010f vr\u00e1cen\u00edm pen\u011bz, nebo v\u00fdm\u011bnou produktu.<\/li>\n<li>V\u00fdrobce: Funline\u00ae Laboratory<\/li>\n<li>Vyrobeno ve Francii<\/li>\n<\/ul>\n","protected":false},"excerpt":{"rendered":"<p>Za\u017eijte vzru\u0161en\u00ed s Amsterdam Poppers Chill, osv\u011b\u017euj\u00edc\u00edm aromatick\u00fdm poppers, kter\u00fd si rychle z\u00edskal sv\u00e9 m\u00edsto na trhu. Tato mal\u00e1, ale \u00fa\u010dinn\u00e1 lahvi\u010dka, obohacen\u00e1 o vysoce kvalitn\u00ed propyl nitrid, vyvol\u00e1v\u00e1 okam\u017eit\u00e9 \u00fa\u010dinky, neb\u00fdvalou energii a n\u00e1r\u016fst libida. Amsterdam Chill Poppers 10 ml, novinka od renomovan\u00e9 zna\u010dky Amsterdam, je ide\u00e1ln\u00ed jak pro ty z v\u00e1s, kdo objevuj\u00ed poppers poprv\u00e9, tak i pro pravideln\u00e9 u\u017eivatele hledaj\u00edc\u00ed jedine\u010dn\u00fd z\u00e1\u017eitek.  <\/p>\n","protected":false},"featured_media":5383,"comment_status":"open","ping_status":"closed","template":"","meta":{"_acf_changed":false},"product_brand":[],"product_cat":[651,759,661],"product_tag":[817,821,820,819,818],"class_list":{"0":"post-6623","1":"product","2":"type-product","3":"status-publish","4":"has-post-thumbnail","6":"product_cat-male-poppers","7":"product_cat-poppers-cs","8":"product_cat-poppers-na-bazi-nitridu-propylu","9":"product_tag-amsterdam-chill-10-ml-poppers-cs","10":"product_tag-amsterdam-chill-maly","11":"product_tag-chill-amsterdam-poppers-cs","12":"product_tag-poppers-amsterdam-chill-cs","13":"product_tag-poppers-amsterdam-chill-10-ml-cs","15":"first","16":"instock","17":"taxable","18":"shipping-taxable","19":"purchasable","20":"product-type-simple"},"acf":[],"yoast_head":"<!-- This site is optimized with the Yoast SEO plugin v27.3 - https:\/\/yoast.com\/product\/yoast-seo-wordpress\/ -->\n<title>Amsterdam Poppers Chill 10 ml - Poppers Original<\/title>\n<meta name=\"description\" content=\"Prozkoumejte s\u00edlu Amsterdam Poppers Chill. D\u00edky rychl\u00fdm \u00fa\u010dink\u016fm a formuli propyl nitridu je ide\u00e1ln\u00ed i pro za\u010d\u00ednaj\u00edc\u00ed u\u017eivatele. Vyzkou\u0161ejte jej nyn\u00ed!\" \/>\n<meta name=\"robots\" content=\"index, follow, max-snippet:-1, max-image-preview:large, max-video-preview:-1\" \/>\n<link rel=\"canonical\" href=\"https:\/\/poppers-original.eu\/cs\/produkt\/amsterdam-poppers-chill-10-ml\/\" \/>\n<meta property=\"og:locale\" content=\"cs_CZ\" \/>\n<meta property=\"og:type\" content=\"article\" \/>\n<meta property=\"og:title\" content=\"Amsterdam Poppers Chill 10 ml - Poppers Original\" \/>\n<meta property=\"og:description\" content=\"Prozkoumejte s\u00edlu Amsterdam Poppers Chill. D\u00edky rychl\u00fdm \u00fa\u010dink\u016fm a formuli propyl nitridu je ide\u00e1ln\u00ed i pro za\u010d\u00ednaj\u00edc\u00ed u\u017eivatele. Vyzkou\u0161ejte jej nyn\u00ed!\" \/>\n<meta property=\"og:url\" content=\"https:\/\/poppers-original.eu\/cs\/produkt\/amsterdam-poppers-chill-10-ml\/\" \/>\n<meta property=\"og:site_name\" content=\"EU Poppers Sale, Buy Poppers online\" \/>\n<meta property=\"article:modified_time\" content=\"2025-01-04T22:20:05+00:00\" \/>\n<meta property=\"og:image\" content=\"https:\/\/poppers-original.eu\/wp-content\/uploads\/2023\/06\/amsterdam-poppers-chill-10-ml.jpg\" \/>\n\t<meta property=\"og:image:width\" content=\"1000\" \/>\n\t<meta property=\"og:image:height\" content=\"1000\" \/>\n\t<meta property=\"og:image:type\" content=\"image\/jpeg\" \/>\n<meta name=\"twitter:card\" content=\"summary_large_image\" \/>\n<meta name=\"twitter:label1\" content=\"Odhadovan\u00e1 doba \u010dten\u00ed\" \/>\n\t<meta name=\"twitter:data1\" content=\"3 minuty\" \/>\n<script type=\"application\/ld+json\" class=\"yoast-schema-graph\">{\"@context\":\"https:\\\/\\\/schema.org\",\"@graph\":[{\"@type\":\"WebPage\",\"@id\":\"https:\\\/\\\/poppers-original.eu\\\/cs\\\/produkt\\\/amsterdam-poppers-chill-10-ml\\\/\",\"url\":\"https:\\\/\\\/poppers-original.eu\\\/cs\\\/produkt\\\/amsterdam-poppers-chill-10-ml\\\/\",\"name\":\"Amsterdam Poppers Chill 10 ml - Poppers Original\",\"isPartOf\":{\"@id\":\"https:\\\/\\\/poppers-original.eu\\\/cs\\\/#website\"},\"primaryImageOfPage\":{\"@id\":\"https:\\\/\\\/poppers-original.eu\\\/cs\\\/produkt\\\/amsterdam-poppers-chill-10-ml\\\/#primaryimage\"},\"image\":{\"@id\":\"https:\\\/\\\/poppers-original.eu\\\/cs\\\/produkt\\\/amsterdam-poppers-chill-10-ml\\\/#primaryimage\"},\"thumbnailUrl\":\"https:\\\/\\\/poppers-original.eu\\\/wp-content\\\/uploads\\\/2023\\\/06\\\/amsterdam-poppers-chill-10-ml.jpg\",\"datePublished\":\"2023-06-24T17:43:55+00:00\",\"dateModified\":\"2025-01-04T22:20:05+00:00\",\"description\":\"Prozkoumejte s\u00edlu Amsterdam Poppers Chill. D\u00edky rychl\u00fdm \u00fa\u010dink\u016fm a formuli propyl nitridu je ide\u00e1ln\u00ed i pro za\u010d\u00ednaj\u00edc\u00ed u\u017eivatele. Vyzkou\u0161ejte jej nyn\u00ed!\",\"breadcrumb\":{\"@id\":\"https:\\\/\\\/poppers-original.eu\\\/cs\\\/produkt\\\/amsterdam-poppers-chill-10-ml\\\/#breadcrumb\"},\"inLanguage\":\"cs\",\"potentialAction\":[{\"@type\":\"ReadAction\",\"target\":[\"https:\\\/\\\/poppers-original.eu\\\/cs\\\/produkt\\\/amsterdam-poppers-chill-10-ml\\\/\"]}]},{\"@type\":\"ImageObject\",\"inLanguage\":\"cs\",\"@id\":\"https:\\\/\\\/poppers-original.eu\\\/cs\\\/produkt\\\/amsterdam-poppers-chill-10-ml\\\/#primaryimage\",\"url\":\"https:\\\/\\\/poppers-original.eu\\\/wp-content\\\/uploads\\\/2023\\\/06\\\/amsterdam-poppers-chill-10-ml.jpg\",\"contentUrl\":\"https:\\\/\\\/poppers-original.eu\\\/wp-content\\\/uploads\\\/2023\\\/06\\\/amsterdam-poppers-chill-10-ml.jpg\",\"width\":1000,\"height\":1000,\"caption\":\"Amsterdam Poppers Chill 10 ml\"},{\"@type\":\"BreadcrumbList\",\"@id\":\"https:\\\/\\\/poppers-original.eu\\\/cs\\\/produkt\\\/amsterdam-poppers-chill-10-ml\\\/#breadcrumb\",\"itemListElement\":[{\"@type\":\"ListItem\",\"position\":1,\"name\":\"Home\",\"item\":\"https:\\\/\\\/poppers-original.eu\\\/cs\\\/\"},{\"@type\":\"ListItem\",\"position\":2,\"name\":\"Shop\",\"item\":\"https:\\\/\\\/poppers-original.eu\\\/shop\\\/\"},{\"@type\":\"ListItem\",\"position\":3,\"name\":\"Amsterdam Poppers Chill 10 ml\"}]},{\"@type\":\"WebSite\",\"@id\":\"https:\\\/\\\/poppers-original.eu\\\/cs\\\/#website\",\"url\":\"https:\\\/\\\/poppers-original.eu\\\/cs\\\/\",\"name\":\"Poppers Original, Buy Poppers online\",\"description\":\"Poppers Original\",\"publisher\":{\"@id\":\"https:\\\/\\\/poppers-original.eu\\\/cs\\\/#organization\"},\"potentialAction\":[{\"@type\":\"SearchAction\",\"target\":{\"@type\":\"EntryPoint\",\"urlTemplate\":\"https:\\\/\\\/poppers-original.eu\\\/cs\\\/?s={search_term_string}\"},\"query-input\":{\"@type\":\"PropertyValueSpecification\",\"valueRequired\":true,\"valueName\":\"search_term_string\"}}],\"inLanguage\":\"cs\"},{\"@type\":\"Organization\",\"@id\":\"https:\\\/\\\/poppers-original.eu\\\/cs\\\/#organization\",\"name\":\"Poppers Sale, Buy Poppers online\",\"url\":\"https:\\\/\\\/poppers-original.eu\\\/cs\\\/\",\"logo\":{\"@type\":\"ImageObject\",\"inLanguage\":\"cs\",\"@id\":\"https:\\\/\\\/poppers-original.eu\\\/cs\\\/#\\\/schema\\\/logo\\\/image\\\/\",\"url\":\"https:\\\/\\\/poppers-original.eu\\\/wp-content\\\/uploads\\\/2023\\\/05\\\/poppers-original-logo.png\",\"contentUrl\":\"https:\\\/\\\/poppers-original.eu\\\/wp-content\\\/uploads\\\/2023\\\/05\\\/poppers-original-logo.png\",\"width\":790,\"height\":150,\"caption\":\"Poppers Sale, Buy Poppers online\"},\"image\":{\"@id\":\"https:\\\/\\\/poppers-original.eu\\\/cs\\\/#\\\/schema\\\/logo\\\/image\\\/\"}}]}<\/script>\n<!-- \/ Yoast SEO plugin. -->","yoast_head_json":{"title":"Amsterdam Poppers Chill 10 ml - Poppers Original","description":"Prozkoumejte s\u00edlu Amsterdam Poppers Chill. D\u00edky rychl\u00fdm \u00fa\u010dink\u016fm a formuli propyl nitridu je ide\u00e1ln\u00ed i pro za\u010d\u00ednaj\u00edc\u00ed u\u017eivatele. Vyzkou\u0161ejte jej nyn\u00ed!","robots":{"index":"index","follow":"follow","max-snippet":"max-snippet:-1","max-image-preview":"max-image-preview:large","max-video-preview":"max-video-preview:-1"},"canonical":"https:\/\/poppers-original.eu\/cs\/produkt\/amsterdam-poppers-chill-10-ml\/","og_locale":"cs_CZ","og_type":"article","og_title":"Amsterdam Poppers Chill 10 ml - Poppers Original","og_description":"Prozkoumejte s\u00edlu Amsterdam Poppers Chill. D\u00edky rychl\u00fdm \u00fa\u010dink\u016fm a formuli propyl nitridu je ide\u00e1ln\u00ed i pro za\u010d\u00ednaj\u00edc\u00ed u\u017eivatele. Vyzkou\u0161ejte jej nyn\u00ed!","og_url":"https:\/\/poppers-original.eu\/cs\/produkt\/amsterdam-poppers-chill-10-ml\/","og_site_name":"EU Poppers Sale, Buy Poppers online","article_modified_time":"2025-01-04T22:20:05+00:00","og_image":[{"width":1000,"height":1000,"url":"https:\/\/poppers-original.eu\/wp-content\/uploads\/2023\/06\/amsterdam-poppers-chill-10-ml.jpg","type":"image\/jpeg"}],"twitter_card":"summary_large_image","twitter_misc":{"Odhadovan\u00e1 doba \u010dten\u00ed":"3 minuty"},"schema":{"@context":"https:\/\/schema.org","@graph":[{"@type":"WebPage","@id":"https:\/\/poppers-original.eu\/cs\/produkt\/amsterdam-poppers-chill-10-ml\/","url":"https:\/\/poppers-original.eu\/cs\/produkt\/amsterdam-poppers-chill-10-ml\/","name":"Amsterdam Poppers Chill 10 ml - Poppers Original","isPartOf":{"@id":"https:\/\/poppers-original.eu\/cs\/#website"},"primaryImageOfPage":{"@id":"https:\/\/poppers-original.eu\/cs\/produkt\/amsterdam-poppers-chill-10-ml\/#primaryimage"},"image":{"@id":"https:\/\/poppers-original.eu\/cs\/produkt\/amsterdam-poppers-chill-10-ml\/#primaryimage"},"thumbnailUrl":"https:\/\/poppers-original.eu\/wp-content\/uploads\/2023\/06\/amsterdam-poppers-chill-10-ml.jpg","datePublished":"2023-06-24T17:43:55+00:00","dateModified":"2025-01-04T22:20:05+00:00","description":"Prozkoumejte s\u00edlu Amsterdam Poppers Chill. D\u00edky rychl\u00fdm \u00fa\u010dink\u016fm a formuli propyl nitridu je ide\u00e1ln\u00ed i pro za\u010d\u00ednaj\u00edc\u00ed u\u017eivatele. Vyzkou\u0161ejte jej nyn\u00ed!","breadcrumb":{"@id":"https:\/\/poppers-original.eu\/cs\/produkt\/amsterdam-poppers-chill-10-ml\/#breadcrumb"},"inLanguage":"cs","potentialAction":[{"@type":"ReadAction","target":["https:\/\/poppers-original.eu\/cs\/produkt\/amsterdam-poppers-chill-10-ml\/"]}]},{"@type":"ImageObject","inLanguage":"cs","@id":"https:\/\/poppers-original.eu\/cs\/produkt\/amsterdam-poppers-chill-10-ml\/#primaryimage","url":"https:\/\/poppers-original.eu\/wp-content\/uploads\/2023\/06\/amsterdam-poppers-chill-10-ml.jpg","contentUrl":"https:\/\/poppers-original.eu\/wp-content\/uploads\/2023\/06\/amsterdam-poppers-chill-10-ml.jpg","width":1000,"height":1000,"caption":"Amsterdam Poppers Chill 10 ml"},{"@type":"BreadcrumbList","@id":"https:\/\/poppers-original.eu\/cs\/produkt\/amsterdam-poppers-chill-10-ml\/#breadcrumb","itemListElement":[{"@type":"ListItem","position":1,"name":"Home","item":"https:\/\/poppers-original.eu\/cs\/"},{"@type":"ListItem","position":2,"name":"Shop","item":"https:\/\/poppers-original.eu\/shop\/"},{"@type":"ListItem","position":3,"name":"Amsterdam Poppers Chill 10 ml"}]},{"@type":"WebSite","@id":"https:\/\/poppers-original.eu\/cs\/#website","url":"https:\/\/poppers-original.eu\/cs\/","name":"Poppers Original, Buy Poppers online","description":"Poppers Original","publisher":{"@id":"https:\/\/poppers-original.eu\/cs\/#organization"},"potentialAction":[{"@type":"SearchAction","target":{"@type":"EntryPoint","urlTemplate":"https:\/\/poppers-original.eu\/cs\/?s={search_term_string}"},"query-input":{"@type":"PropertyValueSpecification","valueRequired":true,"valueName":"search_term_string"}}],"inLanguage":"cs"},{"@type":"Organization","@id":"https:\/\/poppers-original.eu\/cs\/#organization","name":"Poppers Sale, Buy Poppers online","url":"https:\/\/poppers-original.eu\/cs\/","logo":{"@type":"ImageObject","inLanguage":"cs","@id":"https:\/\/poppers-original.eu\/cs\/#\/schema\/logo\/image\/","url":"https:\/\/poppers-original.eu\/wp-content\/uploads\/2023\/05\/poppers-original-logo.png","contentUrl":"https:\/\/poppers-original.eu\/wp-content\/uploads\/2023\/05\/poppers-original-logo.png","width":790,"height":150,"caption":"Poppers Sale, Buy Poppers online"},"image":{"@id":"https:\/\/poppers-original.eu\/cs\/#\/schema\/logo\/image\/"}}]}},"_links":{"self":[{"href":"https:\/\/poppers-original.eu\/cs\/wp-json\/wp\/v2\/product\/6623","targetHints":{"allow":["GET"]}}],"collection":[{"href":"https:\/\/poppers-original.eu\/cs\/wp-json\/wp\/v2\/product"}],"about":[{"href":"https:\/\/poppers-original.eu\/cs\/wp-json\/wp\/v2\/types\/product"}],"replies":[{"embeddable":true,"href":"https:\/\/poppers-original.eu\/cs\/wp-json\/wp\/v2\/comments?post=6623"}],"wp:featuredmedia":[{"embeddable":true,"href":"https:\/\/poppers-original.eu\/cs\/wp-json\/wp\/v2\/media\/5383"}],"wp:attachment":[{"href":"https:\/\/poppers-original.eu\/cs\/wp-json\/wp\/v2\/media?parent=6623"}],"wp:term":[{"taxonomy":"product_brand","embeddable":true,"href":"https:\/\/poppers-original.eu\/cs\/wp-json\/wp\/v2\/product_brand?post=6623"},{"taxonomy":"product_cat","embeddable":true,"href":"https:\/\/poppers-original.eu\/cs\/wp-json\/wp\/v2\/product_cat?post=6623"},{"taxonomy":"product_tag","embeddable":true,"href":"https:\/\/poppers-original.eu\/cs\/wp-json\/wp\/v2\/product_tag?post=6623"}],"curies":[{"name":"wp","href":"https:\/\/api.w.org\/{rel}","templated":true}]}}