{"id":6622,"date":"2023-06-25T19:47:52","date_gmt":"2023-06-25T18:47:52","guid":{"rendered":"https:\/\/poppers-original.eu\/product\/poppers-blue-lad-original-10-ml\/"},"modified":"2025-01-03T16:27:20","modified_gmt":"2025-01-03T15:27:20","slug":"poppers-blue-lad-original-10-ml","status":"publish","type":"product","link":"https:\/\/poppers-original.eu\/cs\/produkt\/poppers-blue-lad-original-10-ml\/","title":{"rendered":"Poppers Blue Lad Original 10 ml"},"content":{"rendered":"<p>P\u0159edstavujeme v\u00e1m Poppers Blue Lad Original 10 ml, pr\u016flom v oblasti erotick\u00fdch v\u016fn\u00ed. Tento poppers s v\u00fdrazn\u00fdm slo\u017een\u00edm propyl nitridu vyvol\u00e1v\u00e1 skvostn\u00e9 pocity, d\u00edky \u010demu\u017e je pro milovn\u00edky vzru\u0161uj\u00edc\u00edch z\u00e1\u017eitk\u016f produktem, bez kter\u00e9ho se neobejdou. A\u0165 u\u017e jde o zv\u00fd\u0161en\u00ed va\u0161eho libida, nebo o vychutn\u00e1n\u00ed euforick\u00fdch okam\u017eik\u016f, lahvi\u010dka Blue Lad Original v\u00e1s nezklame.  <\/p>\n<h2>S\u00edla lahvi\u010dky Blue Lad Original 10 ml<\/h2>\n<p>Tento \u010disti\u010d ko\u017een\u00fdch materi\u00e1l\u016f, proslul\u00fd svou \u00fa\u010dinnou formul\u00ed, v\u00fdznamn\u011b zvy\u0161uje pro\u017e\u00edv\u00e1n\u00ed pocit\u016f. Jeho ohromuj\u00edc\u00ed s\u00edla, vypl\u00fdvaj\u00edc\u00ed z vysok\u00e9ho obsahu propylu, v\u00e1m dod\u00e1 zd\u00e1nliv\u011b nekone\u010dn\u00fd proud euforie a vzru\u0161en\u00ed. Sta\u010d\u00ed jej n\u011bkolikr\u00e1t pou\u017e\u00edt a jeho \u00fa\u010dinnost si sami ov\u011b\u0159\u00edte. D\u00edky n\u011bmu budou va\u0161e ve\u010dery v\u00fdjime\u010dn\u011bj\u0161\u00edmi.  <\/p>\n<h2>Pro\u010d si vybrat zrovna Poppers Blue Lad Original?<\/h2>\n<p>Volba Poppers Blue Lad Original znamen\u00e1 rozhodnout se pro jedine\u010dn\u00fd a dlouhotrvaj\u00edc\u00ed z\u00e1\u017eitek. N\u00e1\u0161 produkt v\u00e1s ur\u010dit\u011b p\u0159ekvap\u00ed svou intenzitou a v\u00fddr\u017e\u00ed. Tento \u010disti\u010d ko\u017een\u00fdch materi\u00e1l\u016f vynik\u00e1 na cel\u00e9 \u010d\u00e1\u0159e, od probuzen\u00ed va\u0161eho libida a\u017e po vyvol\u00e1n\u00ed nev\u00eddan\u00e9ho vzru\u0161en\u00ed. Va\u0161e nejhlub\u0161\u00ed touhy zcela jist\u011b napln\u00ed.   <\/p>\n<h2>Kupte si Poppers Blue Lad Original u\u017e dnes<\/h2>\n<p>V\u00e1h\u00e1te, zda si Poppers Blue Lad Original zakoupit? Tak u\u017e nev\u00e1hejte. Toto pozoruhodn\u00e9 aroma v\u00e1s p\u0159ekvap\u00ed sv\u00fdmi neuv\u011b\u0159iteln\u00fdmi \u00fa\u010dinky, je\u017e zvy\u0161uj\u00ed relaxaci a touhu. Kupte si ho u\u017e nyn\u00ed, a\u0165 si m\u016f\u017eete dop\u0159\u00e1t pot\u011b\u0161en\u00ed a poc\u00edtit ten rozd\u00edl!   <\/p>\n<h2>Nov\u00fd modr\u00fd z\u00e1\u017eitek<\/h2>\n<p>Hled\u00e1te nov\u00fd a vzru\u0161uj\u00edc\u00ed z\u00e1\u017eitek? Poppers Blue Lad Original je skv\u011blou n\u00e1hradou za klasick\u00e9 Blue Boy Poppers. Jeho pokro\u010dil\u00e1 formule dod\u00e1v\u00e1 povzbudiv\u00fd pocit, co\u017e v\u00e1m umo\u017e\u0148uje pono\u0159it se do stavu bla\u017eenosti. Vyzkou\u0161ejte tento \u0161pi\u010dkov\u00fd produkt nyn\u00ed a za\u017eijte nezapomenuteln\u00fd vrchol a n\u00e1dhern\u00e9 uvoln\u011bn\u00ed. Pokud byste cht\u011bli podobn\u00fd poppers na b\u00e1zi propylu, ale preferujete v\u011bt\u0161\u00ed velikost lahvi\u010dky, zva\u017ete n\u00e1\u0161 <a href=\"https:\/\/poppers-original.eu\/cs\/produkt\/liquid-xl-gold-poppers-aroma-new-formula-24-ml\/\">Liquid XL Gold Poppers Aroma<\/a> Nov\u00e1 formule 24 ml.   <\/p>\n<p><strong>Obsah balen\u00ed:<\/strong><\/p>\n<ul>\n<li>1x Blue Lad Original Aroma 10 ml<\/li>\n<\/ul>\n<p><strong>Vlastnosti:<\/strong><\/p>\n<ul>\n<li>Ofici\u00e1ln\u00ed n\u00e1zev: Poppers Blue Lad Original 10 ml<\/li>\n<li>Obsah: 10 ml<\/li>\n<li>S\u00edla: 3\/5<\/li>\n<li>Bezpe\u010dn\u00e9 otev\u00edr\u00e1n\u00ed: s bezpe\u010dnostn\u00edm uz\u00e1v\u011brem<\/li>\n<li>Power Pak Pellets\u2122 (PPP) pro zaji\u0161t\u011bn\u00ed dlouhodob\u00e9 \u010distoty.<\/li>\n<li>Znovu uzav\u00edrateln\u00e9 polykonov\u00e9 v\u00ed\u010dko pro zachov\u00e1n\u00ed s\u00edly.<\/li>\n<li>Zbo\u017e\u00ed ka\u017ed\u00fd t\u00fdden obm\u011b\u0148ujeme pro zaji\u0161t\u011bn\u00ed \u010derstvosti.<\/li>\n<li>(CAS 541-42-4) Isopropyl nitrit + Propan-2-ol (CAS 67-63-0) Isopropyl<\/li>\n<li>Garance spokojenosti bu\u010f vr\u00e1cen\u00edm pen\u011bz, nebo v\u00fdm\u011bnou produktu.<\/li>\n<li>V\u00fdrobce: Funline\u00ae Laboratory<\/li>\n<li>Vyrobeno ve Francii<\/li>\n<\/ul>\n","protected":false},"excerpt":{"rendered":"<p>Objevte vzru\u0161uj\u00edc\u00ed sv\u011bt Poppers Blue Lad Original 10 ml, co\u017e je unik\u00e1tn\u00ed sm\u011bs vyvol\u00e1vaj\u00edc\u00ed n\u00e1dhern\u00e9 pocity a intenzivn\u00ed z\u00e1\u017eitky. Toto inovativn\u00ed aroma, bohat\u00e9 na propyl nitrid, vynik\u00e1 jako jeden z nejsiln\u011bj\u0161\u00edch dostupn\u00fdch poppers. Jeho pozoruhodn\u00e1 s\u00edla a dlouhotrvaj\u00edc\u00ed \u00fa\u010dinky z n\u011bj d\u011blaj\u00ed neodolatelnou volbu pro speci\u00e1ln\u00ed ve\u010dery a nov\u00e9, vzru\u0161uj\u00edc\u00ed z\u00e1\u017eitky. A\u0165 u\u017e se sna\u017e\u00edte pos\u00edlit sv\u00e9 libido, nebo sd\u00edlet euforick\u00e9 okam\u017eiky, Poppers Blue Lad Original je p\u0159ipraven splnit va\u0161e o\u010dek\u00e1v\u00e1n\u00ed.   <\/p>\n","protected":false},"featured_media":5387,"comment_status":"open","ping_status":"closed","template":"","meta":{"_acf_changed":false},"product_brand":[],"product_cat":[651,759,661],"product_tag":[812,816,811,813,814,815,810,809,808],"class_list":{"0":"post-6622","1":"product","2":"type-product","3":"status-publish","4":"has-post-thumbnail","6":"product_cat-male-poppers","7":"product_cat-poppers-cs","8":"product_cat-poppers-na-bazi-nitridu-propylu","9":"product_tag-blue-lad-cistic-kozenych-materialu","10":"product_tag-blue-lad-original-cs","11":"product_tag-blue-lad-poppers-cs","12":"product_tag-blue-lad-poppers-maly","13":"product_tag-mala-lahvicka-blue-lad","14":"product_tag-original-blue-lad-cs","15":"product_tag-poppers-blue-lad-cs","16":"product_tag-poppers-blue-lad-original-cs","17":"product_tag-poppers-blue-lad-original-10-ml-cs","19":"first","20":"instock","21":"taxable","22":"shipping-taxable","23":"purchasable","24":"product-type-simple"},"acf":[],"yoast_head":"<!-- This site is optimized with the Yoast SEO plugin v27.3 - https:\/\/yoast.com\/product\/yoast-seo-wordpress\/ -->\n<title>Poppers Blue Lad Original 10 ml - Poppers Original<\/title>\n<meta name=\"description\" content=\"Za\u017eijte nep\u0159ekonateln\u00e9 pocity s Poppers Blue Lad Original. Vychutnejte si intenzitu speci\u00e1ln\u00edch okam\u017eik\u016f. Nakupte nyn\u00ed a objevte mimo\u0159\u00e1dn\u00e9 vzru\u0161en\u00ed!\" \/>\n<meta name=\"robots\" content=\"index, follow, max-snippet:-1, max-image-preview:large, max-video-preview:-1\" \/>\n<link rel=\"canonical\" href=\"https:\/\/poppers-original.eu\/cs\/produkt\/poppers-blue-lad-original-10-ml\/\" \/>\n<meta property=\"og:locale\" content=\"cs_CZ\" \/>\n<meta property=\"og:type\" content=\"article\" \/>\n<meta property=\"og:title\" content=\"Poppers Blue Lad Original 10 ml - Poppers Original\" \/>\n<meta property=\"og:description\" content=\"Za\u017eijte nep\u0159ekonateln\u00e9 pocity s Poppers Blue Lad Original. Vychutnejte si intenzitu speci\u00e1ln\u00edch okam\u017eik\u016f. Nakupte nyn\u00ed a objevte mimo\u0159\u00e1dn\u00e9 vzru\u0161en\u00ed!\" \/>\n<meta property=\"og:url\" content=\"https:\/\/poppers-original.eu\/cs\/produkt\/poppers-blue-lad-original-10-ml\/\" \/>\n<meta property=\"og:site_name\" content=\"EU Poppers Sale, Buy Poppers online\" \/>\n<meta property=\"article:modified_time\" content=\"2025-01-03T15:27:20+00:00\" \/>\n<meta property=\"og:image\" content=\"https:\/\/poppers-original.eu\/wp-content\/uploads\/2023\/06\/poppers-blue-lad-original-10-ml.jpg\" \/>\n\t<meta property=\"og:image:width\" content=\"1000\" \/>\n\t<meta property=\"og:image:height\" content=\"1000\" \/>\n\t<meta property=\"og:image:type\" content=\"image\/jpeg\" \/>\n<meta name=\"twitter:card\" content=\"summary_large_image\" \/>\n<meta name=\"twitter:label1\" content=\"Odhadovan\u00e1 doba \u010dten\u00ed\" \/>\n\t<meta name=\"twitter:data1\" content=\"2 minuty\" \/>\n<script type=\"application\/ld+json\" class=\"yoast-schema-graph\">{\"@context\":\"https:\\\/\\\/schema.org\",\"@graph\":[{\"@type\":\"WebPage\",\"@id\":\"https:\\\/\\\/poppers-original.eu\\\/cs\\\/produkt\\\/poppers-blue-lad-original-10-ml\\\/\",\"url\":\"https:\\\/\\\/poppers-original.eu\\\/cs\\\/produkt\\\/poppers-blue-lad-original-10-ml\\\/\",\"name\":\"Poppers Blue Lad Original 10 ml - Poppers Original\",\"isPartOf\":{\"@id\":\"https:\\\/\\\/poppers-original.eu\\\/cs\\\/#website\"},\"primaryImageOfPage\":{\"@id\":\"https:\\\/\\\/poppers-original.eu\\\/cs\\\/produkt\\\/poppers-blue-lad-original-10-ml\\\/#primaryimage\"},\"image\":{\"@id\":\"https:\\\/\\\/poppers-original.eu\\\/cs\\\/produkt\\\/poppers-blue-lad-original-10-ml\\\/#primaryimage\"},\"thumbnailUrl\":\"https:\\\/\\\/poppers-original.eu\\\/wp-content\\\/uploads\\\/2023\\\/06\\\/poppers-blue-lad-original-10-ml.jpg\",\"datePublished\":\"2023-06-25T18:47:52+00:00\",\"dateModified\":\"2025-01-03T15:27:20+00:00\",\"description\":\"Za\u017eijte nep\u0159ekonateln\u00e9 pocity s Poppers Blue Lad Original. Vychutnejte si intenzitu speci\u00e1ln\u00edch okam\u017eik\u016f. Nakupte nyn\u00ed a objevte mimo\u0159\u00e1dn\u00e9 vzru\u0161en\u00ed!\",\"breadcrumb\":{\"@id\":\"https:\\\/\\\/poppers-original.eu\\\/cs\\\/produkt\\\/poppers-blue-lad-original-10-ml\\\/#breadcrumb\"},\"inLanguage\":\"cs\",\"potentialAction\":[{\"@type\":\"ReadAction\",\"target\":[\"https:\\\/\\\/poppers-original.eu\\\/cs\\\/produkt\\\/poppers-blue-lad-original-10-ml\\\/\"]}]},{\"@type\":\"ImageObject\",\"inLanguage\":\"cs\",\"@id\":\"https:\\\/\\\/poppers-original.eu\\\/cs\\\/produkt\\\/poppers-blue-lad-original-10-ml\\\/#primaryimage\",\"url\":\"https:\\\/\\\/poppers-original.eu\\\/wp-content\\\/uploads\\\/2023\\\/06\\\/poppers-blue-lad-original-10-ml.jpg\",\"contentUrl\":\"https:\\\/\\\/poppers-original.eu\\\/wp-content\\\/uploads\\\/2023\\\/06\\\/poppers-blue-lad-original-10-ml.jpg\",\"width\":1000,\"height\":1000,\"caption\":\"Poppers Blue Lad Original 10 ml\"},{\"@type\":\"BreadcrumbList\",\"@id\":\"https:\\\/\\\/poppers-original.eu\\\/cs\\\/produkt\\\/poppers-blue-lad-original-10-ml\\\/#breadcrumb\",\"itemListElement\":[{\"@type\":\"ListItem\",\"position\":1,\"name\":\"Home\",\"item\":\"https:\\\/\\\/poppers-original.eu\\\/cs\\\/\"},{\"@type\":\"ListItem\",\"position\":2,\"name\":\"Shop\",\"item\":\"https:\\\/\\\/poppers-original.eu\\\/shop\\\/\"},{\"@type\":\"ListItem\",\"position\":3,\"name\":\"Poppers Blue Lad Original 10 ml\"}]},{\"@type\":\"WebSite\",\"@id\":\"https:\\\/\\\/poppers-original.eu\\\/cs\\\/#website\",\"url\":\"https:\\\/\\\/poppers-original.eu\\\/cs\\\/\",\"name\":\"Poppers Original, Buy Poppers online\",\"description\":\"Poppers Original\",\"publisher\":{\"@id\":\"https:\\\/\\\/poppers-original.eu\\\/cs\\\/#organization\"},\"potentialAction\":[{\"@type\":\"SearchAction\",\"target\":{\"@type\":\"EntryPoint\",\"urlTemplate\":\"https:\\\/\\\/poppers-original.eu\\\/cs\\\/?s={search_term_string}\"},\"query-input\":{\"@type\":\"PropertyValueSpecification\",\"valueRequired\":true,\"valueName\":\"search_term_string\"}}],\"inLanguage\":\"cs\"},{\"@type\":\"Organization\",\"@id\":\"https:\\\/\\\/poppers-original.eu\\\/cs\\\/#organization\",\"name\":\"Poppers Sale, Buy Poppers online\",\"url\":\"https:\\\/\\\/poppers-original.eu\\\/cs\\\/\",\"logo\":{\"@type\":\"ImageObject\",\"inLanguage\":\"cs\",\"@id\":\"https:\\\/\\\/poppers-original.eu\\\/cs\\\/#\\\/schema\\\/logo\\\/image\\\/\",\"url\":\"https:\\\/\\\/poppers-original.eu\\\/wp-content\\\/uploads\\\/2023\\\/05\\\/poppers-original-logo.png\",\"contentUrl\":\"https:\\\/\\\/poppers-original.eu\\\/wp-content\\\/uploads\\\/2023\\\/05\\\/poppers-original-logo.png\",\"width\":790,\"height\":150,\"caption\":\"Poppers Sale, Buy Poppers online\"},\"image\":{\"@id\":\"https:\\\/\\\/poppers-original.eu\\\/cs\\\/#\\\/schema\\\/logo\\\/image\\\/\"}}]}<\/script>\n<!-- \/ Yoast SEO plugin. -->","yoast_head_json":{"title":"Poppers Blue Lad Original 10 ml - Poppers Original","description":"Za\u017eijte nep\u0159ekonateln\u00e9 pocity s Poppers Blue Lad Original. Vychutnejte si intenzitu speci\u00e1ln\u00edch okam\u017eik\u016f. Nakupte nyn\u00ed a objevte mimo\u0159\u00e1dn\u00e9 vzru\u0161en\u00ed!","robots":{"index":"index","follow":"follow","max-snippet":"max-snippet:-1","max-image-preview":"max-image-preview:large","max-video-preview":"max-video-preview:-1"},"canonical":"https:\/\/poppers-original.eu\/cs\/produkt\/poppers-blue-lad-original-10-ml\/","og_locale":"cs_CZ","og_type":"article","og_title":"Poppers Blue Lad Original 10 ml - Poppers Original","og_description":"Za\u017eijte nep\u0159ekonateln\u00e9 pocity s Poppers Blue Lad Original. Vychutnejte si intenzitu speci\u00e1ln\u00edch okam\u017eik\u016f. Nakupte nyn\u00ed a objevte mimo\u0159\u00e1dn\u00e9 vzru\u0161en\u00ed!","og_url":"https:\/\/poppers-original.eu\/cs\/produkt\/poppers-blue-lad-original-10-ml\/","og_site_name":"EU Poppers Sale, Buy Poppers online","article_modified_time":"2025-01-03T15:27:20+00:00","og_image":[{"width":1000,"height":1000,"url":"https:\/\/poppers-original.eu\/wp-content\/uploads\/2023\/06\/poppers-blue-lad-original-10-ml.jpg","type":"image\/jpeg"}],"twitter_card":"summary_large_image","twitter_misc":{"Odhadovan\u00e1 doba \u010dten\u00ed":"2 minuty"},"schema":{"@context":"https:\/\/schema.org","@graph":[{"@type":"WebPage","@id":"https:\/\/poppers-original.eu\/cs\/produkt\/poppers-blue-lad-original-10-ml\/","url":"https:\/\/poppers-original.eu\/cs\/produkt\/poppers-blue-lad-original-10-ml\/","name":"Poppers Blue Lad Original 10 ml - Poppers Original","isPartOf":{"@id":"https:\/\/poppers-original.eu\/cs\/#website"},"primaryImageOfPage":{"@id":"https:\/\/poppers-original.eu\/cs\/produkt\/poppers-blue-lad-original-10-ml\/#primaryimage"},"image":{"@id":"https:\/\/poppers-original.eu\/cs\/produkt\/poppers-blue-lad-original-10-ml\/#primaryimage"},"thumbnailUrl":"https:\/\/poppers-original.eu\/wp-content\/uploads\/2023\/06\/poppers-blue-lad-original-10-ml.jpg","datePublished":"2023-06-25T18:47:52+00:00","dateModified":"2025-01-03T15:27:20+00:00","description":"Za\u017eijte nep\u0159ekonateln\u00e9 pocity s Poppers Blue Lad Original. Vychutnejte si intenzitu speci\u00e1ln\u00edch okam\u017eik\u016f. Nakupte nyn\u00ed a objevte mimo\u0159\u00e1dn\u00e9 vzru\u0161en\u00ed!","breadcrumb":{"@id":"https:\/\/poppers-original.eu\/cs\/produkt\/poppers-blue-lad-original-10-ml\/#breadcrumb"},"inLanguage":"cs","potentialAction":[{"@type":"ReadAction","target":["https:\/\/poppers-original.eu\/cs\/produkt\/poppers-blue-lad-original-10-ml\/"]}]},{"@type":"ImageObject","inLanguage":"cs","@id":"https:\/\/poppers-original.eu\/cs\/produkt\/poppers-blue-lad-original-10-ml\/#primaryimage","url":"https:\/\/poppers-original.eu\/wp-content\/uploads\/2023\/06\/poppers-blue-lad-original-10-ml.jpg","contentUrl":"https:\/\/poppers-original.eu\/wp-content\/uploads\/2023\/06\/poppers-blue-lad-original-10-ml.jpg","width":1000,"height":1000,"caption":"Poppers Blue Lad Original 10 ml"},{"@type":"BreadcrumbList","@id":"https:\/\/poppers-original.eu\/cs\/produkt\/poppers-blue-lad-original-10-ml\/#breadcrumb","itemListElement":[{"@type":"ListItem","position":1,"name":"Home","item":"https:\/\/poppers-original.eu\/cs\/"},{"@type":"ListItem","position":2,"name":"Shop","item":"https:\/\/poppers-original.eu\/shop\/"},{"@type":"ListItem","position":3,"name":"Poppers Blue Lad Original 10 ml"}]},{"@type":"WebSite","@id":"https:\/\/poppers-original.eu\/cs\/#website","url":"https:\/\/poppers-original.eu\/cs\/","name":"Poppers Original, Buy Poppers online","description":"Poppers Original","publisher":{"@id":"https:\/\/poppers-original.eu\/cs\/#organization"},"potentialAction":[{"@type":"SearchAction","target":{"@type":"EntryPoint","urlTemplate":"https:\/\/poppers-original.eu\/cs\/?s={search_term_string}"},"query-input":{"@type":"PropertyValueSpecification","valueRequired":true,"valueName":"search_term_string"}}],"inLanguage":"cs"},{"@type":"Organization","@id":"https:\/\/poppers-original.eu\/cs\/#organization","name":"Poppers Sale, Buy Poppers online","url":"https:\/\/poppers-original.eu\/cs\/","logo":{"@type":"ImageObject","inLanguage":"cs","@id":"https:\/\/poppers-original.eu\/cs\/#\/schema\/logo\/image\/","url":"https:\/\/poppers-original.eu\/wp-content\/uploads\/2023\/05\/poppers-original-logo.png","contentUrl":"https:\/\/poppers-original.eu\/wp-content\/uploads\/2023\/05\/poppers-original-logo.png","width":790,"height":150,"caption":"Poppers Sale, Buy Poppers online"},"image":{"@id":"https:\/\/poppers-original.eu\/cs\/#\/schema\/logo\/image\/"}}]}},"_links":{"self":[{"href":"https:\/\/poppers-original.eu\/cs\/wp-json\/wp\/v2\/product\/6622","targetHints":{"allow":["GET"]}}],"collection":[{"href":"https:\/\/poppers-original.eu\/cs\/wp-json\/wp\/v2\/product"}],"about":[{"href":"https:\/\/poppers-original.eu\/cs\/wp-json\/wp\/v2\/types\/product"}],"replies":[{"embeddable":true,"href":"https:\/\/poppers-original.eu\/cs\/wp-json\/wp\/v2\/comments?post=6622"}],"wp:featuredmedia":[{"embeddable":true,"href":"https:\/\/poppers-original.eu\/cs\/wp-json\/wp\/v2\/media\/5387"}],"wp:attachment":[{"href":"https:\/\/poppers-original.eu\/cs\/wp-json\/wp\/v2\/media?parent=6622"}],"wp:term":[{"taxonomy":"product_brand","embeddable":true,"href":"https:\/\/poppers-original.eu\/cs\/wp-json\/wp\/v2\/product_brand?post=6622"},{"taxonomy":"product_cat","embeddable":true,"href":"https:\/\/poppers-original.eu\/cs\/wp-json\/wp\/v2\/product_cat?post=6622"},{"taxonomy":"product_tag","embeddable":true,"href":"https:\/\/poppers-original.eu\/cs\/wp-json\/wp\/v2\/product_tag?post=6622"}],"curies":[{"name":"wp","href":"https:\/\/api.w.org\/{rel}","templated":true}]}}