{"id":6621,"date":"2023-06-26T10:09:41","date_gmt":"2023-06-26T09:09:41","guid":{"rendered":"https:\/\/poppers-original.eu\/product\/poppers-100-amyl-13-ml\/"},"modified":"2025-08-08T16:10:53","modified_gmt":"2025-08-08T15:10:53","slug":"poppers-100-amyl-13-ml","status":"publish","type":"product","link":"https:\/\/poppers-original.eu\/cs\/produkt\/poppers-100-amyl-13-ml\/","title":{"rendered":"Poppers 100% Amyl 13 ml"},"content":{"rendered":"<p>Vstupte do sv\u011bta mimo\u0159\u00e1dn\u00fdch pocit\u016f s Poppers 100% Amyl. Toto v\u00fdjime\u010dn\u00e9 aroma s pr\u00e9miovou formul\u00ed amyl nitridu pr\u00e1v\u011b p\u0159i\u0161lo do e-shopu [Poppers Original] a mezi fanou\u0161ky ji\u017e bud\u00ed nad\u0161en\u00ed. Jeho extr\u00e9mn\u00ed s\u00edla poch\u00e1z\u00ed ze 100% amylov\u00e9ho slo\u017een\u00ed, co\u017e slibuje rychl\u00e9 a intenzivn\u00ed \u00fa\u010dinky.  <\/p>\n<h2>Pro\u010d si tento speci\u00e1ln\u00ed poppers po\u0159\u00eddit?<\/h2>\n<p>Poppers 100% Amyl nen\u00ed jen dal\u0161\u00ed pokojov\u00e9 aroma; je to p\u0159edev\u0161\u00edm z\u00e1\u017eitek. Jeho p\u016fsobiv\u00fd \u00fa\u010dinek na va\u0161e touhy a smyslnost pozn\u00e1te ji\u017e po prvn\u00edm pou\u017eit\u00ed. Toto aroma, zn\u00e1m\u00e9 pro svou schopnost zlep\u0161it fyzickou vytrvalost, je hitem mezi n\u00e1v\u0161t\u011bvn\u00edky klub\u016f a t\u011bmi, kte\u0159\u00ed tou\u017e\u00ed podat obdivuhodn\u00fd celono\u010dn\u00ed v\u00fdkon. Jeho dlouhotrvaj\u00edc\u00ed \u00fa\u010dinky snadno p\u0159ekonaj\u00ed oby\u010dejn\u00e9 propyl poppers a u\u017eivatel\u016fm zaru\u010d\u00ed nezapomenuteln\u00e9 okam\u017eiky.   <\/p>\n<h2>Uvoln\u011bte s\u00edlu aromatu 100% Amyl<\/h2>\n<p>Za\u017eijte novou \u00farove\u0148 euforie se 100% Amyl Poppers. Tato speci\u00e1ln\u00ed sm\u011bs slibuje rychl\u00e9 euforick\u00e9 vzestupy a stimulaci va\u0161ich nejdivo\u010dej\u0161\u00edch tu\u017eeb. Je tak\u00e9 zn\u00e1ma svou schopnost\u00ed zv\u00fd\u0161it hladinu energie a zlep\u0161it celkov\u00fd z\u00e1\u017eitek. Tento mal\u00fd klenot je skute\u010dn\u011b koncentrovan\u00fdm zdrojem vitality, p\u0159edur\u010den\u00fdm k tomu, aby byly va\u0161e chv\u00edle magick\u00e9 a nezapomenuteln\u00e9.   <\/p>\n<h2>Pokojov\u00e9 aroma 100% Amyl: v\u00edce ne\u017e jen s\u00edla<\/h2>\n<p>Poppers 100% Amyl nep\u0159in\u00e1\u0161\u00ed jen s\u00edlu; p\u0159in\u00e1\u0161\u00ed i dlouh\u00e9 trv\u00e1n\u00ed. Tento \u010disti\u010d ko\u017een\u00fdch materi\u00e1l\u016f, vyroben\u00fd v Evrop\u011b, si klade za c\u00edl zv\u00fd\u0161it a prodlou\u017eit va\u0161e speci\u00e1ln\u00ed okam\u017eiky, a va\u0161im z\u00e1\u017eitk\u016fm tak dodat nov\u00fd rozm\u011br. Jeho ultra siln\u00e1 amyl nitridov\u00e1 formule nejen\u017ee intenzitu vn\u00edm\u00e1n\u00ed zv\u00fd\u0161\u00ed, ale tak\u00e9 ji udr\u017e\u00ed, \u010d\u00edm\u017e va\u0161e mimo\u0159\u00e1dn\u00e9 chv\u00edle prodlou\u017e\u00ed.  <\/p>\n<h2>Kupte si Poppers 100% Amyl hned te\u010f<\/h2>\n<p>Jste p\u0159ipraveni za\u017e\u00edt tuto extr\u00e9mn\u00ed s\u00edlu \u010disti\u010de ko\u017een\u00fdch materi\u00e1l\u016f? M\u00e1te p\u0159\u00edle\u017eitost! Nejen\u017ee je Poppers 100% Amyl cenov\u011b dostupn\u00fd, ale hlavn\u011b vynik\u00e1 svou kvalitou. Nijak nev\u00e1hejte a po\u0159i\u010fte si jej, a\u0165 si m\u016f\u017eete tento mimo\u0159\u00e1dn\u00fd produkt n\u00e1le\u017eit\u011b u\u017e\u00edt a sv\u016fj v\u00fdkon v\u00fdznamn\u011b pos\u00edlit. Aroma 100% Amyl zkr\u00e1tka nab\u00edz\u00ed nesrovnatelnou cestu. Zvy\u0161uje citlivost a kapacitu tak, jak jste to je\u0161t\u011b neza\u017eili. Tento v\u00fdkonn\u00fd produkt na trhu byste ur\u010dit\u011b nem\u011bli p\u0159ehl\u00e9dnout! M\u00e1te z\u00e1jem o v\u011bt\u0161\u00ed lahvi\u010dku poppers s nadupanou formul\u00ed amyl nitridu? Prozkoumejte n\u00e1\u0161 <a href=\"https:\/\/poppers-original.eu\/cs\/produkt\/amyl-poppers-25-ml\/\">Amyl Poppers 25 ml<\/a>.   <\/p>\n<p><strong>Obsah balen\u00ed:<\/strong><\/p>\n<ul>\n<li>1x 100% Amyl Aroma 13 ml<\/li>\n<\/ul>\n<p><strong>Vlastnosti:<\/strong><\/p>\n<ul>\n<li>Ofici\u00e1ln\u00ed n\u00e1zev: Poppers 100% Amyl 13 ml<\/li>\n<li>Obsah: 13 ml<\/li>\n<li>S\u00edla: 5\/5<\/li>\n<li>Bezpe\u010dn\u00e9 otev\u00edr\u00e1n\u00ed: s bezpe\u010dnostn\u00edm uz\u00e1v\u011brem<\/li>\n<li>Power Pak Pellets (PPP) pro dlouhodobou \u010distotu.<\/li>\n<li>Znovu uzav\u00edrateln\u00e9 polykonov\u00e9 v\u00ed\u010dko pro zachov\u00e1n\u00ed s\u00edly.<\/li>\n<li>Zbo\u017e\u00ed ka\u017ed\u00fd t\u00fdden obm\u011b\u0148ujeme pro zaji\u0161t\u011bn\u00ed \u010derstvosti.<\/li>\n<li>Amyl Nitrit, Mixed isomers (CAS 110-46-3) + 1-Butanol, 3-methyl (CAS 123-51-3)<\/li>\n<li>Garance spokojenosti bu\u010f vr\u00e1cen\u00edm pen\u011bz, nebo v\u00fdm\u011bnou produktu.<\/li>\n<li>V\u00fdrobce: Funline\u00ae Laboratory<\/li>\n<li>Vyrobeno ve Francii<\/li>\n<\/ul>\n","protected":false},"excerpt":{"rendered":"<p>Poznejte nev\u00eddanou s\u00edlu Poppers 100% Amyl. S jedine\u010dn\u00fdm objemem 13 ml je tato lahvi\u010dka s uz\u00e1v\u011brem, kter\u00fd br\u00e1n\u00ed vyt\u00e9k\u00e1n\u00ed, sou\u010d\u00e1st\u00ed nov\u00e9 kolekce od Funline Laboratory. Toto aroma, nab\u00edzej\u00edc\u00ed okam\u017eit\u00e9 a nesm\u00edrn\u011b siln\u00e9 \u00fa\u010dinky, je vyrobeno z vysoce kvalitn\u00edch nitrid\u016f, kter\u00e9 rozhodn\u011b zv\u00fd\u0161\u00ed va\u0161i v\u00fddr\u017e a zes\u00edl\u00ed va\u0161e touhy. P\u0159ipravte se objevit zcela nov\u00fd pocit!   <\/p>\n","protected":false},"featured_media":5391,"comment_status":"open","ping_status":"closed","template":"","meta":{"_acf_changed":false},"product_brand":[],"product_cat":[651,759,669],"product_tag":[804,807,805,803,806],"class_list":{"0":"post-6621","1":"product","2":"type-product","3":"status-publish","4":"has-post-thumbnail","6":"product_cat-male-poppers","7":"product_cat-poppers-cs","8":"product_cat-poppers-s-amyl-nitridem","9":"product_tag-100-amyl-poppers-cs","10":"product_tag-amyl-100-poppers-stredni-lahvicka","11":"product_tag-poppers-100-amyl-cs","12":"product_tag-poppers-100-amyl-13-ml-cs","13":"product_tag-poppers-na-bazi-amylu","15":"first","16":"instock","17":"sale","18":"taxable","19":"shipping-taxable","20":"purchasable","21":"product-type-simple"},"acf":[],"yoast_head":"<!-- This site is optimized with the Yoast SEO plugin v27.3 - https:\/\/yoast.com\/product\/yoast-seo-wordpress\/ -->\n<title>Poppers 100% Amyl 13 ml - EU Poppers Sale, Buy Poppers online<\/title>\n<meta name=\"description\" content=\"Za\u017eijte extr\u00e9mn\u00ed s\u00edlu Poppers 100% Amyl. Uvoln\u011bte sv\u00e9 touhy a prodlu\u017ete v\u00fddr\u017e. Jste p\u0159ipraveni na dlouhotrvaj\u00edc\u00ed euforii? Kupte si ho hned!\" \/>\n<meta name=\"robots\" content=\"index, follow, max-snippet:-1, max-image-preview:large, max-video-preview:-1\" \/>\n<link rel=\"canonical\" href=\"https:\/\/poppers-original.eu\/cs\/produkt\/poppers-100-amyl-13-ml\/\" \/>\n<meta property=\"og:locale\" content=\"cs_CZ\" \/>\n<meta property=\"og:type\" content=\"article\" \/>\n<meta property=\"og:title\" content=\"Poppers 100% Amyl 13 ml - EU Poppers Sale, Buy Poppers online\" \/>\n<meta property=\"og:description\" content=\"Za\u017eijte extr\u00e9mn\u00ed s\u00edlu Poppers 100% Amyl. Uvoln\u011bte sv\u00e9 touhy a prodlu\u017ete v\u00fddr\u017e. Jste p\u0159ipraveni na dlouhotrvaj\u00edc\u00ed euforii? Kupte si ho hned!\" \/>\n<meta property=\"og:url\" content=\"https:\/\/poppers-original.eu\/cs\/produkt\/poppers-100-amyl-13-ml\/\" \/>\n<meta property=\"og:site_name\" content=\"EU Poppers Sale, Buy Poppers online\" \/>\n<meta property=\"article:modified_time\" content=\"2025-08-08T15:10:53+00:00\" \/>\n<meta property=\"og:image\" content=\"https:\/\/poppers-original.eu\/wp-content\/uploads\/2023\/06\/poppers-100-amyl-13ml.jpg\" \/>\n\t<meta property=\"og:image:width\" content=\"1000\" \/>\n\t<meta property=\"og:image:height\" content=\"1000\" \/>\n\t<meta property=\"og:image:type\" content=\"image\/jpeg\" \/>\n<meta name=\"twitter:card\" content=\"summary_large_image\" \/>\n<meta name=\"twitter:label1\" content=\"Odhadovan\u00e1 doba \u010dten\u00ed\" \/>\n\t<meta name=\"twitter:data1\" content=\"3 minuty\" \/>\n<script type=\"application\/ld+json\" class=\"yoast-schema-graph\">{\"@context\":\"https:\\\/\\\/schema.org\",\"@graph\":[{\"@type\":\"WebPage\",\"@id\":\"https:\\\/\\\/poppers-original.eu\\\/cs\\\/produkt\\\/poppers-100-amyl-13-ml\\\/\",\"url\":\"https:\\\/\\\/poppers-original.eu\\\/cs\\\/produkt\\\/poppers-100-amyl-13-ml\\\/\",\"name\":\"Poppers 100% Amyl 13 ml - EU Poppers Sale, Buy Poppers online\",\"isPartOf\":{\"@id\":\"https:\\\/\\\/poppers-original.eu\\\/cs\\\/#website\"},\"primaryImageOfPage\":{\"@id\":\"https:\\\/\\\/poppers-original.eu\\\/cs\\\/produkt\\\/poppers-100-amyl-13-ml\\\/#primaryimage\"},\"image\":{\"@id\":\"https:\\\/\\\/poppers-original.eu\\\/cs\\\/produkt\\\/poppers-100-amyl-13-ml\\\/#primaryimage\"},\"thumbnailUrl\":\"https:\\\/\\\/poppers-original.eu\\\/wp-content\\\/uploads\\\/2023\\\/06\\\/poppers-100-amyl-13ml.jpg\",\"datePublished\":\"2023-06-26T09:09:41+00:00\",\"dateModified\":\"2025-08-08T15:10:53+00:00\",\"description\":\"Za\u017eijte extr\u00e9mn\u00ed s\u00edlu Poppers 100% Amyl. Uvoln\u011bte sv\u00e9 touhy a prodlu\u017ete v\u00fddr\u017e. Jste p\u0159ipraveni na dlouhotrvaj\u00edc\u00ed euforii? Kupte si ho hned!\",\"breadcrumb\":{\"@id\":\"https:\\\/\\\/poppers-original.eu\\\/cs\\\/produkt\\\/poppers-100-amyl-13-ml\\\/#breadcrumb\"},\"inLanguage\":\"cs\",\"potentialAction\":[{\"@type\":\"ReadAction\",\"target\":[\"https:\\\/\\\/poppers-original.eu\\\/cs\\\/produkt\\\/poppers-100-amyl-13-ml\\\/\"]}]},{\"@type\":\"ImageObject\",\"inLanguage\":\"cs\",\"@id\":\"https:\\\/\\\/poppers-original.eu\\\/cs\\\/produkt\\\/poppers-100-amyl-13-ml\\\/#primaryimage\",\"url\":\"https:\\\/\\\/poppers-original.eu\\\/wp-content\\\/uploads\\\/2023\\\/06\\\/poppers-100-amyl-13ml.jpg\",\"contentUrl\":\"https:\\\/\\\/poppers-original.eu\\\/wp-content\\\/uploads\\\/2023\\\/06\\\/poppers-100-amyl-13ml.jpg\",\"width\":1000,\"height\":1000,\"caption\":\"Poppers 100% Amyl - 13 ml\"},{\"@type\":\"BreadcrumbList\",\"@id\":\"https:\\\/\\\/poppers-original.eu\\\/cs\\\/produkt\\\/poppers-100-amyl-13-ml\\\/#breadcrumb\",\"itemListElement\":[{\"@type\":\"ListItem\",\"position\":1,\"name\":\"Home\",\"item\":\"https:\\\/\\\/poppers-original.eu\\\/cs\\\/\"},{\"@type\":\"ListItem\",\"position\":2,\"name\":\"Shop\",\"item\":\"https:\\\/\\\/poppers-original.eu\\\/shop\\\/\"},{\"@type\":\"ListItem\",\"position\":3,\"name\":\"Poppers 100% Amyl 13 ml\"}]},{\"@type\":\"WebSite\",\"@id\":\"https:\\\/\\\/poppers-original.eu\\\/cs\\\/#website\",\"url\":\"https:\\\/\\\/poppers-original.eu\\\/cs\\\/\",\"name\":\"Poppers Original, Buy Poppers online\",\"description\":\"Poppers Original\",\"publisher\":{\"@id\":\"https:\\\/\\\/poppers-original.eu\\\/cs\\\/#organization\"},\"potentialAction\":[{\"@type\":\"SearchAction\",\"target\":{\"@type\":\"EntryPoint\",\"urlTemplate\":\"https:\\\/\\\/poppers-original.eu\\\/cs\\\/?s={search_term_string}\"},\"query-input\":{\"@type\":\"PropertyValueSpecification\",\"valueRequired\":true,\"valueName\":\"search_term_string\"}}],\"inLanguage\":\"cs\"},{\"@type\":\"Organization\",\"@id\":\"https:\\\/\\\/poppers-original.eu\\\/cs\\\/#organization\",\"name\":\"Poppers Sale, Buy Poppers online\",\"url\":\"https:\\\/\\\/poppers-original.eu\\\/cs\\\/\",\"logo\":{\"@type\":\"ImageObject\",\"inLanguage\":\"cs\",\"@id\":\"https:\\\/\\\/poppers-original.eu\\\/cs\\\/#\\\/schema\\\/logo\\\/image\\\/\",\"url\":\"https:\\\/\\\/poppers-original.eu\\\/wp-content\\\/uploads\\\/2023\\\/05\\\/poppers-original-logo.png\",\"contentUrl\":\"https:\\\/\\\/poppers-original.eu\\\/wp-content\\\/uploads\\\/2023\\\/05\\\/poppers-original-logo.png\",\"width\":790,\"height\":150,\"caption\":\"Poppers Sale, Buy Poppers online\"},\"image\":{\"@id\":\"https:\\\/\\\/poppers-original.eu\\\/cs\\\/#\\\/schema\\\/logo\\\/image\\\/\"}}]}<\/script>\n<!-- \/ Yoast SEO plugin. -->","yoast_head_json":{"title":"Poppers 100% Amyl 13 ml - EU Poppers Sale, Buy Poppers online","description":"Za\u017eijte extr\u00e9mn\u00ed s\u00edlu Poppers 100% Amyl. Uvoln\u011bte sv\u00e9 touhy a prodlu\u017ete v\u00fddr\u017e. Jste p\u0159ipraveni na dlouhotrvaj\u00edc\u00ed euforii? Kupte si ho hned!","robots":{"index":"index","follow":"follow","max-snippet":"max-snippet:-1","max-image-preview":"max-image-preview:large","max-video-preview":"max-video-preview:-1"},"canonical":"https:\/\/poppers-original.eu\/cs\/produkt\/poppers-100-amyl-13-ml\/","og_locale":"cs_CZ","og_type":"article","og_title":"Poppers 100% Amyl 13 ml - EU Poppers Sale, Buy Poppers online","og_description":"Za\u017eijte extr\u00e9mn\u00ed s\u00edlu Poppers 100% Amyl. Uvoln\u011bte sv\u00e9 touhy a prodlu\u017ete v\u00fddr\u017e. Jste p\u0159ipraveni na dlouhotrvaj\u00edc\u00ed euforii? Kupte si ho hned!","og_url":"https:\/\/poppers-original.eu\/cs\/produkt\/poppers-100-amyl-13-ml\/","og_site_name":"EU Poppers Sale, Buy Poppers online","article_modified_time":"2025-08-08T15:10:53+00:00","og_image":[{"width":1000,"height":1000,"url":"https:\/\/poppers-original.eu\/wp-content\/uploads\/2023\/06\/poppers-100-amyl-13ml.jpg","type":"image\/jpeg"}],"twitter_card":"summary_large_image","twitter_misc":{"Odhadovan\u00e1 doba \u010dten\u00ed":"3 minuty"},"schema":{"@context":"https:\/\/schema.org","@graph":[{"@type":"WebPage","@id":"https:\/\/poppers-original.eu\/cs\/produkt\/poppers-100-amyl-13-ml\/","url":"https:\/\/poppers-original.eu\/cs\/produkt\/poppers-100-amyl-13-ml\/","name":"Poppers 100% Amyl 13 ml - EU Poppers Sale, Buy Poppers online","isPartOf":{"@id":"https:\/\/poppers-original.eu\/cs\/#website"},"primaryImageOfPage":{"@id":"https:\/\/poppers-original.eu\/cs\/produkt\/poppers-100-amyl-13-ml\/#primaryimage"},"image":{"@id":"https:\/\/poppers-original.eu\/cs\/produkt\/poppers-100-amyl-13-ml\/#primaryimage"},"thumbnailUrl":"https:\/\/poppers-original.eu\/wp-content\/uploads\/2023\/06\/poppers-100-amyl-13ml.jpg","datePublished":"2023-06-26T09:09:41+00:00","dateModified":"2025-08-08T15:10:53+00:00","description":"Za\u017eijte extr\u00e9mn\u00ed s\u00edlu Poppers 100% Amyl. Uvoln\u011bte sv\u00e9 touhy a prodlu\u017ete v\u00fddr\u017e. Jste p\u0159ipraveni na dlouhotrvaj\u00edc\u00ed euforii? Kupte si ho hned!","breadcrumb":{"@id":"https:\/\/poppers-original.eu\/cs\/produkt\/poppers-100-amyl-13-ml\/#breadcrumb"},"inLanguage":"cs","potentialAction":[{"@type":"ReadAction","target":["https:\/\/poppers-original.eu\/cs\/produkt\/poppers-100-amyl-13-ml\/"]}]},{"@type":"ImageObject","inLanguage":"cs","@id":"https:\/\/poppers-original.eu\/cs\/produkt\/poppers-100-amyl-13-ml\/#primaryimage","url":"https:\/\/poppers-original.eu\/wp-content\/uploads\/2023\/06\/poppers-100-amyl-13ml.jpg","contentUrl":"https:\/\/poppers-original.eu\/wp-content\/uploads\/2023\/06\/poppers-100-amyl-13ml.jpg","width":1000,"height":1000,"caption":"Poppers 100% Amyl - 13 ml"},{"@type":"BreadcrumbList","@id":"https:\/\/poppers-original.eu\/cs\/produkt\/poppers-100-amyl-13-ml\/#breadcrumb","itemListElement":[{"@type":"ListItem","position":1,"name":"Home","item":"https:\/\/poppers-original.eu\/cs\/"},{"@type":"ListItem","position":2,"name":"Shop","item":"https:\/\/poppers-original.eu\/shop\/"},{"@type":"ListItem","position":3,"name":"Poppers 100% Amyl 13 ml"}]},{"@type":"WebSite","@id":"https:\/\/poppers-original.eu\/cs\/#website","url":"https:\/\/poppers-original.eu\/cs\/","name":"Poppers Original, Buy Poppers online","description":"Poppers Original","publisher":{"@id":"https:\/\/poppers-original.eu\/cs\/#organization"},"potentialAction":[{"@type":"SearchAction","target":{"@type":"EntryPoint","urlTemplate":"https:\/\/poppers-original.eu\/cs\/?s={search_term_string}"},"query-input":{"@type":"PropertyValueSpecification","valueRequired":true,"valueName":"search_term_string"}}],"inLanguage":"cs"},{"@type":"Organization","@id":"https:\/\/poppers-original.eu\/cs\/#organization","name":"Poppers Sale, Buy Poppers online","url":"https:\/\/poppers-original.eu\/cs\/","logo":{"@type":"ImageObject","inLanguage":"cs","@id":"https:\/\/poppers-original.eu\/cs\/#\/schema\/logo\/image\/","url":"https:\/\/poppers-original.eu\/wp-content\/uploads\/2023\/05\/poppers-original-logo.png","contentUrl":"https:\/\/poppers-original.eu\/wp-content\/uploads\/2023\/05\/poppers-original-logo.png","width":790,"height":150,"caption":"Poppers Sale, Buy Poppers online"},"image":{"@id":"https:\/\/poppers-original.eu\/cs\/#\/schema\/logo\/image\/"}}]}},"_links":{"self":[{"href":"https:\/\/poppers-original.eu\/cs\/wp-json\/wp\/v2\/product\/6621","targetHints":{"allow":["GET"]}}],"collection":[{"href":"https:\/\/poppers-original.eu\/cs\/wp-json\/wp\/v2\/product"}],"about":[{"href":"https:\/\/poppers-original.eu\/cs\/wp-json\/wp\/v2\/types\/product"}],"replies":[{"embeddable":true,"href":"https:\/\/poppers-original.eu\/cs\/wp-json\/wp\/v2\/comments?post=6621"}],"wp:featuredmedia":[{"embeddable":true,"href":"https:\/\/poppers-original.eu\/cs\/wp-json\/wp\/v2\/media\/5391"}],"wp:attachment":[{"href":"https:\/\/poppers-original.eu\/cs\/wp-json\/wp\/v2\/media?parent=6621"}],"wp:term":[{"taxonomy":"product_brand","embeddable":true,"href":"https:\/\/poppers-original.eu\/cs\/wp-json\/wp\/v2\/product_brand?post=6621"},{"taxonomy":"product_cat","embeddable":true,"href":"https:\/\/poppers-original.eu\/cs\/wp-json\/wp\/v2\/product_cat?post=6621"},{"taxonomy":"product_tag","embeddable":true,"href":"https:\/\/poppers-original.eu\/cs\/wp-json\/wp\/v2\/product_tag?post=6621"}],"curies":[{"name":"wp","href":"https:\/\/api.w.org\/{rel}","templated":true}]}}