{"id":6620,"date":"2023-06-26T15:26:48","date_gmt":"2023-06-26T14:26:48","guid":{"rendered":"https:\/\/poppers-original.eu\/product\/poppers-100-propyl-13-ml\/"},"modified":"2025-01-05T09:45:20","modified_gmt":"2025-01-05T08:45:20","slug":"poppers-100-propyl-13-ml","status":"publish","type":"product","link":"https:\/\/poppers-original.eu\/cs\/produkt\/poppers-100-propyl-13-ml\/","title":{"rendered":"Poppers 100% Propyl 13 ml"},"content":{"rendered":"<p>Vstupte do sv\u011bta poppers a objevte uchvacuj\u00edc\u00ed kouzlo Poppers 100% Propyl 13 ml. Tato pokojov\u00e1 v\u016fn\u011b nen\u00ed jen pouh\u00fdm produktem; je to pozv\u00e1nka k intenzivn\u00edm z\u00e1\u017eitk\u016fm. Jej\u00ed z\u00e1klad z propyl nitridu slibuje relaxa\u010dn\u00ed \u00fa\u010dinky a pocit vzru\u0161en\u00ed, kter\u00fd p\u0159etrv\u00e1v\u00e1. Tyto benefity jen dokazuj\u00ed, pro\u010d jsou poppers na b\u00e1zi propyl nitritu tolik obl\u00edben\u00e9.  <\/p>\n<h2>Pro\u010d koupit Poppers 100% Propyl 13 ml?<\/h2>\n<p>Mo\u017en\u00e1 p\u0159em\u00fd\u0161l\u00edte, pro\u010d byste m\u011bli zvolit pr\u00e1v\u011b 100% Propyl Poppers 13 ml? Odpov\u011b\u010f je jasn\u00e1: tento poppers v\u00e1m jednak nab\u00eddne prvot\u0159\u00eddn\u00ed z\u00e1\u017eitek, a jednak v\u00e1m za vydan\u00e9 pen\u00edze p\u0159inese vynikaj\u00edc\u00ed hodnotu. Jeliko\u017e je obohacen\u00fd silnou formul\u00ed propyl nitridu, zaru\u010duje super siln\u00e9 \u00fa\u010dinky, kter\u00e9 ide\u00e1ln\u00edm zp\u016fsobem oko\u0159en\u00ed va\u0161e divok\u00e9 noci a intimn\u00ed \u00famysly. Nav\u00edc nesm\u00edme opomenout, \u017ee propyl nitrid, co\u017e je jedna z nejl\u00e9pe prod\u00e1van\u00fdch forumul\u00ed na sv\u011bt\u011b, p\u0159in\u00e1\u0161\u00ed okam\u017eit\u00fd pocit pohody.   <\/p>\n<h2>Objevte s\u00edlu propyl nitridu<\/h2>\n<p>Tento 100% Propyl poppers je st\u0159edn\u011b siln\u00e9 aroma, kter\u00e9 je ve srovn\u00e1n\u00ed s jin\u00fdmi nitridy klasifikovan\u00e9 jako m\u00edrn\u011bj\u0161\u00ed. Jeho potenci\u00e1l ov\u0161em nen\u00ed radno podce\u0148ovat. Ka\u017ed\u00e9 pou\u017eit\u00ed t\u00e9to siln\u00e9 v\u016fn\u011b zvy\u0161uje pocit tepla a vzru\u0161en\u00ed a prob\u00edhaj\u00edc\u00ed z\u00e1\u017eitek postupn\u011b zintenziv\u0148uje.  <\/p>\n<h2>V\u00e1\u0161 nejlep\u0161\u00ed dopln\u011bk rozko\u0161e<\/h2>\n<p>Poppers 100% Propyl 13 ml je v\u00edc ne\u017e jen \u010disti\u010d ko\u017een\u00fdch materi\u00e1l\u016f; je to v\u00e1\u0161 nejlep\u0161\u00ed dopln\u011bk pro zv\u00fd\u0161en\u00ed rozko\u0161e. Vzhledem ke sv\u00e9 schopnosti vylep\u0161it intimn\u00ed okam\u017eiky jak mu\u017e\u016fm, tak \u017een\u00e1m p\u0159in\u00e1\u0161\u00ed relaxa\u010dn\u00ed a stimuluj\u00edc\u00ed \u00fa\u010dinky na v\u0161echny smysly, zejm\u00e9na na libido. Nem\u00e1 cenu nic odkl\u00e1dat. Je na\u010dase si tuto pokojovou v\u016fni po\u0159\u00eddit a sv\u00fdm smysln\u00fdm z\u00e1\u017eitk\u016fm dodat \u0161mrnc.  <\/p>\n<h2>Jste p\u0159ipraveni koupit si Poppers 100% Propyl 13 ml?<\/h2>\n<p>Hled\u00e1te poppers, kter\u00e9 nab\u00edzej\u00ed rychl\u00e9 a siln\u00e9 pocity? S Poppers 100% Propyl 13 ml objev\u00edte zcela novou \u00farove\u0148 vzru\u0161en\u00ed. Tento produkt z kvalitn\u00edho propyl nitridu zaru\u010duje siln\u00e9 a dlouhotrvaj\u00edc\u00ed \u00fa\u010dinky. Nav\u00edc se jedn\u00e1 o evropsk\u00fd produkt, kter\u00fd za investovan\u00e9 pen\u00edze nab\u00edz\u00ed vynikaj\u00edc\u00ed hodnotu. Na to, abyste si p\u0159\u00ednosy t\u00e9to mimo\u0159\u00e1dn\u00e9 v\u016fn\u011b u\u017eili, nen\u00ed lep\u0161\u00ed okam\u017eik ne\u017e pr\u00e1v\u011b te\u010f. Objednejte si je\u0161t\u011b dnes a t\u011b\u0161te se na diskr\u00e9tn\u00ed dod\u00e1n\u00ed. Poppers 100% Propyl 13 ml zkr\u00e1tka nab\u00edz\u00ed pro v\u0161echny nad\u0161ence aromat mimo\u0159\u00e1dn\u00fd z\u00e1\u017eitek. Jeho vynikaj\u00edc\u00ed kvalita, siln\u00e9 \u00fa\u010dinky a dostupn\u00e1 cena z n\u011bj \u010din\u00ed nezbytnou v\u00fdbavu. Neprop\u00e1sn\u011bte \u0161anci o\u017eivit touto silnou v\u016fn\u00ed sv\u00e9 divok\u00e9 noci! Hled\u00e1te celosv\u011btov\u011b uzn\u00e1van\u00e9 aroma na b\u00e1zi propyl nitridu? N\u00e1\u0161 <a href=\"https:\/\/poppers-original.eu\/product\/poppers-rush-10-ml\/\">Poppers Rush 10 ml<\/a> zauj\u00edm\u00e1, d\u00edky sv\u00e9 dlouholet\u00e9 tradici \u010d\u00edtaj\u00edc\u00ed v\u00edce ne\u017e 50 let, mezi mal\u00fdmi lahvi\u010dkami poppers po cel\u00e9m sv\u011bt\u011b v\u00fdznamn\u00e9 m\u00edsto.     <\/p>\n<p><strong>Obsah balen\u00ed:<\/strong><\/p>\n<ul>\n<li>1x 100% Propyl Aroma 13 ml<\/li>\n<\/ul>\n<p><strong>Vlastnosti:<\/strong><\/p>\n<ul>\n<li>Ofici\u00e1ln\u00ed n\u00e1zev: Poppers 100% Propyl 13 ml<\/li>\n<li>Obsah: 13 ml<\/li>\n<li>S\u00edla: 3\/5<\/li>\n<li>Bezpe\u010dn\u00e9 otev\u00edr\u00e1n\u00ed: s bezpe\u010dnostn\u00edm uz\u00e1v\u011brem<\/li>\n<li>Power Pak Pellets\u2122 (PPP) pro zaji\u0161t\u011bn\u00ed dlouhodob\u00e9 \u010distoty.<\/li>\n<li>Znovu uzav\u00edrateln\u00e9 polykonov\u00e9 v\u00ed\u010dko pro zachov\u00e1n\u00ed s\u00edly.<\/li>\n<li>Zbo\u017e\u00ed ka\u017ed\u00fd t\u00fdden obm\u011b\u0148ujeme pro zaji\u0161t\u011bn\u00ed \u010derstvosti.<\/li>\n<li>(CAS 541-42-4) Isopropyl nitrit + Propan-2-ol (CAS 67-63-0) Isopropyl<\/li>\n<li>Garance spokojenosti bu\u010f vr\u00e1cen\u00edm pen\u011bz, nebo v\u00fdm\u011bnou produktu.<\/li>\n<li>V\u00fdrobce: Funline\u00ae Laboratory<\/li>\n<li>Vyrobeno ve Francii<\/li>\n<\/ul>\n","protected":false},"excerpt":{"rendered":"<p>Seznamte se s Poppers 100% Propyl 13 ml, produktem na b\u00e1zi propyl nitridu, kter\u00fd vyvol\u00e1v\u00e1 intenzivn\u00ed pocity tepla a vzru\u0161en\u00ed. Toto pokojov\u00e9 aroma, proslul\u00e9 schopnost\u00ed pozvednout n\u00e1ladu a uvolnit z\u00e1brany, dok\u00e1\u017ee vyvolat okam\u017eit\u00fd pocit spokojenosti a probudit v\u0161echny va\u0161e smysly jemn\u00fdm, ale hlubok\u00fdm zp\u016fsobem. A\u0165 u\u017e jste v \u0159\u00ed\u0161i poppers teprve za\u010d\u00e1te\u010dn\u00edkem, nebo dlouholet\u00fdm fanou\u0161kem, tato st\u0159edn\u011b siln\u00e1 v\u016fn\u011b dozajista obohat\u00ed pl\u00e1novan\u00e9 divok\u00e9 ve\u010dery a podpo\u0159\u00ed va\u0161e nekal\u00e9 \u00famysly. Po\u0159i\u010fte si na\u0161i lahvi\u010dku je\u0161t\u011b dnes a u\u017e\u00edvejte si jej\u00edch postupn\u00fdch a okouzluj\u00edc\u00edch \u00fa\u010dink\u016f!   <\/p>\n","protected":false},"featured_media":5395,"comment_status":"open","ping_status":"closed","template":"","meta":{"_acf_changed":false},"product_brand":[],"product_cat":[651,759,661],"product_tag":[799,802,798,800,801],"class_list":{"0":"post-6620","1":"product","2":"type-product","3":"status-publish","4":"has-post-thumbnail","6":"product_cat-male-poppers","7":"product_cat-poppers-cs","8":"product_cat-poppers-na-bazi-nitridu-propylu","9":"product_tag-100-propyl-poppers-cs","10":"product_tag-poppers-100-propyl-cs","11":"product_tag-poppers-100-propyl-13-ml-cs","12":"product_tag-propyl-poppers-100-cs","13":"product_tag-propylovy-cistic-kozenych-materialu","15":"first","16":"instock","17":"taxable","18":"shipping-taxable","19":"purchasable","20":"product-type-simple"},"acf":[],"yoast_head":"<!-- This site is optimized with the Yoast SEO plugin v27.3 - https:\/\/yoast.com\/product\/yoast-seo-wordpress\/ -->\n<title>Poppers 100% Propyl 13 ml - EU Poppers Sale, Buy Poppers online<\/title>\n<meta name=\"description\" content=\"Vyzkou\u0161ejte Poppers 100% Propyl 13 ml, kter\u00fd v\u00e1m jednozna\u010dn\u011b zv\u00fd\u0161\u00ed tep. Vlna p\u0159\u00edjemn\u00e9ho tepla a vzru\u0161en\u00ed je hned za rohem. Z\u00edskejte ho pro sebe ji\u017e dnes!\" \/>\n<meta name=\"robots\" content=\"index, follow, max-snippet:-1, max-image-preview:large, max-video-preview:-1\" \/>\n<link rel=\"canonical\" href=\"https:\/\/poppers-original.eu\/cs\/produkt\/poppers-100-propyl-13-ml\/\" \/>\n<meta property=\"og:locale\" content=\"cs_CZ\" \/>\n<meta property=\"og:type\" content=\"article\" \/>\n<meta property=\"og:title\" content=\"Poppers 100% Propyl 13 ml - EU Poppers Sale, Buy Poppers online\" \/>\n<meta property=\"og:description\" content=\"Vyzkou\u0161ejte Poppers 100% Propyl 13 ml, kter\u00fd v\u00e1m jednozna\u010dn\u011b zv\u00fd\u0161\u00ed tep. Vlna p\u0159\u00edjemn\u00e9ho tepla a vzru\u0161en\u00ed je hned za rohem. Z\u00edskejte ho pro sebe ji\u017e dnes!\" \/>\n<meta property=\"og:url\" content=\"https:\/\/poppers-original.eu\/cs\/produkt\/poppers-100-propyl-13-ml\/\" \/>\n<meta property=\"og:site_name\" content=\"EU Poppers Sale, Buy Poppers online\" \/>\n<meta property=\"article:modified_time\" content=\"2025-01-05T08:45:20+00:00\" \/>\n<meta property=\"og:image\" content=\"https:\/\/poppers-original.eu\/wp-content\/uploads\/2023\/06\/poppers-100-propyl-13ml.jpg\" \/>\n\t<meta property=\"og:image:width\" content=\"1000\" \/>\n\t<meta property=\"og:image:height\" content=\"1000\" \/>\n\t<meta property=\"og:image:type\" content=\"image\/jpeg\" \/>\n<meta name=\"twitter:card\" content=\"summary_large_image\" \/>\n<meta name=\"twitter:label1\" content=\"Odhadovan\u00e1 doba \u010dten\u00ed\" \/>\n\t<meta name=\"twitter:data1\" content=\"3 minuty\" \/>\n<script type=\"application\/ld+json\" class=\"yoast-schema-graph\">{\"@context\":\"https:\\\/\\\/schema.org\",\"@graph\":[{\"@type\":\"WebPage\",\"@id\":\"https:\\\/\\\/poppers-original.eu\\\/cs\\\/produkt\\\/poppers-100-propyl-13-ml\\\/\",\"url\":\"https:\\\/\\\/poppers-original.eu\\\/cs\\\/produkt\\\/poppers-100-propyl-13-ml\\\/\",\"name\":\"Poppers 100% Propyl 13 ml - EU Poppers Sale, Buy Poppers online\",\"isPartOf\":{\"@id\":\"https:\\\/\\\/poppers-original.eu\\\/cs\\\/#website\"},\"primaryImageOfPage\":{\"@id\":\"https:\\\/\\\/poppers-original.eu\\\/cs\\\/produkt\\\/poppers-100-propyl-13-ml\\\/#primaryimage\"},\"image\":{\"@id\":\"https:\\\/\\\/poppers-original.eu\\\/cs\\\/produkt\\\/poppers-100-propyl-13-ml\\\/#primaryimage\"},\"thumbnailUrl\":\"https:\\\/\\\/poppers-original.eu\\\/wp-content\\\/uploads\\\/2023\\\/06\\\/poppers-100-propyl-13ml.jpg\",\"datePublished\":\"2023-06-26T14:26:48+00:00\",\"dateModified\":\"2025-01-05T08:45:20+00:00\",\"description\":\"Vyzkou\u0161ejte Poppers 100% Propyl 13 ml, kter\u00fd v\u00e1m jednozna\u010dn\u011b zv\u00fd\u0161\u00ed tep. Vlna p\u0159\u00edjemn\u00e9ho tepla a vzru\u0161en\u00ed je hned za rohem. Z\u00edskejte ho pro sebe ji\u017e dnes!\",\"breadcrumb\":{\"@id\":\"https:\\\/\\\/poppers-original.eu\\\/cs\\\/produkt\\\/poppers-100-propyl-13-ml\\\/#breadcrumb\"},\"inLanguage\":\"cs\",\"potentialAction\":[{\"@type\":\"ReadAction\",\"target\":[\"https:\\\/\\\/poppers-original.eu\\\/cs\\\/produkt\\\/poppers-100-propyl-13-ml\\\/\"]}]},{\"@type\":\"ImageObject\",\"inLanguage\":\"cs\",\"@id\":\"https:\\\/\\\/poppers-original.eu\\\/cs\\\/produkt\\\/poppers-100-propyl-13-ml\\\/#primaryimage\",\"url\":\"https:\\\/\\\/poppers-original.eu\\\/wp-content\\\/uploads\\\/2023\\\/06\\\/poppers-100-propyl-13ml.jpg\",\"contentUrl\":\"https:\\\/\\\/poppers-original.eu\\\/wp-content\\\/uploads\\\/2023\\\/06\\\/poppers-100-propyl-13ml.jpg\",\"width\":1000,\"height\":1000,\"caption\":\"Poppers 100% Propyl 13 ml\"},{\"@type\":\"BreadcrumbList\",\"@id\":\"https:\\\/\\\/poppers-original.eu\\\/cs\\\/produkt\\\/poppers-100-propyl-13-ml\\\/#breadcrumb\",\"itemListElement\":[{\"@type\":\"ListItem\",\"position\":1,\"name\":\"Home\",\"item\":\"https:\\\/\\\/poppers-original.eu\\\/cs\\\/\"},{\"@type\":\"ListItem\",\"position\":2,\"name\":\"Shop\",\"item\":\"https:\\\/\\\/poppers-original.eu\\\/shop\\\/\"},{\"@type\":\"ListItem\",\"position\":3,\"name\":\"Poppers 100% Propyl 13 ml\"}]},{\"@type\":\"WebSite\",\"@id\":\"https:\\\/\\\/poppers-original.eu\\\/cs\\\/#website\",\"url\":\"https:\\\/\\\/poppers-original.eu\\\/cs\\\/\",\"name\":\"Poppers Original, Buy Poppers online\",\"description\":\"Poppers Original\",\"publisher\":{\"@id\":\"https:\\\/\\\/poppers-original.eu\\\/cs\\\/#organization\"},\"potentialAction\":[{\"@type\":\"SearchAction\",\"target\":{\"@type\":\"EntryPoint\",\"urlTemplate\":\"https:\\\/\\\/poppers-original.eu\\\/cs\\\/?s={search_term_string}\"},\"query-input\":{\"@type\":\"PropertyValueSpecification\",\"valueRequired\":true,\"valueName\":\"search_term_string\"}}],\"inLanguage\":\"cs\"},{\"@type\":\"Organization\",\"@id\":\"https:\\\/\\\/poppers-original.eu\\\/cs\\\/#organization\",\"name\":\"Poppers Sale, Buy Poppers online\",\"url\":\"https:\\\/\\\/poppers-original.eu\\\/cs\\\/\",\"logo\":{\"@type\":\"ImageObject\",\"inLanguage\":\"cs\",\"@id\":\"https:\\\/\\\/poppers-original.eu\\\/cs\\\/#\\\/schema\\\/logo\\\/image\\\/\",\"url\":\"https:\\\/\\\/poppers-original.eu\\\/wp-content\\\/uploads\\\/2023\\\/05\\\/poppers-original-logo.png\",\"contentUrl\":\"https:\\\/\\\/poppers-original.eu\\\/wp-content\\\/uploads\\\/2023\\\/05\\\/poppers-original-logo.png\",\"width\":790,\"height\":150,\"caption\":\"Poppers Sale, Buy Poppers online\"},\"image\":{\"@id\":\"https:\\\/\\\/poppers-original.eu\\\/cs\\\/#\\\/schema\\\/logo\\\/image\\\/\"}}]}<\/script>\n<!-- \/ Yoast SEO plugin. -->","yoast_head_json":{"title":"Poppers 100% Propyl 13 ml - EU Poppers Sale, Buy Poppers online","description":"Vyzkou\u0161ejte Poppers 100% Propyl 13 ml, kter\u00fd v\u00e1m jednozna\u010dn\u011b zv\u00fd\u0161\u00ed tep. Vlna p\u0159\u00edjemn\u00e9ho tepla a vzru\u0161en\u00ed je hned za rohem. Z\u00edskejte ho pro sebe ji\u017e dnes!","robots":{"index":"index","follow":"follow","max-snippet":"max-snippet:-1","max-image-preview":"max-image-preview:large","max-video-preview":"max-video-preview:-1"},"canonical":"https:\/\/poppers-original.eu\/cs\/produkt\/poppers-100-propyl-13-ml\/","og_locale":"cs_CZ","og_type":"article","og_title":"Poppers 100% Propyl 13 ml - EU Poppers Sale, Buy Poppers online","og_description":"Vyzkou\u0161ejte Poppers 100% Propyl 13 ml, kter\u00fd v\u00e1m jednozna\u010dn\u011b zv\u00fd\u0161\u00ed tep. Vlna p\u0159\u00edjemn\u00e9ho tepla a vzru\u0161en\u00ed je hned za rohem. Z\u00edskejte ho pro sebe ji\u017e dnes!","og_url":"https:\/\/poppers-original.eu\/cs\/produkt\/poppers-100-propyl-13-ml\/","og_site_name":"EU Poppers Sale, Buy Poppers online","article_modified_time":"2025-01-05T08:45:20+00:00","og_image":[{"width":1000,"height":1000,"url":"https:\/\/poppers-original.eu\/wp-content\/uploads\/2023\/06\/poppers-100-propyl-13ml.jpg","type":"image\/jpeg"}],"twitter_card":"summary_large_image","twitter_misc":{"Odhadovan\u00e1 doba \u010dten\u00ed":"3 minuty"},"schema":{"@context":"https:\/\/schema.org","@graph":[{"@type":"WebPage","@id":"https:\/\/poppers-original.eu\/cs\/produkt\/poppers-100-propyl-13-ml\/","url":"https:\/\/poppers-original.eu\/cs\/produkt\/poppers-100-propyl-13-ml\/","name":"Poppers 100% Propyl 13 ml - EU Poppers Sale, Buy Poppers online","isPartOf":{"@id":"https:\/\/poppers-original.eu\/cs\/#website"},"primaryImageOfPage":{"@id":"https:\/\/poppers-original.eu\/cs\/produkt\/poppers-100-propyl-13-ml\/#primaryimage"},"image":{"@id":"https:\/\/poppers-original.eu\/cs\/produkt\/poppers-100-propyl-13-ml\/#primaryimage"},"thumbnailUrl":"https:\/\/poppers-original.eu\/wp-content\/uploads\/2023\/06\/poppers-100-propyl-13ml.jpg","datePublished":"2023-06-26T14:26:48+00:00","dateModified":"2025-01-05T08:45:20+00:00","description":"Vyzkou\u0161ejte Poppers 100% Propyl 13 ml, kter\u00fd v\u00e1m jednozna\u010dn\u011b zv\u00fd\u0161\u00ed tep. Vlna p\u0159\u00edjemn\u00e9ho tepla a vzru\u0161en\u00ed je hned za rohem. Z\u00edskejte ho pro sebe ji\u017e dnes!","breadcrumb":{"@id":"https:\/\/poppers-original.eu\/cs\/produkt\/poppers-100-propyl-13-ml\/#breadcrumb"},"inLanguage":"cs","potentialAction":[{"@type":"ReadAction","target":["https:\/\/poppers-original.eu\/cs\/produkt\/poppers-100-propyl-13-ml\/"]}]},{"@type":"ImageObject","inLanguage":"cs","@id":"https:\/\/poppers-original.eu\/cs\/produkt\/poppers-100-propyl-13-ml\/#primaryimage","url":"https:\/\/poppers-original.eu\/wp-content\/uploads\/2023\/06\/poppers-100-propyl-13ml.jpg","contentUrl":"https:\/\/poppers-original.eu\/wp-content\/uploads\/2023\/06\/poppers-100-propyl-13ml.jpg","width":1000,"height":1000,"caption":"Poppers 100% Propyl 13 ml"},{"@type":"BreadcrumbList","@id":"https:\/\/poppers-original.eu\/cs\/produkt\/poppers-100-propyl-13-ml\/#breadcrumb","itemListElement":[{"@type":"ListItem","position":1,"name":"Home","item":"https:\/\/poppers-original.eu\/cs\/"},{"@type":"ListItem","position":2,"name":"Shop","item":"https:\/\/poppers-original.eu\/shop\/"},{"@type":"ListItem","position":3,"name":"Poppers 100% Propyl 13 ml"}]},{"@type":"WebSite","@id":"https:\/\/poppers-original.eu\/cs\/#website","url":"https:\/\/poppers-original.eu\/cs\/","name":"Poppers Original, Buy Poppers online","description":"Poppers Original","publisher":{"@id":"https:\/\/poppers-original.eu\/cs\/#organization"},"potentialAction":[{"@type":"SearchAction","target":{"@type":"EntryPoint","urlTemplate":"https:\/\/poppers-original.eu\/cs\/?s={search_term_string}"},"query-input":{"@type":"PropertyValueSpecification","valueRequired":true,"valueName":"search_term_string"}}],"inLanguage":"cs"},{"@type":"Organization","@id":"https:\/\/poppers-original.eu\/cs\/#organization","name":"Poppers Sale, Buy Poppers online","url":"https:\/\/poppers-original.eu\/cs\/","logo":{"@type":"ImageObject","inLanguage":"cs","@id":"https:\/\/poppers-original.eu\/cs\/#\/schema\/logo\/image\/","url":"https:\/\/poppers-original.eu\/wp-content\/uploads\/2023\/05\/poppers-original-logo.png","contentUrl":"https:\/\/poppers-original.eu\/wp-content\/uploads\/2023\/05\/poppers-original-logo.png","width":790,"height":150,"caption":"Poppers Sale, Buy Poppers online"},"image":{"@id":"https:\/\/poppers-original.eu\/cs\/#\/schema\/logo\/image\/"}}]}},"_links":{"self":[{"href":"https:\/\/poppers-original.eu\/cs\/wp-json\/wp\/v2\/product\/6620","targetHints":{"allow":["GET"]}}],"collection":[{"href":"https:\/\/poppers-original.eu\/cs\/wp-json\/wp\/v2\/product"}],"about":[{"href":"https:\/\/poppers-original.eu\/cs\/wp-json\/wp\/v2\/types\/product"}],"replies":[{"embeddable":true,"href":"https:\/\/poppers-original.eu\/cs\/wp-json\/wp\/v2\/comments?post=6620"}],"wp:featuredmedia":[{"embeddable":true,"href":"https:\/\/poppers-original.eu\/cs\/wp-json\/wp\/v2\/media\/5395"}],"wp:attachment":[{"href":"https:\/\/poppers-original.eu\/cs\/wp-json\/wp\/v2\/media?parent=6620"}],"wp:term":[{"taxonomy":"product_brand","embeddable":true,"href":"https:\/\/poppers-original.eu\/cs\/wp-json\/wp\/v2\/product_brand?post=6620"},{"taxonomy":"product_cat","embeddable":true,"href":"https:\/\/poppers-original.eu\/cs\/wp-json\/wp\/v2\/product_cat?post=6620"},{"taxonomy":"product_tag","embeddable":true,"href":"https:\/\/poppers-original.eu\/cs\/wp-json\/wp\/v2\/product_tag?post=6620"}],"curies":[{"name":"wp","href":"https:\/\/api.w.org\/{rel}","templated":true}]}}