{"id":6615,"date":"2023-06-27T17:14:31","date_gmt":"2023-06-27T16:14:31","guid":{"rendered":"https:\/\/poppers-original.eu\/product\/poppers-deeper-13-ml-extra-strong\/"},"modified":"2025-01-02T06:05:06","modified_gmt":"2025-01-02T05:05:06","slug":"poppers-deeper-13-ml-extra-strong","status":"publish","type":"product","link":"https:\/\/poppers-original.eu\/cs\/produkt\/poppers-deeper-13-ml-extra-strong\/","title":{"rendered":"Poppers Deeper 13 ml Extra Strong"},"content":{"rendered":"<p>Poppers Deeper 13 ml v\u00e1s nejen vyz\u00fdv\u00e1, ale p\u0159\u00edmo sv\u00e1d\u00ed k odemknut\u00ed br\u00e1ny do vesm\u00edru mimo\u0159\u00e1dn\u00fdch pocit\u016f. Tento velmi siln\u00fd \u010disti\u010d ko\u017een\u00fdch materi\u00e1l\u016f, vyu\u017e\u00edvaj\u00edc\u00ed s\u00edlu 100% formule amyl nitridu, v\u00e1s provede cestou v\u00fdrazn\u00fdch emoc\u00ed. Zanech\u00e1 tak po sob\u011b trval\u00e9 dojmy a neodolateln\u00e9 touhy, kter\u00e9 v\u00e1s budou ponoukat za\u017e\u00edvat tyto okouzluj\u00edc\u00ed okam\u017eiky znovu a znovu.  <\/p>\n<h2>Pro\u010d aroma Deeper vynik\u00e1 nad ostatn\u00edmi<\/h2>\n<p>Ka\u017ed\u00e1 zna\u010dka poppers je jedine\u010dn\u00e1. Av\u0161ak Poppers Deeper se vymyk\u00e1 z \u0159ady. Postar\u00e1 se o realizaci va\u0161ich nejhlub\u0161\u00edch fantazi\u00ed a vylep\u0161\u00ed pro\u017e\u00edv\u00e1n\u00ed i t\u011bch nejintimn\u011bj\u0161\u00edch okam\u017eik\u016f. Je to unisex produkt, co\u017e znamen\u00e1, \u017ee oslovuje jak \u017eeny, tak mu\u017ee, kte\u0159\u00ed tou\u017e\u00ed po n\u011b\u010dem v\u00edc.    <\/p>\n<h2>\u010cekaj\u00ed v\u00e1s hlub\u0161\u00ed pocity<\/h2>\n<p>Pro lidi se smyslem pro dobrodru\u017estv\u00ed a zv\u00eddavost je lahvi\u010dka Deeper nezbytn\u00fdm kl\u00ed\u010dem. Je zn\u00e1m\u00e1 sv\u00fdmi relaxa\u010dn\u00edmi \u00fa\u010dinky. Umo\u017en\u00ed v\u00e1m tak uvolnit se a poddat se n\u00e1sledn\u00e9 vln\u011b p\u0159\u00edjemn\u00fdch pocit\u016f.  <\/p>\n<h2>Poppers Deeper: Nyn\u00ed v prodeji!<\/h2>\n<p>Pro\u010d si p\u0159\u00ednosy tohoto legend\u00e1rn\u00edho poppers nedop\u0159\u00e1t? Poppers Deeper je ide\u00e1ln\u00ed pro speci\u00e1ln\u00ed okam\u017eiky a uskute\u010dn\u011bn\u00ed hlubok\u00fdch fantazi\u00ed. D\u00edky sv\u00e9 100% formulaci na b\u00e1zi amylu jsou jeho \u00fa\u010dinky intenzivn\u00ed a okam\u017eit\u00e9. Pr\u00e1v\u011b proto je velmi obl\u00edben\u00fd mezi n\u00e1v\u0161t\u011bvn\u00edky no\u010dn\u00edch klub\u016f. Tak pro\u010d \u010dekat? Kupte si Poppers Deeper 13 ml, abyste do sv\u00fdch dobrodru\u017estv\u00ed p\u0159idali extra d\u00e1vku vzru\u0161en\u00ed.     <\/p>\n<h2>Tajemstv\u00ed Poppers Deeper<\/h2>\n<p>[Poppers Deeper] je jedine\u010dn\u00fd zejm\u00e9na d\u00edky sv\u00e9 100% formuli zalo\u017een\u00e9 na amylu. Tato siln\u00e1 sm\u011bs zaji\u0161\u0165uje rychl\u00e9 a intenzivn\u00ed \u00fa\u010dinky, co\u017e z n\u00ed d\u011bl\u00e1 prvn\u00ed volbu, kdy\u017e chcete za\u017e\u00edt rychl\u00e9 vzru\u0161en\u00ed. Pokud chcete prozkoumat v\u00edce, mrkn\u011bte na n\u00e1\u0161 \u0161irok\u00fd v\u00fdb\u011br <a href=\"https:\/\/poppers-original.eu\/cs\/kategorie-produktu\/poppers-s-amyl-nitridem\/\">Amyl Nitrite Poppers<\/a>? <\/p>\n<p> Ka\u017ed\u00fd produkt v t\u00e9to kategorii je navr\u017een tak, aby nab\u00eddl jedine\u010dn\u00fd z\u00e1\u017eitek, tak\u017ee si je v klidu prohl\u00e9dn\u011bte a vyberte ten, kter\u00fd va\u0161im touh\u00e1m nejl\u00e9pe vyhovuje. Pokud pro va\u0161e speci\u00e1ln\u00ed okam\u017eiky pot\u0159ebujete extra r\u00e1nu, nenechte si uj\u00edt na\u0161e <a href=\"https:\/\/poppers-original.eu\/cs\/produkt\/poppers-iron-fist-30-ml\/\">Poppers Iron Fist 30 ml<\/a>.<\/p>\n<p> Je to ide\u00e1ln\u00ed volba pro mimo\u0159\u00e1dn\u00e9 p\u0159\u00edle\u017eitosti.<\/p>\n<p><strong>Obsah balen\u00ed:<\/strong><\/p>\n<ul>\n<li>1x Deeper Extra Strong Aroma 13 ml<\/li>\n<\/ul>\n<p><strong>Vlastnosti:<\/strong><\/p>\n<ul>\n<li>Ofici\u00e1ln\u00ed n\u00e1zev: Poppers Deeper 13 ml Extra Strong<\/li>\n<li>Obsah: 13 ml<\/li>\n<li>S\u00edla: 5\/5<\/li>\n<li>Bezpe\u010dn\u00e9 otev\u00edr\u00e1n\u00ed: s bezpe\u010dnostn\u00edm uz\u00e1v\u011brem<\/li>\n<li>Power Pak Pellets (PPP) pro dlouhodobou \u010distotu.<\/li>\n<li>Znovu uzav\u00edrateln\u00e9 polykonov\u00e9 v\u00ed\u010dko pro zachov\u00e1n\u00ed s\u00edly.<\/li>\n<li>Zbo\u017e\u00ed ka\u017ed\u00fd t\u00fdden obm\u011b\u0148ujeme pro zaji\u0161t\u011bn\u00ed \u010derstvosti.<\/li>\n<li>Amyl Nitrit, Mixed isomers (CAS 110-46-3) + 1-Butanol, 3-methyl (CAS 123-51-3)<\/li>\n<li>Garance spokojenosti bu\u010f vr\u00e1cen\u00edm pen\u011bz, nebo v\u00fdm\u011bnou produktu.<\/li>\n<li>V\u00fdrobce: Funline\u00ae Laboratory<\/li>\n<li>Vyrobeno ve Francii<\/li>\n<\/ul>\n","protected":false},"excerpt":{"rendered":"<p>P\u0159ipravte se na objevov\u00e1n\u00ed nov\u00fdch rozm\u011br\u016f pot\u011b\u0161en\u00ed s Poppers Deeper 13 ml, jedine\u010dn\u00fdm aroma s formul\u00ed amyl nitridu. Tato siln\u00e1 13ml lahvi\u010dka p\u0159in\u00e1\u0161\u00ed intenzitu, kter\u00e1 ospravedl\u0148uje sv\u00e9 hodnocen\u00ed s\u00edly 5\/5. Je ide\u00e1ln\u00ed pro jednotlivce, kte\u0159\u00ed cht\u011bj\u00ed o\u017eivit sv\u00e9 dobrodru\u017estv\u00ed a otev\u0159\u00edt dve\u0159e do zcela nov\u00e9ho sv\u011bta pocit\u016f. Je \u010das pono\u0159it se do hlub\u0161\u00edho z\u00e1\u017eitku, kter\u00fd p\u0159ekra\u010duje b\u011b\u017en\u00e9 hranice.   <\/p>\n","protected":false},"featured_media":5403,"comment_status":"open","ping_status":"closed","template":"","meta":{"_acf_changed":false},"product_brand":[],"product_cat":[651,759,669],"product_tag":[792,791,790,789,793],"class_list":{"0":"post-6615","1":"product","2":"type-product","3":"status-publish","4":"has-post-thumbnail","6":"product_cat-male-poppers","7":"product_cat-poppers-cs","8":"product_cat-poppers-s-amyl-nitridem","9":"product_tag-deeper-poppers-cs","10":"product_tag-deeper-poppers-maly","11":"product_tag-poppers-deeper-cs","12":"product_tag-poppers-deeper-13-ml-extra-strong-cs","13":"product_tag-poppers-deeper-mala-lahvicka","15":"first","16":"instock","17":"taxable","18":"shipping-taxable","19":"purchasable","20":"product-type-simple"},"acf":[],"yoast_head":"<!-- This site is optimized with the Yoast SEO plugin v27.3 - https:\/\/yoast.com\/product\/yoast-seo-wordpress\/ -->\n<title>Poppers Deeper 13 ml Extra Strong - Poppers Original<\/title>\n<meta name=\"description\" content=\"Probu\u010fte sv\u00e9 touhy s Poppers Deeper. Extra siln\u00fd poppers na b\u00e1zi amyl nitridu, kter\u00fd v\u00e1m zajist\u00ed bezkonkuren\u010dn\u00ed dobrodru\u017estv\u00ed. Nakupte hned!\" \/>\n<meta name=\"robots\" content=\"index, follow, max-snippet:-1, max-image-preview:large, max-video-preview:-1\" \/>\n<link rel=\"canonical\" href=\"https:\/\/poppers-original.eu\/cs\/produkt\/poppers-deeper-13-ml-extra-strong\/\" \/>\n<meta property=\"og:locale\" content=\"cs_CZ\" \/>\n<meta property=\"og:type\" content=\"article\" \/>\n<meta property=\"og:title\" content=\"Poppers Deeper 13 ml Extra Strong - Poppers Original\" \/>\n<meta property=\"og:description\" content=\"Probu\u010fte sv\u00e9 touhy s Poppers Deeper. Extra siln\u00fd poppers na b\u00e1zi amyl nitridu, kter\u00fd v\u00e1m zajist\u00ed bezkonkuren\u010dn\u00ed dobrodru\u017estv\u00ed. Nakupte hned!\" \/>\n<meta property=\"og:url\" content=\"https:\/\/poppers-original.eu\/cs\/produkt\/poppers-deeper-13-ml-extra-strong\/\" \/>\n<meta property=\"og:site_name\" content=\"EU Poppers Sale, Buy Poppers online\" \/>\n<meta property=\"article:modified_time\" content=\"2025-01-02T05:05:06+00:00\" \/>\n<meta property=\"og:image\" content=\"https:\/\/poppers-original.eu\/wp-content\/uploads\/2023\/06\/poppers-deeper-13-ml-extra-strong.jpg\" \/>\n\t<meta property=\"og:image:width\" content=\"1000\" \/>\n\t<meta property=\"og:image:height\" content=\"1000\" \/>\n\t<meta property=\"og:image:type\" content=\"image\/jpeg\" \/>\n<meta name=\"twitter:card\" content=\"summary_large_image\" \/>\n<meta name=\"twitter:label1\" content=\"Odhadovan\u00e1 doba \u010dten\u00ed\" \/>\n\t<meta name=\"twitter:data1\" content=\"2 minuty\" \/>\n<script type=\"application\/ld+json\" class=\"yoast-schema-graph\">{\"@context\":\"https:\\\/\\\/schema.org\",\"@graph\":[{\"@type\":\"WebPage\",\"@id\":\"https:\\\/\\\/poppers-original.eu\\\/cs\\\/produkt\\\/poppers-deeper-13-ml-extra-strong\\\/\",\"url\":\"https:\\\/\\\/poppers-original.eu\\\/cs\\\/produkt\\\/poppers-deeper-13-ml-extra-strong\\\/\",\"name\":\"Poppers Deeper 13 ml Extra Strong - Poppers Original\",\"isPartOf\":{\"@id\":\"https:\\\/\\\/poppers-original.eu\\\/cs\\\/#website\"},\"primaryImageOfPage\":{\"@id\":\"https:\\\/\\\/poppers-original.eu\\\/cs\\\/produkt\\\/poppers-deeper-13-ml-extra-strong\\\/#primaryimage\"},\"image\":{\"@id\":\"https:\\\/\\\/poppers-original.eu\\\/cs\\\/produkt\\\/poppers-deeper-13-ml-extra-strong\\\/#primaryimage\"},\"thumbnailUrl\":\"https:\\\/\\\/poppers-original.eu\\\/wp-content\\\/uploads\\\/2023\\\/06\\\/poppers-deeper-13-ml-extra-strong.jpg\",\"datePublished\":\"2023-06-27T16:14:31+00:00\",\"dateModified\":\"2025-01-02T05:05:06+00:00\",\"description\":\"Probu\u010fte sv\u00e9 touhy s Poppers Deeper. Extra siln\u00fd poppers na b\u00e1zi amyl nitridu, kter\u00fd v\u00e1m zajist\u00ed bezkonkuren\u010dn\u00ed dobrodru\u017estv\u00ed. Nakupte hned!\",\"breadcrumb\":{\"@id\":\"https:\\\/\\\/poppers-original.eu\\\/cs\\\/produkt\\\/poppers-deeper-13-ml-extra-strong\\\/#breadcrumb\"},\"inLanguage\":\"cs\",\"potentialAction\":[{\"@type\":\"ReadAction\",\"target\":[\"https:\\\/\\\/poppers-original.eu\\\/cs\\\/produkt\\\/poppers-deeper-13-ml-extra-strong\\\/\"]}]},{\"@type\":\"ImageObject\",\"inLanguage\":\"cs\",\"@id\":\"https:\\\/\\\/poppers-original.eu\\\/cs\\\/produkt\\\/poppers-deeper-13-ml-extra-strong\\\/#primaryimage\",\"url\":\"https:\\\/\\\/poppers-original.eu\\\/wp-content\\\/uploads\\\/2023\\\/06\\\/poppers-deeper-13-ml-extra-strong.jpg\",\"contentUrl\":\"https:\\\/\\\/poppers-original.eu\\\/wp-content\\\/uploads\\\/2023\\\/06\\\/poppers-deeper-13-ml-extra-strong.jpg\",\"width\":1000,\"height\":1000,\"caption\":\"Poppers Deeper 13 ml Extra Strong\"},{\"@type\":\"BreadcrumbList\",\"@id\":\"https:\\\/\\\/poppers-original.eu\\\/cs\\\/produkt\\\/poppers-deeper-13-ml-extra-strong\\\/#breadcrumb\",\"itemListElement\":[{\"@type\":\"ListItem\",\"position\":1,\"name\":\"Home\",\"item\":\"https:\\\/\\\/poppers-original.eu\\\/cs\\\/\"},{\"@type\":\"ListItem\",\"position\":2,\"name\":\"Shop\",\"item\":\"https:\\\/\\\/poppers-original.eu\\\/shop\\\/\"},{\"@type\":\"ListItem\",\"position\":3,\"name\":\"Poppers Deeper 13 ml Extra Strong\"}]},{\"@type\":\"WebSite\",\"@id\":\"https:\\\/\\\/poppers-original.eu\\\/cs\\\/#website\",\"url\":\"https:\\\/\\\/poppers-original.eu\\\/cs\\\/\",\"name\":\"Poppers Original, Buy Poppers online\",\"description\":\"Poppers Original\",\"publisher\":{\"@id\":\"https:\\\/\\\/poppers-original.eu\\\/cs\\\/#organization\"},\"potentialAction\":[{\"@type\":\"SearchAction\",\"target\":{\"@type\":\"EntryPoint\",\"urlTemplate\":\"https:\\\/\\\/poppers-original.eu\\\/cs\\\/?s={search_term_string}\"},\"query-input\":{\"@type\":\"PropertyValueSpecification\",\"valueRequired\":true,\"valueName\":\"search_term_string\"}}],\"inLanguage\":\"cs\"},{\"@type\":\"Organization\",\"@id\":\"https:\\\/\\\/poppers-original.eu\\\/cs\\\/#organization\",\"name\":\"Poppers Sale, Buy Poppers online\",\"url\":\"https:\\\/\\\/poppers-original.eu\\\/cs\\\/\",\"logo\":{\"@type\":\"ImageObject\",\"inLanguage\":\"cs\",\"@id\":\"https:\\\/\\\/poppers-original.eu\\\/cs\\\/#\\\/schema\\\/logo\\\/image\\\/\",\"url\":\"https:\\\/\\\/poppers-original.eu\\\/wp-content\\\/uploads\\\/2023\\\/05\\\/poppers-original-logo.png\",\"contentUrl\":\"https:\\\/\\\/poppers-original.eu\\\/wp-content\\\/uploads\\\/2023\\\/05\\\/poppers-original-logo.png\",\"width\":790,\"height\":150,\"caption\":\"Poppers Sale, Buy Poppers online\"},\"image\":{\"@id\":\"https:\\\/\\\/poppers-original.eu\\\/cs\\\/#\\\/schema\\\/logo\\\/image\\\/\"}}]}<\/script>\n<!-- \/ Yoast SEO plugin. -->","yoast_head_json":{"title":"Poppers Deeper 13 ml Extra Strong - Poppers Original","description":"Probu\u010fte sv\u00e9 touhy s Poppers Deeper. Extra siln\u00fd poppers na b\u00e1zi amyl nitridu, kter\u00fd v\u00e1m zajist\u00ed bezkonkuren\u010dn\u00ed dobrodru\u017estv\u00ed. Nakupte hned!","robots":{"index":"index","follow":"follow","max-snippet":"max-snippet:-1","max-image-preview":"max-image-preview:large","max-video-preview":"max-video-preview:-1"},"canonical":"https:\/\/poppers-original.eu\/cs\/produkt\/poppers-deeper-13-ml-extra-strong\/","og_locale":"cs_CZ","og_type":"article","og_title":"Poppers Deeper 13 ml Extra Strong - Poppers Original","og_description":"Probu\u010fte sv\u00e9 touhy s Poppers Deeper. Extra siln\u00fd poppers na b\u00e1zi amyl nitridu, kter\u00fd v\u00e1m zajist\u00ed bezkonkuren\u010dn\u00ed dobrodru\u017estv\u00ed. Nakupte hned!","og_url":"https:\/\/poppers-original.eu\/cs\/produkt\/poppers-deeper-13-ml-extra-strong\/","og_site_name":"EU Poppers Sale, Buy Poppers online","article_modified_time":"2025-01-02T05:05:06+00:00","og_image":[{"width":1000,"height":1000,"url":"https:\/\/poppers-original.eu\/wp-content\/uploads\/2023\/06\/poppers-deeper-13-ml-extra-strong.jpg","type":"image\/jpeg"}],"twitter_card":"summary_large_image","twitter_misc":{"Odhadovan\u00e1 doba \u010dten\u00ed":"2 minuty"},"schema":{"@context":"https:\/\/schema.org","@graph":[{"@type":"WebPage","@id":"https:\/\/poppers-original.eu\/cs\/produkt\/poppers-deeper-13-ml-extra-strong\/","url":"https:\/\/poppers-original.eu\/cs\/produkt\/poppers-deeper-13-ml-extra-strong\/","name":"Poppers Deeper 13 ml Extra Strong - Poppers Original","isPartOf":{"@id":"https:\/\/poppers-original.eu\/cs\/#website"},"primaryImageOfPage":{"@id":"https:\/\/poppers-original.eu\/cs\/produkt\/poppers-deeper-13-ml-extra-strong\/#primaryimage"},"image":{"@id":"https:\/\/poppers-original.eu\/cs\/produkt\/poppers-deeper-13-ml-extra-strong\/#primaryimage"},"thumbnailUrl":"https:\/\/poppers-original.eu\/wp-content\/uploads\/2023\/06\/poppers-deeper-13-ml-extra-strong.jpg","datePublished":"2023-06-27T16:14:31+00:00","dateModified":"2025-01-02T05:05:06+00:00","description":"Probu\u010fte sv\u00e9 touhy s Poppers Deeper. Extra siln\u00fd poppers na b\u00e1zi amyl nitridu, kter\u00fd v\u00e1m zajist\u00ed bezkonkuren\u010dn\u00ed dobrodru\u017estv\u00ed. Nakupte hned!","breadcrumb":{"@id":"https:\/\/poppers-original.eu\/cs\/produkt\/poppers-deeper-13-ml-extra-strong\/#breadcrumb"},"inLanguage":"cs","potentialAction":[{"@type":"ReadAction","target":["https:\/\/poppers-original.eu\/cs\/produkt\/poppers-deeper-13-ml-extra-strong\/"]}]},{"@type":"ImageObject","inLanguage":"cs","@id":"https:\/\/poppers-original.eu\/cs\/produkt\/poppers-deeper-13-ml-extra-strong\/#primaryimage","url":"https:\/\/poppers-original.eu\/wp-content\/uploads\/2023\/06\/poppers-deeper-13-ml-extra-strong.jpg","contentUrl":"https:\/\/poppers-original.eu\/wp-content\/uploads\/2023\/06\/poppers-deeper-13-ml-extra-strong.jpg","width":1000,"height":1000,"caption":"Poppers Deeper 13 ml Extra Strong"},{"@type":"BreadcrumbList","@id":"https:\/\/poppers-original.eu\/cs\/produkt\/poppers-deeper-13-ml-extra-strong\/#breadcrumb","itemListElement":[{"@type":"ListItem","position":1,"name":"Home","item":"https:\/\/poppers-original.eu\/cs\/"},{"@type":"ListItem","position":2,"name":"Shop","item":"https:\/\/poppers-original.eu\/shop\/"},{"@type":"ListItem","position":3,"name":"Poppers Deeper 13 ml Extra Strong"}]},{"@type":"WebSite","@id":"https:\/\/poppers-original.eu\/cs\/#website","url":"https:\/\/poppers-original.eu\/cs\/","name":"Poppers Original, Buy Poppers online","description":"Poppers Original","publisher":{"@id":"https:\/\/poppers-original.eu\/cs\/#organization"},"potentialAction":[{"@type":"SearchAction","target":{"@type":"EntryPoint","urlTemplate":"https:\/\/poppers-original.eu\/cs\/?s={search_term_string}"},"query-input":{"@type":"PropertyValueSpecification","valueRequired":true,"valueName":"search_term_string"}}],"inLanguage":"cs"},{"@type":"Organization","@id":"https:\/\/poppers-original.eu\/cs\/#organization","name":"Poppers Sale, Buy Poppers online","url":"https:\/\/poppers-original.eu\/cs\/","logo":{"@type":"ImageObject","inLanguage":"cs","@id":"https:\/\/poppers-original.eu\/cs\/#\/schema\/logo\/image\/","url":"https:\/\/poppers-original.eu\/wp-content\/uploads\/2023\/05\/poppers-original-logo.png","contentUrl":"https:\/\/poppers-original.eu\/wp-content\/uploads\/2023\/05\/poppers-original-logo.png","width":790,"height":150,"caption":"Poppers Sale, Buy Poppers online"},"image":{"@id":"https:\/\/poppers-original.eu\/cs\/#\/schema\/logo\/image\/"}}]}},"_links":{"self":[{"href":"https:\/\/poppers-original.eu\/cs\/wp-json\/wp\/v2\/product\/6615","targetHints":{"allow":["GET"]}}],"collection":[{"href":"https:\/\/poppers-original.eu\/cs\/wp-json\/wp\/v2\/product"}],"about":[{"href":"https:\/\/poppers-original.eu\/cs\/wp-json\/wp\/v2\/types\/product"}],"replies":[{"embeddable":true,"href":"https:\/\/poppers-original.eu\/cs\/wp-json\/wp\/v2\/comments?post=6615"}],"wp:featuredmedia":[{"embeddable":true,"href":"https:\/\/poppers-original.eu\/cs\/wp-json\/wp\/v2\/media\/5403"}],"wp:attachment":[{"href":"https:\/\/poppers-original.eu\/cs\/wp-json\/wp\/v2\/media?parent=6615"}],"wp:term":[{"taxonomy":"product_brand","embeddable":true,"href":"https:\/\/poppers-original.eu\/cs\/wp-json\/wp\/v2\/product_brand?post=6615"},{"taxonomy":"product_cat","embeddable":true,"href":"https:\/\/poppers-original.eu\/cs\/wp-json\/wp\/v2\/product_cat?post=6615"},{"taxonomy":"product_tag","embeddable":true,"href":"https:\/\/poppers-original.eu\/cs\/wp-json\/wp\/v2\/product_tag?post=6615"}],"curies":[{"name":"wp","href":"https:\/\/api.w.org\/{rel}","templated":true}]}}