{"id":6612,"date":"2023-07-04T13:16:28","date_gmt":"2023-07-04T12:16:28","guid":{"rendered":"https:\/\/poppers-original.eu\/product\/poppers-rush-zero-red-distilled-24-ml\/"},"modified":"2025-12-22T20:30:24","modified_gmt":"2025-12-22T19:30:24","slug":"poppers-rush-zero-red-distilled-24-ml","status":"publish","type":"product","link":"https:\/\/poppers-original.eu\/cs\/produkt\/poppers-rush-zero-red-distilled-24-ml\/","title":{"rendered":"Poppers Rush Zero Red Distilled 24 ml"},"content":{"rendered":"<h2>Odhalen\u00ed intenzity pokojov\u00e9 v\u016fn\u011b Poppers Rush Zero Red Distilled 24 ml<\/h2>\n<p>Vstupte do sv\u011bta v\u00fdjime\u010dn\u00fdch pocit\u016f s Poppers Rush Zero Red Distilled. Jedine\u010dn\u00e1 kombinace amyl a propyl nitrid\u016f slibuje euforick\u00e9 a nezapomenuteln\u00e9 chv\u00edle. Toto aroma, kter\u00e9 si na\u0161i z\u00e1kazn\u00edci obl\u00edbili d\u00edky sv\u00fdm okam\u017eit\u00fdm \u00fa\u010dink\u016fm vyvol\u00e1vaj\u00edc\u00edm vzru\u0161en\u00ed a relaxaci, je neporazitelnou volbou.  <\/p>\n<h2>Za\u017eijte vzru\u0161uj\u00edc\u00ed recepturu<\/h2>\n<p>Tato extr\u00e9mn\u011b siln\u00e1 sm\u011bs poppers, Poppers Rush Zero Red Distilled 24 ml, je vynikaj\u00edc\u00ed kombinac\u00ed amyl a propyl nitrid\u016f. D\u00edky sv\u00e9mu siln\u00e9mu a okam\u017eit\u00e9mu \u00fa\u010dinku v\u00e1s na\u0161e receptura zaru\u010den\u011b p\u0159enese do sv\u011bta vzru\u0161uj\u00edc\u00edch z\u00e1\u017eitk\u016f. <\/p>\n<h2>Nep\u0159ekonan\u00e1 \u010distota s technologi\u00ed Power Pellet<\/h2>\n<p>V\u00fdjime\u010dn\u00e1 kvalita Rush Zero Red Distilled se net\u00fdk\u00e1 jen jeho s\u00edly. Technologie &#8222;Power Pellet&#8220; pou\u017eit\u00e1 v tomto produktu zahrnuje mal\u00fd m\u00ed\u010dek uvnit\u0159 lahvi\u010dky, kter\u00fd absorbuje vlhkost, \u010d\u00edm\u017e udr\u017euje formuli propylu a amylu kr\u00e1sn\u011b \u010distou. Uveden\u00fd proces zaji\u0161\u0165uje tomuto poppers nep\u0159ekonateln\u00e9 aroma, kter\u00e9 trv\u00e1 d\u00e9le, ne\u017e si dok\u00e1\u017eete p\u0159edstavit.  <\/p>\n<h2>\u00dasp\u011b\u0161n\u00e1 cesta Poppers Rush Zero Red Distilled<\/h2>\n<p>\u00dasp\u011bch tohoto speci\u00e1ln\u00edho poppers v na\u0161ich obchodech sv\u011bd\u010d\u00ed o jeho neporaziteln\u00e9 sm\u011bsi a p\u016fsoben\u00ed. Kombinace amyl a propyl nitrid\u016f, okam\u017eit\u00e9 \u00fa\u010dinky na uvoln\u011bn\u00ed a mechanismus zachov\u00e1n\u00ed kvality jej \u010din\u00ed nezbytn\u00fdm \u010disti\u010dem ko\u017een\u00fdch materi\u00e1l\u016f. <\/p>\n<h2>Nenechte si uj\u00edt v\u00fdprodej Poppers Rush Zero Red Distilled!<\/h2>\n<p>Ahoj, fanou\u0161ci poppers! Sly\u0161eli jste o na\u0161em velk\u00e9m v\u00fdprodeji? Ano, je to pravda. Nab\u00edz\u00edme skv\u011bl\u00e9 slevy na na\u0161e obl\u00edben\u00e9 aroma Rush Zero Red Distilled. Tato jedine\u010dn\u00e1 sm\u011bs amyl a propyl nitrid\u016f v\u00e1s svou v\u00fdjime\u010dnou silou a v\u016fn\u00ed ur\u010dit\u011b ohrom\u00ed. Tak pro\u010d \u010dekat? Vyu\u017eijte t\u00e9to skv\u011bl\u00e9 nab\u00eddky a nechte se un\u00e1\u0161et p\u0159\u00edjemn\u00fdmi momenty. Pokud v\u00e1s p\u0159itahuje jedine\u010dn\u00e1 s\u00edla na\u0161\u00ed sm\u011bsi amyl a propyl nitridu, doporu\u010dujeme v\u00e1m nav\u0161t\u00edvit na\u0161i kategorii <a href=\"https:\/\/poppers-original.eu\/cs\/kategorie-produktu\/poppers-mix-amyl-propyl\/\">Amyl Propyl Mix Poppers<\/a>, kde naleznete je\u0161t\u011b v\u00edce vzru\u0161uj\u00edc\u00edch mo\u017enost\u00ed.      <\/p>\n<p><strong>Obsah balen\u00ed<\/strong><\/p>\n<ul>\n<li>1x Rush Zero Red Distilled Aroma 24 ml<\/li>\n<\/ul>\n<p><strong>Vlastnosti:<\/strong><\/p>\n<ul>\n<li>Ofici\u00e1ln\u00ed n\u00e1zev: Poppers Rush Zero Red Distilled 24 ml<\/li>\n<li>Obsah: 24 ml<\/li>\n<li>S\u00edla: 4\/5<\/li>\n<li>Bezpe\u010dn\u00e9 otev\u00edr\u00e1n\u00ed: s bezpe\u010dnostn\u00edm uz\u00e1v\u011brem<\/li>\n<li>Power Pak Pellets (PPP) pro dlouhodobou \u010distotu.<\/li>\n<li>Znovu uzav\u00edrateln\u00e9 polykonov\u00e9 v\u00ed\u010dko pro zachov\u00e1n\u00ed s\u00edly.<\/li>\n<li>Zbo\u017e\u00ed ka\u017ed\u00fd t\u00fdden obm\u011b\u0148ujeme pro zaji\u0161t\u011bn\u00ed \u010derstvosti.<\/li>\n<li>Amyl Nitrit, Mixed isomers (CAS 110-46-3) + 1-Butanol, 3-methyl (CAS 123-51-3)<\/li>\n<li>Isopropyl nitrit (CAS 541-42-4) + Propan-2-ol (CAS 67-63-0) Isopropyl<\/li>\n<li>Garance spokojenosti bu\u010f vr\u00e1cen\u00edm pen\u011bz, nebo v\u00fdm\u011bnou produktu.<\/li>\n<li>V\u00fdrobce: PWD\u00ae \u2013 Never Fake It<\/li>\n<li>Vyrobeno v Lucembursku<\/li>\n<\/ul>\n","protected":false},"excerpt":{"rendered":"<p>Pro ty z v\u00e1s, kte\u0159\u00ed hledaj\u00ed intenzivn\u00ed okam\u017eiky, nab\u00edz\u00ed Poppers Rush Zero Red Distilled silnou kombinaci amyl a propyl nitrid\u016f. Tato obl\u00edben\u00e1 receptura, zn\u00e1m\u00e1 sv\u00fdmi siln\u00fdmi \u00fa\u010dinky a okam\u017eit\u00fdm pocitem uvoln\u011bn\u00ed, p\u0159in\u00e1\u0161\u00ed nezapomenuteln\u00e9 z\u00e1\u017eitky. Toto aroma, kter\u00e9 m\u00e1 v na\u0161ich obchodech v\u00fdznamn\u00fd \u00fasp\u011bch, garantuje zachov\u00e1n\u00ed sv\u00e9 \u010dist\u00e9 formulace d\u00edky jedine\u010dn\u00e9 technologii &#8222;Power Pellet&#8220;.  <\/p>\n","protected":false},"featured_media":5420,"comment_status":"open","ping_status":"closed","template":"","meta":{"_acf_changed":false},"product_brand":[],"product_cat":[759,730,436],"product_tag":[775,776,777,773,778,779,774],"class_list":{"0":"post-6612","1":"product","2":"type-product","3":"status-publish","4":"has-post-thumbnail","6":"product_cat-poppers-cs","7":"product_cat-poppers-mix-amyl-propyl","8":"product_cat-velke-poppers","9":"product_tag-distilled-rush-poppers-cs","10":"product_tag-poppers-rush-red-cs","11":"product_tag-poppers-rush-zero-distilled-red-cs","12":"product_tag-poppers-rush-zero-red-distilled-24-ml-cs","13":"product_tag-red-distilled-poppers-rush-cs","14":"product_tag-rush-red-distilled-cs","15":"product_tag-rush-zero-distilled-poppers-cs","17":"first","18":"instock","19":"taxable","20":"shipping-taxable","21":"purchasable","22":"product-type-simple"},"acf":[],"yoast_head":"<!-- This site is optimized with the Yoast SEO plugin v27.3 - https:\/\/yoast.com\/product\/yoast-seo-wordpress\/ -->\n<title>Poppers Rush Zero Red Distilled 24 ml - Poppers Original<\/title>\n<meta name=\"description\" content=\"Pono\u0159te se do intenzivn\u00edch okam\u017eik\u016f s Poppers Rush Zero Red Distilled. Obl\u00edben\u00e1 sm\u011bs amyl a propyl nitrid\u016f pro nezapomenuteln\u00e9 pocity. Nakupujte nyn\u00ed!\" \/>\n<meta name=\"robots\" content=\"index, follow, max-snippet:-1, max-image-preview:large, max-video-preview:-1\" \/>\n<link rel=\"canonical\" href=\"https:\/\/poppers-original.eu\/cs\/produkt\/poppers-rush-zero-red-distilled-24-ml\/\" \/>\n<meta property=\"og:locale\" content=\"cs_CZ\" \/>\n<meta property=\"og:type\" content=\"article\" \/>\n<meta property=\"og:title\" content=\"Poppers Rush Zero Red Distilled 24 ml - Poppers Original\" \/>\n<meta property=\"og:description\" content=\"Pono\u0159te se do intenzivn\u00edch okam\u017eik\u016f s Poppers Rush Zero Red Distilled. Obl\u00edben\u00e1 sm\u011bs amyl a propyl nitrid\u016f pro nezapomenuteln\u00e9 pocity. Nakupujte nyn\u00ed!\" \/>\n<meta property=\"og:url\" content=\"https:\/\/poppers-original.eu\/cs\/produkt\/poppers-rush-zero-red-distilled-24-ml\/\" \/>\n<meta property=\"og:site_name\" content=\"EU Poppers Sale, Buy Poppers online\" \/>\n<meta property=\"article:modified_time\" content=\"2025-12-22T19:30:24+00:00\" \/>\n<meta property=\"og:image\" content=\"https:\/\/poppers-original.eu\/wp-content\/uploads\/2023\/07\/poppers-rush-zero-red-distilled-24-ml.jpg\" \/>\n\t<meta property=\"og:image:width\" content=\"1000\" \/>\n\t<meta property=\"og:image:height\" content=\"1000\" \/>\n\t<meta property=\"og:image:type\" content=\"image\/jpeg\" \/>\n<meta name=\"twitter:card\" content=\"summary_large_image\" \/>\n<meta name=\"twitter:label1\" content=\"Odhadovan\u00e1 doba \u010dten\u00ed\" \/>\n\t<meta name=\"twitter:data1\" content=\"2 minuty\" \/>\n<script type=\"application\/ld+json\" class=\"yoast-schema-graph\">{\"@context\":\"https:\\\/\\\/schema.org\",\"@graph\":[{\"@type\":\"WebPage\",\"@id\":\"https:\\\/\\\/poppers-original.eu\\\/cs\\\/produkt\\\/poppers-rush-zero-red-distilled-24-ml\\\/\",\"url\":\"https:\\\/\\\/poppers-original.eu\\\/cs\\\/produkt\\\/poppers-rush-zero-red-distilled-24-ml\\\/\",\"name\":\"Poppers Rush Zero Red Distilled 24 ml - Poppers Original\",\"isPartOf\":{\"@id\":\"https:\\\/\\\/poppers-original.eu\\\/cs\\\/#website\"},\"primaryImageOfPage\":{\"@id\":\"https:\\\/\\\/poppers-original.eu\\\/cs\\\/produkt\\\/poppers-rush-zero-red-distilled-24-ml\\\/#primaryimage\"},\"image\":{\"@id\":\"https:\\\/\\\/poppers-original.eu\\\/cs\\\/produkt\\\/poppers-rush-zero-red-distilled-24-ml\\\/#primaryimage\"},\"thumbnailUrl\":\"https:\\\/\\\/poppers-original.eu\\\/wp-content\\\/uploads\\\/2023\\\/07\\\/poppers-rush-zero-red-distilled-24-ml.jpg\",\"datePublished\":\"2023-07-04T12:16:28+00:00\",\"dateModified\":\"2025-12-22T19:30:24+00:00\",\"description\":\"Pono\u0159te se do intenzivn\u00edch okam\u017eik\u016f s Poppers Rush Zero Red Distilled. Obl\u00edben\u00e1 sm\u011bs amyl a propyl nitrid\u016f pro nezapomenuteln\u00e9 pocity. Nakupujte nyn\u00ed!\",\"breadcrumb\":{\"@id\":\"https:\\\/\\\/poppers-original.eu\\\/cs\\\/produkt\\\/poppers-rush-zero-red-distilled-24-ml\\\/#breadcrumb\"},\"inLanguage\":\"cs\",\"potentialAction\":[{\"@type\":\"ReadAction\",\"target\":[\"https:\\\/\\\/poppers-original.eu\\\/cs\\\/produkt\\\/poppers-rush-zero-red-distilled-24-ml\\\/\"]}]},{\"@type\":\"ImageObject\",\"inLanguage\":\"cs\",\"@id\":\"https:\\\/\\\/poppers-original.eu\\\/cs\\\/produkt\\\/poppers-rush-zero-red-distilled-24-ml\\\/#primaryimage\",\"url\":\"https:\\\/\\\/poppers-original.eu\\\/wp-content\\\/uploads\\\/2023\\\/07\\\/poppers-rush-zero-red-distilled-24-ml.jpg\",\"contentUrl\":\"https:\\\/\\\/poppers-original.eu\\\/wp-content\\\/uploads\\\/2023\\\/07\\\/poppers-rush-zero-red-distilled-24-ml.jpg\",\"width\":1000,\"height\":1000,\"caption\":\"Poppers Rush Zero Red Distilled 24 ml\"},{\"@type\":\"BreadcrumbList\",\"@id\":\"https:\\\/\\\/poppers-original.eu\\\/cs\\\/produkt\\\/poppers-rush-zero-red-distilled-24-ml\\\/#breadcrumb\",\"itemListElement\":[{\"@type\":\"ListItem\",\"position\":1,\"name\":\"Home\",\"item\":\"https:\\\/\\\/poppers-original.eu\\\/cs\\\/\"},{\"@type\":\"ListItem\",\"position\":2,\"name\":\"Shop\",\"item\":\"https:\\\/\\\/poppers-original.eu\\\/shop\\\/\"},{\"@type\":\"ListItem\",\"position\":3,\"name\":\"Poppers Rush Zero Red Distilled 24 ml\"}]},{\"@type\":\"WebSite\",\"@id\":\"https:\\\/\\\/poppers-original.eu\\\/cs\\\/#website\",\"url\":\"https:\\\/\\\/poppers-original.eu\\\/cs\\\/\",\"name\":\"Poppers Original, Buy Poppers online\",\"description\":\"Poppers Original\",\"publisher\":{\"@id\":\"https:\\\/\\\/poppers-original.eu\\\/cs\\\/#organization\"},\"potentialAction\":[{\"@type\":\"SearchAction\",\"target\":{\"@type\":\"EntryPoint\",\"urlTemplate\":\"https:\\\/\\\/poppers-original.eu\\\/cs\\\/?s={search_term_string}\"},\"query-input\":{\"@type\":\"PropertyValueSpecification\",\"valueRequired\":true,\"valueName\":\"search_term_string\"}}],\"inLanguage\":\"cs\"},{\"@type\":\"Organization\",\"@id\":\"https:\\\/\\\/poppers-original.eu\\\/cs\\\/#organization\",\"name\":\"Poppers Sale, Buy Poppers online\",\"url\":\"https:\\\/\\\/poppers-original.eu\\\/cs\\\/\",\"logo\":{\"@type\":\"ImageObject\",\"inLanguage\":\"cs\",\"@id\":\"https:\\\/\\\/poppers-original.eu\\\/cs\\\/#\\\/schema\\\/logo\\\/image\\\/\",\"url\":\"https:\\\/\\\/poppers-original.eu\\\/wp-content\\\/uploads\\\/2023\\\/05\\\/poppers-original-logo.png\",\"contentUrl\":\"https:\\\/\\\/poppers-original.eu\\\/wp-content\\\/uploads\\\/2023\\\/05\\\/poppers-original-logo.png\",\"width\":790,\"height\":150,\"caption\":\"Poppers Sale, Buy Poppers online\"},\"image\":{\"@id\":\"https:\\\/\\\/poppers-original.eu\\\/cs\\\/#\\\/schema\\\/logo\\\/image\\\/\"}}]}<\/script>\n<!-- \/ Yoast SEO plugin. -->","yoast_head_json":{"title":"Poppers Rush Zero Red Distilled 24 ml - Poppers Original","description":"Pono\u0159te se do intenzivn\u00edch okam\u017eik\u016f s Poppers Rush Zero Red Distilled. Obl\u00edben\u00e1 sm\u011bs amyl a propyl nitrid\u016f pro nezapomenuteln\u00e9 pocity. Nakupujte nyn\u00ed!","robots":{"index":"index","follow":"follow","max-snippet":"max-snippet:-1","max-image-preview":"max-image-preview:large","max-video-preview":"max-video-preview:-1"},"canonical":"https:\/\/poppers-original.eu\/cs\/produkt\/poppers-rush-zero-red-distilled-24-ml\/","og_locale":"cs_CZ","og_type":"article","og_title":"Poppers Rush Zero Red Distilled 24 ml - Poppers Original","og_description":"Pono\u0159te se do intenzivn\u00edch okam\u017eik\u016f s Poppers Rush Zero Red Distilled. Obl\u00edben\u00e1 sm\u011bs amyl a propyl nitrid\u016f pro nezapomenuteln\u00e9 pocity. Nakupujte nyn\u00ed!","og_url":"https:\/\/poppers-original.eu\/cs\/produkt\/poppers-rush-zero-red-distilled-24-ml\/","og_site_name":"EU Poppers Sale, Buy Poppers online","article_modified_time":"2025-12-22T19:30:24+00:00","og_image":[{"width":1000,"height":1000,"url":"https:\/\/poppers-original.eu\/wp-content\/uploads\/2023\/07\/poppers-rush-zero-red-distilled-24-ml.jpg","type":"image\/jpeg"}],"twitter_card":"summary_large_image","twitter_misc":{"Odhadovan\u00e1 doba \u010dten\u00ed":"2 minuty"},"schema":{"@context":"https:\/\/schema.org","@graph":[{"@type":"WebPage","@id":"https:\/\/poppers-original.eu\/cs\/produkt\/poppers-rush-zero-red-distilled-24-ml\/","url":"https:\/\/poppers-original.eu\/cs\/produkt\/poppers-rush-zero-red-distilled-24-ml\/","name":"Poppers Rush Zero Red Distilled 24 ml - Poppers Original","isPartOf":{"@id":"https:\/\/poppers-original.eu\/cs\/#website"},"primaryImageOfPage":{"@id":"https:\/\/poppers-original.eu\/cs\/produkt\/poppers-rush-zero-red-distilled-24-ml\/#primaryimage"},"image":{"@id":"https:\/\/poppers-original.eu\/cs\/produkt\/poppers-rush-zero-red-distilled-24-ml\/#primaryimage"},"thumbnailUrl":"https:\/\/poppers-original.eu\/wp-content\/uploads\/2023\/07\/poppers-rush-zero-red-distilled-24-ml.jpg","datePublished":"2023-07-04T12:16:28+00:00","dateModified":"2025-12-22T19:30:24+00:00","description":"Pono\u0159te se do intenzivn\u00edch okam\u017eik\u016f s Poppers Rush Zero Red Distilled. Obl\u00edben\u00e1 sm\u011bs amyl a propyl nitrid\u016f pro nezapomenuteln\u00e9 pocity. Nakupujte nyn\u00ed!","breadcrumb":{"@id":"https:\/\/poppers-original.eu\/cs\/produkt\/poppers-rush-zero-red-distilled-24-ml\/#breadcrumb"},"inLanguage":"cs","potentialAction":[{"@type":"ReadAction","target":["https:\/\/poppers-original.eu\/cs\/produkt\/poppers-rush-zero-red-distilled-24-ml\/"]}]},{"@type":"ImageObject","inLanguage":"cs","@id":"https:\/\/poppers-original.eu\/cs\/produkt\/poppers-rush-zero-red-distilled-24-ml\/#primaryimage","url":"https:\/\/poppers-original.eu\/wp-content\/uploads\/2023\/07\/poppers-rush-zero-red-distilled-24-ml.jpg","contentUrl":"https:\/\/poppers-original.eu\/wp-content\/uploads\/2023\/07\/poppers-rush-zero-red-distilled-24-ml.jpg","width":1000,"height":1000,"caption":"Poppers Rush Zero Red Distilled 24 ml"},{"@type":"BreadcrumbList","@id":"https:\/\/poppers-original.eu\/cs\/produkt\/poppers-rush-zero-red-distilled-24-ml\/#breadcrumb","itemListElement":[{"@type":"ListItem","position":1,"name":"Home","item":"https:\/\/poppers-original.eu\/cs\/"},{"@type":"ListItem","position":2,"name":"Shop","item":"https:\/\/poppers-original.eu\/shop\/"},{"@type":"ListItem","position":3,"name":"Poppers Rush Zero Red Distilled 24 ml"}]},{"@type":"WebSite","@id":"https:\/\/poppers-original.eu\/cs\/#website","url":"https:\/\/poppers-original.eu\/cs\/","name":"Poppers Original, Buy Poppers online","description":"Poppers Original","publisher":{"@id":"https:\/\/poppers-original.eu\/cs\/#organization"},"potentialAction":[{"@type":"SearchAction","target":{"@type":"EntryPoint","urlTemplate":"https:\/\/poppers-original.eu\/cs\/?s={search_term_string}"},"query-input":{"@type":"PropertyValueSpecification","valueRequired":true,"valueName":"search_term_string"}}],"inLanguage":"cs"},{"@type":"Organization","@id":"https:\/\/poppers-original.eu\/cs\/#organization","name":"Poppers Sale, Buy Poppers online","url":"https:\/\/poppers-original.eu\/cs\/","logo":{"@type":"ImageObject","inLanguage":"cs","@id":"https:\/\/poppers-original.eu\/cs\/#\/schema\/logo\/image\/","url":"https:\/\/poppers-original.eu\/wp-content\/uploads\/2023\/05\/poppers-original-logo.png","contentUrl":"https:\/\/poppers-original.eu\/wp-content\/uploads\/2023\/05\/poppers-original-logo.png","width":790,"height":150,"caption":"Poppers Sale, Buy Poppers online"},"image":{"@id":"https:\/\/poppers-original.eu\/cs\/#\/schema\/logo\/image\/"}}]}},"_links":{"self":[{"href":"https:\/\/poppers-original.eu\/cs\/wp-json\/wp\/v2\/product\/6612","targetHints":{"allow":["GET"]}}],"collection":[{"href":"https:\/\/poppers-original.eu\/cs\/wp-json\/wp\/v2\/product"}],"about":[{"href":"https:\/\/poppers-original.eu\/cs\/wp-json\/wp\/v2\/types\/product"}],"replies":[{"embeddable":true,"href":"https:\/\/poppers-original.eu\/cs\/wp-json\/wp\/v2\/comments?post=6612"}],"wp:featuredmedia":[{"embeddable":true,"href":"https:\/\/poppers-original.eu\/cs\/wp-json\/wp\/v2\/media\/5420"}],"wp:attachment":[{"href":"https:\/\/poppers-original.eu\/cs\/wp-json\/wp\/v2\/media?parent=6612"}],"wp:term":[{"taxonomy":"product_brand","embeddable":true,"href":"https:\/\/poppers-original.eu\/cs\/wp-json\/wp\/v2\/product_brand?post=6612"},{"taxonomy":"product_cat","embeddable":true,"href":"https:\/\/poppers-original.eu\/cs\/wp-json\/wp\/v2\/product_cat?post=6612"},{"taxonomy":"product_tag","embeddable":true,"href":"https:\/\/poppers-original.eu\/cs\/wp-json\/wp\/v2\/product_tag?post=6612"}],"curies":[{"name":"wp","href":"https:\/\/api.w.org\/{rel}","templated":true}]}}