{"id":6439,"date":"2023-07-20T11:59:03","date_gmt":"2023-07-20T10:59:03","guid":{"rendered":"https:\/\/poppers-original.eu\/product\/poppers-juice-zero-black-label-10-ml\/"},"modified":"2025-01-04T18:09:18","modified_gmt":"2025-01-04T17:09:18","slug":"poppers-juice-zero-black-label-10-ml","status":"publish","type":"product","link":"https:\/\/poppers-original.eu\/cs\/produkt\/poppers-juice-zero-black-label-10-ml\/","title":{"rendered":"Poppers Juice Zero Black Label 10 ml"},"content":{"rendered":"<p>P\u0159edstavujeme v\u00e1m Poppers Juice Zero Black, kl\u00ed\u010d k vzru\u0161uj\u00edc\u00edm a nezapomenuteln\u00fdm chv\u00edl\u00edm. Tato jedine\u010dn\u00e1 formule zcela prom\u011bn\u00ed va\u0161e osobn\u00ed z\u00e1\u017eitky a vezme v\u00e1s na smyslnou j\u00edzdu do dosud neprob\u00e1dan\u00fdch oblast\u00ed. Tato 10ml lahvi\u010dka, ve kter\u00e9 hraje hlavn\u00ed roli propyl nitrid, slibuje vzru\u0161uj\u00edc\u00ed dobrodru\u017estv\u00ed, je\u017e nezn\u00e1 hranic.  <\/p>\n<h2>Vyu\u017eijte s\u00edlu \u010distic\u00edch prost\u0159edk\u016f na ko\u017een\u00e9 materi\u00e1ly Juice Zero Black<\/h2>\n<p>Hled\u00e1te v osobn\u00edm \u017eivot\u011b v\u00edce vzru\u0161en\u00ed nebo s\u00f3lo z\u00e1bavy? Pak se zastavte u pokojov\u00e9ho aroma Juice Zero Black. Tyto poppers, mistrovsky vytvo\u0159en\u00e9 k zes\u00edlen\u00e9mu vn\u00edman\u00ed pocit\u016f a pro\u017e\u00edv\u00e1n\u00ed \u010dir\u00e9 radosti, slibuj\u00ed osv\u011b\u017euj\u00edc\u00ed nov\u00fd z\u00e1\u017eitek. Tak pro\u010d v\u00e1hat? Vyzkou\u0161ejte tento katalyz\u00e1tor vzru\u0161en\u00ed a vydejte se na cestu plnou mimo\u0159\u00e1dn\u00fdch dobrodru\u017estv\u00ed.    <\/p>\n<h2>\u010c\u00edm aroma Black vynik\u00e1<\/h2>\n<p>Poppers Juice Zero Black nastavuje mezi v\u016fn\u011bmi poppers la\u0165ku vysoko. \u010c\u00edm se li\u0161\u00ed od ostatn\u00edch? Vynik\u00e1 p\u0159edev\u0161\u00edm svou formul\u00ed vyrobenou z \u010dist\u00fdch slo\u017eek. Tato 10ml lahvi\u010dka zaru\u010duje dlouhodob\u00fd v\u00fdkon, zat\u00edmco jeho praktick\u00fd uz\u00e1v\u011br zaji\u0161\u0165uje snadn\u00e9 pou\u017eit\u00ed a skladov\u00e1n\u00ed, co\u017e z n\u011bj \u010din\u00ed prvn\u00ed volbu pro lidi, kte\u0159\u00ed hledaj\u00ed \u00fa\u010dinn\u00e9 a u\u017eivatelsky p\u0159\u00edv\u011btiv\u00e9 poppers.   <\/p>\n<h2>Poppers Juice Zero Black: Va\u0161e vstupenka k nezapomenuteln\u00fdm dobrodru\u017estv\u00edm<\/h2>\n<p>Tak\u017ee, pokud hled\u00e1te intenzivn\u00ed a nezapomenuteln\u00e9 z\u00e1\u017eitky, Poppers Juice Zero Black bude va\u0161\u00edm ide\u00e1ln\u00edm spole\u010dn\u00edkem. S jeho robustn\u00ed formul\u00ed a jedine\u010dn\u00fdmi vlastnostmi je to neodolateln\u00e1 volba pro u\u017eivatele, kte\u0159\u00ed hledaj\u00ed vrchol slasti. Vyzkou\u0161ejte kouzlo aroma Juice Zero Black je\u0161t\u011b dnes a pozvedn\u011bte sv\u00e9 osobn\u00ed z\u00e1\u017eitky na dosud nepoznan\u00e9 v\u00fd\u0161iny. M\u00e1te z\u00e1jem o v\u011bt\u0161\u00ed, 24ml lahvi\u010dku stejn\u00e9 zna\u010dky poppers? N\u00e1\u0161 <a href=\"https:\/\/poppers-original.eu\/cs\/produkt\/poppers-juice-zero-black-label-24-ml\/\">Poppers Juice Zero Black Label 24 ml<\/a> je tu jen pro v\u00e1s!  <\/p>\n<p><strong>Obsah balen\u00ed<\/strong><\/p>\n<ul>\n<li>1x Juice Zero Black Aroma 10 ml<\/li>\n<\/ul>\n<p><strong>Vlastnosti:<\/strong><\/p>\n<ul>\n<li>Ofici\u00e1ln\u00ed n\u00e1zev: Poppers Juice Zero Black Label 10 ml<\/li>\n<li>Obsah: 10 ml<\/li>\n<li>S\u00edla: 3\/5<\/li>\n<li>Bezpe\u010dn\u00e9 otev\u00edr\u00e1n\u00ed: s bezpe\u010dnostn\u00edm uz\u00e1v\u011brem<\/li>\n<li>Power Pak Pellets (PPP) pro dlouhodobou \u010distotu.<\/li>\n<li>Znovu uzav\u00edrateln\u00e9 polykonov\u00e9 v\u00ed\u010dko pro zachov\u00e1n\u00ed s\u00edly.<\/li>\n<li>Zbo\u017e\u00ed ka\u017ed\u00fd t\u00fdden obm\u011b\u0148ujeme pro zaji\u0161t\u011bn\u00ed \u010derstvosti.<\/li>\n<li>Isopropyl nitrit (CAS 541-42-4) + Propan-2-ol (CAS 67-63-0) Isopropyl<\/li>\n<li>Garance spokojenosti bu\u010f vr\u00e1cen\u00edm pen\u011bz, nebo v\u00fdm\u011bnou produktu.<\/li>\n<li>V\u00fdrobce: PWD\u00ae &#8211; Never Fake It<\/li>\n<li>Vyrobeno v Lucembursku<\/li>\n<\/ul>\n","protected":false},"excerpt":{"rendered":"<p>Pono\u0159te se do nep\u0159ekonateln\u00e9ho sv\u011bta Poppers Juice Zero Black. Tato \u00fa\u010dinn\u00e1 formule, bohat\u00e1 na \u010dist\u00fd propyl nitrid, zaru\u010den\u011b posune va\u0161e intimn\u00ed z\u00e1\u017eitky na zcela novou \u00farove\u0148. Ka\u017ed\u00e1 kapka z t\u00e9to kompaktn\u00ed 10ml lahvi\u010dky m\u00e1 schopnost prom\u011bnit b\u011b\u017en\u00e9 v n\u011bco zcela mimo\u0159\u00e1dn\u00e9ho. P\u0159idejte si Poppers Juice Zero Black do vybaven\u00ed na cestu za nezapomenuteln\u00fdmi dobrodru\u017estv\u00edmi ji\u017e dnes.   <\/p>\n","protected":false},"featured_media":5461,"comment_status":"open","ping_status":"closed","template":"","meta":{"_acf_changed":false},"product_brand":[],"product_cat":[651,759,661],"product_tag":[735,736,734],"class_list":{"0":"post-6439","1":"product","2":"type-product","3":"status-publish","4":"has-post-thumbnail","6":"product_cat-male-poppers","7":"product_cat-poppers-cs","8":"product_cat-poppers-na-bazi-nitridu-propylu","9":"product_tag-juice-zero-black-poppers-cs","10":"product_tag-poppers-juice-black-zero-cs","11":"product_tag-poppers-juice-zero-black-cs","13":"first","14":"instock","15":"taxable","16":"shipping-taxable","17":"purchasable","18":"product-type-simple"},"acf":[],"yoast_head":"<!-- This site is optimized with the Yoast SEO plugin v27.3 - https:\/\/yoast.com\/product\/yoast-seo-wordpress\/ -->\n<title>Poppers Juice Zero Black Label 10 ml - Poppers Original<\/title>\n<meta name=\"description\" content=\"Probu\u010fte v sob\u011b s v\u00fdkonn\u00fdm Poppers Juice Zero Black 10 ml bou\u0159i pocit\u016f. Objednejte ji\u017e dnes a poznejte nezapomenuteln\u00e9 a vzru\u0161uj\u00edc\u00ed z\u00e1\u017eitky!\" \/>\n<meta name=\"robots\" content=\"index, follow, max-snippet:-1, max-image-preview:large, max-video-preview:-1\" \/>\n<link rel=\"canonical\" href=\"https:\/\/poppers-original.eu\/cs\/produkt\/poppers-juice-zero-black-label-10-ml\/\" \/>\n<meta property=\"og:locale\" content=\"cs_CZ\" \/>\n<meta property=\"og:type\" content=\"article\" \/>\n<meta property=\"og:title\" content=\"Poppers Juice Zero Black Label 10 ml - Poppers Original\" \/>\n<meta property=\"og:description\" content=\"Probu\u010fte v sob\u011b s v\u00fdkonn\u00fdm Poppers Juice Zero Black 10 ml bou\u0159i pocit\u016f. Objednejte ji\u017e dnes a poznejte nezapomenuteln\u00e9 a vzru\u0161uj\u00edc\u00ed z\u00e1\u017eitky!\" \/>\n<meta property=\"og:url\" content=\"https:\/\/poppers-original.eu\/cs\/produkt\/poppers-juice-zero-black-label-10-ml\/\" \/>\n<meta property=\"og:site_name\" content=\"EU Poppers Sale, Buy Poppers online\" \/>\n<meta property=\"article:modified_time\" content=\"2025-01-04T17:09:18+00:00\" \/>\n<meta property=\"og:image\" content=\"https:\/\/poppers-original.eu\/wp-content\/uploads\/2023\/07\/poppers-juice-zero-black-label-10-ml.jpg\" \/>\n\t<meta property=\"og:image:width\" content=\"1000\" \/>\n\t<meta property=\"og:image:height\" content=\"1000\" \/>\n\t<meta property=\"og:image:type\" content=\"image\/jpeg\" \/>\n<meta name=\"twitter:card\" content=\"summary_large_image\" \/>\n<meta name=\"twitter:label1\" content=\"Odhadovan\u00e1 doba \u010dten\u00ed\" \/>\n\t<meta name=\"twitter:data1\" content=\"2 minuty\" \/>\n<script type=\"application\/ld+json\" class=\"yoast-schema-graph\">{\"@context\":\"https:\\\/\\\/schema.org\",\"@graph\":[{\"@type\":\"WebPage\",\"@id\":\"https:\\\/\\\/poppers-original.eu\\\/cs\\\/produkt\\\/poppers-juice-zero-black-label-10-ml\\\/\",\"url\":\"https:\\\/\\\/poppers-original.eu\\\/cs\\\/produkt\\\/poppers-juice-zero-black-label-10-ml\\\/\",\"name\":\"Poppers Juice Zero Black Label 10 ml - Poppers Original\",\"isPartOf\":{\"@id\":\"https:\\\/\\\/poppers-original.eu\\\/cs\\\/#website\"},\"primaryImageOfPage\":{\"@id\":\"https:\\\/\\\/poppers-original.eu\\\/cs\\\/produkt\\\/poppers-juice-zero-black-label-10-ml\\\/#primaryimage\"},\"image\":{\"@id\":\"https:\\\/\\\/poppers-original.eu\\\/cs\\\/produkt\\\/poppers-juice-zero-black-label-10-ml\\\/#primaryimage\"},\"thumbnailUrl\":\"https:\\\/\\\/poppers-original.eu\\\/wp-content\\\/uploads\\\/2023\\\/07\\\/poppers-juice-zero-black-label-10-ml.jpg\",\"datePublished\":\"2023-07-20T10:59:03+00:00\",\"dateModified\":\"2025-01-04T17:09:18+00:00\",\"description\":\"Probu\u010fte v sob\u011b s v\u00fdkonn\u00fdm Poppers Juice Zero Black 10 ml bou\u0159i pocit\u016f. Objednejte ji\u017e dnes a poznejte nezapomenuteln\u00e9 a vzru\u0161uj\u00edc\u00ed z\u00e1\u017eitky!\",\"breadcrumb\":{\"@id\":\"https:\\\/\\\/poppers-original.eu\\\/cs\\\/produkt\\\/poppers-juice-zero-black-label-10-ml\\\/#breadcrumb\"},\"inLanguage\":\"cs\",\"potentialAction\":[{\"@type\":\"ReadAction\",\"target\":[\"https:\\\/\\\/poppers-original.eu\\\/cs\\\/produkt\\\/poppers-juice-zero-black-label-10-ml\\\/\"]}]},{\"@type\":\"ImageObject\",\"inLanguage\":\"cs\",\"@id\":\"https:\\\/\\\/poppers-original.eu\\\/cs\\\/produkt\\\/poppers-juice-zero-black-label-10-ml\\\/#primaryimage\",\"url\":\"https:\\\/\\\/poppers-original.eu\\\/wp-content\\\/uploads\\\/2023\\\/07\\\/poppers-juice-zero-black-label-10-ml.jpg\",\"contentUrl\":\"https:\\\/\\\/poppers-original.eu\\\/wp-content\\\/uploads\\\/2023\\\/07\\\/poppers-juice-zero-black-label-10-ml.jpg\",\"width\":1000,\"height\":1000,\"caption\":\"Poppers Juice Zero Black Label 10 ml\"},{\"@type\":\"BreadcrumbList\",\"@id\":\"https:\\\/\\\/poppers-original.eu\\\/cs\\\/produkt\\\/poppers-juice-zero-black-label-10-ml\\\/#breadcrumb\",\"itemListElement\":[{\"@type\":\"ListItem\",\"position\":1,\"name\":\"Home\",\"item\":\"https:\\\/\\\/poppers-original.eu\\\/cs\\\/\"},{\"@type\":\"ListItem\",\"position\":2,\"name\":\"Shop\",\"item\":\"https:\\\/\\\/poppers-original.eu\\\/shop\\\/\"},{\"@type\":\"ListItem\",\"position\":3,\"name\":\"Poppers Juice Zero Black Label 10 ml\"}]},{\"@type\":\"WebSite\",\"@id\":\"https:\\\/\\\/poppers-original.eu\\\/cs\\\/#website\",\"url\":\"https:\\\/\\\/poppers-original.eu\\\/cs\\\/\",\"name\":\"Poppers Original, Buy Poppers online\",\"description\":\"Poppers Original\",\"publisher\":{\"@id\":\"https:\\\/\\\/poppers-original.eu\\\/cs\\\/#organization\"},\"potentialAction\":[{\"@type\":\"SearchAction\",\"target\":{\"@type\":\"EntryPoint\",\"urlTemplate\":\"https:\\\/\\\/poppers-original.eu\\\/cs\\\/?s={search_term_string}\"},\"query-input\":{\"@type\":\"PropertyValueSpecification\",\"valueRequired\":true,\"valueName\":\"search_term_string\"}}],\"inLanguage\":\"cs\"},{\"@type\":\"Organization\",\"@id\":\"https:\\\/\\\/poppers-original.eu\\\/cs\\\/#organization\",\"name\":\"Poppers Sale, Buy Poppers online\",\"url\":\"https:\\\/\\\/poppers-original.eu\\\/cs\\\/\",\"logo\":{\"@type\":\"ImageObject\",\"inLanguage\":\"cs\",\"@id\":\"https:\\\/\\\/poppers-original.eu\\\/cs\\\/#\\\/schema\\\/logo\\\/image\\\/\",\"url\":\"https:\\\/\\\/poppers-original.eu\\\/wp-content\\\/uploads\\\/2023\\\/05\\\/poppers-original-logo.png\",\"contentUrl\":\"https:\\\/\\\/poppers-original.eu\\\/wp-content\\\/uploads\\\/2023\\\/05\\\/poppers-original-logo.png\",\"width\":790,\"height\":150,\"caption\":\"Poppers Sale, Buy Poppers online\"},\"image\":{\"@id\":\"https:\\\/\\\/poppers-original.eu\\\/cs\\\/#\\\/schema\\\/logo\\\/image\\\/\"}}]}<\/script>\n<!-- \/ Yoast SEO plugin. -->","yoast_head_json":{"title":"Poppers Juice Zero Black Label 10 ml - Poppers Original","description":"Probu\u010fte v sob\u011b s v\u00fdkonn\u00fdm Poppers Juice Zero Black 10 ml bou\u0159i pocit\u016f. Objednejte ji\u017e dnes a poznejte nezapomenuteln\u00e9 a vzru\u0161uj\u00edc\u00ed z\u00e1\u017eitky!","robots":{"index":"index","follow":"follow","max-snippet":"max-snippet:-1","max-image-preview":"max-image-preview:large","max-video-preview":"max-video-preview:-1"},"canonical":"https:\/\/poppers-original.eu\/cs\/produkt\/poppers-juice-zero-black-label-10-ml\/","og_locale":"cs_CZ","og_type":"article","og_title":"Poppers Juice Zero Black Label 10 ml - Poppers Original","og_description":"Probu\u010fte v sob\u011b s v\u00fdkonn\u00fdm Poppers Juice Zero Black 10 ml bou\u0159i pocit\u016f. Objednejte ji\u017e dnes a poznejte nezapomenuteln\u00e9 a vzru\u0161uj\u00edc\u00ed z\u00e1\u017eitky!","og_url":"https:\/\/poppers-original.eu\/cs\/produkt\/poppers-juice-zero-black-label-10-ml\/","og_site_name":"EU Poppers Sale, Buy Poppers online","article_modified_time":"2025-01-04T17:09:18+00:00","og_image":[{"width":1000,"height":1000,"url":"https:\/\/poppers-original.eu\/wp-content\/uploads\/2023\/07\/poppers-juice-zero-black-label-10-ml.jpg","type":"image\/jpeg"}],"twitter_card":"summary_large_image","twitter_misc":{"Odhadovan\u00e1 doba \u010dten\u00ed":"2 minuty"},"schema":{"@context":"https:\/\/schema.org","@graph":[{"@type":"WebPage","@id":"https:\/\/poppers-original.eu\/cs\/produkt\/poppers-juice-zero-black-label-10-ml\/","url":"https:\/\/poppers-original.eu\/cs\/produkt\/poppers-juice-zero-black-label-10-ml\/","name":"Poppers Juice Zero Black Label 10 ml - Poppers Original","isPartOf":{"@id":"https:\/\/poppers-original.eu\/cs\/#website"},"primaryImageOfPage":{"@id":"https:\/\/poppers-original.eu\/cs\/produkt\/poppers-juice-zero-black-label-10-ml\/#primaryimage"},"image":{"@id":"https:\/\/poppers-original.eu\/cs\/produkt\/poppers-juice-zero-black-label-10-ml\/#primaryimage"},"thumbnailUrl":"https:\/\/poppers-original.eu\/wp-content\/uploads\/2023\/07\/poppers-juice-zero-black-label-10-ml.jpg","datePublished":"2023-07-20T10:59:03+00:00","dateModified":"2025-01-04T17:09:18+00:00","description":"Probu\u010fte v sob\u011b s v\u00fdkonn\u00fdm Poppers Juice Zero Black 10 ml bou\u0159i pocit\u016f. Objednejte ji\u017e dnes a poznejte nezapomenuteln\u00e9 a vzru\u0161uj\u00edc\u00ed z\u00e1\u017eitky!","breadcrumb":{"@id":"https:\/\/poppers-original.eu\/cs\/produkt\/poppers-juice-zero-black-label-10-ml\/#breadcrumb"},"inLanguage":"cs","potentialAction":[{"@type":"ReadAction","target":["https:\/\/poppers-original.eu\/cs\/produkt\/poppers-juice-zero-black-label-10-ml\/"]}]},{"@type":"ImageObject","inLanguage":"cs","@id":"https:\/\/poppers-original.eu\/cs\/produkt\/poppers-juice-zero-black-label-10-ml\/#primaryimage","url":"https:\/\/poppers-original.eu\/wp-content\/uploads\/2023\/07\/poppers-juice-zero-black-label-10-ml.jpg","contentUrl":"https:\/\/poppers-original.eu\/wp-content\/uploads\/2023\/07\/poppers-juice-zero-black-label-10-ml.jpg","width":1000,"height":1000,"caption":"Poppers Juice Zero Black Label 10 ml"},{"@type":"BreadcrumbList","@id":"https:\/\/poppers-original.eu\/cs\/produkt\/poppers-juice-zero-black-label-10-ml\/#breadcrumb","itemListElement":[{"@type":"ListItem","position":1,"name":"Home","item":"https:\/\/poppers-original.eu\/cs\/"},{"@type":"ListItem","position":2,"name":"Shop","item":"https:\/\/poppers-original.eu\/shop\/"},{"@type":"ListItem","position":3,"name":"Poppers Juice Zero Black Label 10 ml"}]},{"@type":"WebSite","@id":"https:\/\/poppers-original.eu\/cs\/#website","url":"https:\/\/poppers-original.eu\/cs\/","name":"Poppers Original, Buy Poppers online","description":"Poppers Original","publisher":{"@id":"https:\/\/poppers-original.eu\/cs\/#organization"},"potentialAction":[{"@type":"SearchAction","target":{"@type":"EntryPoint","urlTemplate":"https:\/\/poppers-original.eu\/cs\/?s={search_term_string}"},"query-input":{"@type":"PropertyValueSpecification","valueRequired":true,"valueName":"search_term_string"}}],"inLanguage":"cs"},{"@type":"Organization","@id":"https:\/\/poppers-original.eu\/cs\/#organization","name":"Poppers Sale, Buy Poppers online","url":"https:\/\/poppers-original.eu\/cs\/","logo":{"@type":"ImageObject","inLanguage":"cs","@id":"https:\/\/poppers-original.eu\/cs\/#\/schema\/logo\/image\/","url":"https:\/\/poppers-original.eu\/wp-content\/uploads\/2023\/05\/poppers-original-logo.png","contentUrl":"https:\/\/poppers-original.eu\/wp-content\/uploads\/2023\/05\/poppers-original-logo.png","width":790,"height":150,"caption":"Poppers Sale, Buy Poppers online"},"image":{"@id":"https:\/\/poppers-original.eu\/cs\/#\/schema\/logo\/image\/"}}]}},"_links":{"self":[{"href":"https:\/\/poppers-original.eu\/cs\/wp-json\/wp\/v2\/product\/6439","targetHints":{"allow":["GET"]}}],"collection":[{"href":"https:\/\/poppers-original.eu\/cs\/wp-json\/wp\/v2\/product"}],"about":[{"href":"https:\/\/poppers-original.eu\/cs\/wp-json\/wp\/v2\/types\/product"}],"replies":[{"embeddable":true,"href":"https:\/\/poppers-original.eu\/cs\/wp-json\/wp\/v2\/comments?post=6439"}],"wp:featuredmedia":[{"embeddable":true,"href":"https:\/\/poppers-original.eu\/cs\/wp-json\/wp\/v2\/media\/5461"}],"wp:attachment":[{"href":"https:\/\/poppers-original.eu\/cs\/wp-json\/wp\/v2\/media?parent=6439"}],"wp:term":[{"taxonomy":"product_brand","embeddable":true,"href":"https:\/\/poppers-original.eu\/cs\/wp-json\/wp\/v2\/product_brand?post=6439"},{"taxonomy":"product_cat","embeddable":true,"href":"https:\/\/poppers-original.eu\/cs\/wp-json\/wp\/v2\/product_cat?post=6439"},{"taxonomy":"product_tag","embeddable":true,"href":"https:\/\/poppers-original.eu\/cs\/wp-json\/wp\/v2\/product_tag?post=6439"}],"curies":[{"name":"wp","href":"https:\/\/api.w.org\/{rel}","templated":true}]}}