{"id":6437,"date":"2023-07-20T23:38:20","date_gmt":"2023-07-20T22:38:20","guid":{"rendered":"https:\/\/poppers-original.eu\/product\/poppers-jungle-juice-black-label-10-ml\/"},"modified":"2025-01-04T15:34:59","modified_gmt":"2025-01-04T14:34:59","slug":"poppers-jungle-juice-black-label-10-ml","status":"publish","type":"product","link":"https:\/\/poppers-original.eu\/cs\/produkt\/poppers-jungle-juice-black-label-10-ml\/","title":{"rendered":"Poppers Jungle Juice Black Label 10 ml"},"content":{"rendered":"<p>V\u00edtejte v l\u00e1kav\u00e9m sv\u011bt\u011b Poppers Jungle Juice Black Label 10 ml, nejprod\u00e1van\u011bj\u0161\u00edho popperu v Evrop\u011b. Tento v\u00fdkonn\u00fd elix\u00edr se m\u016f\u017ee pochlubit nep\u0159ekonateln\u00fdm hodnocen\u00edm s\u00edly 5\/5 a pro dlouhotrvaj\u00edc\u00ed \u010distotu vyu\u017e\u00edv\u00e1 technologii Power Pak Pellets (PPP). Tato p\u0159esv\u011bd\u010div\u00e1 formule jednak stimuluje va\u0161e sexu\u00e1ln\u00ed touhy, a jednak odhaluje vesm\u00edr pln\u00fd sv\u011b\u017e\u00edho pot\u011b\u0161en\u00ed. P\u0159ipravte se, proto\u017ee Poppers Jungle Juice Black Label 10 ml v\u00e1m otev\u0159e dve\u0159e na cestu k va\u0161im nejdivo\u010dej\u0161\u00edm fantazi\u00edm.   <\/p>\n<h2>Pot\u011b\u0161en\u00ed je\u0161t\u011b zes\u00edleno s Poppers Jungle Juice Black Label 10 ml<\/h2>\n<p>\u010c\u00edm se \u010distic\u00ed p\u0159\u00edpravek na ko\u017een\u00e9 materi\u00e1ly Jungle Juice Black odli\u0161uje od jin\u00fdch? Nen\u00ed to jen jeho s\u00edlou. D\u00edky mu\u017en\u00e9 v\u016fni a okam\u017eit\u00e9mu, intenzivn\u00edmu \u00fa\u010dinku, kter\u00fd ov\u0161em p\u0159etrv\u00e1v\u00e1, je sp\u00ed\u0161 vhodn\u00fd pro znalce hledaj\u00edc\u00ed extra vzru\u0161en\u00ed ne\u017e za\u010d\u00e1te\u010dn\u00edky. Bezkonkuren\u010dn\u00ed formule tohoto popperu dok\u00e1\u017ee roz\u017ehavit sexu\u00e1ln\u00ed pudy a sv\u00e9st v\u00e1s na neprozkoumanou erotickou cestu.   <\/p>\n<h2>Obl\u00edbenost Poppers Jungle Juice Black Label<\/h2>\n<p>Pro\u010d je lahvi\u010dka Jungle Juice Black Label 10 ml tak vyhled\u00e1van\u00e1? Je to d\u00edky siln\u00e9 formuli a v\u00fdjime\u010dn\u00e9 kvalit\u011b. Tato konkr\u00e9tn\u00ed varianta je obl\u00edben\u00e1 v gay barech a klubech pro svou schopnost poskytnout nep\u0159ekonateln\u00e9 pocity. Proto m\u00e1 s Jungle Juice Black Label ka\u017ed\u00e1 chv\u00edle sv\u016fj v\u00fdznam.   <\/p>\n<h2>Za\u017eijte intenzitu Black Edition<\/h2>\n<p>Lahvi\u010dka Jungle Juice Black Edition 10 ml slibuje zintenzivn\u011bn\u00ed va\u0161eho z\u00e1\u017eitku. Jako nejsiln\u011bj\u0161\u00ed varianta Jungle Juice zesiluje pro\u017e\u00edv\u00e1n\u00ed erotick\u00fdch dobrodru\u017estv\u00ed, kter\u00e1 jsou pak divo\u010dej\u0161\u00ed a v\u00edc vzru\u0161uj\u00edc\u00ed, ne\u017e jste si kdy dok\u00e1zali p\u0159edstavit. <\/p>\n<h2>Objednejte si Poppers Jungle Juice Black Label 10 ml nyn\u00ed<\/h2>\n<p>Je \u010das p\u0159idat robustn\u00ed Poppers Jungle Juice Black 10 ml do va\u0161\u00ed sb\u00edrky! D\u00edky jeho unik\u00e1tn\u00ed formuli a prvot\u0159\u00eddn\u00ed kvalit\u011b je nezbytnou sou\u010d\u00e1st\u00ed ka\u017ed\u00e9ho arzen\u00e1lu lid\u00ed hledaj\u00edc\u00edch pot\u011b\u0161en\u00ed. Vstupte do vesm\u00edrn\u00e9 slasti a nechte o\u017e\u00edt sv\u00e9 nejdivo\u010dej\u0161\u00ed fantazie. Va\u0161e vzru\u0161uj\u00edc\u00ed dobrodru\u017estv\u00ed se smysln\u00fdm aromatem Jungle Juice Black je od v\u00e1s vzd\u00e1leno jen na jedno kliknut\u00ed. Proto nev\u00e1hejte, sko\u010dte do toho po hlav\u011b a p\u0159ipravte se na on\u011bm\u011bl\u00fd \u00fa\u017eas!    <\/p>\n<p>&nbsp;<\/p>\n<p>Pokud hled\u00e1te dal\u0161\u00ed extr\u00e9mn\u011b silnou mo\u017enost, ur\u010dit\u011b se pod\u00edvejte na <a href=\"https:\/\/poppers-original.eu\/cs\/produkt\/poppers-rush-zero-25-ml\/\">Poppers Rush Zero 25 ml<\/a>, oslavovanou volbu zna\u010dky [Rush].<\/p>\n<p>M\u00e1te z\u00e1jem o v\u011bt\u0161\u00ed, 25 ml l\u00e1hev? Pod\u00edvejte se na na\u0161e <a href=\"https:\/\/poppers-original.eu\/cs\/produkt\/poppers-jungle-juice-black-label-25-ml\/\">Poppers Jungle Juice Black Label 25 ml<\/a>. <\/p>\n<p>&nbsp;<\/p>\n<p><strong>Obsah balen\u00ed<\/strong><\/p>\n<ul>\n<li>1x Jungle Juice Black Label Aroma 10 ml<\/li>\n<\/ul>\n<p><strong>Vlastnosti:<\/strong><\/p>\n<ul>\n<li>Ofici\u00e1ln\u00ed n\u00e1zev: Poppers Jungle Juice Black Label 10 ml<\/li>\n<li>Obsah: 10 ml<\/li>\n<li>S\u00edla: 5\/5<\/li>\n<li>Bezpe\u010dn\u00e9 otev\u00edr\u00e1n\u00ed: s bezpe\u010dnostn\u00edm uz\u00e1v\u011brem<\/li>\n<li>Power Pak Pellets (PPP) pro dlouhodobou \u010distotu.<\/li>\n<li>Znovu uzav\u00edrateln\u00e9 polykonov\u00e9 v\u00ed\u010dko pro zachov\u00e1n\u00ed s\u00edly.<\/li>\n<li>Zbo\u017e\u00ed ka\u017ed\u00fd t\u00fdden obm\u011b\u0148ujeme pro zaji\u0161t\u011bn\u00ed \u010derstvosti.<\/li>\n<li>Amyl Nitrit, Mixed isomers (CAS 110-46-3) + 1-Butanol, 3-methyl (CAS 123-51-3)<\/li>\n<li>Garance spokojenosti bu\u010f vr\u00e1cen\u00edm pen\u011bz, nebo v\u00fdm\u011bnou produktu.<\/li>\n<li>V\u00fdrobce: Funline\u00ae Laboratory<\/li>\n<li>Vyrobeno ve Francii<\/li>\n<\/ul>\n","protected":false},"excerpt":{"rendered":"<p>Seznamte se s Poppers Jungle Juice Black Label 10 ml, absolutn\u00edm favoritem po cel\u00e9 Evrop\u011b. K zaji\u0161t\u011bn\u00ed dlouhodob\u00e9 sv\u011b\u017eesti a \u00fa\u010dinnosti vyu\u017e\u00edv\u00e1 Power Pak Pellets (PPP) a hodnocen\u00ed jeho s\u00edly je na maximu. Tento poppers, vytvo\u0159en\u00fd k o\u017eiven\u00ed va\u0161ich sexu\u00e1ln\u00edch smysl\u016f, poskytuje intenzivn\u00ed vzru\u0161en\u00ed a odhaluje vesm\u00edr \u010dist\u00e9ho pot\u011b\u0161en\u00ed. Perfektn\u00ed pro ty, kte\u0159\u00ed hledaj\u00ed syrov\u00e9, vzru\u0161uj\u00edc\u00ed dobrodru\u017estv\u00ed.   <\/p>\n","protected":false},"featured_media":5488,"comment_status":"open","ping_status":"closed","template":"","meta":{"_acf_changed":false},"product_brand":[],"product_cat":[651,759,669],"product_tag":[729,728],"class_list":{"0":"post-6437","1":"product","2":"type-product","3":"status-publish","4":"has-post-thumbnail","6":"product_cat-male-poppers","7":"product_cat-poppers-cs","8":"product_cat-poppers-s-amyl-nitridem","9":"product_tag-jungle-juice-black-label-poppers-cs","10":"product_tag-jungle-juice-black-label-poppers-10-ml-cs","12":"first","13":"instock","14":"taxable","15":"shipping-taxable","16":"purchasable","17":"product-type-simple"},"acf":[],"yoast_head":"<!-- This site is optimized with the Yoast SEO plugin v27.3 - https:\/\/yoast.com\/product\/yoast-seo-wordpress\/ -->\n<title>Poppers Jungle Juice Black Label 10 ml - Poppers Original<\/title>\n<meta name=\"description\" content=\"Za\u017eijte intenzivn\u00ed pocity s Poppers Jungle Juice Black Label 10 ml. Pozvedn\u011bte sv\u00e9 erotick\u00e9 z\u00e1\u017eitky na nov\u00e9 v\u00fd\u0161iny. Nakupujte nyn\u00ed.\" \/>\n<meta name=\"robots\" content=\"index, follow, max-snippet:-1, max-image-preview:large, max-video-preview:-1\" \/>\n<link rel=\"canonical\" href=\"https:\/\/poppers-original.eu\/cs\/produkt\/poppers-jungle-juice-black-label-10-ml\/\" \/>\n<meta property=\"og:locale\" content=\"cs_CZ\" \/>\n<meta property=\"og:type\" content=\"article\" \/>\n<meta property=\"og:title\" content=\"Poppers Jungle Juice Black Label 10 ml - Poppers Original\" \/>\n<meta property=\"og:description\" content=\"Za\u017eijte intenzivn\u00ed pocity s Poppers Jungle Juice Black Label 10 ml. Pozvedn\u011bte sv\u00e9 erotick\u00e9 z\u00e1\u017eitky na nov\u00e9 v\u00fd\u0161iny. Nakupujte nyn\u00ed.\" \/>\n<meta property=\"og:url\" content=\"https:\/\/poppers-original.eu\/cs\/produkt\/poppers-jungle-juice-black-label-10-ml\/\" \/>\n<meta property=\"og:site_name\" content=\"EU Poppers Sale, Buy Poppers online\" \/>\n<meta property=\"article:modified_time\" content=\"2025-01-04T14:34:59+00:00\" \/>\n<meta property=\"og:image\" content=\"https:\/\/poppers-original.eu\/wp-content\/uploads\/2023\/07\/jungle-juice-black-label-poppers-10-ml.jpg\" \/>\n\t<meta property=\"og:image:width\" content=\"1000\" \/>\n\t<meta property=\"og:image:height\" content=\"1000\" \/>\n\t<meta property=\"og:image:type\" content=\"image\/jpeg\" \/>\n<meta name=\"twitter:card\" content=\"summary_large_image\" \/>\n<meta name=\"twitter:label1\" content=\"Odhadovan\u00e1 doba \u010dten\u00ed\" \/>\n\t<meta name=\"twitter:data1\" content=\"3 minuty\" \/>\n<script type=\"application\/ld+json\" class=\"yoast-schema-graph\">{\"@context\":\"https:\\\/\\\/schema.org\",\"@graph\":[{\"@type\":\"WebPage\",\"@id\":\"https:\\\/\\\/poppers-original.eu\\\/cs\\\/produkt\\\/poppers-jungle-juice-black-label-10-ml\\\/\",\"url\":\"https:\\\/\\\/poppers-original.eu\\\/cs\\\/produkt\\\/poppers-jungle-juice-black-label-10-ml\\\/\",\"name\":\"Poppers Jungle Juice Black Label 10 ml - Poppers Original\",\"isPartOf\":{\"@id\":\"https:\\\/\\\/poppers-original.eu\\\/cs\\\/#website\"},\"primaryImageOfPage\":{\"@id\":\"https:\\\/\\\/poppers-original.eu\\\/cs\\\/produkt\\\/poppers-jungle-juice-black-label-10-ml\\\/#primaryimage\"},\"image\":{\"@id\":\"https:\\\/\\\/poppers-original.eu\\\/cs\\\/produkt\\\/poppers-jungle-juice-black-label-10-ml\\\/#primaryimage\"},\"thumbnailUrl\":\"https:\\\/\\\/poppers-original.eu\\\/wp-content\\\/uploads\\\/2023\\\/07\\\/jungle-juice-black-label-poppers-10-ml.jpg\",\"datePublished\":\"2023-07-20T22:38:20+00:00\",\"dateModified\":\"2025-01-04T14:34:59+00:00\",\"description\":\"Za\u017eijte intenzivn\u00ed pocity s Poppers Jungle Juice Black Label 10 ml. Pozvedn\u011bte sv\u00e9 erotick\u00e9 z\u00e1\u017eitky na nov\u00e9 v\u00fd\u0161iny. Nakupujte nyn\u00ed.\",\"breadcrumb\":{\"@id\":\"https:\\\/\\\/poppers-original.eu\\\/cs\\\/produkt\\\/poppers-jungle-juice-black-label-10-ml\\\/#breadcrumb\"},\"inLanguage\":\"cs\",\"potentialAction\":[{\"@type\":\"ReadAction\",\"target\":[\"https:\\\/\\\/poppers-original.eu\\\/cs\\\/produkt\\\/poppers-jungle-juice-black-label-10-ml\\\/\"]}]},{\"@type\":\"ImageObject\",\"inLanguage\":\"cs\",\"@id\":\"https:\\\/\\\/poppers-original.eu\\\/cs\\\/produkt\\\/poppers-jungle-juice-black-label-10-ml\\\/#primaryimage\",\"url\":\"https:\\\/\\\/poppers-original.eu\\\/wp-content\\\/uploads\\\/2023\\\/07\\\/jungle-juice-black-label-poppers-10-ml.jpg\",\"contentUrl\":\"https:\\\/\\\/poppers-original.eu\\\/wp-content\\\/uploads\\\/2023\\\/07\\\/jungle-juice-black-label-poppers-10-ml.jpg\",\"width\":1000,\"height\":1000,\"caption\":\"Jungle Juice Black Label Poppers 10 ml\"},{\"@type\":\"BreadcrumbList\",\"@id\":\"https:\\\/\\\/poppers-original.eu\\\/cs\\\/produkt\\\/poppers-jungle-juice-black-label-10-ml\\\/#breadcrumb\",\"itemListElement\":[{\"@type\":\"ListItem\",\"position\":1,\"name\":\"Home\",\"item\":\"https:\\\/\\\/poppers-original.eu\\\/cs\\\/\"},{\"@type\":\"ListItem\",\"position\":2,\"name\":\"Shop\",\"item\":\"https:\\\/\\\/poppers-original.eu\\\/shop\\\/\"},{\"@type\":\"ListItem\",\"position\":3,\"name\":\"Poppers Jungle Juice Black Label 10 ml\"}]},{\"@type\":\"WebSite\",\"@id\":\"https:\\\/\\\/poppers-original.eu\\\/cs\\\/#website\",\"url\":\"https:\\\/\\\/poppers-original.eu\\\/cs\\\/\",\"name\":\"Poppers Original, Buy Poppers online\",\"description\":\"Poppers Original\",\"publisher\":{\"@id\":\"https:\\\/\\\/poppers-original.eu\\\/cs\\\/#organization\"},\"potentialAction\":[{\"@type\":\"SearchAction\",\"target\":{\"@type\":\"EntryPoint\",\"urlTemplate\":\"https:\\\/\\\/poppers-original.eu\\\/cs\\\/?s={search_term_string}\"},\"query-input\":{\"@type\":\"PropertyValueSpecification\",\"valueRequired\":true,\"valueName\":\"search_term_string\"}}],\"inLanguage\":\"cs\"},{\"@type\":\"Organization\",\"@id\":\"https:\\\/\\\/poppers-original.eu\\\/cs\\\/#organization\",\"name\":\"Poppers Sale, Buy Poppers online\",\"url\":\"https:\\\/\\\/poppers-original.eu\\\/cs\\\/\",\"logo\":{\"@type\":\"ImageObject\",\"inLanguage\":\"cs\",\"@id\":\"https:\\\/\\\/poppers-original.eu\\\/cs\\\/#\\\/schema\\\/logo\\\/image\\\/\",\"url\":\"https:\\\/\\\/poppers-original.eu\\\/wp-content\\\/uploads\\\/2023\\\/05\\\/poppers-original-logo.png\",\"contentUrl\":\"https:\\\/\\\/poppers-original.eu\\\/wp-content\\\/uploads\\\/2023\\\/05\\\/poppers-original-logo.png\",\"width\":790,\"height\":150,\"caption\":\"Poppers Sale, Buy Poppers online\"},\"image\":{\"@id\":\"https:\\\/\\\/poppers-original.eu\\\/cs\\\/#\\\/schema\\\/logo\\\/image\\\/\"}}]}<\/script>\n<!-- \/ Yoast SEO plugin. -->","yoast_head_json":{"title":"Poppers Jungle Juice Black Label 10 ml - Poppers Original","description":"Za\u017eijte intenzivn\u00ed pocity s Poppers Jungle Juice Black Label 10 ml. Pozvedn\u011bte sv\u00e9 erotick\u00e9 z\u00e1\u017eitky na nov\u00e9 v\u00fd\u0161iny. Nakupujte nyn\u00ed.","robots":{"index":"index","follow":"follow","max-snippet":"max-snippet:-1","max-image-preview":"max-image-preview:large","max-video-preview":"max-video-preview:-1"},"canonical":"https:\/\/poppers-original.eu\/cs\/produkt\/poppers-jungle-juice-black-label-10-ml\/","og_locale":"cs_CZ","og_type":"article","og_title":"Poppers Jungle Juice Black Label 10 ml - Poppers Original","og_description":"Za\u017eijte intenzivn\u00ed pocity s Poppers Jungle Juice Black Label 10 ml. Pozvedn\u011bte sv\u00e9 erotick\u00e9 z\u00e1\u017eitky na nov\u00e9 v\u00fd\u0161iny. Nakupujte nyn\u00ed.","og_url":"https:\/\/poppers-original.eu\/cs\/produkt\/poppers-jungle-juice-black-label-10-ml\/","og_site_name":"EU Poppers Sale, Buy Poppers online","article_modified_time":"2025-01-04T14:34:59+00:00","og_image":[{"width":1000,"height":1000,"url":"https:\/\/poppers-original.eu\/wp-content\/uploads\/2023\/07\/jungle-juice-black-label-poppers-10-ml.jpg","type":"image\/jpeg"}],"twitter_card":"summary_large_image","twitter_misc":{"Odhadovan\u00e1 doba \u010dten\u00ed":"3 minuty"},"schema":{"@context":"https:\/\/schema.org","@graph":[{"@type":"WebPage","@id":"https:\/\/poppers-original.eu\/cs\/produkt\/poppers-jungle-juice-black-label-10-ml\/","url":"https:\/\/poppers-original.eu\/cs\/produkt\/poppers-jungle-juice-black-label-10-ml\/","name":"Poppers Jungle Juice Black Label 10 ml - Poppers Original","isPartOf":{"@id":"https:\/\/poppers-original.eu\/cs\/#website"},"primaryImageOfPage":{"@id":"https:\/\/poppers-original.eu\/cs\/produkt\/poppers-jungle-juice-black-label-10-ml\/#primaryimage"},"image":{"@id":"https:\/\/poppers-original.eu\/cs\/produkt\/poppers-jungle-juice-black-label-10-ml\/#primaryimage"},"thumbnailUrl":"https:\/\/poppers-original.eu\/wp-content\/uploads\/2023\/07\/jungle-juice-black-label-poppers-10-ml.jpg","datePublished":"2023-07-20T22:38:20+00:00","dateModified":"2025-01-04T14:34:59+00:00","description":"Za\u017eijte intenzivn\u00ed pocity s Poppers Jungle Juice Black Label 10 ml. Pozvedn\u011bte sv\u00e9 erotick\u00e9 z\u00e1\u017eitky na nov\u00e9 v\u00fd\u0161iny. Nakupujte nyn\u00ed.","breadcrumb":{"@id":"https:\/\/poppers-original.eu\/cs\/produkt\/poppers-jungle-juice-black-label-10-ml\/#breadcrumb"},"inLanguage":"cs","potentialAction":[{"@type":"ReadAction","target":["https:\/\/poppers-original.eu\/cs\/produkt\/poppers-jungle-juice-black-label-10-ml\/"]}]},{"@type":"ImageObject","inLanguage":"cs","@id":"https:\/\/poppers-original.eu\/cs\/produkt\/poppers-jungle-juice-black-label-10-ml\/#primaryimage","url":"https:\/\/poppers-original.eu\/wp-content\/uploads\/2023\/07\/jungle-juice-black-label-poppers-10-ml.jpg","contentUrl":"https:\/\/poppers-original.eu\/wp-content\/uploads\/2023\/07\/jungle-juice-black-label-poppers-10-ml.jpg","width":1000,"height":1000,"caption":"Jungle Juice Black Label Poppers 10 ml"},{"@type":"BreadcrumbList","@id":"https:\/\/poppers-original.eu\/cs\/produkt\/poppers-jungle-juice-black-label-10-ml\/#breadcrumb","itemListElement":[{"@type":"ListItem","position":1,"name":"Home","item":"https:\/\/poppers-original.eu\/cs\/"},{"@type":"ListItem","position":2,"name":"Shop","item":"https:\/\/poppers-original.eu\/shop\/"},{"@type":"ListItem","position":3,"name":"Poppers Jungle Juice Black Label 10 ml"}]},{"@type":"WebSite","@id":"https:\/\/poppers-original.eu\/cs\/#website","url":"https:\/\/poppers-original.eu\/cs\/","name":"Poppers Original, Buy Poppers online","description":"Poppers Original","publisher":{"@id":"https:\/\/poppers-original.eu\/cs\/#organization"},"potentialAction":[{"@type":"SearchAction","target":{"@type":"EntryPoint","urlTemplate":"https:\/\/poppers-original.eu\/cs\/?s={search_term_string}"},"query-input":{"@type":"PropertyValueSpecification","valueRequired":true,"valueName":"search_term_string"}}],"inLanguage":"cs"},{"@type":"Organization","@id":"https:\/\/poppers-original.eu\/cs\/#organization","name":"Poppers Sale, Buy Poppers online","url":"https:\/\/poppers-original.eu\/cs\/","logo":{"@type":"ImageObject","inLanguage":"cs","@id":"https:\/\/poppers-original.eu\/cs\/#\/schema\/logo\/image\/","url":"https:\/\/poppers-original.eu\/wp-content\/uploads\/2023\/05\/poppers-original-logo.png","contentUrl":"https:\/\/poppers-original.eu\/wp-content\/uploads\/2023\/05\/poppers-original-logo.png","width":790,"height":150,"caption":"Poppers Sale, Buy Poppers online"},"image":{"@id":"https:\/\/poppers-original.eu\/cs\/#\/schema\/logo\/image\/"}}]}},"_links":{"self":[{"href":"https:\/\/poppers-original.eu\/cs\/wp-json\/wp\/v2\/product\/6437","targetHints":{"allow":["GET"]}}],"collection":[{"href":"https:\/\/poppers-original.eu\/cs\/wp-json\/wp\/v2\/product"}],"about":[{"href":"https:\/\/poppers-original.eu\/cs\/wp-json\/wp\/v2\/types\/product"}],"replies":[{"embeddable":true,"href":"https:\/\/poppers-original.eu\/cs\/wp-json\/wp\/v2\/comments?post=6437"}],"wp:featuredmedia":[{"embeddable":true,"href":"https:\/\/poppers-original.eu\/cs\/wp-json\/wp\/v2\/media\/5488"}],"wp:attachment":[{"href":"https:\/\/poppers-original.eu\/cs\/wp-json\/wp\/v2\/media?parent=6437"}],"wp:term":[{"taxonomy":"product_brand","embeddable":true,"href":"https:\/\/poppers-original.eu\/cs\/wp-json\/wp\/v2\/product_brand?post=6437"},{"taxonomy":"product_cat","embeddable":true,"href":"https:\/\/poppers-original.eu\/cs\/wp-json\/wp\/v2\/product_cat?post=6437"},{"taxonomy":"product_tag","embeddable":true,"href":"https:\/\/poppers-original.eu\/cs\/wp-json\/wp\/v2\/product_tag?post=6437"}],"curies":[{"name":"wp","href":"https:\/\/api.w.org\/{rel}","templated":true}]}}