{"id":6436,"date":"2023-07-21T12:10:13","date_gmt":"2023-07-21T11:10:13","guid":{"rendered":"https:\/\/poppers-original.eu\/product\/poppers-amsterdam-black-24-ml\/"},"modified":"2025-12-22T20:28:20","modified_gmt":"2025-12-22T19:28:20","slug":"poppers-amsterdam-black-24-ml","status":"publish","type":"product","link":"https:\/\/poppers-original.eu\/cs\/produkt\/poppers-amsterdam-black-24-ml\/","title":{"rendered":"Poppers Amsterdam Black 24 ml"},"content":{"rendered":"<p>Vstupte do osv\u011b\u017euj\u00edc\u00edho sv\u011bta Poppers Amsterdam Black 24 ml. Tato siln\u00e1 formule, vytvo\u0159en\u00e1 s pentyl nitridem, se m\u016f\u017ee pochlubit p\u016fsobiv\u00fdm hodnocen\u00edm s\u00edly 5\/5. Nen\u00ed divu, \u017ee si Amsterdam Poppers z\u00edskal v\u011brnou skupinu z\u00e1kazn\u00edk\u016f, kte\u0159\u00ed si jej pravideln\u011b vyb\u00edraj\u00ed pro intenzivn\u00ed, vzru\u0161uj\u00edc\u00ed z\u00e1\u017eitky. Jakmile otev\u0159ete 24ml lahvi\u010dku Amsterdam Black Aroma, vyd\u00e1te se na vzru\u0161uj\u00edc\u00ed dobrodru\u017estv\u00ed, kter\u00e9 probud\u00ed va\u0161e nejhlub\u0161\u00ed smysly.   <\/p>\n<h2>Uvoln\u011bte s\u00edlu Poppers Amsterdam Black<\/h2>\n<p>Pono\u0159te se do osvobozuj\u00edc\u00edch \u00fa\u010dink\u016f Amsterdam Black, mimo\u0159\u00e1dn\u011b siln\u00e9ho popperu. Je odborn\u011b vytvo\u0159en\u00fd k tomu, aby probudil va\u0161e smysly a do va\u0161eho \u017eivota p\u0159inesl vzru\u0161uj\u00edc\u00ed jiskru dobrodru\u017estv\u00ed. <\/p>\n<h2>Nakupujte renomovan\u00e9 Amsterdam Poppers<\/h2>\n<p>P\u0159ipojte se k hromad\u011b spokojen\u00fdch z\u00e1kazn\u00edk\u016f, kte\u0159\u00ed preferuj\u00ed mocn\u00e9 v\u00fdrobky zna\u010dky Amsterdam Poppers. Za\u017eijte jedine\u010dn\u00e9 \u00fa\u010dinky Poppers Amsterdam Black &#8211; je to cesta jako \u017e\u00e1dn\u00e1 jin\u00e1. <\/p>\n<h2>Probu\u010fte sv\u00e9 smysly s pokojov\u00fdm aromatem Amsterdam<\/h2>\n<p>Siln\u00e1 formule Amsterdam Black Poppers vyvol\u00e1v\u00e1 p\u0159\u00edval vzru\u0161en\u00ed a va\u0161emu z\u00e1\u017eitku p\u0159id\u00e1v\u00e1 n\u00e1dech erotick\u00e9ho dobrodru\u017estv\u00ed. Poddejte se t\u00e9to siln\u00e9 v\u016fni a nechte ji, aby v\u00e1s p\u0159enesla do exotick\u00e9ho sv\u011bta rozko\u0161e. <\/p>\n<h2>Amsterdam Black Edition: Erotick\u00e9 dobrodru\u017estv\u00ed v lahvi\u010dce<\/h2>\n<p>Odd\u00e1vejte se siln\u00e9mu a neodolateln\u00e9mu Poppers Amsterdam Black 24 ml. Jeho jedine\u010dn\u00e1 formule spolu se silnou v\u016fn\u00ed vytv\u00e1\u0159\u00ed dokonalou kombinaci pro vzru\u0161uj\u00edc\u00ed erotickou cestu. <\/p>\n<h2>Za\u017eijte uklid\u0148uj\u00edc\u00ed uvoln\u011bn\u00ed<\/h2>\n<p>Aroma Amsterdam Black v\u00e1s pos\u00edl\u00e1 na mocnou vzru\u0161uj\u00edc\u00ed j\u00edzdu, po n\u00ed\u017e v\u00e1s jemn\u011b zavede do stavu uvoln\u011bn\u00ed. Nep\u0159ipravte se o tento jedine\u010dn\u00fd a vyv\u00e1\u017een\u00fd z\u00e1\u017eitek z popperu. <\/p>\n<p>&nbsp;<\/p>\n<p>Amsterdam je proslul\u00fd jako nejpopul\u00e1rn\u011bj\u0161\u00ed sexu\u00e1ln\u00ed m\u011bsto na sv\u011bt\u011b, a proto t\u00e9to jedine\u010dn\u00e9 zna\u010dce poppers prop\u016fj\u010dil sv\u00e9 jm\u00e9no. Vydejte se na cestu s Poppers Amsterdam Black je\u0161t\u011b dnes. \u010cek\u00e1 v\u00e1s dobrodru\u017estv\u00ed.  <\/p>\n<p>&nbsp;<\/p>\n<p>M\u00e1te-li pro formuli s pentylem ur\u010dit\u00e9 preference, prozkoumejte n\u00e1\u0161 v\u00fdb\u011br <a href=\"https:\/\/poppers-original.eu\/cs\/kategorie-produktu\/poppers-s-pentyl-nitridem\/\">poppers na b\u00e1zi pentyl nitridu<\/a>.<\/p>\n<p>Cht\u011bli byste men\u0161\u00ed, 10ml lahvi\u010dku? Pod\u00edvejte se na na\u0161i <a href=\"https:\/\/poppers-original.eu\/cs\/produkt\/poppers-amsterdam-black-10-ml\/\">Poppers Amsterdam Black 10 ml<\/a>. <\/p>\n<p>&nbsp;<\/p>\n<p><strong>Obsah balen\u00ed<\/strong><\/p>\n<ul>\n<li>1x Amsterdam Black Aroma 24 ml<\/li>\n<\/ul>\n<p><strong>Vlastnosti:<\/strong><\/p>\n<ul>\n<li>Ofici\u00e1ln\u00ed n\u00e1zev: Poppers Amsterdam Black 24 ml<\/li>\n<li>Obsah: 24 ml<\/li>\n<li>S\u00edla: 5\/5<\/li>\n<li>Bezpe\u010dn\u00e9 otev\u00edr\u00e1n\u00ed: s bezpe\u010dnostn\u00edm uz\u00e1v\u011brem<\/li>\n<li>Power Pak Pellets (PPP) pro dlouhodobou \u010distotu.<\/li>\n<li>Znovu uzav\u00edrateln\u00e9 polykonov\u00e9 v\u00ed\u010dko pro zachov\u00e1n\u00ed s\u00edly.<\/li>\n<li>Zbo\u017e\u00ed ka\u017ed\u00fd t\u00fdden obm\u011b\u0148ujeme pro zaji\u0161t\u011bn\u00ed \u010derstvosti.<\/li>\n<li><strong>Pentyl nitrit: (CAS 463-04-7) + (CAS 123-51-3)<\/strong><\/li>\n<li>Garance spokojenosti bu\u010f vr\u00e1cen\u00edm pen\u011bz, nebo v\u00fdm\u011bnou produktu.<\/li>\n<li><strong>V\u00fdrobce: PWD\u00ae \u2013 Never Fake It<\/strong><\/li>\n<li><strong>Vyrobeno v Lucembursku<\/strong><\/li>\n<\/ul>\n","protected":false},"excerpt":{"rendered":"<p>Poznejte s\u00edlu Poppers Amsterdam Black 24 ml, mimo\u0159\u00e1dn\u011b siln\u00e9 formule pentyl nitridu jako pokojov\u00e9ho aroma. Vzhledem ke sv\u00e9 s\u00edle 5\/5 probud\u00ed va\u0161e nejhlub\u0161\u00ed smysly a slibuje vzru\u0161uj\u00edc\u00ed dobrodru\u017estv\u00ed. Tato lahvi\u010dka o obsahu 24 ml poch\u00e1z\u00ed od renomovan\u00e9 zna\u010dky Amsterdam Poppers, co\u017e je mezi z\u00e1kazn\u00edky trval\u00fd obl\u00edbenec. Nechte se un\u00e9st uklid\u0148uj\u00edc\u00edm uvoln\u011bn\u00edm, kter\u00e9 jeho siln\u00e1 v\u016fn\u011b nab\u00edz\u00ed. Objednejte si Poppers Amsterdam Black je\u0161t\u011b dnes za nejlep\u0161\u00ed ceny a z\u00edskejte rychl\u00e9 dod\u00e1n\u00ed!    <\/p>\n","protected":false},"featured_media":5492,"comment_status":"open","ping_status":"closed","template":"","meta":{"_acf_changed":false},"product_brand":[],"product_cat":[759,652,436],"product_tag":[725,720,727,726,721,724],"class_list":{"0":"post-6436","1":"product","2":"type-product","3":"status-publish","4":"has-post-thumbnail","6":"product_cat-poppers-cs","7":"product_cat-poppers-s-pentyl-nitridem","8":"product_cat-velke-poppers","9":"product_tag-amsterdam-black-cs","10":"product_tag-amsterdam-black-poppers-cs","11":"product_tag-amsterdam-poppers-black-cs","12":"product_tag-black-poppers-amsterdam-cs","13":"product_tag-poppers-amsterdam-black-cs","14":"product_tag-poppers-amsterdam-black-24-ml-cs","16":"first","17":"outofstock","18":"taxable","19":"shipping-taxable","20":"purchasable","21":"product-type-simple"},"acf":[],"yoast_head":"<!-- This site is optimized with the Yoast SEO plugin v27.3 - https:\/\/yoast.com\/product\/yoast-seo-wordpress\/ -->\n<title>Poppers Amsterdam Black 24 ml - Poppers Original<\/title>\n<meta name=\"description\" content=\"Objevte vzru\u0161uj\u00edc\u00ed sv\u011bt Poppers Amsterdam Black 24 ml. Vysok\u00e1 s\u00edla, vzru\u0161en\u00ed a l\u00e1kavost. Objednejte si svoji lahvi\u010dku Amsterdam Black 24 ml je\u0161t\u011b dnes!\" \/>\n<meta name=\"robots\" content=\"index, follow, max-snippet:-1, max-image-preview:large, max-video-preview:-1\" \/>\n<link rel=\"canonical\" href=\"https:\/\/poppers-original.eu\/cs\/produkt\/poppers-amsterdam-black-24-ml\/\" \/>\n<meta property=\"og:locale\" content=\"cs_CZ\" \/>\n<meta property=\"og:type\" content=\"article\" \/>\n<meta property=\"og:title\" content=\"Poppers Amsterdam Black 24 ml - Poppers Original\" \/>\n<meta property=\"og:description\" content=\"Objevte vzru\u0161uj\u00edc\u00ed sv\u011bt Poppers Amsterdam Black 24 ml. Vysok\u00e1 s\u00edla, vzru\u0161en\u00ed a l\u00e1kavost. Objednejte si svoji lahvi\u010dku Amsterdam Black 24 ml je\u0161t\u011b dnes!\" \/>\n<meta property=\"og:url\" content=\"https:\/\/poppers-original.eu\/cs\/produkt\/poppers-amsterdam-black-24-ml\/\" \/>\n<meta property=\"og:site_name\" content=\"EU Poppers Sale, Buy Poppers online\" \/>\n<meta property=\"article:modified_time\" content=\"2025-12-22T19:28:20+00:00\" \/>\n<meta property=\"og:image\" content=\"https:\/\/poppers-original.eu\/wp-content\/uploads\/2023\/07\/poppers-amsterdam-black-24-ml.jpg\" \/>\n\t<meta property=\"og:image:width\" content=\"1000\" \/>\n\t<meta property=\"og:image:height\" content=\"1000\" \/>\n\t<meta property=\"og:image:type\" content=\"image\/jpeg\" \/>\n<meta name=\"twitter:card\" content=\"summary_large_image\" \/>\n<meta name=\"twitter:label1\" content=\"Odhadovan\u00e1 doba \u010dten\u00ed\" \/>\n\t<meta name=\"twitter:data1\" content=\"2 minuty\" \/>\n<script type=\"application\/ld+json\" class=\"yoast-schema-graph\">{\"@context\":\"https:\\\/\\\/schema.org\",\"@graph\":[{\"@type\":\"WebPage\",\"@id\":\"https:\\\/\\\/poppers-original.eu\\\/cs\\\/produkt\\\/poppers-amsterdam-black-24-ml\\\/\",\"url\":\"https:\\\/\\\/poppers-original.eu\\\/cs\\\/produkt\\\/poppers-amsterdam-black-24-ml\\\/\",\"name\":\"Poppers Amsterdam Black 24 ml - Poppers Original\",\"isPartOf\":{\"@id\":\"https:\\\/\\\/poppers-original.eu\\\/cs\\\/#website\"},\"primaryImageOfPage\":{\"@id\":\"https:\\\/\\\/poppers-original.eu\\\/cs\\\/produkt\\\/poppers-amsterdam-black-24-ml\\\/#primaryimage\"},\"image\":{\"@id\":\"https:\\\/\\\/poppers-original.eu\\\/cs\\\/produkt\\\/poppers-amsterdam-black-24-ml\\\/#primaryimage\"},\"thumbnailUrl\":\"https:\\\/\\\/poppers-original.eu\\\/wp-content\\\/uploads\\\/2023\\\/07\\\/poppers-amsterdam-black-24-ml.jpg\",\"datePublished\":\"2023-07-21T11:10:13+00:00\",\"dateModified\":\"2025-12-22T19:28:20+00:00\",\"description\":\"Objevte vzru\u0161uj\u00edc\u00ed sv\u011bt Poppers Amsterdam Black 24 ml. Vysok\u00e1 s\u00edla, vzru\u0161en\u00ed a l\u00e1kavost. Objednejte si svoji lahvi\u010dku Amsterdam Black 24 ml je\u0161t\u011b dnes!\",\"breadcrumb\":{\"@id\":\"https:\\\/\\\/poppers-original.eu\\\/cs\\\/produkt\\\/poppers-amsterdam-black-24-ml\\\/#breadcrumb\"},\"inLanguage\":\"cs\",\"potentialAction\":[{\"@type\":\"ReadAction\",\"target\":[\"https:\\\/\\\/poppers-original.eu\\\/cs\\\/produkt\\\/poppers-amsterdam-black-24-ml\\\/\"]}]},{\"@type\":\"ImageObject\",\"inLanguage\":\"cs\",\"@id\":\"https:\\\/\\\/poppers-original.eu\\\/cs\\\/produkt\\\/poppers-amsterdam-black-24-ml\\\/#primaryimage\",\"url\":\"https:\\\/\\\/poppers-original.eu\\\/wp-content\\\/uploads\\\/2023\\\/07\\\/poppers-amsterdam-black-24-ml.jpg\",\"contentUrl\":\"https:\\\/\\\/poppers-original.eu\\\/wp-content\\\/uploads\\\/2023\\\/07\\\/poppers-amsterdam-black-24-ml.jpg\",\"width\":1000,\"height\":1000,\"caption\":\"Poppers Amsterdam Black 24 ml\"},{\"@type\":\"BreadcrumbList\",\"@id\":\"https:\\\/\\\/poppers-original.eu\\\/cs\\\/produkt\\\/poppers-amsterdam-black-24-ml\\\/#breadcrumb\",\"itemListElement\":[{\"@type\":\"ListItem\",\"position\":1,\"name\":\"Home\",\"item\":\"https:\\\/\\\/poppers-original.eu\\\/cs\\\/\"},{\"@type\":\"ListItem\",\"position\":2,\"name\":\"Shop\",\"item\":\"https:\\\/\\\/poppers-original.eu\\\/shop\\\/\"},{\"@type\":\"ListItem\",\"position\":3,\"name\":\"Poppers Amsterdam Black 24 ml\"}]},{\"@type\":\"WebSite\",\"@id\":\"https:\\\/\\\/poppers-original.eu\\\/cs\\\/#website\",\"url\":\"https:\\\/\\\/poppers-original.eu\\\/cs\\\/\",\"name\":\"Poppers Original, Buy Poppers online\",\"description\":\"Poppers Original\",\"publisher\":{\"@id\":\"https:\\\/\\\/poppers-original.eu\\\/cs\\\/#organization\"},\"potentialAction\":[{\"@type\":\"SearchAction\",\"target\":{\"@type\":\"EntryPoint\",\"urlTemplate\":\"https:\\\/\\\/poppers-original.eu\\\/cs\\\/?s={search_term_string}\"},\"query-input\":{\"@type\":\"PropertyValueSpecification\",\"valueRequired\":true,\"valueName\":\"search_term_string\"}}],\"inLanguage\":\"cs\"},{\"@type\":\"Organization\",\"@id\":\"https:\\\/\\\/poppers-original.eu\\\/cs\\\/#organization\",\"name\":\"Poppers Sale, Buy Poppers online\",\"url\":\"https:\\\/\\\/poppers-original.eu\\\/cs\\\/\",\"logo\":{\"@type\":\"ImageObject\",\"inLanguage\":\"cs\",\"@id\":\"https:\\\/\\\/poppers-original.eu\\\/cs\\\/#\\\/schema\\\/logo\\\/image\\\/\",\"url\":\"https:\\\/\\\/poppers-original.eu\\\/wp-content\\\/uploads\\\/2023\\\/05\\\/poppers-original-logo.png\",\"contentUrl\":\"https:\\\/\\\/poppers-original.eu\\\/wp-content\\\/uploads\\\/2023\\\/05\\\/poppers-original-logo.png\",\"width\":790,\"height\":150,\"caption\":\"Poppers Sale, Buy Poppers online\"},\"image\":{\"@id\":\"https:\\\/\\\/poppers-original.eu\\\/cs\\\/#\\\/schema\\\/logo\\\/image\\\/\"}}]}<\/script>\n<!-- \/ Yoast SEO plugin. -->","yoast_head_json":{"title":"Poppers Amsterdam Black 24 ml - Poppers Original","description":"Objevte vzru\u0161uj\u00edc\u00ed sv\u011bt Poppers Amsterdam Black 24 ml. Vysok\u00e1 s\u00edla, vzru\u0161en\u00ed a l\u00e1kavost. Objednejte si svoji lahvi\u010dku Amsterdam Black 24 ml je\u0161t\u011b dnes!","robots":{"index":"index","follow":"follow","max-snippet":"max-snippet:-1","max-image-preview":"max-image-preview:large","max-video-preview":"max-video-preview:-1"},"canonical":"https:\/\/poppers-original.eu\/cs\/produkt\/poppers-amsterdam-black-24-ml\/","og_locale":"cs_CZ","og_type":"article","og_title":"Poppers Amsterdam Black 24 ml - Poppers Original","og_description":"Objevte vzru\u0161uj\u00edc\u00ed sv\u011bt Poppers Amsterdam Black 24 ml. Vysok\u00e1 s\u00edla, vzru\u0161en\u00ed a l\u00e1kavost. Objednejte si svoji lahvi\u010dku Amsterdam Black 24 ml je\u0161t\u011b dnes!","og_url":"https:\/\/poppers-original.eu\/cs\/produkt\/poppers-amsterdam-black-24-ml\/","og_site_name":"EU Poppers Sale, Buy Poppers online","article_modified_time":"2025-12-22T19:28:20+00:00","og_image":[{"width":1000,"height":1000,"url":"https:\/\/poppers-original.eu\/wp-content\/uploads\/2023\/07\/poppers-amsterdam-black-24-ml.jpg","type":"image\/jpeg"}],"twitter_card":"summary_large_image","twitter_misc":{"Odhadovan\u00e1 doba \u010dten\u00ed":"2 minuty"},"schema":{"@context":"https:\/\/schema.org","@graph":[{"@type":"WebPage","@id":"https:\/\/poppers-original.eu\/cs\/produkt\/poppers-amsterdam-black-24-ml\/","url":"https:\/\/poppers-original.eu\/cs\/produkt\/poppers-amsterdam-black-24-ml\/","name":"Poppers Amsterdam Black 24 ml - Poppers Original","isPartOf":{"@id":"https:\/\/poppers-original.eu\/cs\/#website"},"primaryImageOfPage":{"@id":"https:\/\/poppers-original.eu\/cs\/produkt\/poppers-amsterdam-black-24-ml\/#primaryimage"},"image":{"@id":"https:\/\/poppers-original.eu\/cs\/produkt\/poppers-amsterdam-black-24-ml\/#primaryimage"},"thumbnailUrl":"https:\/\/poppers-original.eu\/wp-content\/uploads\/2023\/07\/poppers-amsterdam-black-24-ml.jpg","datePublished":"2023-07-21T11:10:13+00:00","dateModified":"2025-12-22T19:28:20+00:00","description":"Objevte vzru\u0161uj\u00edc\u00ed sv\u011bt Poppers Amsterdam Black 24 ml. Vysok\u00e1 s\u00edla, vzru\u0161en\u00ed a l\u00e1kavost. Objednejte si svoji lahvi\u010dku Amsterdam Black 24 ml je\u0161t\u011b dnes!","breadcrumb":{"@id":"https:\/\/poppers-original.eu\/cs\/produkt\/poppers-amsterdam-black-24-ml\/#breadcrumb"},"inLanguage":"cs","potentialAction":[{"@type":"ReadAction","target":["https:\/\/poppers-original.eu\/cs\/produkt\/poppers-amsterdam-black-24-ml\/"]}]},{"@type":"ImageObject","inLanguage":"cs","@id":"https:\/\/poppers-original.eu\/cs\/produkt\/poppers-amsterdam-black-24-ml\/#primaryimage","url":"https:\/\/poppers-original.eu\/wp-content\/uploads\/2023\/07\/poppers-amsterdam-black-24-ml.jpg","contentUrl":"https:\/\/poppers-original.eu\/wp-content\/uploads\/2023\/07\/poppers-amsterdam-black-24-ml.jpg","width":1000,"height":1000,"caption":"Poppers Amsterdam Black 24 ml"},{"@type":"BreadcrumbList","@id":"https:\/\/poppers-original.eu\/cs\/produkt\/poppers-amsterdam-black-24-ml\/#breadcrumb","itemListElement":[{"@type":"ListItem","position":1,"name":"Home","item":"https:\/\/poppers-original.eu\/cs\/"},{"@type":"ListItem","position":2,"name":"Shop","item":"https:\/\/poppers-original.eu\/shop\/"},{"@type":"ListItem","position":3,"name":"Poppers Amsterdam Black 24 ml"}]},{"@type":"WebSite","@id":"https:\/\/poppers-original.eu\/cs\/#website","url":"https:\/\/poppers-original.eu\/cs\/","name":"Poppers Original, Buy Poppers online","description":"Poppers Original","publisher":{"@id":"https:\/\/poppers-original.eu\/cs\/#organization"},"potentialAction":[{"@type":"SearchAction","target":{"@type":"EntryPoint","urlTemplate":"https:\/\/poppers-original.eu\/cs\/?s={search_term_string}"},"query-input":{"@type":"PropertyValueSpecification","valueRequired":true,"valueName":"search_term_string"}}],"inLanguage":"cs"},{"@type":"Organization","@id":"https:\/\/poppers-original.eu\/cs\/#organization","name":"Poppers Sale, Buy Poppers online","url":"https:\/\/poppers-original.eu\/cs\/","logo":{"@type":"ImageObject","inLanguage":"cs","@id":"https:\/\/poppers-original.eu\/cs\/#\/schema\/logo\/image\/","url":"https:\/\/poppers-original.eu\/wp-content\/uploads\/2023\/05\/poppers-original-logo.png","contentUrl":"https:\/\/poppers-original.eu\/wp-content\/uploads\/2023\/05\/poppers-original-logo.png","width":790,"height":150,"caption":"Poppers Sale, Buy Poppers online"},"image":{"@id":"https:\/\/poppers-original.eu\/cs\/#\/schema\/logo\/image\/"}}]}},"_links":{"self":[{"href":"https:\/\/poppers-original.eu\/cs\/wp-json\/wp\/v2\/product\/6436","targetHints":{"allow":["GET"]}}],"collection":[{"href":"https:\/\/poppers-original.eu\/cs\/wp-json\/wp\/v2\/product"}],"about":[{"href":"https:\/\/poppers-original.eu\/cs\/wp-json\/wp\/v2\/types\/product"}],"replies":[{"embeddable":true,"href":"https:\/\/poppers-original.eu\/cs\/wp-json\/wp\/v2\/comments?post=6436"}],"wp:featuredmedia":[{"embeddable":true,"href":"https:\/\/poppers-original.eu\/cs\/wp-json\/wp\/v2\/media\/5492"}],"wp:attachment":[{"href":"https:\/\/poppers-original.eu\/cs\/wp-json\/wp\/v2\/media?parent=6436"}],"wp:term":[{"taxonomy":"product_brand","embeddable":true,"href":"https:\/\/poppers-original.eu\/cs\/wp-json\/wp\/v2\/product_brand?post=6436"},{"taxonomy":"product_cat","embeddable":true,"href":"https:\/\/poppers-original.eu\/cs\/wp-json\/wp\/v2\/product_cat?post=6436"},{"taxonomy":"product_tag","embeddable":true,"href":"https:\/\/poppers-original.eu\/cs\/wp-json\/wp\/v2\/product_tag?post=6436"}],"curies":[{"name":"wp","href":"https:\/\/api.w.org\/{rel}","templated":true}]}}