{"id":6430,"date":"2023-07-23T01:05:43","date_gmt":"2023-07-23T00:05:43","guid":{"rendered":"https:\/\/poppers-original.eu\/product\/super-rush-black-label-poppers-mala-lahvicka-10-ml\/"},"modified":"2025-01-05T13:44:33","modified_gmt":"2025-01-05T12:44:33","slug":"super-rush-black-label-poppers-mala-lahvicka-10-ml","status":"publish","type":"product","link":"https:\/\/poppers-original.eu\/cs\/produkt\/super-rush-black-label-poppers-mala-lahvicka-10-ml\/","title":{"rendered":"Super Rush Black Label Poppers Mal\u00e1 lahvi\u010dka 10 ml"},"content":{"rendered":"<p>V\u00edtejte ve vzru\u0161uj\u00edc\u00edm sv\u011bt\u011b smysln\u00e9ho pot\u011b\u0161en\u00ed. Super Rush Black Label Poppers Mal\u00e1 lahvi\u010dka je va\u0161\u00ed vstupenkou k nejv\u00edce vzru\u0161uj\u00edc\u00edm noc\u00edm, zaji\u0161\u0165uj\u00edc\u00ed z\u00e1\u017eitky tak bou\u0159liv\u00e9, \u017ee byste si mysleli, \u017ee jsou mo\u017en\u00e9 pouze ve snech. <\/p>\n<h2>Kouzlo Super Rush Black Label Aroma Mal\u00e1 lahvi\u010dka<\/h2>\n<p>Nenechte se zm\u00e1st jeho velikost\u00ed. Tato siln\u00e1 formule amylu nitridu skr\u00fdv\u00e1 siln\u00fd \u00fa\u010dinek, kter\u00fd p\u0159iprav\u00ed p\u00f3dium pro z\u00e1bavnou, divokou noc. Od prvn\u00edho okam\u017eiku poc\u00edt\u00edte osv\u011b\u017euj\u00edc\u00ed efekt, kter\u00fd toto jedine\u010dn\u00e9 aroma p\u0159in\u00e1\u0161\u00ed.  <\/p>\n<h2>Pro\u010d si vybrat Super Rush Black Label Poppers?<\/h2>\n<p>Pro\u010d se spokojit s n\u011b\u010d\u00edm oby\u010dejn\u00fdm, kdy\u017e m\u016f\u017eete m\u00edt n\u011bco mimo\u0159\u00e1dn\u00e9ho? Tato mal\u00e1 lahvi\u010dka je nacpan\u00e1 silnou formul\u00ed, kter\u00e1 va\u0161e dobrodru\u017estv\u00ed pozvedne na zcela novou \u00farove\u0148. Toto slo\u017een\u00ed vysok\u00e9 kvality se postar\u00e1 o to, aby bylo ka\u017ed\u00e9 setk\u00e1n\u00ed nezapomenuteln\u00e9.  <\/p>\n<h2>Za\u017eijte to nejlep\u0161\u00ed afrodiziakum<\/h2>\n<p>Zapome\u0148te na konven\u010dn\u00ed chov\u00e1n\u00ed a vstupte do sv\u011bta smysln\u00e9ho vzru\u0161en\u00ed. Super Rush Black Label, synonymum pro siln\u00e9 afrodiziak\u00e1ln\u00ed \u00fa\u010dinky, v\u00e1s dovede k neuv\u011b\u0159iteln\u00fdm v\u00fd\u0161in\u00e1m pot\u011b\u0161en\u00ed. <\/p>\n<h2>Kupte si Super Rush Black Label Poppers 10 ml u\u017e dnes<\/h2>\n<p>Jste p\u0159ipraveni na omamn\u011b vzru\u0161uj\u00edc\u00ed z\u00e1\u017eitky? Je \u010das p\u0159idat Super Rush Black Label Aroma Malou lahvi\u010dku do va\u0161eho n\u00e1kupn\u00edho ko\u0161\u00edku. Nav\u0161tivte n\u00e1\u0161 obchod ji\u017e dnes a p\u0159ipravte se na divok\u00e9 ve\u010dery.  <\/p>\n<h2>P\u0159ipojte se k milion\u016fm spokojen\u00fdch z\u00e1kazn\u00edk\u016f<\/h2>\n<p>Po cel\u00e9m sv\u011bt\u011b byly prod\u00e1ny ji\u017e miliony lahvi\u010dek a nyn\u00ed je \u0159ada na v\u00e1s, abyste se p\u0159ipojili k nad\u0161en\u00fdm u\u017eivatel\u016fm Super Rush Black Edition i vy. P\u0159ipravte se na j\u00edzdu sv\u00e9ho \u017eivota, za pomoci Rush. <\/p>\n<p>&nbsp;<\/p>\n<p>Zaj\u00edm\u00e1 v\u00e1s v\u011bt\u0161\u00ed lahvi\u010dka o objemu 24 ml? Pod\u00edvejte se na n\u00e1\u0161 <a href=\"https:\/\/poppers-original.eu\/cs\/produkt\/super-rush-black-label-poppers-24-ml-nebo-25-ml\/\">Super Rush Black Label Poppers 24 ml nebo 25 ml<\/a>. <\/p>\n<p>&nbsp;<\/p>\n<p><strong>Vlastnosti:<\/strong><\/p>\n<ul>\n<li>Ofici\u00e1ln\u00ed n\u00e1zev: Super Rush Black Label Poppers Mal\u00e1 lahvi\u010dka 10 ml<\/li>\n<li>Bezpe\u010dn\u00e9 otev\u00edr\u00e1n\u00ed: s bezpe\u010dnostn\u00edm uz\u00e1v\u011brem<\/li>\n<li>Znovu uzav\u00edrateln\u00e9 polykonov\u00e9 v\u00ed\u010dko pro zachov\u00e1n\u00ed s\u00edly.<\/li>\n<li>Zbo\u017e\u00ed ka\u017ed\u00fd t\u00fdden obm\u011b\u0148ujeme pro zaji\u0161t\u011bn\u00ed \u010derstvosti.<\/li>\n<li>Garance spokojenosti bu\u010f vr\u00e1cen\u00edm pen\u011bz, nebo v\u00fdm\u011bnou produktu.<\/li>\n<\/ul>\n<p><strong>Funline\u00ae Laboratory \u2013 10 ml Lahvi\u010dka<\/strong><\/p>\n<ul>\n<li>Amyl Nitrit: Mixed isomers (CAS 110-46-3) + 1-Butanol, 3-methyl (CAS 123-51-3)<\/li>\n<li>S\u00edla: 5\/5<\/li>\n<li>Obsah: 10 ml<\/li>\n<li>V\u00fdrobce: Funline\u00ae Laboratory<\/li>\n<li>Vyrobeno ve Francii<\/li>\n<\/ul>\n<p><strong>PWD\u00ae Never Fake It \u2013 10 ml Lahvi\u010dka<\/strong><\/p>\n<ul>\n<li>Amyl Nitrit: Mixed isomers (CAS 110-46-3) + 1-Butanol, 3-methyl (CAS 123-51-3)<\/li>\n<li>S\u00edla: 5\/5<\/li>\n<li>Obsah: 10 ml<\/li>\n<li>V\u00fdrobce: PWD\u00ae \u2013 Never Fake It<\/li>\n<li>Vyrobeno v Lucembursku<\/li>\n<\/ul>\n","protected":false},"excerpt":{"rendered":"<p>Probu\u010fte svou dobrodru\u017enou str\u00e1nku s malou verz\u00ed Super Rush Black Label Poppers. A\u010dkoli jde o kompaktn\u00ed v lahvi\u010dku o objemu 10 ml, d\u00edky sv\u00e9 siln\u00e9 formuli amylu nitridu p\u0159in\u00e1\u0161\u00ed silnou vlnu vzru\u0161en\u00ed. Tenzo poppers, zn\u00e1m\u00fd jako afrodiziak\u00e1ln\u00ed dynamo, slibuje hodiny vzru\u0161en\u00ed. Super Rush Black Label Poppers 10 ml nab\u00edz\u00ed rychl\u00fd, ale siln\u00fd \u00fa\u010dinek, proto je ide\u00e1ln\u00ed pro va\u0161e dobrodru\u017estv\u00ed trvaj\u00edc\u00ed celou noc.   <\/p>\n","protected":false},"featured_media":5504,"comment_status":"open","ping_status":"closed","template":"","meta":{"_acf_changed":false},"product_brand":[],"product_cat":[651,759,669],"product_tag":[713,715,716,714],"class_list":{"0":"post-6430","1":"product","2":"type-product","3":"status-publish","4":"has-post-thumbnail","6":"product_cat-male-poppers","7":"product_cat-poppers-cs","8":"product_cat-poppers-s-amyl-nitridem","9":"product_tag-black-super-rush-cs","10":"product_tag-maly-super-rush-black-label","11":"product_tag-super-rush-black-label-cs","12":"product_tag-super-rush-black-label-poppers-mala-lahvicka-10-ml","14":"first","15":"instock","16":"taxable","17":"shipping-taxable","18":"purchasable","19":"product-type-variable"},"acf":[],"yoast_head":"<!-- This site is optimized with the Yoast SEO plugin v27.3 - https:\/\/yoast.com\/product\/yoast-seo-wordpress\/ -->\n<title>Super Rush Black Label Poppers Mal\u00e1 lahvi\u010dka 10 ml - EU Poppers Sale, Buy Poppers online<\/title>\n<meta name=\"description\" content=\"Oddejte se vln\u011b vzru\u0161en\u00ed se Super Rush Black Label Poppers Malou lahvi\u010dkou 10 ml. Kupte si Super Rush Black Label 10 ml nyn\u00ed a o\u017eivte sv\u00e9 noci!\" \/>\n<meta name=\"robots\" content=\"index, follow, max-snippet:-1, max-image-preview:large, max-video-preview:-1\" \/>\n<link rel=\"canonical\" href=\"https:\/\/poppers-original.eu\/cs\/produkt\/super-rush-black-label-poppers-mala-lahvicka-10-ml\/\" \/>\n<meta property=\"og:locale\" content=\"cs_CZ\" \/>\n<meta property=\"og:type\" content=\"article\" \/>\n<meta property=\"og:title\" content=\"Super Rush Black Label Poppers Mal\u00e1 lahvi\u010dka 10 ml - EU Poppers Sale, Buy Poppers online\" \/>\n<meta property=\"og:description\" content=\"Oddejte se vln\u011b vzru\u0161en\u00ed se Super Rush Black Label Poppers Malou lahvi\u010dkou 10 ml. Kupte si Super Rush Black Label 10 ml nyn\u00ed a o\u017eivte sv\u00e9 noci!\" \/>\n<meta property=\"og:url\" content=\"https:\/\/poppers-original.eu\/cs\/produkt\/super-rush-black-label-poppers-mala-lahvicka-10-ml\/\" \/>\n<meta property=\"og:site_name\" content=\"EU Poppers Sale, Buy Poppers online\" \/>\n<meta property=\"article:modified_time\" content=\"2025-01-05T12:44:33+00:00\" \/>\n<meta property=\"og:image\" content=\"https:\/\/poppers-original.eu\/wp-content\/uploads\/2023\/07\/super-rush-black-label-poppers-small-bottle-pwd-10-ml.jpg\" \/>\n\t<meta property=\"og:image:width\" content=\"1000\" \/>\n\t<meta property=\"og:image:height\" content=\"1000\" \/>\n\t<meta property=\"og:image:type\" content=\"image\/jpeg\" \/>\n<meta name=\"twitter:card\" content=\"summary_large_image\" \/>\n<meta name=\"twitter:label1\" content=\"Odhadovan\u00e1 doba \u010dten\u00ed\" \/>\n\t<meta name=\"twitter:data1\" content=\"2 minuty\" \/>\n<script type=\"application\/ld+json\" class=\"yoast-schema-graph\">{\"@context\":\"https:\\\/\\\/schema.org\",\"@graph\":[{\"@type\":\"WebPage\",\"@id\":\"https:\\\/\\\/poppers-original.eu\\\/cs\\\/produkt\\\/super-rush-black-label-poppers-mala-lahvicka-10-ml\\\/\",\"url\":\"https:\\\/\\\/poppers-original.eu\\\/cs\\\/produkt\\\/super-rush-black-label-poppers-mala-lahvicka-10-ml\\\/\",\"name\":\"Super Rush Black Label Poppers Mal\u00e1 lahvi\u010dka 10 ml - EU Poppers Sale, Buy Poppers online\",\"isPartOf\":{\"@id\":\"https:\\\/\\\/poppers-original.eu\\\/cs\\\/#website\"},\"primaryImageOfPage\":{\"@id\":\"https:\\\/\\\/poppers-original.eu\\\/cs\\\/produkt\\\/super-rush-black-label-poppers-mala-lahvicka-10-ml\\\/#primaryimage\"},\"image\":{\"@id\":\"https:\\\/\\\/poppers-original.eu\\\/cs\\\/produkt\\\/super-rush-black-label-poppers-mala-lahvicka-10-ml\\\/#primaryimage\"},\"thumbnailUrl\":\"https:\\\/\\\/poppers-original.eu\\\/wp-content\\\/uploads\\\/2023\\\/07\\\/super-rush-black-label-poppers-small-bottle-pwd-10-ml.jpg\",\"datePublished\":\"2023-07-23T00:05:43+00:00\",\"dateModified\":\"2025-01-05T12:44:33+00:00\",\"description\":\"Oddejte se vln\u011b vzru\u0161en\u00ed se Super Rush Black Label Poppers Malou lahvi\u010dkou 10 ml. Kupte si Super Rush Black Label 10 ml nyn\u00ed a o\u017eivte sv\u00e9 noci!\",\"breadcrumb\":{\"@id\":\"https:\\\/\\\/poppers-original.eu\\\/cs\\\/produkt\\\/super-rush-black-label-poppers-mala-lahvicka-10-ml\\\/#breadcrumb\"},\"inLanguage\":\"cs\",\"potentialAction\":[{\"@type\":\"ReadAction\",\"target\":[\"https:\\\/\\\/poppers-original.eu\\\/cs\\\/produkt\\\/super-rush-black-label-poppers-mala-lahvicka-10-ml\\\/\"]}]},{\"@type\":\"ImageObject\",\"inLanguage\":\"cs\",\"@id\":\"https:\\\/\\\/poppers-original.eu\\\/cs\\\/produkt\\\/super-rush-black-label-poppers-mala-lahvicka-10-ml\\\/#primaryimage\",\"url\":\"https:\\\/\\\/poppers-original.eu\\\/wp-content\\\/uploads\\\/2023\\\/07\\\/super-rush-black-label-poppers-small-bottle-pwd-10-ml.jpg\",\"contentUrl\":\"https:\\\/\\\/poppers-original.eu\\\/wp-content\\\/uploads\\\/2023\\\/07\\\/super-rush-black-label-poppers-small-bottle-pwd-10-ml.jpg\",\"width\":1000,\"height\":1000,\"caption\":\"Super Rush Black Label Poppers Mal\u00e1 lahvi\u010dka PWD 10 ml\"},{\"@type\":\"BreadcrumbList\",\"@id\":\"https:\\\/\\\/poppers-original.eu\\\/cs\\\/produkt\\\/super-rush-black-label-poppers-mala-lahvicka-10-ml\\\/#breadcrumb\",\"itemListElement\":[{\"@type\":\"ListItem\",\"position\":1,\"name\":\"Home\",\"item\":\"https:\\\/\\\/poppers-original.eu\\\/cs\\\/\"},{\"@type\":\"ListItem\",\"position\":2,\"name\":\"Shop\",\"item\":\"https:\\\/\\\/poppers-original.eu\\\/shop\\\/\"},{\"@type\":\"ListItem\",\"position\":3,\"name\":\"Super Rush Black Label Poppers Mal\u00e1 lahvi\u010dka 10 ml\"}]},{\"@type\":\"WebSite\",\"@id\":\"https:\\\/\\\/poppers-original.eu\\\/cs\\\/#website\",\"url\":\"https:\\\/\\\/poppers-original.eu\\\/cs\\\/\",\"name\":\"Poppers Original, Buy Poppers online\",\"description\":\"Poppers Original\",\"publisher\":{\"@id\":\"https:\\\/\\\/poppers-original.eu\\\/cs\\\/#organization\"},\"potentialAction\":[{\"@type\":\"SearchAction\",\"target\":{\"@type\":\"EntryPoint\",\"urlTemplate\":\"https:\\\/\\\/poppers-original.eu\\\/cs\\\/?s={search_term_string}\"},\"query-input\":{\"@type\":\"PropertyValueSpecification\",\"valueRequired\":true,\"valueName\":\"search_term_string\"}}],\"inLanguage\":\"cs\"},{\"@type\":\"Organization\",\"@id\":\"https:\\\/\\\/poppers-original.eu\\\/cs\\\/#organization\",\"name\":\"Poppers Sale, Buy Poppers online\",\"url\":\"https:\\\/\\\/poppers-original.eu\\\/cs\\\/\",\"logo\":{\"@type\":\"ImageObject\",\"inLanguage\":\"cs\",\"@id\":\"https:\\\/\\\/poppers-original.eu\\\/cs\\\/#\\\/schema\\\/logo\\\/image\\\/\",\"url\":\"https:\\\/\\\/poppers-original.eu\\\/wp-content\\\/uploads\\\/2023\\\/05\\\/poppers-original-logo.png\",\"contentUrl\":\"https:\\\/\\\/poppers-original.eu\\\/wp-content\\\/uploads\\\/2023\\\/05\\\/poppers-original-logo.png\",\"width\":790,\"height\":150,\"caption\":\"Poppers Sale, Buy Poppers online\"},\"image\":{\"@id\":\"https:\\\/\\\/poppers-original.eu\\\/cs\\\/#\\\/schema\\\/logo\\\/image\\\/\"}}]}<\/script>\n<!-- \/ Yoast SEO plugin. -->","yoast_head_json":{"title":"Super Rush Black Label Poppers Mal\u00e1 lahvi\u010dka 10 ml - EU Poppers Sale, Buy Poppers online","description":"Oddejte se vln\u011b vzru\u0161en\u00ed se Super Rush Black Label Poppers Malou lahvi\u010dkou 10 ml. Kupte si Super Rush Black Label 10 ml nyn\u00ed a o\u017eivte sv\u00e9 noci!","robots":{"index":"index","follow":"follow","max-snippet":"max-snippet:-1","max-image-preview":"max-image-preview:large","max-video-preview":"max-video-preview:-1"},"canonical":"https:\/\/poppers-original.eu\/cs\/produkt\/super-rush-black-label-poppers-mala-lahvicka-10-ml\/","og_locale":"cs_CZ","og_type":"article","og_title":"Super Rush Black Label Poppers Mal\u00e1 lahvi\u010dka 10 ml - EU Poppers Sale, Buy Poppers online","og_description":"Oddejte se vln\u011b vzru\u0161en\u00ed se Super Rush Black Label Poppers Malou lahvi\u010dkou 10 ml. Kupte si Super Rush Black Label 10 ml nyn\u00ed a o\u017eivte sv\u00e9 noci!","og_url":"https:\/\/poppers-original.eu\/cs\/produkt\/super-rush-black-label-poppers-mala-lahvicka-10-ml\/","og_site_name":"EU Poppers Sale, Buy Poppers online","article_modified_time":"2025-01-05T12:44:33+00:00","og_image":[{"width":1000,"height":1000,"url":"https:\/\/poppers-original.eu\/wp-content\/uploads\/2023\/07\/super-rush-black-label-poppers-small-bottle-pwd-10-ml.jpg","type":"image\/jpeg"}],"twitter_card":"summary_large_image","twitter_misc":{"Odhadovan\u00e1 doba \u010dten\u00ed":"2 minuty"},"schema":{"@context":"https:\/\/schema.org","@graph":[{"@type":"WebPage","@id":"https:\/\/poppers-original.eu\/cs\/produkt\/super-rush-black-label-poppers-mala-lahvicka-10-ml\/","url":"https:\/\/poppers-original.eu\/cs\/produkt\/super-rush-black-label-poppers-mala-lahvicka-10-ml\/","name":"Super Rush Black Label Poppers Mal\u00e1 lahvi\u010dka 10 ml - EU Poppers Sale, Buy Poppers online","isPartOf":{"@id":"https:\/\/poppers-original.eu\/cs\/#website"},"primaryImageOfPage":{"@id":"https:\/\/poppers-original.eu\/cs\/produkt\/super-rush-black-label-poppers-mala-lahvicka-10-ml\/#primaryimage"},"image":{"@id":"https:\/\/poppers-original.eu\/cs\/produkt\/super-rush-black-label-poppers-mala-lahvicka-10-ml\/#primaryimage"},"thumbnailUrl":"https:\/\/poppers-original.eu\/wp-content\/uploads\/2023\/07\/super-rush-black-label-poppers-small-bottle-pwd-10-ml.jpg","datePublished":"2023-07-23T00:05:43+00:00","dateModified":"2025-01-05T12:44:33+00:00","description":"Oddejte se vln\u011b vzru\u0161en\u00ed se Super Rush Black Label Poppers Malou lahvi\u010dkou 10 ml. Kupte si Super Rush Black Label 10 ml nyn\u00ed a o\u017eivte sv\u00e9 noci!","breadcrumb":{"@id":"https:\/\/poppers-original.eu\/cs\/produkt\/super-rush-black-label-poppers-mala-lahvicka-10-ml\/#breadcrumb"},"inLanguage":"cs","potentialAction":[{"@type":"ReadAction","target":["https:\/\/poppers-original.eu\/cs\/produkt\/super-rush-black-label-poppers-mala-lahvicka-10-ml\/"]}]},{"@type":"ImageObject","inLanguage":"cs","@id":"https:\/\/poppers-original.eu\/cs\/produkt\/super-rush-black-label-poppers-mala-lahvicka-10-ml\/#primaryimage","url":"https:\/\/poppers-original.eu\/wp-content\/uploads\/2023\/07\/super-rush-black-label-poppers-small-bottle-pwd-10-ml.jpg","contentUrl":"https:\/\/poppers-original.eu\/wp-content\/uploads\/2023\/07\/super-rush-black-label-poppers-small-bottle-pwd-10-ml.jpg","width":1000,"height":1000,"caption":"Super Rush Black Label Poppers Mal\u00e1 lahvi\u010dka PWD 10 ml"},{"@type":"BreadcrumbList","@id":"https:\/\/poppers-original.eu\/cs\/produkt\/super-rush-black-label-poppers-mala-lahvicka-10-ml\/#breadcrumb","itemListElement":[{"@type":"ListItem","position":1,"name":"Home","item":"https:\/\/poppers-original.eu\/cs\/"},{"@type":"ListItem","position":2,"name":"Shop","item":"https:\/\/poppers-original.eu\/shop\/"},{"@type":"ListItem","position":3,"name":"Super Rush Black Label Poppers Mal\u00e1 lahvi\u010dka 10 ml"}]},{"@type":"WebSite","@id":"https:\/\/poppers-original.eu\/cs\/#website","url":"https:\/\/poppers-original.eu\/cs\/","name":"Poppers Original, Buy Poppers online","description":"Poppers Original","publisher":{"@id":"https:\/\/poppers-original.eu\/cs\/#organization"},"potentialAction":[{"@type":"SearchAction","target":{"@type":"EntryPoint","urlTemplate":"https:\/\/poppers-original.eu\/cs\/?s={search_term_string}"},"query-input":{"@type":"PropertyValueSpecification","valueRequired":true,"valueName":"search_term_string"}}],"inLanguage":"cs"},{"@type":"Organization","@id":"https:\/\/poppers-original.eu\/cs\/#organization","name":"Poppers Sale, Buy Poppers online","url":"https:\/\/poppers-original.eu\/cs\/","logo":{"@type":"ImageObject","inLanguage":"cs","@id":"https:\/\/poppers-original.eu\/cs\/#\/schema\/logo\/image\/","url":"https:\/\/poppers-original.eu\/wp-content\/uploads\/2023\/05\/poppers-original-logo.png","contentUrl":"https:\/\/poppers-original.eu\/wp-content\/uploads\/2023\/05\/poppers-original-logo.png","width":790,"height":150,"caption":"Poppers Sale, Buy Poppers online"},"image":{"@id":"https:\/\/poppers-original.eu\/cs\/#\/schema\/logo\/image\/"}}]}},"_links":{"self":[{"href":"https:\/\/poppers-original.eu\/cs\/wp-json\/wp\/v2\/product\/6430","targetHints":{"allow":["GET"]}}],"collection":[{"href":"https:\/\/poppers-original.eu\/cs\/wp-json\/wp\/v2\/product"}],"about":[{"href":"https:\/\/poppers-original.eu\/cs\/wp-json\/wp\/v2\/types\/product"}],"replies":[{"embeddable":true,"href":"https:\/\/poppers-original.eu\/cs\/wp-json\/wp\/v2\/comments?post=6430"}],"wp:featuredmedia":[{"embeddable":true,"href":"https:\/\/poppers-original.eu\/cs\/wp-json\/wp\/v2\/media\/5504"}],"wp:attachment":[{"href":"https:\/\/poppers-original.eu\/cs\/wp-json\/wp\/v2\/media?parent=6430"}],"wp:term":[{"taxonomy":"product_brand","embeddable":true,"href":"https:\/\/poppers-original.eu\/cs\/wp-json\/wp\/v2\/product_brand?post=6430"},{"taxonomy":"product_cat","embeddable":true,"href":"https:\/\/poppers-original.eu\/cs\/wp-json\/wp\/v2\/product_cat?post=6430"},{"taxonomy":"product_tag","embeddable":true,"href":"https:\/\/poppers-original.eu\/cs\/wp-json\/wp\/v2\/product_tag?post=6430"}],"curies":[{"name":"wp","href":"https:\/\/api.w.org\/{rel}","templated":true}]}}