{"id":6428,"date":"2023-07-24T19:03:13","date_gmt":"2023-07-24T18:03:13","guid":{"rendered":"https:\/\/poppers-original.eu\/product\/amyl-poppers-vysoka-lahvicka-30-ml\/"},"modified":"2025-01-04T01:41:48","modified_gmt":"2025-01-04T00:41:48","slug":"amyl-poppers-vysoka-lahvicka-30-ml","status":"publish","type":"product","link":"https:\/\/poppers-original.eu\/cs\/produkt\/amyl-poppers-vysoka-lahvicka-30-ml\/","title":{"rendered":"Amyl Poppers Vysok\u00e1 lahvi\u010dka 30 ml"},"content":{"rendered":"<p>P\u0159ipravte se na pr\u016fzkum vzru\u0161uj\u00edc\u00edho sv\u011bta Amyl Poppers Vysok\u00e1 lahvi\u010dka 30 ml. Tato sexy vysok\u00e1 lahvi\u010dka, speci\u00e1ln\u011b navr\u017een\u00e1, obsahuje silnou formuli, kter\u00e1 zaru\u010duje dlouhotrvaj\u00edc\u00ed pot\u011b\u0161en\u00ed. Pokud hled\u00e1te intenzivn\u00ed, nezapomenuteln\u00e9 z\u00e1\u017eitky, je to poppers pr\u00e1v\u011b pro v\u00e1s!  <\/p>\n<h2>Uvoln\u011bte s\u00edlu Amyl Poppers<\/h2>\n<p>S jeho silnou formul\u00ed amyl nitridu nab\u00edz\u00ed Amyl Poppers Vysok\u00e1 lahvi\u010dka 30 ml hodnocen\u00ed s\u00edly 5\/5. Na\u0161i spokojen\u00ed z\u00e1kazn\u00edci popsali tuto p\u016fsobivou v\u016fni jako \u00fa\u010dinnou a dlouhotrvaj\u00edc\u00ed. Je \u010das oddat se opravdov\u00e9 poppers z\u00e1bav\u011b!  <\/p>\n<h2>Amyl Poppers Vysok\u00e1 lahvi\u010dka 30 ml: Ergonomick\u00e1 a pohodln\u00e1<\/h2>\n<p>Design vysok\u00e9 lahvi\u010dky nen\u00ed jen atraktivn\u00ed, je tak\u00e9 praktick\u00fd. Snadno se v\u00e1m vejde do ruky i do kapsy, je praktick\u00fd a diskr\u00e9tn\u00ed. Nyn\u00ed m\u016f\u017eete m\u00edt sv\u00e9 pot\u011b\u0161en\u00ed s sebou, kamkoliv jdete.  <\/p>\n<h2>Za\u017eijte rozd\u00edl Amyl Poppers<\/h2>\n<p>Pro\u010d se spokojit s n\u011b\u010d\u00edm oby\u010dejn\u00fdm, kdy\u017e m\u016f\u017eete m\u00edt n\u011bco v\u00fdjime\u010dn\u00e9ho? Pokojov\u00e1 v\u016fn\u011b Amyl o objemu 30 ml se od ostatn\u00edch poppers v\u00fdrazn\u011b odli\u0161uje. Je to jedna z nej\u017e\u00e1dan\u011bj\u0161\u00edch v\u016fn\u00ed, co\u017e m\u00e1 samoz\u0159ejm\u011b sv\u00e9 opodstatn\u011bn\u00ed.  <\/p>\n<h2>Kupte si Amyl Poppers Vysokou lahvi\u010dku 30 ml<\/h2>\n<p>Jste p\u0159ipraveni vydat se s Amyl Poppers na dobrodru\u017enou j\u00edzdu? Kupte si Amyl Poppers Vysokou lahvi\u010dku 30 ml je\u0161t\u011b dnes a vydejte se na erotickou cestu, po kter\u00e9 jste je\u0161t\u011b p\u0159edt\u00edm nikdy nekr\u00e1\u010deli! Nad\u0161enci do poppers maj\u00ed tento produkt v oblib\u011b a z\u016fst\u00e1vaj\u00ed mu v\u011brn\u00ed.  <\/p>\n<h2>Pro\u010d zvolit aroma Amyl 30 ml?<\/h2>\n<p>Pro jeho silnou formuli, praktick\u00fd design a dlouhotrvaj\u00edc\u00ed \u00fa\u010dinky. Pokud hled\u00e1te z\u00e1\u017eitek z poppers, kter\u00fd je siln\u00fd, vzru\u0161uj\u00edc\u00ed a trval\u00fd, pokojov\u00e1 v\u016fn\u011b Amyl 30 ml je va\u0161\u00edm ide\u00e1ln\u00edm v\u00fdb\u011brem. P\u0159ipravte se na vzru\u0161uj\u00edc\u00ed dobrodru\u017estv\u00ed, kter\u00e9 v\u00e1m pokojov\u00e1 v\u016fn\u011b Amyl Vysok\u00e1 lahvi\u010dka 30 ml p\u0159inese. Zjist\u011bte, pro\u010d je to obvykl\u00e1 volba pro nejv\u00e1\u0161niv\u011bj\u0161\u00ed nad\u0161ence poppers! <\/p>\n<p>&nbsp;<\/p>\n<p>Chcete stejn\u011b siln\u00fd z\u00e1\u017eitek v men\u0161\u00ed, 10 ml lahvi\u010dce? Nep\u0159ehl\u00e9dn\u011bte n\u00e1\u0161 dal\u0161\u00ed produkt <a href=\"https:\/\/poppers-original.eu\/cs\/produkt\/amyl-poppers-mala-lahvicka-10-ml\/\">Amyl Poppers Mal\u00e1 lahvi\u010dka 10 ml.<\/a> <\/p>\n<p>Pro v\u00edce mo\u017enost\u00ed a variant se pod\u00edvejte na na\u0161i celou kolekci s <a href=\"https:\/\/poppers-original.eu\/cs\/kategorie-produktu\/poppers-s-amyl-nitridem\/\">poppers na b\u00e1zi amyl nitridu.<\/a><\/p>\n<p>&nbsp;<\/p>\n<p><strong>Obsah balen\u00ed<\/strong><\/p>\n<ul>\n<li>1x Amyl Aroma Vysok\u00e1 lahvi\u010dka 30 ml<\/li>\n<\/ul>\n<p><strong>Vlastnosti:<\/strong><\/p>\n<ul>\n<li>Ofici\u00e1ln\u00ed n\u00e1zev: Amyl Poppers Vysok\u00e1 lahvi\u010dka 30 ml<\/li>\n<li>Obsah: 30 ml<\/li>\n<li>S\u00edla: 5\/5<\/li>\n<li>Bezpe\u010dn\u00e9 otev\u00edr\u00e1n\u00ed: s bezpe\u010dnostn\u00edm uz\u00e1v\u011brem<\/li>\n<li>Power Pak Pellets (PPP) pro dlouhodobou \u010distotu.<\/li>\n<li>Znovu uzav\u00edrateln\u00e9 polykonov\u00e9 v\u00ed\u010dko pro zachov\u00e1n\u00ed s\u00edly.<\/li>\n<li>Zbo\u017e\u00ed ka\u017ed\u00fd t\u00fdden obm\u011b\u0148ujeme pro zaji\u0161t\u011bn\u00ed \u010derstvosti.<\/li>\n<li>Amyl Nitrit, Mixed isomers (CAS 110-46-3) + 1-Butanol, 3-methyl (CAS 123-51-3)<\/li>\n<li>Garance spokojenosti bu\u010f vr\u00e1cen\u00edm pen\u011bz, nebo v\u00fdm\u011bnou produktu.<\/li>\n<li>V\u00fdrobce: PWD\u00ae \u2013 Never Fake It<\/li>\n<li>Vyrobeno v Lucembursku<\/li>\n<\/ul>\n","protected":false},"excerpt":{"rendered":"<p>Amyl Poppers Vysok\u00e1 lahvi\u010dka 30 ml v\u00e1s ohrom\u00ed svou silou a stane se va\u0161\u00ed ide\u00e1ln\u00ed volbou p\u0159in\u00e1\u0161ej\u00edc\u00ed dlouhotrvaj\u00edc\u00ed pot\u011b\u0161en\u00ed. D\u00edky sv\u00e9 siln\u00e9 formuli a elegantn\u00edmu vysok\u00e9mu designu nab\u00edz\u00ed opravdov\u00fdm nad\u0161enc\u016fm poppers nezapomenuteln\u00fd z\u00e1\u017eitek. Formule s obsahem amyl nitridu nab\u00edz\u00ed nep\u0159ekonatelnou s\u00edlu s hodnocen\u00edm 5\/5. D\u00edky v\u011bt\u0161\u00ed velikosti lahvi\u010dky 30 ml, kter\u00e1 se ale st\u00e1le vejde do kapsy, bude ide\u00e1ln\u00edm partnerem pro ty, kdo jsou p\u0159ipraveni vydat se na cestu intenzivn\u00edho a dlouhotrvaj\u00edc\u00edho dobrodru\u017estv\u00ed.   <\/p>\n","protected":false},"featured_media":5518,"comment_status":"open","ping_status":"closed","template":"","meta":{"_acf_changed":false},"product_brand":[],"product_cat":[759,669,436],"product_tag":[708,705,704,706,707],"class_list":{"0":"post-6428","1":"product","2":"type-product","3":"status-publish","4":"has-post-thumbnail","6":"product_cat-poppers-cs","7":"product_cat-poppers-s-amyl-nitridem","8":"product_cat-velke-poppers","9":"product_tag-amyl-poppers-30-ml-cs","10":"product_tag-amyl-poppers-vysoka-lahvicka","11":"product_tag-amyl-poppers-vysoka-lahvicka-30-ml","12":"product_tag-amyl-poppers-vysoky","13":"product_tag-vysoka-lahvicka-amyl-poppers","15":"first","16":"instock","17":"taxable","18":"shipping-taxable","19":"purchasable","20":"product-type-simple"},"acf":[],"yoast_head":"<!-- This site is optimized with the Yoast SEO plugin v27.3 - https:\/\/yoast.com\/product\/yoast-seo-wordpress\/ -->\n<title>Amyl Poppers Vysok\u00e1 lahvi\u010dka 30 ml - EU Poppers Sale, Buy Poppers online<\/title>\n<meta name=\"description\" content=\"Pro\u017eijte dlouhotrvaj\u00edc\u00ed pot\u011b\u0161en\u00ed s Amyl Poppers Vysok\u00e1 lahvi\u010dka 30 ml. Po\u0159i\u010fte si ji je\u0161t\u011b dnes, a\u0165 pozn\u00e1te, co je to nep\u0159ekonateln\u00fd z\u00e1\u017eitek z poppers!\" \/>\n<meta name=\"robots\" content=\"index, follow, max-snippet:-1, max-image-preview:large, max-video-preview:-1\" \/>\n<link rel=\"canonical\" href=\"https:\/\/poppers-original.eu\/cs\/produkt\/amyl-poppers-vysoka-lahvicka-30-ml\/\" \/>\n<meta property=\"og:locale\" content=\"cs_CZ\" \/>\n<meta property=\"og:type\" content=\"article\" \/>\n<meta property=\"og:title\" content=\"Amyl Poppers Vysok\u00e1 lahvi\u010dka 30 ml - EU Poppers Sale, Buy Poppers online\" \/>\n<meta property=\"og:description\" content=\"Pro\u017eijte dlouhotrvaj\u00edc\u00ed pot\u011b\u0161en\u00ed s Amyl Poppers Vysok\u00e1 lahvi\u010dka 30 ml. Po\u0159i\u010fte si ji je\u0161t\u011b dnes, a\u0165 pozn\u00e1te, co je to nep\u0159ekonateln\u00fd z\u00e1\u017eitek z poppers!\" \/>\n<meta property=\"og:url\" content=\"https:\/\/poppers-original.eu\/cs\/produkt\/amyl-poppers-vysoka-lahvicka-30-ml\/\" \/>\n<meta property=\"og:site_name\" content=\"EU Poppers Sale, Buy Poppers online\" \/>\n<meta property=\"article:modified_time\" content=\"2025-01-04T00:41:48+00:00\" \/>\n<meta property=\"og:image\" content=\"https:\/\/poppers-original.eu\/wp-content\/uploads\/2023\/07\/amyl-poppers-tall-bottle-30-ml-1.jpg\" \/>\n\t<meta property=\"og:image:width\" content=\"1000\" \/>\n\t<meta property=\"og:image:height\" content=\"1000\" \/>\n\t<meta property=\"og:image:type\" content=\"image\/jpeg\" \/>\n<meta name=\"twitter:card\" content=\"summary_large_image\" \/>\n<meta name=\"twitter:label1\" content=\"Odhadovan\u00e1 doba \u010dten\u00ed\" \/>\n\t<meta name=\"twitter:data1\" content=\"2 minuty\" \/>\n<script type=\"application\/ld+json\" class=\"yoast-schema-graph\">{\"@context\":\"https:\\\/\\\/schema.org\",\"@graph\":[{\"@type\":\"WebPage\",\"@id\":\"https:\\\/\\\/poppers-original.eu\\\/cs\\\/produkt\\\/amyl-poppers-vysoka-lahvicka-30-ml\\\/\",\"url\":\"https:\\\/\\\/poppers-original.eu\\\/cs\\\/produkt\\\/amyl-poppers-vysoka-lahvicka-30-ml\\\/\",\"name\":\"Amyl Poppers Vysok\u00e1 lahvi\u010dka 30 ml - EU Poppers Sale, Buy Poppers online\",\"isPartOf\":{\"@id\":\"https:\\\/\\\/poppers-original.eu\\\/cs\\\/#website\"},\"primaryImageOfPage\":{\"@id\":\"https:\\\/\\\/poppers-original.eu\\\/cs\\\/produkt\\\/amyl-poppers-vysoka-lahvicka-30-ml\\\/#primaryimage\"},\"image\":{\"@id\":\"https:\\\/\\\/poppers-original.eu\\\/cs\\\/produkt\\\/amyl-poppers-vysoka-lahvicka-30-ml\\\/#primaryimage\"},\"thumbnailUrl\":\"https:\\\/\\\/poppers-original.eu\\\/wp-content\\\/uploads\\\/2023\\\/07\\\/amyl-poppers-tall-bottle-30-ml-1.jpg\",\"datePublished\":\"2023-07-24T18:03:13+00:00\",\"dateModified\":\"2025-01-04T00:41:48+00:00\",\"description\":\"Pro\u017eijte dlouhotrvaj\u00edc\u00ed pot\u011b\u0161en\u00ed s Amyl Poppers Vysok\u00e1 lahvi\u010dka 30 ml. Po\u0159i\u010fte si ji je\u0161t\u011b dnes, a\u0165 pozn\u00e1te, co je to nep\u0159ekonateln\u00fd z\u00e1\u017eitek z poppers!\",\"breadcrumb\":{\"@id\":\"https:\\\/\\\/poppers-original.eu\\\/cs\\\/produkt\\\/amyl-poppers-vysoka-lahvicka-30-ml\\\/#breadcrumb\"},\"inLanguage\":\"cs\",\"potentialAction\":[{\"@type\":\"ReadAction\",\"target\":[\"https:\\\/\\\/poppers-original.eu\\\/cs\\\/produkt\\\/amyl-poppers-vysoka-lahvicka-30-ml\\\/\"]}]},{\"@type\":\"ImageObject\",\"inLanguage\":\"cs\",\"@id\":\"https:\\\/\\\/poppers-original.eu\\\/cs\\\/produkt\\\/amyl-poppers-vysoka-lahvicka-30-ml\\\/#primaryimage\",\"url\":\"https:\\\/\\\/poppers-original.eu\\\/wp-content\\\/uploads\\\/2023\\\/07\\\/amyl-poppers-tall-bottle-30-ml-1.jpg\",\"contentUrl\":\"https:\\\/\\\/poppers-original.eu\\\/wp-content\\\/uploads\\\/2023\\\/07\\\/amyl-poppers-tall-bottle-30-ml-1.jpg\",\"width\":1000,\"height\":1000,\"caption\":\"Amyl Poppers Vysok\u00e1 lahvi\u010dka 30 ml\"},{\"@type\":\"BreadcrumbList\",\"@id\":\"https:\\\/\\\/poppers-original.eu\\\/cs\\\/produkt\\\/amyl-poppers-vysoka-lahvicka-30-ml\\\/#breadcrumb\",\"itemListElement\":[{\"@type\":\"ListItem\",\"position\":1,\"name\":\"Home\",\"item\":\"https:\\\/\\\/poppers-original.eu\\\/cs\\\/\"},{\"@type\":\"ListItem\",\"position\":2,\"name\":\"Shop\",\"item\":\"https:\\\/\\\/poppers-original.eu\\\/shop\\\/\"},{\"@type\":\"ListItem\",\"position\":3,\"name\":\"Amyl Poppers Vysok\u00e1 lahvi\u010dka 30 ml\"}]},{\"@type\":\"WebSite\",\"@id\":\"https:\\\/\\\/poppers-original.eu\\\/cs\\\/#website\",\"url\":\"https:\\\/\\\/poppers-original.eu\\\/cs\\\/\",\"name\":\"Poppers Original, Buy Poppers online\",\"description\":\"Poppers Original\",\"publisher\":{\"@id\":\"https:\\\/\\\/poppers-original.eu\\\/cs\\\/#organization\"},\"potentialAction\":[{\"@type\":\"SearchAction\",\"target\":{\"@type\":\"EntryPoint\",\"urlTemplate\":\"https:\\\/\\\/poppers-original.eu\\\/cs\\\/?s={search_term_string}\"},\"query-input\":{\"@type\":\"PropertyValueSpecification\",\"valueRequired\":true,\"valueName\":\"search_term_string\"}}],\"inLanguage\":\"cs\"},{\"@type\":\"Organization\",\"@id\":\"https:\\\/\\\/poppers-original.eu\\\/cs\\\/#organization\",\"name\":\"Poppers Sale, Buy Poppers online\",\"url\":\"https:\\\/\\\/poppers-original.eu\\\/cs\\\/\",\"logo\":{\"@type\":\"ImageObject\",\"inLanguage\":\"cs\",\"@id\":\"https:\\\/\\\/poppers-original.eu\\\/cs\\\/#\\\/schema\\\/logo\\\/image\\\/\",\"url\":\"https:\\\/\\\/poppers-original.eu\\\/wp-content\\\/uploads\\\/2023\\\/05\\\/poppers-original-logo.png\",\"contentUrl\":\"https:\\\/\\\/poppers-original.eu\\\/wp-content\\\/uploads\\\/2023\\\/05\\\/poppers-original-logo.png\",\"width\":790,\"height\":150,\"caption\":\"Poppers Sale, Buy Poppers online\"},\"image\":{\"@id\":\"https:\\\/\\\/poppers-original.eu\\\/cs\\\/#\\\/schema\\\/logo\\\/image\\\/\"}}]}<\/script>\n<!-- \/ Yoast SEO plugin. -->","yoast_head_json":{"title":"Amyl Poppers Vysok\u00e1 lahvi\u010dka 30 ml - EU Poppers Sale, Buy Poppers online","description":"Pro\u017eijte dlouhotrvaj\u00edc\u00ed pot\u011b\u0161en\u00ed s Amyl Poppers Vysok\u00e1 lahvi\u010dka 30 ml. Po\u0159i\u010fte si ji je\u0161t\u011b dnes, a\u0165 pozn\u00e1te, co je to nep\u0159ekonateln\u00fd z\u00e1\u017eitek z poppers!","robots":{"index":"index","follow":"follow","max-snippet":"max-snippet:-1","max-image-preview":"max-image-preview:large","max-video-preview":"max-video-preview:-1"},"canonical":"https:\/\/poppers-original.eu\/cs\/produkt\/amyl-poppers-vysoka-lahvicka-30-ml\/","og_locale":"cs_CZ","og_type":"article","og_title":"Amyl Poppers Vysok\u00e1 lahvi\u010dka 30 ml - EU Poppers Sale, Buy Poppers online","og_description":"Pro\u017eijte dlouhotrvaj\u00edc\u00ed pot\u011b\u0161en\u00ed s Amyl Poppers Vysok\u00e1 lahvi\u010dka 30 ml. Po\u0159i\u010fte si ji je\u0161t\u011b dnes, a\u0165 pozn\u00e1te, co je to nep\u0159ekonateln\u00fd z\u00e1\u017eitek z poppers!","og_url":"https:\/\/poppers-original.eu\/cs\/produkt\/amyl-poppers-vysoka-lahvicka-30-ml\/","og_site_name":"EU Poppers Sale, Buy Poppers online","article_modified_time":"2025-01-04T00:41:48+00:00","og_image":[{"width":1000,"height":1000,"url":"https:\/\/poppers-original.eu\/wp-content\/uploads\/2023\/07\/amyl-poppers-tall-bottle-30-ml-1.jpg","type":"image\/jpeg"}],"twitter_card":"summary_large_image","twitter_misc":{"Odhadovan\u00e1 doba \u010dten\u00ed":"2 minuty"},"schema":{"@context":"https:\/\/schema.org","@graph":[{"@type":"WebPage","@id":"https:\/\/poppers-original.eu\/cs\/produkt\/amyl-poppers-vysoka-lahvicka-30-ml\/","url":"https:\/\/poppers-original.eu\/cs\/produkt\/amyl-poppers-vysoka-lahvicka-30-ml\/","name":"Amyl Poppers Vysok\u00e1 lahvi\u010dka 30 ml - EU Poppers Sale, Buy Poppers online","isPartOf":{"@id":"https:\/\/poppers-original.eu\/cs\/#website"},"primaryImageOfPage":{"@id":"https:\/\/poppers-original.eu\/cs\/produkt\/amyl-poppers-vysoka-lahvicka-30-ml\/#primaryimage"},"image":{"@id":"https:\/\/poppers-original.eu\/cs\/produkt\/amyl-poppers-vysoka-lahvicka-30-ml\/#primaryimage"},"thumbnailUrl":"https:\/\/poppers-original.eu\/wp-content\/uploads\/2023\/07\/amyl-poppers-tall-bottle-30-ml-1.jpg","datePublished":"2023-07-24T18:03:13+00:00","dateModified":"2025-01-04T00:41:48+00:00","description":"Pro\u017eijte dlouhotrvaj\u00edc\u00ed pot\u011b\u0161en\u00ed s Amyl Poppers Vysok\u00e1 lahvi\u010dka 30 ml. Po\u0159i\u010fte si ji je\u0161t\u011b dnes, a\u0165 pozn\u00e1te, co je to nep\u0159ekonateln\u00fd z\u00e1\u017eitek z poppers!","breadcrumb":{"@id":"https:\/\/poppers-original.eu\/cs\/produkt\/amyl-poppers-vysoka-lahvicka-30-ml\/#breadcrumb"},"inLanguage":"cs","potentialAction":[{"@type":"ReadAction","target":["https:\/\/poppers-original.eu\/cs\/produkt\/amyl-poppers-vysoka-lahvicka-30-ml\/"]}]},{"@type":"ImageObject","inLanguage":"cs","@id":"https:\/\/poppers-original.eu\/cs\/produkt\/amyl-poppers-vysoka-lahvicka-30-ml\/#primaryimage","url":"https:\/\/poppers-original.eu\/wp-content\/uploads\/2023\/07\/amyl-poppers-tall-bottle-30-ml-1.jpg","contentUrl":"https:\/\/poppers-original.eu\/wp-content\/uploads\/2023\/07\/amyl-poppers-tall-bottle-30-ml-1.jpg","width":1000,"height":1000,"caption":"Amyl Poppers Vysok\u00e1 lahvi\u010dka 30 ml"},{"@type":"BreadcrumbList","@id":"https:\/\/poppers-original.eu\/cs\/produkt\/amyl-poppers-vysoka-lahvicka-30-ml\/#breadcrumb","itemListElement":[{"@type":"ListItem","position":1,"name":"Home","item":"https:\/\/poppers-original.eu\/cs\/"},{"@type":"ListItem","position":2,"name":"Shop","item":"https:\/\/poppers-original.eu\/shop\/"},{"@type":"ListItem","position":3,"name":"Amyl Poppers Vysok\u00e1 lahvi\u010dka 30 ml"}]},{"@type":"WebSite","@id":"https:\/\/poppers-original.eu\/cs\/#website","url":"https:\/\/poppers-original.eu\/cs\/","name":"Poppers Original, Buy Poppers online","description":"Poppers Original","publisher":{"@id":"https:\/\/poppers-original.eu\/cs\/#organization"},"potentialAction":[{"@type":"SearchAction","target":{"@type":"EntryPoint","urlTemplate":"https:\/\/poppers-original.eu\/cs\/?s={search_term_string}"},"query-input":{"@type":"PropertyValueSpecification","valueRequired":true,"valueName":"search_term_string"}}],"inLanguage":"cs"},{"@type":"Organization","@id":"https:\/\/poppers-original.eu\/cs\/#organization","name":"Poppers Sale, Buy Poppers online","url":"https:\/\/poppers-original.eu\/cs\/","logo":{"@type":"ImageObject","inLanguage":"cs","@id":"https:\/\/poppers-original.eu\/cs\/#\/schema\/logo\/image\/","url":"https:\/\/poppers-original.eu\/wp-content\/uploads\/2023\/05\/poppers-original-logo.png","contentUrl":"https:\/\/poppers-original.eu\/wp-content\/uploads\/2023\/05\/poppers-original-logo.png","width":790,"height":150,"caption":"Poppers Sale, Buy Poppers online"},"image":{"@id":"https:\/\/poppers-original.eu\/cs\/#\/schema\/logo\/image\/"}}]}},"_links":{"self":[{"href":"https:\/\/poppers-original.eu\/cs\/wp-json\/wp\/v2\/product\/6428","targetHints":{"allow":["GET"]}}],"collection":[{"href":"https:\/\/poppers-original.eu\/cs\/wp-json\/wp\/v2\/product"}],"about":[{"href":"https:\/\/poppers-original.eu\/cs\/wp-json\/wp\/v2\/types\/product"}],"replies":[{"embeddable":true,"href":"https:\/\/poppers-original.eu\/cs\/wp-json\/wp\/v2\/comments?post=6428"}],"wp:featuredmedia":[{"embeddable":true,"href":"https:\/\/poppers-original.eu\/cs\/wp-json\/wp\/v2\/media\/5518"}],"wp:attachment":[{"href":"https:\/\/poppers-original.eu\/cs\/wp-json\/wp\/v2\/media?parent=6428"}],"wp:term":[{"taxonomy":"product_brand","embeddable":true,"href":"https:\/\/poppers-original.eu\/cs\/wp-json\/wp\/v2\/product_brand?post=6428"},{"taxonomy":"product_cat","embeddable":true,"href":"https:\/\/poppers-original.eu\/cs\/wp-json\/wp\/v2\/product_cat?post=6428"},{"taxonomy":"product_tag","embeddable":true,"href":"https:\/\/poppers-original.eu\/cs\/wp-json\/wp\/v2\/product_tag?post=6428"}],"curies":[{"name":"wp","href":"https:\/\/api.w.org\/{rel}","templated":true}]}}