{"id":6391,"date":"2023-07-30T18:51:47","date_gmt":"2023-07-30T17:51:47","guid":{"rendered":"https:\/\/poppers-original.eu\/product\/poppers-real-rush-platinum-mala-lahvicka-10-ml\/"},"modified":"2025-01-05T03:20:06","modified_gmt":"2025-01-05T02:20:06","slug":"poppers-real-rush-platinum-mala-lahvicka-10-ml","status":"publish","type":"product","link":"https:\/\/poppers-original.eu\/cs\/produkt\/poppers-real-rush-platinum-mala-lahvicka-10-ml\/","title":{"rendered":"Poppers Real Rush Platinum Mal\u00e1 lahvi\u010dka 10 ml"},"content":{"rendered":"<p>Pono\u0159te se do sv\u011bta vzru\u0161en\u00ed a v\u00e1\u0161n\u011b s malou 10 ml lahvi\u010dkou Poppers Real Rush Platinum. Tento siln\u00fd poppers, zalo\u017een\u00fd na amyl nitridu, pat\u0159\u00ed k \u0159ad\u011b v\u00fdrobk\u016f uzn\u00e1van\u00e9 zna\u010dky Rush a slibuje z\u00e1\u017eitek jako \u017e\u00e1dn\u00fd jin\u00fd. Ka\u017ed\u00fd vdech ve v\u00e1s rozproud\u00ed v\u00edr pocit\u016f a p\u0159iprav\u00ed p\u016fdu pro nezapomenuteln\u00e9 chv\u00edle.  <\/p>\n<h2>Vyzkou\u0161ejte mocn\u00fd Rush<\/h2>\n<p>Mal\u00e1 lahvi\u010dka Poppers Real Rush Platinum ve v\u00e1s vyvol\u00e1 v\u00edce ne\u017e jen p\u0159\u00edjemn\u00e9 pocity; p\u0159ivol\u00e1 divok\u00fd n\u00e1val vzru\u0161en\u00ed. Tato \u00fa\u010dinn\u00e1 sm\u011bs zvy\u0161uje intenzitu pocit\u016f, \u010din\u00ed ka\u017ed\u00fd moment mnohem v\u00fdznamn\u011bj\u0161\u00edm a va\u0161e dobrodru\u017estv\u00ed prom\u011b\u0148uje ve vzru\u0161uj\u00edc\u00ed cesty. <\/p>\n<h2>Autenti\u010dnost, na kterou se m\u016f\u017eete spolehnout<\/h2>\n<p>Pokud jde o poppers, autenti\u010dnost je kl\u00ed\u010dov\u00e1. Mal\u00fd Real Rush Platinum je symbolem z\u00e1vazku zna\u010dky Rush kvalit\u011b a autenti\u010dnosti. Na jeho pravou formuli amyl nitridu, kter\u00e1 v\u00e1m v\u017edy poskytne st\u00e1l\u00e9 a spolehliv\u00e9 v\u00fdsledky, se tak m\u016f\u017eete spolehnout.  <\/p>\n<h2>Kupte si malou 10 ml lahvi\u010dku Poppers Real Rush Platinum je\u0161t\u011b dnes<\/h2>\n<p>Pro\u010d \u010dekat, a\u017e v\u00e1m dobrodru\u017estv\u00ed zaklepe na dve\u0159e? Vyu\u017eijte den naplno s malou 10 ml lahvi\u010dkou Poppers Real Rush Platinum. Kupte si ji hned a pozvedn\u011bte sv\u00e9 z\u00e1\u017eitky z oby\u010dejn\u00fdch na zcela mimo\u0159\u00e1dn\u00e9. Tento poppers v\u00e1m p\u0159inese z\u00e1\u017eitek, na kter\u00fd jste \u010dekali!   <\/p>\n<p>&nbsp;<\/p>\n<p>Tato mal\u00e1 lahvi\u010dka Poppers Real Rush Platinum je v\u00edce ne\u017e jen oby\u010dejn\u00e1 lahvi\u010dka poppers &#8211; je to br\u00e1na do sv\u011bta elektrizuj\u00edc\u00edch pocit\u016f a nep\u0159ekonateln\u00fdch z\u00e1\u017eitk\u016f. Se silnou formul\u00ed amyl nitridu, podpo\u0159enou reputac\u00ed renomovan\u00e9 zna\u010dky Rush, nez\u00edsk\u00e1v\u00e1te jen autentick\u00fd produkt, ale tak\u00e9 vzru\u0161uj\u00edc\u00ed j\u00edzdu. Tak nev\u00e1hejte. Vydejte se na toto vzru\u0161uj\u00edc\u00ed dobrodru\u017estv\u00ed a vychutnejte si s malou 10 ml lahvi\u010dkou Poppers Real Rush Platinum ka\u017edou chv\u00edli. Dobrodru\u017estv\u00ed ji\u017e \u010dek\u00e1!    <\/p>\n<p>&nbsp;<\/p>\n<p>Pro v\u00edce mo\u017enost\u00ed a variant se pod\u00edvejte na na\u0161i celou kolekci <a href=\"https:\/\/poppers-original.eu\/cs\/kategorie-produktu\/poppers-podle-nitridu\/poppers-s-amyl-nitridem\/\">Poppers na b\u00e1zi amyl nitridu<\/a>.<\/p>\n<p>M\u00e1te z\u00e1jem o v\u011bt\u0161\u00ed, 24ml lahvi\u010dku? Prohl\u00e9dn\u011bte si na\u0161e <a href=\"https:\/\/poppers-original.eu\/cs\/produkt\/real-rush-platinum-poppers-24-ml\/\">Real Rush Platinum Poppers 24 ml<\/a>. <\/p>\n<p>&nbsp;<\/p>\n<p><strong>Obsah balen\u00ed:<\/strong><\/p>\n<ul>\n<li>1x Real Rush Platinum Aroma Mal\u00e1 lahvi\u010dka 10 ml<\/li>\n<\/ul>\n<p><strong>Vlastnosti:<\/strong><\/p>\n<ul>\n<li>Ofici\u00e1ln\u00ed n\u00e1zev: Poppers Real Rush Platinum Mal\u00e1 lahvi\u010dka 10 ml<\/li>\n<li>Obsah: 10 ml<\/li>\n<li>S\u00edla: 5\/5<\/li>\n<li>Bezpe\u010dn\u00e9 otev\u00edr\u00e1n\u00ed: s bezpe\u010dnostn\u00edm uz\u00e1v\u011brem<\/li>\n<li>Power Pak Pellets (PPP) pro dlouhodobou \u010distotu.<\/li>\n<li>Znovu uzav\u00edrateln\u00e9 polykonov\u00e9 v\u00ed\u010dko pro zachov\u00e1n\u00ed s\u00edly.<\/li>\n<li>Zbo\u017e\u00ed ka\u017ed\u00fd t\u00fdden obm\u011b\u0148ujeme pro zaji\u0161t\u011bn\u00ed \u010derstvosti.<\/li>\n<li>Amyl Nitrit, Mixed isomers (CAS 110-46-3) + 1-Butanol, 3-methyl (CAS 123-51-3)<\/li>\n<li>Garance spokojenosti bu\u010f vr\u00e1cen\u00edm pen\u011bz, nebo v\u00fdm\u011bnou produktu.<\/li>\n<li>V\u00fdrobce: PWD\u00ae \u2013 Never Fake It<\/li>\n<li>Vyrobeno v Lucembursku<\/li>\n<\/ul>\n","protected":false},"excerpt":{"rendered":"<p>Probu\u010fte sv\u00e9 smysly s malou 10ml lahvi\u010dkou Poppers Real Rush Platinum. Tato lahvi\u010dka, pln\u00e1 siln\u00e9ho slo\u017een\u00ed amyl nitridu, pat\u0159\u00ed do \u0159ady zbo\u017e\u00ed renomovan\u00e9 firmy zna\u010dky Rush. Nen\u00ed to jen dal\u0161\u00ed poppers, je to vstupenka do vzru\u0161uj\u00edc\u00edho dobrodru\u017estv\u00ed, kter\u00e9 roz\u017ehavuje v\u00e1\u0161e\u0148 a zvy\u0161uje pot\u011b\u0161en\u00ed z ka\u017ed\u00e9ho z\u00e1\u017eitku. Vstupte do vzru\u0161uj\u00edc\u00edho sv\u011bta pln\u00e9ho siln\u00fdch, autentick\u00fdch poppers je\u0161t\u011b dnes!   <\/p>\n","protected":false},"featured_media":5539,"comment_status":"open","ping_status":"closed","template":"","meta":{"_acf_changed":false},"product_brand":[],"product_cat":[651,759,669],"product_tag":[696,694,695,693],"class_list":{"0":"post-6391","1":"product","2":"type-product","3":"status-publish","4":"has-post-thumbnail","6":"product_cat-male-poppers","7":"product_cat-poppers-cs","8":"product_cat-poppers-s-amyl-nitridem","9":"product_tag-poppers-real-rush-platinum-cs","10":"product_tag-poppers-real-rush-platinum-10-ml-cs","11":"product_tag-poppers-real-rush-platinum-mala-lahvicka","12":"product_tag-real-rush-platinum-poppers-cs","14":"first","15":"instock","16":"taxable","17":"shipping-taxable","18":"purchasable","19":"product-type-simple"},"acf":[],"yoast_head":"<!-- This site is optimized with the Yoast SEO plugin v27.3 - https:\/\/yoast.com\/product\/yoast-seo-wordpress\/ -->\n<title>Poppers Real Rush Platinum Mal\u00e1 lahvi\u010dka 10 ml - EU Poppers Sale, Buy Poppers online<\/title>\n<meta name=\"description\" content=\"Pro\u017eijte s malou lahvi\u010dkou Poppers Real Rush Platinum intenzivn\u00ed pocity. Siln\u00e1 formule amyl nitridu. Kupte si ho hned a za\u017eijte nezapomenuteln\u00e9 chv\u00edle!\" \/>\n<meta name=\"robots\" content=\"index, follow, max-snippet:-1, max-image-preview:large, max-video-preview:-1\" \/>\n<link rel=\"canonical\" href=\"https:\/\/poppers-original.eu\/cs\/produkt\/poppers-real-rush-platinum-mala-lahvicka-10-ml\/\" \/>\n<meta property=\"og:locale\" content=\"cs_CZ\" \/>\n<meta property=\"og:type\" content=\"article\" \/>\n<meta property=\"og:title\" content=\"Poppers Real Rush Platinum Mal\u00e1 lahvi\u010dka 10 ml - EU Poppers Sale, Buy Poppers online\" \/>\n<meta property=\"og:description\" content=\"Pro\u017eijte s malou lahvi\u010dkou Poppers Real Rush Platinum intenzivn\u00ed pocity. Siln\u00e1 formule amyl nitridu. Kupte si ho hned a za\u017eijte nezapomenuteln\u00e9 chv\u00edle!\" \/>\n<meta property=\"og:url\" content=\"https:\/\/poppers-original.eu\/cs\/produkt\/poppers-real-rush-platinum-mala-lahvicka-10-ml\/\" \/>\n<meta property=\"og:site_name\" content=\"EU Poppers Sale, Buy Poppers online\" \/>\n<meta property=\"article:modified_time\" content=\"2025-01-05T02:20:06+00:00\" \/>\n<meta property=\"og:image\" content=\"https:\/\/poppers-original.eu\/wp-content\/uploads\/2023\/07\/poppers-real-rush-platinum-small-bottle-10-ml.jpg\" \/>\n\t<meta property=\"og:image:width\" content=\"1000\" \/>\n\t<meta property=\"og:image:height\" content=\"1000\" \/>\n\t<meta property=\"og:image:type\" content=\"image\/jpeg\" \/>\n<meta name=\"twitter:card\" content=\"summary_large_image\" \/>\n<meta name=\"twitter:label1\" content=\"Odhadovan\u00e1 doba \u010dten\u00ed\" \/>\n\t<meta name=\"twitter:data1\" content=\"2 minuty\" \/>\n<script type=\"application\/ld+json\" class=\"yoast-schema-graph\">{\"@context\":\"https:\\\/\\\/schema.org\",\"@graph\":[{\"@type\":\"WebPage\",\"@id\":\"https:\\\/\\\/poppers-original.eu\\\/cs\\\/produkt\\\/poppers-real-rush-platinum-mala-lahvicka-10-ml\\\/\",\"url\":\"https:\\\/\\\/poppers-original.eu\\\/cs\\\/produkt\\\/poppers-real-rush-platinum-mala-lahvicka-10-ml\\\/\",\"name\":\"Poppers Real Rush Platinum Mal\u00e1 lahvi\u010dka 10 ml - EU Poppers Sale, Buy Poppers online\",\"isPartOf\":{\"@id\":\"https:\\\/\\\/poppers-original.eu\\\/cs\\\/#website\"},\"primaryImageOfPage\":{\"@id\":\"https:\\\/\\\/poppers-original.eu\\\/cs\\\/produkt\\\/poppers-real-rush-platinum-mala-lahvicka-10-ml\\\/#primaryimage\"},\"image\":{\"@id\":\"https:\\\/\\\/poppers-original.eu\\\/cs\\\/produkt\\\/poppers-real-rush-platinum-mala-lahvicka-10-ml\\\/#primaryimage\"},\"thumbnailUrl\":\"https:\\\/\\\/poppers-original.eu\\\/wp-content\\\/uploads\\\/2023\\\/07\\\/poppers-real-rush-platinum-small-bottle-10-ml.jpg\",\"datePublished\":\"2023-07-30T17:51:47+00:00\",\"dateModified\":\"2025-01-05T02:20:06+00:00\",\"description\":\"Pro\u017eijte s malou lahvi\u010dkou Poppers Real Rush Platinum intenzivn\u00ed pocity. Siln\u00e1 formule amyl nitridu. Kupte si ho hned a za\u017eijte nezapomenuteln\u00e9 chv\u00edle!\",\"breadcrumb\":{\"@id\":\"https:\\\/\\\/poppers-original.eu\\\/cs\\\/produkt\\\/poppers-real-rush-platinum-mala-lahvicka-10-ml\\\/#breadcrumb\"},\"inLanguage\":\"cs\",\"potentialAction\":[{\"@type\":\"ReadAction\",\"target\":[\"https:\\\/\\\/poppers-original.eu\\\/cs\\\/produkt\\\/poppers-real-rush-platinum-mala-lahvicka-10-ml\\\/\"]}]},{\"@type\":\"ImageObject\",\"inLanguage\":\"cs\",\"@id\":\"https:\\\/\\\/poppers-original.eu\\\/cs\\\/produkt\\\/poppers-real-rush-platinum-mala-lahvicka-10-ml\\\/#primaryimage\",\"url\":\"https:\\\/\\\/poppers-original.eu\\\/wp-content\\\/uploads\\\/2023\\\/07\\\/poppers-real-rush-platinum-small-bottle-10-ml.jpg\",\"contentUrl\":\"https:\\\/\\\/poppers-original.eu\\\/wp-content\\\/uploads\\\/2023\\\/07\\\/poppers-real-rush-platinum-small-bottle-10-ml.jpg\",\"width\":1000,\"height\":1000,\"caption\":\"Poppers Real Rush Platinum Mal\u00e1 lahvi\u010dka 10 ml\"},{\"@type\":\"BreadcrumbList\",\"@id\":\"https:\\\/\\\/poppers-original.eu\\\/cs\\\/produkt\\\/poppers-real-rush-platinum-mala-lahvicka-10-ml\\\/#breadcrumb\",\"itemListElement\":[{\"@type\":\"ListItem\",\"position\":1,\"name\":\"Home\",\"item\":\"https:\\\/\\\/poppers-original.eu\\\/cs\\\/\"},{\"@type\":\"ListItem\",\"position\":2,\"name\":\"Shop\",\"item\":\"https:\\\/\\\/poppers-original.eu\\\/shop\\\/\"},{\"@type\":\"ListItem\",\"position\":3,\"name\":\"Poppers Real Rush Platinum Mal\u00e1 lahvi\u010dka 10 ml\"}]},{\"@type\":\"WebSite\",\"@id\":\"https:\\\/\\\/poppers-original.eu\\\/cs\\\/#website\",\"url\":\"https:\\\/\\\/poppers-original.eu\\\/cs\\\/\",\"name\":\"Poppers Original, Buy Poppers online\",\"description\":\"Poppers Original\",\"publisher\":{\"@id\":\"https:\\\/\\\/poppers-original.eu\\\/cs\\\/#organization\"},\"potentialAction\":[{\"@type\":\"SearchAction\",\"target\":{\"@type\":\"EntryPoint\",\"urlTemplate\":\"https:\\\/\\\/poppers-original.eu\\\/cs\\\/?s={search_term_string}\"},\"query-input\":{\"@type\":\"PropertyValueSpecification\",\"valueRequired\":true,\"valueName\":\"search_term_string\"}}],\"inLanguage\":\"cs\"},{\"@type\":\"Organization\",\"@id\":\"https:\\\/\\\/poppers-original.eu\\\/cs\\\/#organization\",\"name\":\"Poppers Sale, Buy Poppers online\",\"url\":\"https:\\\/\\\/poppers-original.eu\\\/cs\\\/\",\"logo\":{\"@type\":\"ImageObject\",\"inLanguage\":\"cs\",\"@id\":\"https:\\\/\\\/poppers-original.eu\\\/cs\\\/#\\\/schema\\\/logo\\\/image\\\/\",\"url\":\"https:\\\/\\\/poppers-original.eu\\\/wp-content\\\/uploads\\\/2023\\\/05\\\/poppers-original-logo.png\",\"contentUrl\":\"https:\\\/\\\/poppers-original.eu\\\/wp-content\\\/uploads\\\/2023\\\/05\\\/poppers-original-logo.png\",\"width\":790,\"height\":150,\"caption\":\"Poppers Sale, Buy Poppers online\"},\"image\":{\"@id\":\"https:\\\/\\\/poppers-original.eu\\\/cs\\\/#\\\/schema\\\/logo\\\/image\\\/\"}}]}<\/script>\n<!-- \/ Yoast SEO plugin. -->","yoast_head_json":{"title":"Poppers Real Rush Platinum Mal\u00e1 lahvi\u010dka 10 ml - EU Poppers Sale, Buy Poppers online","description":"Pro\u017eijte s malou lahvi\u010dkou Poppers Real Rush Platinum intenzivn\u00ed pocity. Siln\u00e1 formule amyl nitridu. Kupte si ho hned a za\u017eijte nezapomenuteln\u00e9 chv\u00edle!","robots":{"index":"index","follow":"follow","max-snippet":"max-snippet:-1","max-image-preview":"max-image-preview:large","max-video-preview":"max-video-preview:-1"},"canonical":"https:\/\/poppers-original.eu\/cs\/produkt\/poppers-real-rush-platinum-mala-lahvicka-10-ml\/","og_locale":"cs_CZ","og_type":"article","og_title":"Poppers Real Rush Platinum Mal\u00e1 lahvi\u010dka 10 ml - EU Poppers Sale, Buy Poppers online","og_description":"Pro\u017eijte s malou lahvi\u010dkou Poppers Real Rush Platinum intenzivn\u00ed pocity. Siln\u00e1 formule amyl nitridu. Kupte si ho hned a za\u017eijte nezapomenuteln\u00e9 chv\u00edle!","og_url":"https:\/\/poppers-original.eu\/cs\/produkt\/poppers-real-rush-platinum-mala-lahvicka-10-ml\/","og_site_name":"EU Poppers Sale, Buy Poppers online","article_modified_time":"2025-01-05T02:20:06+00:00","og_image":[{"width":1000,"height":1000,"url":"https:\/\/poppers-original.eu\/wp-content\/uploads\/2023\/07\/poppers-real-rush-platinum-small-bottle-10-ml.jpg","type":"image\/jpeg"}],"twitter_card":"summary_large_image","twitter_misc":{"Odhadovan\u00e1 doba \u010dten\u00ed":"2 minuty"},"schema":{"@context":"https:\/\/schema.org","@graph":[{"@type":"WebPage","@id":"https:\/\/poppers-original.eu\/cs\/produkt\/poppers-real-rush-platinum-mala-lahvicka-10-ml\/","url":"https:\/\/poppers-original.eu\/cs\/produkt\/poppers-real-rush-platinum-mala-lahvicka-10-ml\/","name":"Poppers Real Rush Platinum Mal\u00e1 lahvi\u010dka 10 ml - EU Poppers Sale, Buy Poppers online","isPartOf":{"@id":"https:\/\/poppers-original.eu\/cs\/#website"},"primaryImageOfPage":{"@id":"https:\/\/poppers-original.eu\/cs\/produkt\/poppers-real-rush-platinum-mala-lahvicka-10-ml\/#primaryimage"},"image":{"@id":"https:\/\/poppers-original.eu\/cs\/produkt\/poppers-real-rush-platinum-mala-lahvicka-10-ml\/#primaryimage"},"thumbnailUrl":"https:\/\/poppers-original.eu\/wp-content\/uploads\/2023\/07\/poppers-real-rush-platinum-small-bottle-10-ml.jpg","datePublished":"2023-07-30T17:51:47+00:00","dateModified":"2025-01-05T02:20:06+00:00","description":"Pro\u017eijte s malou lahvi\u010dkou Poppers Real Rush Platinum intenzivn\u00ed pocity. Siln\u00e1 formule amyl nitridu. Kupte si ho hned a za\u017eijte nezapomenuteln\u00e9 chv\u00edle!","breadcrumb":{"@id":"https:\/\/poppers-original.eu\/cs\/produkt\/poppers-real-rush-platinum-mala-lahvicka-10-ml\/#breadcrumb"},"inLanguage":"cs","potentialAction":[{"@type":"ReadAction","target":["https:\/\/poppers-original.eu\/cs\/produkt\/poppers-real-rush-platinum-mala-lahvicka-10-ml\/"]}]},{"@type":"ImageObject","inLanguage":"cs","@id":"https:\/\/poppers-original.eu\/cs\/produkt\/poppers-real-rush-platinum-mala-lahvicka-10-ml\/#primaryimage","url":"https:\/\/poppers-original.eu\/wp-content\/uploads\/2023\/07\/poppers-real-rush-platinum-small-bottle-10-ml.jpg","contentUrl":"https:\/\/poppers-original.eu\/wp-content\/uploads\/2023\/07\/poppers-real-rush-platinum-small-bottle-10-ml.jpg","width":1000,"height":1000,"caption":"Poppers Real Rush Platinum Mal\u00e1 lahvi\u010dka 10 ml"},{"@type":"BreadcrumbList","@id":"https:\/\/poppers-original.eu\/cs\/produkt\/poppers-real-rush-platinum-mala-lahvicka-10-ml\/#breadcrumb","itemListElement":[{"@type":"ListItem","position":1,"name":"Home","item":"https:\/\/poppers-original.eu\/cs\/"},{"@type":"ListItem","position":2,"name":"Shop","item":"https:\/\/poppers-original.eu\/shop\/"},{"@type":"ListItem","position":3,"name":"Poppers Real Rush Platinum Mal\u00e1 lahvi\u010dka 10 ml"}]},{"@type":"WebSite","@id":"https:\/\/poppers-original.eu\/cs\/#website","url":"https:\/\/poppers-original.eu\/cs\/","name":"Poppers Original, Buy Poppers online","description":"Poppers Original","publisher":{"@id":"https:\/\/poppers-original.eu\/cs\/#organization"},"potentialAction":[{"@type":"SearchAction","target":{"@type":"EntryPoint","urlTemplate":"https:\/\/poppers-original.eu\/cs\/?s={search_term_string}"},"query-input":{"@type":"PropertyValueSpecification","valueRequired":true,"valueName":"search_term_string"}}],"inLanguage":"cs"},{"@type":"Organization","@id":"https:\/\/poppers-original.eu\/cs\/#organization","name":"Poppers Sale, Buy Poppers online","url":"https:\/\/poppers-original.eu\/cs\/","logo":{"@type":"ImageObject","inLanguage":"cs","@id":"https:\/\/poppers-original.eu\/cs\/#\/schema\/logo\/image\/","url":"https:\/\/poppers-original.eu\/wp-content\/uploads\/2023\/05\/poppers-original-logo.png","contentUrl":"https:\/\/poppers-original.eu\/wp-content\/uploads\/2023\/05\/poppers-original-logo.png","width":790,"height":150,"caption":"Poppers Sale, Buy Poppers online"},"image":{"@id":"https:\/\/poppers-original.eu\/cs\/#\/schema\/logo\/image\/"}}]}},"_links":{"self":[{"href":"https:\/\/poppers-original.eu\/cs\/wp-json\/wp\/v2\/product\/6391","targetHints":{"allow":["GET"]}}],"collection":[{"href":"https:\/\/poppers-original.eu\/cs\/wp-json\/wp\/v2\/product"}],"about":[{"href":"https:\/\/poppers-original.eu\/cs\/wp-json\/wp\/v2\/types\/product"}],"replies":[{"embeddable":true,"href":"https:\/\/poppers-original.eu\/cs\/wp-json\/wp\/v2\/comments?post=6391"}],"wp:featuredmedia":[{"embeddable":true,"href":"https:\/\/poppers-original.eu\/cs\/wp-json\/wp\/v2\/media\/5539"}],"wp:attachment":[{"href":"https:\/\/poppers-original.eu\/cs\/wp-json\/wp\/v2\/media?parent=6391"}],"wp:term":[{"taxonomy":"product_brand","embeddable":true,"href":"https:\/\/poppers-original.eu\/cs\/wp-json\/wp\/v2\/product_brand?post=6391"},{"taxonomy":"product_cat","embeddable":true,"href":"https:\/\/poppers-original.eu\/cs\/wp-json\/wp\/v2\/product_cat?post=6391"},{"taxonomy":"product_tag","embeddable":true,"href":"https:\/\/poppers-original.eu\/cs\/wp-json\/wp\/v2\/product_tag?post=6391"}],"curies":[{"name":"wp","href":"https:\/\/api.w.org\/{rel}","templated":true}]}}