{"id":6386,"date":"2023-08-04T14:51:46","date_gmt":"2023-08-04T13:51:46","guid":{"rendered":"https:\/\/poppers-original.eu\/product\/deep-formula-fist-poppers-10-ml\/"},"modified":"2026-01-17T16:35:02","modified_gmt":"2026-01-17T15:35:02","slug":"deep-formula-fist-poppers-10-ml","status":"publish","type":"product","link":"https:\/\/poppers-original.eu\/cs\/produkt\/deep-formula-fist-poppers-10-ml\/","title":{"rendered":"Deep Formula Fist Poppers 10 ml"},"content":{"rendered":"<p>Dop\u0159ejte sv\u00fdm smysl\u016fm dobrodru\u017enou j\u00edzdu s Deep Formula Fist Poppers 10 ml, speci\u00e1ln\u011b navr\u017een\u00fdmi pro ty, kte\u0159\u00ed hledaj\u00ed hlub\u0161\u00ed, del\u0161\u00ed a intenzivn\u011bj\u0161\u00ed pocity. Tato mal\u00e1, ale p\u0159itom \u00fa\u010dinn\u00e1 lahvi\u010dka se chyst\u00e1 zcela prom\u011bnit va\u0161e z\u00e1\u017eitky. Vyu\u017eijte s\u00edlu na\u0161\u00ed exkluzivn\u00ed &#8222;deep formula&#8220; a p\u0159ipravte se na mimo\u0159\u00e1dn\u00e9 chv\u00edle naprost\u00e9ho pot\u011b\u0161en\u00ed.  <\/p>\n<h2>Objevte Deep Formula Fist Poppers 10 ml<\/h2>\n<p>P\u0159iv\u00edtejte vzru\u0161en\u00ed, kter\u00e9 v\u00e1m tento mimo\u0159\u00e1dn\u00fd produkt \u2013 Deep Formula Fist Poppers 10 ml \u2013 poskytne. Tato kompaktn\u00ed lahvi\u010dka obsahuje p\u0159ita\u017elivou v\u016fni, vytvo\u0159enou speci\u00e1ln\u011b pro ty, kte\u0159\u00ed cht\u011bj\u00ed n\u011bco v\u00edc. Uvoln\u011bte dobrodru\u017enou \u010d\u00e1st sv\u00e9 osobnosti prost\u0159ednictv\u00edm mocn\u00fdch \u00fa\u010dink\u016f Deep Formula, kter\u00e1 dovede va\u0161e pot\u011b\u0161en\u00ed do dosud nezn\u00e1m\u00fdch hlubin!  <\/p>\n<h2>Za\u017eijte nev\u00eddan\u00e9 pocity<\/h2>\n<p>Na\u0161e Deep Formula Fist Poppers nen\u00ed jen dal\u0161\u00ed aroma; je to obl\u00edbenec t\u011bch, kdo preferuj\u00ed intenzivn\u00ed z\u00e1\u017eitky. Ka\u017ed\u00e9 \u0161\u0148upnut\u00ed t\u00e9to sm\u011bsi nabit\u00e9 amyl nitridem v\u00e1s p\u0159enese z n\u011b\u010deho oby\u010dejn\u00e9ho mnohem d\u00e1l a odemkne dve\u0159e do sv\u011bta hlubok\u00fdch pocit\u016f a uspokojuj\u00edc\u00ed relaxace. Ve chv\u00edli, kdy tato fascinuj\u00edc\u00ed v\u016fn\u011b napln\u00ed va\u0161e smysly, ustoup\u00ed z\u00e1brany do pozad\u00ed a v\u00e1m se otev\u0159e cesta k pohlcuj\u00edc\u00edmu z\u00e1\u017eitku.  <\/p>\n<h2>Kupte si Deep Formula Fist Poppers pro intenzivn\u00ed pot\u011b\u0161en\u00ed<\/h2>\n<p>Fist Deep Formula nen\u00ed jen siln\u00e9 poppers; je to pozv\u00e1n\u00ed k pro\u017eit\u00ed dobrodru\u017estv\u00ed, kter\u00e9 v\u00e1s vezme za hranice obvykl\u00e9ho. Pro ty, kte\u0159\u00ed pou\u017e\u00edv\u00e1n\u00edm extr\u00e9mn\u00edch hra\u010dek hledaj\u00ed nov\u00e9 v\u00fd\u0161iny rozko\u0161e, bude Deep Formula Fist Poppers 10 ml ide\u00e1ln\u00edm spole\u010dn\u00edkem. Tato siln\u00e1 formula v\u00e1s pob\u00eddne k realizaci fantazi\u00ed, kter\u00e9 jste v\u017edy m\u011bli v hlav\u011b, a otev\u0159e v\u00e1m dve\u0159e do sv\u011bta vzru\u0161uj\u00edc\u00edch a neopakovateln\u00fdch z\u00e1\u017eitk\u016f. A jako bonus \u2013 mal\u00fd, pevn\u00fd design lahvi\u010dky v\u00e1m umo\u017en\u00ed m\u00edt kl\u00ed\u010d ke sv\u00fdm dobrodru\u017estv\u00ed s sebou, kamkoliv jdete. Kupte si produkt nyn\u00ed a za\u017eijte senza\u010dn\u00ed sv\u011bt Fist Poppers 10 ml na vlastn\u00ed k\u016f\u017ei.    <\/p>\n<p>&nbsp;<\/p>\n<p>M\u00e1te z\u00e1jem o v\u011bt\u0161\u00ed, 24ml lahvi\u010dku stejn\u00e9 zna\u010dky poppers? Pod\u00edvejte se na na\u0161e <a href=\"https:\/\/poppers-original.eu\/cs\/produkt\/poppers-fist-24-ml\/\">Poppers Fist 24 ml<\/a>. <\/p>\n<p>&nbsp;<\/p>\n<p><strong>Obsah balen\u00ed<\/strong><\/p>\n<ul>\n<li>1x Deep Formula Fist Aroma 10 ml<\/li>\n<\/ul>\n<p><strong>Vlastnosti:<\/strong><\/p>\n<ul>\n<li>Ofici\u00e1ln\u00ed n\u00e1zev: Deep Formula Fist Poppers 10 ml<\/li>\n<li>Obsah: 10 ml<\/li>\n<li>S\u00edla: 4\/5<\/li>\n<li>Bezpe\u010dn\u00e9 otev\u00edr\u00e1n\u00ed: s bezpe\u010dnostn\u00edm uz\u00e1v\u011brem<\/li>\n<li>Power Pak Pellets (PPP) pro dlouhodobou \u010distotu.<\/li>\n<li>Znovu uzav\u00edrateln\u00e9 polykonov\u00e9 v\u00ed\u010dko pro zachov\u00e1n\u00ed s\u00edly.<\/li>\n<li>Zbo\u017e\u00ed ka\u017ed\u00fd t\u00fdden obm\u011b\u0148ujeme pro zaji\u0161t\u011bn\u00ed \u010derstvosti.<\/li>\n<li>Amyl Nitrite, Mixed isomers (CAS 110-46-3) + 1-Butanol, 3-methyl (CAS 123-51-3)<\/li>\n<li>Garance spokojenosti bu\u010f vr\u00e1cen\u00edm pen\u011bz, nebo v\u00fdm\u011bnou produktu.<\/li>\n<li>V\u00fdrobce: PWD\u00ae \u2013 Never Fake It<\/li>\n<li>Vyrobeno v Lucembursku<\/li>\n<\/ul>\n","protected":false},"excerpt":{"rendered":"<p>Vstupte do sv\u011bta hluboce pro\u017e\u00edvan\u00fdch pocit\u016f s na\u0161imi Deep Formula Fist Poppers 10 ml, speci\u00e1ln\u011b navr\u017een\u00fdmi pro ty, kte\u0159\u00ed tou\u017e\u00ed po n\u011b\u010dem v\u00edc. Tato siln\u00e1 v\u016fn\u011b nab\u00edz\u00ed nezapomenuteln\u00fd z\u00e1\u017eitek, kter\u00fd umo\u017e\u0148uje hlub\u0161\u00ed, del\u0161\u00ed a intenzivn\u011bj\u0161\u00ed momenty. D\u00edky sv\u00e9 jedine\u010dn\u00e9 formuli a s\u00edle amyl nitridu v\u00e1m p\u0159iprav\u00ed sc\u00e9nu pro intenzivn\u00ed pot\u011b\u0161en\u00ed bez jak\u00e9hokoli tabu. Za\u017eijte vzru\u0161en\u00ed plynouc\u00ed z pou\u017eit\u00ed Fist Poppers Deep Formula \u2013 obl\u00edbence t\u011bch, kte\u0159\u00ed hledaj\u00ed hlub\u0161\u00ed a uspokojiv\u011bj\u0161\u00ed dobrodru\u017estv\u00ed.   <\/p>\n","protected":false},"featured_media":5561,"comment_status":"open","ping_status":"closed","template":"","meta":{"_acf_changed":false},"product_brand":[],"product_cat":[651,759,669],"product_tag":[671,672,670,673,674],"class_list":{"0":"post-6386","1":"product","2":"type-product","3":"status-publish","4":"has-post-thumbnail","6":"product_cat-male-poppers","7":"product_cat-poppers-cs","8":"product_cat-poppers-s-amyl-nitridem","9":"product_tag-deep-formula-fist-10-ml-cs","10":"product_tag-deep-formula-fist-poppers-cs","11":"product_tag-deep-formula-fist-poppers-10-ml-cs","12":"product_tag-poppers-fist-deep-formula-cs","13":"product_tag-poppers-fist-deep-formula-10-ml-cs","15":"first","16":"outofstock","17":"taxable","18":"shipping-taxable","19":"purchasable","20":"product-type-simple"},"acf":[],"yoast_head":"<!-- This site is optimized with the Yoast SEO plugin v27.3 - https:\/\/yoast.com\/product\/yoast-seo-wordpress\/ -->\n<title>Deep Formula Fist Poppers 10 ml - EU Poppers Sale, Buy Poppers online<\/title>\n<meta name=\"description\" content=\"Pro\u017eijte s Deep Formula Fist Poppers 10 ml n\u00e1dhern\u00e9 pocity. Pono\u0159te se do pot\u011b\u0161en\u00ed hloub\u011bji, uvoln\u011bte se a dos\u00e1hn\u011bte nov\u00fdch v\u00fd\u0161ek. Objednejte si hned te\u010f!\" \/>\n<meta name=\"robots\" content=\"index, follow, max-snippet:-1, max-image-preview:large, max-video-preview:-1\" \/>\n<link rel=\"canonical\" href=\"https:\/\/poppers-original.eu\/cs\/produkt\/deep-formula-fist-poppers-10-ml\/\" \/>\n<meta property=\"og:locale\" content=\"cs_CZ\" \/>\n<meta property=\"og:type\" content=\"article\" \/>\n<meta property=\"og:title\" content=\"Deep Formula Fist Poppers 10 ml - EU Poppers Sale, Buy Poppers online\" \/>\n<meta property=\"og:description\" content=\"Pro\u017eijte s Deep Formula Fist Poppers 10 ml n\u00e1dhern\u00e9 pocity. Pono\u0159te se do pot\u011b\u0161en\u00ed hloub\u011bji, uvoln\u011bte se a dos\u00e1hn\u011bte nov\u00fdch v\u00fd\u0161ek. Objednejte si hned te\u010f!\" \/>\n<meta property=\"og:url\" content=\"https:\/\/poppers-original.eu\/cs\/produkt\/deep-formula-fist-poppers-10-ml\/\" \/>\n<meta property=\"og:site_name\" content=\"EU Poppers Sale, Buy Poppers online\" \/>\n<meta property=\"article:modified_time\" content=\"2026-01-17T15:35:02+00:00\" \/>\n<meta property=\"og:image\" content=\"https:\/\/poppers-original.eu\/wp-content\/uploads\/2023\/08\/deep-formula-fist-poppers-10-ml.jpg\" \/>\n\t<meta property=\"og:image:width\" content=\"1000\" \/>\n\t<meta property=\"og:image:height\" content=\"1000\" \/>\n\t<meta property=\"og:image:type\" content=\"image\/jpeg\" \/>\n<meta name=\"twitter:card\" content=\"summary_large_image\" \/>\n<meta name=\"twitter:label1\" content=\"Odhadovan\u00e1 doba \u010dten\u00ed\" \/>\n\t<meta name=\"twitter:data1\" content=\"3 minuty\" \/>\n<script type=\"application\/ld+json\" class=\"yoast-schema-graph\">{\"@context\":\"https:\\\/\\\/schema.org\",\"@graph\":[{\"@type\":\"WebPage\",\"@id\":\"https:\\\/\\\/poppers-original.eu\\\/cs\\\/produkt\\\/deep-formula-fist-poppers-10-ml\\\/\",\"url\":\"https:\\\/\\\/poppers-original.eu\\\/cs\\\/produkt\\\/deep-formula-fist-poppers-10-ml\\\/\",\"name\":\"Deep Formula Fist Poppers 10 ml - EU Poppers Sale, Buy Poppers online\",\"isPartOf\":{\"@id\":\"https:\\\/\\\/poppers-original.eu\\\/cs\\\/#website\"},\"primaryImageOfPage\":{\"@id\":\"https:\\\/\\\/poppers-original.eu\\\/cs\\\/produkt\\\/deep-formula-fist-poppers-10-ml\\\/#primaryimage\"},\"image\":{\"@id\":\"https:\\\/\\\/poppers-original.eu\\\/cs\\\/produkt\\\/deep-formula-fist-poppers-10-ml\\\/#primaryimage\"},\"thumbnailUrl\":\"https:\\\/\\\/poppers-original.eu\\\/wp-content\\\/uploads\\\/2023\\\/08\\\/deep-formula-fist-poppers-10-ml.jpg\",\"datePublished\":\"2023-08-04T13:51:46+00:00\",\"dateModified\":\"2026-01-17T15:35:02+00:00\",\"description\":\"Pro\u017eijte s Deep Formula Fist Poppers 10 ml n\u00e1dhern\u00e9 pocity. Pono\u0159te se do pot\u011b\u0161en\u00ed hloub\u011bji, uvoln\u011bte se a dos\u00e1hn\u011bte nov\u00fdch v\u00fd\u0161ek. Objednejte si hned te\u010f!\",\"breadcrumb\":{\"@id\":\"https:\\\/\\\/poppers-original.eu\\\/cs\\\/produkt\\\/deep-formula-fist-poppers-10-ml\\\/#breadcrumb\"},\"inLanguage\":\"cs\",\"potentialAction\":[{\"@type\":\"ReadAction\",\"target\":[\"https:\\\/\\\/poppers-original.eu\\\/cs\\\/produkt\\\/deep-formula-fist-poppers-10-ml\\\/\"]}]},{\"@type\":\"ImageObject\",\"inLanguage\":\"cs\",\"@id\":\"https:\\\/\\\/poppers-original.eu\\\/cs\\\/produkt\\\/deep-formula-fist-poppers-10-ml\\\/#primaryimage\",\"url\":\"https:\\\/\\\/poppers-original.eu\\\/wp-content\\\/uploads\\\/2023\\\/08\\\/deep-formula-fist-poppers-10-ml.jpg\",\"contentUrl\":\"https:\\\/\\\/poppers-original.eu\\\/wp-content\\\/uploads\\\/2023\\\/08\\\/deep-formula-fist-poppers-10-ml.jpg\",\"width\":1000,\"height\":1000,\"caption\":\"Deep Formula Fist Poppers 10 ml\"},{\"@type\":\"BreadcrumbList\",\"@id\":\"https:\\\/\\\/poppers-original.eu\\\/cs\\\/produkt\\\/deep-formula-fist-poppers-10-ml\\\/#breadcrumb\",\"itemListElement\":[{\"@type\":\"ListItem\",\"position\":1,\"name\":\"Home\",\"item\":\"https:\\\/\\\/poppers-original.eu\\\/cs\\\/\"},{\"@type\":\"ListItem\",\"position\":2,\"name\":\"Shop\",\"item\":\"https:\\\/\\\/poppers-original.eu\\\/shop\\\/\"},{\"@type\":\"ListItem\",\"position\":3,\"name\":\"Deep Formula Fist Poppers 10 ml\"}]},{\"@type\":\"WebSite\",\"@id\":\"https:\\\/\\\/poppers-original.eu\\\/cs\\\/#website\",\"url\":\"https:\\\/\\\/poppers-original.eu\\\/cs\\\/\",\"name\":\"Poppers Original, Buy Poppers online\",\"description\":\"Poppers Original\",\"publisher\":{\"@id\":\"https:\\\/\\\/poppers-original.eu\\\/cs\\\/#organization\"},\"potentialAction\":[{\"@type\":\"SearchAction\",\"target\":{\"@type\":\"EntryPoint\",\"urlTemplate\":\"https:\\\/\\\/poppers-original.eu\\\/cs\\\/?s={search_term_string}\"},\"query-input\":{\"@type\":\"PropertyValueSpecification\",\"valueRequired\":true,\"valueName\":\"search_term_string\"}}],\"inLanguage\":\"cs\"},{\"@type\":\"Organization\",\"@id\":\"https:\\\/\\\/poppers-original.eu\\\/cs\\\/#organization\",\"name\":\"Poppers Sale, Buy Poppers online\",\"url\":\"https:\\\/\\\/poppers-original.eu\\\/cs\\\/\",\"logo\":{\"@type\":\"ImageObject\",\"inLanguage\":\"cs\",\"@id\":\"https:\\\/\\\/poppers-original.eu\\\/cs\\\/#\\\/schema\\\/logo\\\/image\\\/\",\"url\":\"https:\\\/\\\/poppers-original.eu\\\/wp-content\\\/uploads\\\/2023\\\/05\\\/poppers-original-logo.png\",\"contentUrl\":\"https:\\\/\\\/poppers-original.eu\\\/wp-content\\\/uploads\\\/2023\\\/05\\\/poppers-original-logo.png\",\"width\":790,\"height\":150,\"caption\":\"Poppers Sale, Buy Poppers online\"},\"image\":{\"@id\":\"https:\\\/\\\/poppers-original.eu\\\/cs\\\/#\\\/schema\\\/logo\\\/image\\\/\"}}]}<\/script>\n<!-- \/ Yoast SEO plugin. -->","yoast_head_json":{"title":"Deep Formula Fist Poppers 10 ml - EU Poppers Sale, Buy Poppers online","description":"Pro\u017eijte s Deep Formula Fist Poppers 10 ml n\u00e1dhern\u00e9 pocity. Pono\u0159te se do pot\u011b\u0161en\u00ed hloub\u011bji, uvoln\u011bte se a dos\u00e1hn\u011bte nov\u00fdch v\u00fd\u0161ek. Objednejte si hned te\u010f!","robots":{"index":"index","follow":"follow","max-snippet":"max-snippet:-1","max-image-preview":"max-image-preview:large","max-video-preview":"max-video-preview:-1"},"canonical":"https:\/\/poppers-original.eu\/cs\/produkt\/deep-formula-fist-poppers-10-ml\/","og_locale":"cs_CZ","og_type":"article","og_title":"Deep Formula Fist Poppers 10 ml - EU Poppers Sale, Buy Poppers online","og_description":"Pro\u017eijte s Deep Formula Fist Poppers 10 ml n\u00e1dhern\u00e9 pocity. Pono\u0159te se do pot\u011b\u0161en\u00ed hloub\u011bji, uvoln\u011bte se a dos\u00e1hn\u011bte nov\u00fdch v\u00fd\u0161ek. Objednejte si hned te\u010f!","og_url":"https:\/\/poppers-original.eu\/cs\/produkt\/deep-formula-fist-poppers-10-ml\/","og_site_name":"EU Poppers Sale, Buy Poppers online","article_modified_time":"2026-01-17T15:35:02+00:00","og_image":[{"width":1000,"height":1000,"url":"https:\/\/poppers-original.eu\/wp-content\/uploads\/2023\/08\/deep-formula-fist-poppers-10-ml.jpg","type":"image\/jpeg"}],"twitter_card":"summary_large_image","twitter_misc":{"Odhadovan\u00e1 doba \u010dten\u00ed":"3 minuty"},"schema":{"@context":"https:\/\/schema.org","@graph":[{"@type":"WebPage","@id":"https:\/\/poppers-original.eu\/cs\/produkt\/deep-formula-fist-poppers-10-ml\/","url":"https:\/\/poppers-original.eu\/cs\/produkt\/deep-formula-fist-poppers-10-ml\/","name":"Deep Formula Fist Poppers 10 ml - EU Poppers Sale, Buy Poppers online","isPartOf":{"@id":"https:\/\/poppers-original.eu\/cs\/#website"},"primaryImageOfPage":{"@id":"https:\/\/poppers-original.eu\/cs\/produkt\/deep-formula-fist-poppers-10-ml\/#primaryimage"},"image":{"@id":"https:\/\/poppers-original.eu\/cs\/produkt\/deep-formula-fist-poppers-10-ml\/#primaryimage"},"thumbnailUrl":"https:\/\/poppers-original.eu\/wp-content\/uploads\/2023\/08\/deep-formula-fist-poppers-10-ml.jpg","datePublished":"2023-08-04T13:51:46+00:00","dateModified":"2026-01-17T15:35:02+00:00","description":"Pro\u017eijte s Deep Formula Fist Poppers 10 ml n\u00e1dhern\u00e9 pocity. Pono\u0159te se do pot\u011b\u0161en\u00ed hloub\u011bji, uvoln\u011bte se a dos\u00e1hn\u011bte nov\u00fdch v\u00fd\u0161ek. Objednejte si hned te\u010f!","breadcrumb":{"@id":"https:\/\/poppers-original.eu\/cs\/produkt\/deep-formula-fist-poppers-10-ml\/#breadcrumb"},"inLanguage":"cs","potentialAction":[{"@type":"ReadAction","target":["https:\/\/poppers-original.eu\/cs\/produkt\/deep-formula-fist-poppers-10-ml\/"]}]},{"@type":"ImageObject","inLanguage":"cs","@id":"https:\/\/poppers-original.eu\/cs\/produkt\/deep-formula-fist-poppers-10-ml\/#primaryimage","url":"https:\/\/poppers-original.eu\/wp-content\/uploads\/2023\/08\/deep-formula-fist-poppers-10-ml.jpg","contentUrl":"https:\/\/poppers-original.eu\/wp-content\/uploads\/2023\/08\/deep-formula-fist-poppers-10-ml.jpg","width":1000,"height":1000,"caption":"Deep Formula Fist Poppers 10 ml"},{"@type":"BreadcrumbList","@id":"https:\/\/poppers-original.eu\/cs\/produkt\/deep-formula-fist-poppers-10-ml\/#breadcrumb","itemListElement":[{"@type":"ListItem","position":1,"name":"Home","item":"https:\/\/poppers-original.eu\/cs\/"},{"@type":"ListItem","position":2,"name":"Shop","item":"https:\/\/poppers-original.eu\/shop\/"},{"@type":"ListItem","position":3,"name":"Deep Formula Fist Poppers 10 ml"}]},{"@type":"WebSite","@id":"https:\/\/poppers-original.eu\/cs\/#website","url":"https:\/\/poppers-original.eu\/cs\/","name":"Poppers Original, Buy Poppers online","description":"Poppers Original","publisher":{"@id":"https:\/\/poppers-original.eu\/cs\/#organization"},"potentialAction":[{"@type":"SearchAction","target":{"@type":"EntryPoint","urlTemplate":"https:\/\/poppers-original.eu\/cs\/?s={search_term_string}"},"query-input":{"@type":"PropertyValueSpecification","valueRequired":true,"valueName":"search_term_string"}}],"inLanguage":"cs"},{"@type":"Organization","@id":"https:\/\/poppers-original.eu\/cs\/#organization","name":"Poppers Sale, Buy Poppers online","url":"https:\/\/poppers-original.eu\/cs\/","logo":{"@type":"ImageObject","inLanguage":"cs","@id":"https:\/\/poppers-original.eu\/cs\/#\/schema\/logo\/image\/","url":"https:\/\/poppers-original.eu\/wp-content\/uploads\/2023\/05\/poppers-original-logo.png","contentUrl":"https:\/\/poppers-original.eu\/wp-content\/uploads\/2023\/05\/poppers-original-logo.png","width":790,"height":150,"caption":"Poppers Sale, Buy Poppers online"},"image":{"@id":"https:\/\/poppers-original.eu\/cs\/#\/schema\/logo\/image\/"}}]}},"_links":{"self":[{"href":"https:\/\/poppers-original.eu\/cs\/wp-json\/wp\/v2\/product\/6386","targetHints":{"allow":["GET"]}}],"collection":[{"href":"https:\/\/poppers-original.eu\/cs\/wp-json\/wp\/v2\/product"}],"about":[{"href":"https:\/\/poppers-original.eu\/cs\/wp-json\/wp\/v2\/types\/product"}],"replies":[{"embeddable":true,"href":"https:\/\/poppers-original.eu\/cs\/wp-json\/wp\/v2\/comments?post=6386"}],"wp:featuredmedia":[{"embeddable":true,"href":"https:\/\/poppers-original.eu\/cs\/wp-json\/wp\/v2\/media\/5561"}],"wp:attachment":[{"href":"https:\/\/poppers-original.eu\/cs\/wp-json\/wp\/v2\/media?parent=6386"}],"wp:term":[{"taxonomy":"product_brand","embeddable":true,"href":"https:\/\/poppers-original.eu\/cs\/wp-json\/wp\/v2\/product_brand?post=6386"},{"taxonomy":"product_cat","embeddable":true,"href":"https:\/\/poppers-original.eu\/cs\/wp-json\/wp\/v2\/product_cat?post=6386"},{"taxonomy":"product_tag","embeddable":true,"href":"https:\/\/poppers-original.eu\/cs\/wp-json\/wp\/v2\/product_tag?post=6386"}],"curies":[{"name":"wp","href":"https:\/\/api.w.org\/{rel}","templated":true}]}}