{"id":6385,"date":"2023-08-05T15:04:41","date_gmt":"2023-08-05T14:04:41","guid":{"rendered":"https:\/\/poppers-original.eu\/product\/blue-boy-poppers-10-ml\/"},"modified":"2025-01-02T03:53:06","modified_gmt":"2025-01-02T02:53:06","slug":"blue-boy-poppers-10-ml","status":"publish","type":"product","link":"https:\/\/poppers-original.eu\/cs\/produkt\/blue-boy-poppers-10-ml\/","title":{"rendered":"Blue Boy Poppers 10 ml"},"content":{"rendered":"<p>Pokud hled\u00e1te vzru\u0161en\u00ed plynouc\u00ed z nekone\u010dn\u00e9ho erotick\u00e9ho dobrodru\u017estv\u00ed, zastavte se zde a pod\u00edvejte se na Blue Boy Poppers 10 ml. Se sv\u00fdm ikonick\u00fdm modr\u00fdm obalem je to v\u00edc ne\u017e jen pouh\u00e1 lahvi\u010dka; je to z\u00e1\u017eitek, kter\u00fd jen \u010dek\u00e1, a\u017e ho odhal\u00edte. Tato v\u016fn\u011b, vyroben\u00e1 renomovanou firmou Lockerroom\u00ae, zanechala v historii svou stopu. Nab\u00edz\u00ed v\u00edce ne\u017e jen pom\u00edjiv\u00fd pocit, d\u00edky granulk\u00e1m je z\u00e1\u017eitek poka\u017ed\u00e9 stejn\u011b intenzivn\u00ed jako p\u0159i prvn\u00edm pou\u017eit\u00ed. Blue Boy nen\u00ed jen tak n\u011bjak\u00fd popper; je to vstupenka do sv\u011bta extatick\u00fdch pocit\u016f.    <\/p>\n<h2>Pro\u010d jsou aroma Blue Boy nepostradateln\u00e9<\/h2>\n<p>Od sv\u00e9ho uveden\u00ed na trh v 80. letech si Blue Boy Poppers vybudovaly legend\u00e1rn\u00ed status. Nen\u00ed to toti\u017e oby\u010dejn\u00fd popper \u2013 je to symbol osvobozen\u00ed a euforie, kter\u00fd si z\u00edskal v komunit\u011b gay\u016f sv\u00e9 m\u00edsto. Pt\u00e1te se, co ho odli\u0161uje? Jeho slo\u017een\u00ed! Formule na b\u00e1zi pentyl nitridu je p\u0159\u00edslibem vzru\u0161en\u00ed, kter\u00e9 je t\u011b\u017ek\u00e9 p\u0159ekonat. D\u00edky granulk\u00e1m z\u016fst\u00e1v\u00e1 nav\u00edc formule st\u00e1le \u00fa\u010dinn\u00e1, co\u017e vede poka\u017ed\u00e9 ke stejn\u00e9mu nad\u0161en\u00ed.     <\/p>\n<h2>Kupte si Blue Boy Poppers: Cesta zp\u011bt do 80. let<\/h2>\n<p>C\u00edt\u00edte p\u0159i vzpom\u00ednk\u00e1ch na slavn\u00e9 dny 70. a 80. let nostalgii? [Blue Boy] v\u00e1s tam r\u00e1zem p\u0159enese. A\u0165 u\u017e ho pou\u017eijete na intimn\u00ed ve\u010der, nebo divokou p\u00e1rty, tento popper se postar\u00e1 o to, aby byl ka\u017ed\u00fd moment pln\u00fd vzru\u0161en\u00ed. D\u00edky sv\u00e9 reputaci jemn\u011bj\u0161\u00edho, ale p\u0159itom stejn\u011b vzru\u0161uj\u00edc\u00edho p\u0159\u00edpravku, si ve sv\u011bt\u011b poppers vybudoval [Blue Boy] nepostradateln\u00fd status. Tak\u017ee pokud si chcete n\u011bjak\u00fd koupit, m\u016f\u017eete n\u00e1m v\u011b\u0159it, \u017ee tuhle lahvi\u010dku byste ve sv\u00e9 sb\u00edrce ur\u010dit\u011b m\u011bli m\u00edt. Nezapome\u0148te ho skladovat na chladn\u00e9m m\u00edst\u011b, mimo slune\u010dn\u00ed sv\u011btlo, aby si zachoval svou \u010distou a silnou v\u016fni. Tak\u017ee, jste p\u0159ipraveni vydat se na nezapomenutelnou cestu? Jste fanou\u0161kem formule se slo\u017ekou pentyl? Nev\u00e1hejte si prohl\u00e9dnout na\u0161i kolekci <a href=\"https:\/\/poppers-original.eu\/cs\/kategorie-produktu\/poppers-s-pentyl-nitridem\/\">Poppers na b\u00e1zi pentyl-nitridu<\/a>.    <\/p>\n<p><strong>Obsah balen\u00ed<\/strong><\/p>\n<ul>\n<li>1x Blue Boy Aroma 10 ml<\/li>\n<\/ul>\n<p><strong>Vlastnosti:<\/strong><\/p>\n<ul>\n<li>Ofici\u00e1ln\u00ed n\u00e1zev: Blue Boy Poppers 10 ml<\/li>\n<li>Obsah: 10 ml<\/li>\n<li>S\u00edla: 3\/5<\/li>\n<li>Bezpe\u010dn\u00e9 otev\u00edr\u00e1n\u00ed: s bezpe\u010dnostn\u00edm uz\u00e1v\u011brem<\/li>\n<li>Power Pak Pellets\u2122 (PPP) pro zaji\u0161t\u011bn\u00ed dlouhodob\u00e9 \u010distoty.<\/li>\n<li>Znovu uzav\u00edrateln\u00e9 polykonov\u00e9 v\u00ed\u010dko pro zachov\u00e1n\u00ed s\u00edly.<\/li>\n<li>Zbo\u017e\u00ed ka\u017ed\u00fd t\u00fdden obm\u011b\u0148ujeme pro zaji\u0161t\u011bn\u00ed \u010derstvosti.<\/li>\n<li>Pentyl nitrit: (CAS 463-04-7) + (CAS 123-51-3)<\/li>\n<li>Garance spokojenosti bu\u010f vr\u00e1cen\u00edm pen\u011bz, nebo v\u00fdm\u011bnou produktu.<\/li>\n<li>V\u00fdrobce: Lockerroom\u00ae Marketing Ltd.<\/li>\n<li>Vyrobeno v Kanad\u011b<\/li>\n<\/ul>\n","protected":false},"excerpt":{"rendered":"<p>Vstupte do sv\u011bta Blue Boy Poppers 10 ml, v\u00fdjime\u010dn\u00e9ho produktu od renomovan\u00e9ho v\u00fdrobce Lockerroom\u00ae. [Blue Boy] se sv\u00fdm nezam\u011bniteln\u00fdm modr\u00fdm obalem slibuje okouzluj\u00edc\u00ed a intenzivn\u00ed pocit. D\u00edky dlouhotrvaj\u00edc\u00ed s\u00edle, zaji\u0161t\u011bn\u00e9 pomoc\u00ed \u00fa\u010dinn\u00fdch granulek, je ji\u017e od 80. let obl\u00edben\u00fdm produktem. Pono\u0159te se do nep\u0159ekonateln\u00e9ho erotick\u00e9ho dobrodru\u017estv\u00ed s touto klasickou v\u016fn\u00ed na b\u00e1zi pentyl nitridu.   <\/p>\n","protected":false},"featured_media":5569,"comment_status":"open","ping_status":"closed","template":"","meta":{"_acf_changed":false},"product_brand":[],"product_cat":[651,759,652],"product_tag":[666,667,668],"class_list":{"0":"post-6385","1":"product","2":"type-product","3":"status-publish","4":"has-post-thumbnail","6":"product_cat-male-poppers","7":"product_cat-poppers-cs","8":"product_cat-poppers-s-pentyl-nitridem","9":"product_tag-blue-boy-poppers-cs","10":"product_tag-blue-boy-poppers-10-ml-cs","11":"product_tag-blue-boy-poppers-aroma-cs","13":"first","14":"instock","15":"taxable","16":"shipping-taxable","17":"purchasable","18":"product-type-simple"},"acf":[],"yoast_head":"<!-- This site is optimized with the Yoast SEO plugin v27.3 - https:\/\/yoast.com\/product\/yoast-seo-wordpress\/ -->\n<title>Blue Boy Poppers 10 ml - EU Poppers Sale, Buy Poppers online<\/title>\n<meta name=\"description\" content=\"Za\u017eijte klasick\u00e9 kouzlo Blue Boy Poppers 10 ml na vlastn\u00ed k\u016f\u017ei. Ikonick\u00e1 v\u016fn\u011b od zna\u010dky Lockerroom\u00ae. O\u017eivte sv\u00e9 erotick\u00e9 z\u00e1\u017eitky je\u0161t\u011b dnes!\" \/>\n<meta name=\"robots\" content=\"index, follow, max-snippet:-1, max-image-preview:large, max-video-preview:-1\" \/>\n<link rel=\"canonical\" href=\"https:\/\/poppers-original.eu\/cs\/produkt\/blue-boy-poppers-10-ml\/\" \/>\n<meta property=\"og:locale\" content=\"cs_CZ\" \/>\n<meta property=\"og:type\" content=\"article\" \/>\n<meta property=\"og:title\" content=\"Blue Boy Poppers 10 ml - EU Poppers Sale, Buy Poppers online\" \/>\n<meta property=\"og:description\" content=\"Za\u017eijte klasick\u00e9 kouzlo Blue Boy Poppers 10 ml na vlastn\u00ed k\u016f\u017ei. Ikonick\u00e1 v\u016fn\u011b od zna\u010dky Lockerroom\u00ae. O\u017eivte sv\u00e9 erotick\u00e9 z\u00e1\u017eitky je\u0161t\u011b dnes!\" \/>\n<meta property=\"og:url\" content=\"https:\/\/poppers-original.eu\/cs\/produkt\/blue-boy-poppers-10-ml\/\" \/>\n<meta property=\"og:site_name\" content=\"EU Poppers Sale, Buy Poppers online\" \/>\n<meta property=\"article:modified_time\" content=\"2025-01-02T02:53:06+00:00\" \/>\n<meta property=\"og:image\" content=\"https:\/\/poppers-original.eu\/wp-content\/uploads\/2023\/08\/blue-boy-poppers-10-ml.jpg\" \/>\n\t<meta property=\"og:image:width\" content=\"1000\" \/>\n\t<meta property=\"og:image:height\" content=\"1000\" \/>\n\t<meta property=\"og:image:type\" content=\"image\/jpeg\" \/>\n<meta name=\"twitter:card\" content=\"summary_large_image\" \/>\n<meta name=\"twitter:label1\" content=\"Odhadovan\u00e1 doba \u010dten\u00ed\" \/>\n\t<meta name=\"twitter:data1\" content=\"2 minuty\" \/>\n<script type=\"application\/ld+json\" class=\"yoast-schema-graph\">{\"@context\":\"https:\\\/\\\/schema.org\",\"@graph\":[{\"@type\":\"WebPage\",\"@id\":\"https:\\\/\\\/poppers-original.eu\\\/cs\\\/produkt\\\/blue-boy-poppers-10-ml\\\/\",\"url\":\"https:\\\/\\\/poppers-original.eu\\\/cs\\\/produkt\\\/blue-boy-poppers-10-ml\\\/\",\"name\":\"Blue Boy Poppers 10 ml - EU Poppers Sale, Buy Poppers online\",\"isPartOf\":{\"@id\":\"https:\\\/\\\/poppers-original.eu\\\/cs\\\/#website\"},\"primaryImageOfPage\":{\"@id\":\"https:\\\/\\\/poppers-original.eu\\\/cs\\\/produkt\\\/blue-boy-poppers-10-ml\\\/#primaryimage\"},\"image\":{\"@id\":\"https:\\\/\\\/poppers-original.eu\\\/cs\\\/produkt\\\/blue-boy-poppers-10-ml\\\/#primaryimage\"},\"thumbnailUrl\":\"https:\\\/\\\/poppers-original.eu\\\/wp-content\\\/uploads\\\/2023\\\/08\\\/blue-boy-poppers-10-ml.jpg\",\"datePublished\":\"2023-08-05T14:04:41+00:00\",\"dateModified\":\"2025-01-02T02:53:06+00:00\",\"description\":\"Za\u017eijte klasick\u00e9 kouzlo Blue Boy Poppers 10 ml na vlastn\u00ed k\u016f\u017ei. Ikonick\u00e1 v\u016fn\u011b od zna\u010dky Lockerroom\u00ae. O\u017eivte sv\u00e9 erotick\u00e9 z\u00e1\u017eitky je\u0161t\u011b dnes!\",\"breadcrumb\":{\"@id\":\"https:\\\/\\\/poppers-original.eu\\\/cs\\\/produkt\\\/blue-boy-poppers-10-ml\\\/#breadcrumb\"},\"inLanguage\":\"cs\",\"potentialAction\":[{\"@type\":\"ReadAction\",\"target\":[\"https:\\\/\\\/poppers-original.eu\\\/cs\\\/produkt\\\/blue-boy-poppers-10-ml\\\/\"]}]},{\"@type\":\"ImageObject\",\"inLanguage\":\"cs\",\"@id\":\"https:\\\/\\\/poppers-original.eu\\\/cs\\\/produkt\\\/blue-boy-poppers-10-ml\\\/#primaryimage\",\"url\":\"https:\\\/\\\/poppers-original.eu\\\/wp-content\\\/uploads\\\/2023\\\/08\\\/blue-boy-poppers-10-ml.jpg\",\"contentUrl\":\"https:\\\/\\\/poppers-original.eu\\\/wp-content\\\/uploads\\\/2023\\\/08\\\/blue-boy-poppers-10-ml.jpg\",\"width\":1000,\"height\":1000,\"caption\":\"Blue Boy Poppers 10 ml\"},{\"@type\":\"BreadcrumbList\",\"@id\":\"https:\\\/\\\/poppers-original.eu\\\/cs\\\/produkt\\\/blue-boy-poppers-10-ml\\\/#breadcrumb\",\"itemListElement\":[{\"@type\":\"ListItem\",\"position\":1,\"name\":\"Home\",\"item\":\"https:\\\/\\\/poppers-original.eu\\\/cs\\\/\"},{\"@type\":\"ListItem\",\"position\":2,\"name\":\"Shop\",\"item\":\"https:\\\/\\\/poppers-original.eu\\\/shop\\\/\"},{\"@type\":\"ListItem\",\"position\":3,\"name\":\"Blue Boy Poppers 10 ml\"}]},{\"@type\":\"WebSite\",\"@id\":\"https:\\\/\\\/poppers-original.eu\\\/cs\\\/#website\",\"url\":\"https:\\\/\\\/poppers-original.eu\\\/cs\\\/\",\"name\":\"Poppers Original, Buy Poppers online\",\"description\":\"Poppers Original\",\"publisher\":{\"@id\":\"https:\\\/\\\/poppers-original.eu\\\/cs\\\/#organization\"},\"potentialAction\":[{\"@type\":\"SearchAction\",\"target\":{\"@type\":\"EntryPoint\",\"urlTemplate\":\"https:\\\/\\\/poppers-original.eu\\\/cs\\\/?s={search_term_string}\"},\"query-input\":{\"@type\":\"PropertyValueSpecification\",\"valueRequired\":true,\"valueName\":\"search_term_string\"}}],\"inLanguage\":\"cs\"},{\"@type\":\"Organization\",\"@id\":\"https:\\\/\\\/poppers-original.eu\\\/cs\\\/#organization\",\"name\":\"Poppers Sale, Buy Poppers online\",\"url\":\"https:\\\/\\\/poppers-original.eu\\\/cs\\\/\",\"logo\":{\"@type\":\"ImageObject\",\"inLanguage\":\"cs\",\"@id\":\"https:\\\/\\\/poppers-original.eu\\\/cs\\\/#\\\/schema\\\/logo\\\/image\\\/\",\"url\":\"https:\\\/\\\/poppers-original.eu\\\/wp-content\\\/uploads\\\/2023\\\/05\\\/poppers-original-logo.png\",\"contentUrl\":\"https:\\\/\\\/poppers-original.eu\\\/wp-content\\\/uploads\\\/2023\\\/05\\\/poppers-original-logo.png\",\"width\":790,\"height\":150,\"caption\":\"Poppers Sale, Buy Poppers online\"},\"image\":{\"@id\":\"https:\\\/\\\/poppers-original.eu\\\/cs\\\/#\\\/schema\\\/logo\\\/image\\\/\"}}]}<\/script>\n<!-- \/ Yoast SEO plugin. -->","yoast_head_json":{"title":"Blue Boy Poppers 10 ml - EU Poppers Sale, Buy Poppers online","description":"Za\u017eijte klasick\u00e9 kouzlo Blue Boy Poppers 10 ml na vlastn\u00ed k\u016f\u017ei. Ikonick\u00e1 v\u016fn\u011b od zna\u010dky Lockerroom\u00ae. O\u017eivte sv\u00e9 erotick\u00e9 z\u00e1\u017eitky je\u0161t\u011b dnes!","robots":{"index":"index","follow":"follow","max-snippet":"max-snippet:-1","max-image-preview":"max-image-preview:large","max-video-preview":"max-video-preview:-1"},"canonical":"https:\/\/poppers-original.eu\/cs\/produkt\/blue-boy-poppers-10-ml\/","og_locale":"cs_CZ","og_type":"article","og_title":"Blue Boy Poppers 10 ml - EU Poppers Sale, Buy Poppers online","og_description":"Za\u017eijte klasick\u00e9 kouzlo Blue Boy Poppers 10 ml na vlastn\u00ed k\u016f\u017ei. Ikonick\u00e1 v\u016fn\u011b od zna\u010dky Lockerroom\u00ae. O\u017eivte sv\u00e9 erotick\u00e9 z\u00e1\u017eitky je\u0161t\u011b dnes!","og_url":"https:\/\/poppers-original.eu\/cs\/produkt\/blue-boy-poppers-10-ml\/","og_site_name":"EU Poppers Sale, Buy Poppers online","article_modified_time":"2025-01-02T02:53:06+00:00","og_image":[{"width":1000,"height":1000,"url":"https:\/\/poppers-original.eu\/wp-content\/uploads\/2023\/08\/blue-boy-poppers-10-ml.jpg","type":"image\/jpeg"}],"twitter_card":"summary_large_image","twitter_misc":{"Odhadovan\u00e1 doba \u010dten\u00ed":"2 minuty"},"schema":{"@context":"https:\/\/schema.org","@graph":[{"@type":"WebPage","@id":"https:\/\/poppers-original.eu\/cs\/produkt\/blue-boy-poppers-10-ml\/","url":"https:\/\/poppers-original.eu\/cs\/produkt\/blue-boy-poppers-10-ml\/","name":"Blue Boy Poppers 10 ml - EU Poppers Sale, Buy Poppers online","isPartOf":{"@id":"https:\/\/poppers-original.eu\/cs\/#website"},"primaryImageOfPage":{"@id":"https:\/\/poppers-original.eu\/cs\/produkt\/blue-boy-poppers-10-ml\/#primaryimage"},"image":{"@id":"https:\/\/poppers-original.eu\/cs\/produkt\/blue-boy-poppers-10-ml\/#primaryimage"},"thumbnailUrl":"https:\/\/poppers-original.eu\/wp-content\/uploads\/2023\/08\/blue-boy-poppers-10-ml.jpg","datePublished":"2023-08-05T14:04:41+00:00","dateModified":"2025-01-02T02:53:06+00:00","description":"Za\u017eijte klasick\u00e9 kouzlo Blue Boy Poppers 10 ml na vlastn\u00ed k\u016f\u017ei. Ikonick\u00e1 v\u016fn\u011b od zna\u010dky Lockerroom\u00ae. O\u017eivte sv\u00e9 erotick\u00e9 z\u00e1\u017eitky je\u0161t\u011b dnes!","breadcrumb":{"@id":"https:\/\/poppers-original.eu\/cs\/produkt\/blue-boy-poppers-10-ml\/#breadcrumb"},"inLanguage":"cs","potentialAction":[{"@type":"ReadAction","target":["https:\/\/poppers-original.eu\/cs\/produkt\/blue-boy-poppers-10-ml\/"]}]},{"@type":"ImageObject","inLanguage":"cs","@id":"https:\/\/poppers-original.eu\/cs\/produkt\/blue-boy-poppers-10-ml\/#primaryimage","url":"https:\/\/poppers-original.eu\/wp-content\/uploads\/2023\/08\/blue-boy-poppers-10-ml.jpg","contentUrl":"https:\/\/poppers-original.eu\/wp-content\/uploads\/2023\/08\/blue-boy-poppers-10-ml.jpg","width":1000,"height":1000,"caption":"Blue Boy Poppers 10 ml"},{"@type":"BreadcrumbList","@id":"https:\/\/poppers-original.eu\/cs\/produkt\/blue-boy-poppers-10-ml\/#breadcrumb","itemListElement":[{"@type":"ListItem","position":1,"name":"Home","item":"https:\/\/poppers-original.eu\/cs\/"},{"@type":"ListItem","position":2,"name":"Shop","item":"https:\/\/poppers-original.eu\/shop\/"},{"@type":"ListItem","position":3,"name":"Blue Boy Poppers 10 ml"}]},{"@type":"WebSite","@id":"https:\/\/poppers-original.eu\/cs\/#website","url":"https:\/\/poppers-original.eu\/cs\/","name":"Poppers Original, Buy Poppers online","description":"Poppers Original","publisher":{"@id":"https:\/\/poppers-original.eu\/cs\/#organization"},"potentialAction":[{"@type":"SearchAction","target":{"@type":"EntryPoint","urlTemplate":"https:\/\/poppers-original.eu\/cs\/?s={search_term_string}"},"query-input":{"@type":"PropertyValueSpecification","valueRequired":true,"valueName":"search_term_string"}}],"inLanguage":"cs"},{"@type":"Organization","@id":"https:\/\/poppers-original.eu\/cs\/#organization","name":"Poppers Sale, Buy Poppers online","url":"https:\/\/poppers-original.eu\/cs\/","logo":{"@type":"ImageObject","inLanguage":"cs","@id":"https:\/\/poppers-original.eu\/cs\/#\/schema\/logo\/image\/","url":"https:\/\/poppers-original.eu\/wp-content\/uploads\/2023\/05\/poppers-original-logo.png","contentUrl":"https:\/\/poppers-original.eu\/wp-content\/uploads\/2023\/05\/poppers-original-logo.png","width":790,"height":150,"caption":"Poppers Sale, Buy Poppers online"},"image":{"@id":"https:\/\/poppers-original.eu\/cs\/#\/schema\/logo\/image\/"}}]}},"_links":{"self":[{"href":"https:\/\/poppers-original.eu\/cs\/wp-json\/wp\/v2\/product\/6385","targetHints":{"allow":["GET"]}}],"collection":[{"href":"https:\/\/poppers-original.eu\/cs\/wp-json\/wp\/v2\/product"}],"about":[{"href":"https:\/\/poppers-original.eu\/cs\/wp-json\/wp\/v2\/types\/product"}],"replies":[{"embeddable":true,"href":"https:\/\/poppers-original.eu\/cs\/wp-json\/wp\/v2\/comments?post=6385"}],"wp:featuredmedia":[{"embeddable":true,"href":"https:\/\/poppers-original.eu\/cs\/wp-json\/wp\/v2\/media\/5569"}],"wp:attachment":[{"href":"https:\/\/poppers-original.eu\/cs\/wp-json\/wp\/v2\/media?parent=6385"}],"wp:term":[{"taxonomy":"product_brand","embeddable":true,"href":"https:\/\/poppers-original.eu\/cs\/wp-json\/wp\/v2\/product_brand?post=6385"},{"taxonomy":"product_cat","embeddable":true,"href":"https:\/\/poppers-original.eu\/cs\/wp-json\/wp\/v2\/product_cat?post=6385"},{"taxonomy":"product_tag","embeddable":true,"href":"https:\/\/poppers-original.eu\/cs\/wp-json\/wp\/v2\/product_tag?post=6385"}],"curies":[{"name":"wp","href":"https:\/\/api.w.org\/{rel}","templated":true}]}}