{"id":6367,"date":"2023-08-07T18:29:16","date_gmt":"2023-08-07T17:29:16","guid":{"rendered":"https:\/\/poppers-original.eu\/product\/jungle-juice-platinum-10-ml-poppers-mala-lahvicka\/"},"modified":"2025-02-11T13:33:03","modified_gmt":"2025-02-11T12:33:03","slug":"jungle-juice-platinum-10ml-poppers-mala-lahvicka","status":"publish","type":"product","link":"https:\/\/poppers-original.eu\/cs\/produkt\/jungle-juice-platinum-10ml-poppers-mala-lahvicka\/","title":{"rendered":"Jungle Juice Platinum 10 ml Poppers Mal\u00e1 lahvi\u010dka"},"content":{"rendered":"<p>Vydejte se na jedine\u010dnou cestu smysl\u016f s Jungle Juice Platinum 10 ml Poppers. D\u00edky sv\u00e9 jedine\u010dn\u00e9 sm\u011bsi s v\u00fdjime\u010dn\u00fdm 98% stupn\u011bm \u010distoty nab\u00edz\u00ed tento siln\u00fd popper divok\u00fd, intenzivn\u00ed z\u00e1\u017eitek, kter\u00fd je t\u011b\u017ek\u00e9 p\u0159ekonat. Je vyroben\u00fd kanadskou zna\u010dkou Jungle Juice a od sv\u00e9ho uveden\u00ed na trh v 80. letech je jejich bestsellerem. Nyn\u00ed je \u0159ada na v\u00e1s, abyste za\u017eili jeho stimuluj\u00edc\u00ed a afrodiziak\u00e1ln\u00ed \u00fa\u010dinky, kter\u00e9 z n\u011bj d\u011blaj\u00ed nejvyhled\u00e1van\u011bj\u0161\u00ed poppers v Evrop\u011b.   <\/p>\n<h2>Pro\u010d zvolit Jungle Juice Platinum 10 ml Poppers?<\/h2>\n<p>Odpov\u011b\u010f je jednoduch\u00e1: pro jeho nep\u0159ekonatelnou s\u00edlu a \u00fa\u010dinnost. Tento siln\u00fd popper na b\u00e1zi propylu rychle a velmi p\u0159\u00edjemn\u011b p\u016fsob\u00ed, \u010d\u00edm\u017e se st\u00e1v\u00e1 dokonal\u00fdm spole\u010dn\u00edkem pro v\u0161echny intimn\u00ed chv\u00edle a p\u00e1rty. Kr\u00e1sn\u00e9 balen\u00ed Jungle Juice Platinum nen\u00ed jen l\u00e1kav\u00e9 \u2013 je tak\u00e9 praktick\u00e9. Kompaktn\u00ed lahvi\u010dka o objemu 10 ml je ide\u00e1ln\u00ed pro diskr\u00e9tn\u00ed p\u0159en\u00e1\u0161en\u00ed.   <\/p>\n<h2>Za\u017eijte origin\u00e1ln\u00ed, siln\u00e9 aroma<\/h2>\n<p>Recepturu p\u0159\u00edpravku Jungle Juice Platinum zd\u016fraz\u0148uje jedine\u010dn\u00e1 sm\u011bs, navr\u017een\u00e1 speci\u00e1ln\u011b k zes\u00edlen\u00ed jeho euforick\u00fdch a afrodiziak\u00e1ln\u00edch \u00fa\u010dink\u016f. D\u00edky n\u00ed pat\u0159\u00ed Jungle Juice Platinum k nej\u010dist\u0161\u00edm a nejsiln\u011bj\u0161\u00edm poppers na trhu. Tato nep\u0159ekonateln\u00e1 \u010distota vede k rychl\u00e9, intenzivn\u00ed rozko\u0161i, kter\u00e1 posune va\u0161e z\u00e1\u017eitky na novou \u00farove\u0148.  <\/p>\n<h2>Kupte si Poppers Jungle Juice Platinum 10 ml pro neopakovatelnou rozko\u0161<\/h2>\n<p>Vydejte se na cestu do \u0159\u00ed\u0161e autentick\u00e9, nep\u0159ekonateln\u00e9 rozko\u0161e s Jungle Juice Platinum 10 ml. Tato kanadsk\u00e1 zna\u010dka je ve sv\u011bt\u011b poppers vysoce respektovan\u00e1, nav\u00edc je tak\u00e9 v\u0159ele doporu\u010dov\u00e1na i nov\u00fdm u\u017eivatel\u016fm tou\u017e\u00edc\u00edm po jeho vzru\u0161uj\u00edc\u00edch \u00fa\u010dinc\u00edch. Tak nev\u00e1hejte. Kupte si Jungle Juice Platinum nyn\u00ed a za\u010dn\u011bte za\u017e\u00edvat nezapomenuteln\u00e9 dobrodru\u017estv\u00ed. M\u00e1te z\u00e1jem o v\u011bt\u0161\u00ed, 24ml lahvi\u010dku stejn\u00e9 zna\u010dky poppers? Pod\u00edvejte se na na\u0161i nab\u00eddku <a href=\"https:\/\/poppers-original.eu\/cs\/product\/jungle-juice-platinum-poppers-24ml-25ml\/\">Jungle Juice Platinum Poppers 24 ml \u2013 25 ml<\/a>.   <\/p>\n<p>&nbsp;<\/p>\n<p><strong>Obsah balen\u00ed<\/strong><\/p>\n<ul>\n<li>1x Jungle Juice Platinum Aroma 10 ml<\/li>\n<\/ul>\n<p><strong>Vlastnosti:<\/strong><\/p>\n<ul>\n<li>Ofici\u00e1ln\u00ed n\u00e1zev: Jungle Juice Platinum 10 ml Poppers Mal\u00e1 lahvi\u010dka<\/li>\n<li>Obsah: 10 ml<\/li>\n<li>S\u00edla: 3\/5<\/li>\n<li>Bezpe\u010dn\u00e9 otev\u00edr\u00e1n\u00ed: s bezpe\u010dnostn\u00edm uz\u00e1v\u011brem<\/li>\n<li>Power Pak Pellets\u2122 (PPP) pro zaji\u0161t\u011bn\u00ed dlouhodob\u00e9 \u010distoty.<\/li>\n<li>Znovu uzav\u00edrateln\u00e9 polykonov\u00e9 v\u00ed\u010dko pro zachov\u00e1n\u00ed s\u00edly.<\/li>\n<li>Zbo\u017e\u00ed ka\u017ed\u00fd t\u00fdden obm\u011b\u0148ujeme pro zaji\u0161t\u011bn\u00ed \u010derstvosti.<\/li>\n<li>(CAS 541-42-4) Isopropyl nitrit + Propan-2-ol (CAS 67-63-0) Isopropyl<\/li>\n<li>Garance spokojenosti bu\u010f vr\u00e1cen\u00edm pen\u011bz, nebo v\u00fdm\u011bnou produktu.<\/li>\n<li>V\u00fdrobce: PWD\u00ae \u2013 Never Fake It<\/li>\n<li>Vyrobeno v Lucembursku<\/li>\n<\/ul>\n","protected":false},"excerpt":{"rendered":"<p>Objevte fascinuj\u00edc\u00ed sv\u011bt Jungle Juice Platinum 10 ml, siln\u00fdch poppers zn\u00e1m\u00fdch svou neopakovatelnou \u010distotou a siln\u00fdmi \u00fa\u010dinky. Tato jedine\u010dn\u00e1 sm\u011bs, kter\u00e1 poch\u00e1z\u00ed z Kanady a je od 80. let nejprod\u00e1van\u011bj\u0161\u00ed, se m\u016f\u017ee pochlubit p\u016fsobiv\u00fdm 98% stupn\u011bm \u010distoty. A\u0165 u\u017e jde o intimn\u00ed chv\u00edle, \u010di party atmosf\u00e9ru, Jungle Juice Platinum je va\u0161\u00edm kl\u00ed\u010dem k nezkrotn\u00e9 rozko\u0161i a osvobozen\u00ed.  <\/p>\n","protected":false},"featured_media":5579,"comment_status":"open","ping_status":"closed","template":"","meta":{"_acf_changed":false},"product_brand":[],"product_cat":[651,759,661],"product_tag":[664,662,663,665],"class_list":{"0":"post-6367","1":"product","2":"type-product","3":"status-publish","4":"has-post-thumbnail","6":"product_cat-male-poppers","7":"product_cat-poppers-cs","8":"product_cat-poppers-na-bazi-nitridu-propylu","9":"product_tag-10-ml-jungle-juice-platinum-cs","10":"product_tag-jungle-juice-platinum-10-ml-cs","11":"product_tag-jungle-juice-platinum-poppers-10-ml-cs","12":"product_tag-junglejuice-platinum-10-ml-cs","14":"first","15":"outofstock","16":"taxable","17":"shipping-taxable","18":"purchasable","19":"product-type-simple"},"acf":[],"yoast_head":"<!-- This site is optimized with the Yoast SEO plugin v27.3 - https:\/\/yoast.com\/product\/yoast-seo-wordpress\/ -->\n<title>Jungle Juice Platinum 10 ml Poppers Mal\u00e1 lahvi\u010dka - EU Poppers Sale, Buy Poppers online<\/title>\n<meta name=\"description\" content=\"Pro\u017eijte s Jungle Juice Platinum 10 ml nezapomenuteln\u00e9 chv\u00edle! Siln\u00fd popper s ohromuj\u00edc\u00ed \u010distotou. Nakupte nyn\u00ed a z\u00edskejte neopakovateln\u00fd z\u00e1\u017eitek!\" \/>\n<meta name=\"robots\" content=\"index, follow, max-snippet:-1, max-image-preview:large, max-video-preview:-1\" \/>\n<link rel=\"canonical\" href=\"https:\/\/poppers-original.eu\/cs\/produkt\/jungle-juice-platinum-10ml-poppers-mala-lahvicka\/\" \/>\n<meta property=\"og:locale\" content=\"cs_CZ\" \/>\n<meta property=\"og:type\" content=\"article\" \/>\n<meta property=\"og:title\" content=\"Jungle Juice Platinum 10 ml Poppers Mal\u00e1 lahvi\u010dka - EU Poppers Sale, Buy Poppers online\" \/>\n<meta property=\"og:description\" content=\"Pro\u017eijte s Jungle Juice Platinum 10 ml nezapomenuteln\u00e9 chv\u00edle! Siln\u00fd popper s ohromuj\u00edc\u00ed \u010distotou. Nakupte nyn\u00ed a z\u00edskejte neopakovateln\u00fd z\u00e1\u017eitek!\" \/>\n<meta property=\"og:url\" content=\"https:\/\/poppers-original.eu\/cs\/produkt\/jungle-juice-platinum-10ml-poppers-mala-lahvicka\/\" \/>\n<meta property=\"og:site_name\" content=\"EU Poppers Sale, Buy Poppers online\" \/>\n<meta property=\"article:modified_time\" content=\"2025-02-11T12:33:03+00:00\" \/>\n<meta property=\"og:image\" content=\"https:\/\/poppers-original.eu\/wp-content\/uploads\/2023\/08\/jungle-juice-platinum-poppers-10-ml-small-bottle.jpg\" \/>\n\t<meta property=\"og:image:width\" content=\"1000\" \/>\n\t<meta property=\"og:image:height\" content=\"1000\" \/>\n\t<meta property=\"og:image:type\" content=\"image\/jpeg\" \/>\n<meta name=\"twitter:card\" content=\"summary_large_image\" \/>\n<meta name=\"twitter:label1\" content=\"Odhadovan\u00e1 doba \u010dten\u00ed\" \/>\n\t<meta name=\"twitter:data1\" content=\"2 minuty\" \/>\n<script type=\"application\/ld+json\" class=\"yoast-schema-graph\">{\"@context\":\"https:\\\/\\\/schema.org\",\"@graph\":[{\"@type\":\"WebPage\",\"@id\":\"https:\\\/\\\/poppers-original.eu\\\/cs\\\/produkt\\\/jungle-juice-platinum-10ml-poppers-mala-lahvicka\\\/\",\"url\":\"https:\\\/\\\/poppers-original.eu\\\/cs\\\/produkt\\\/jungle-juice-platinum-10ml-poppers-mala-lahvicka\\\/\",\"name\":\"Jungle Juice Platinum 10 ml Poppers Mal\u00e1 lahvi\u010dka - EU Poppers Sale, Buy Poppers online\",\"isPartOf\":{\"@id\":\"https:\\\/\\\/poppers-original.eu\\\/cs\\\/#website\"},\"primaryImageOfPage\":{\"@id\":\"https:\\\/\\\/poppers-original.eu\\\/cs\\\/produkt\\\/jungle-juice-platinum-10ml-poppers-mala-lahvicka\\\/#primaryimage\"},\"image\":{\"@id\":\"https:\\\/\\\/poppers-original.eu\\\/cs\\\/produkt\\\/jungle-juice-platinum-10ml-poppers-mala-lahvicka\\\/#primaryimage\"},\"thumbnailUrl\":\"https:\\\/\\\/poppers-original.eu\\\/wp-content\\\/uploads\\\/2023\\\/08\\\/jungle-juice-platinum-poppers-10-ml-small-bottle.jpg\",\"datePublished\":\"2023-08-07T17:29:16+00:00\",\"dateModified\":\"2025-02-11T12:33:03+00:00\",\"description\":\"Pro\u017eijte s Jungle Juice Platinum 10 ml nezapomenuteln\u00e9 chv\u00edle! Siln\u00fd popper s ohromuj\u00edc\u00ed \u010distotou. Nakupte nyn\u00ed a z\u00edskejte neopakovateln\u00fd z\u00e1\u017eitek!\",\"breadcrumb\":{\"@id\":\"https:\\\/\\\/poppers-original.eu\\\/cs\\\/produkt\\\/jungle-juice-platinum-10ml-poppers-mala-lahvicka\\\/#breadcrumb\"},\"inLanguage\":\"cs\",\"potentialAction\":[{\"@type\":\"ReadAction\",\"target\":[\"https:\\\/\\\/poppers-original.eu\\\/cs\\\/produkt\\\/jungle-juice-platinum-10ml-poppers-mala-lahvicka\\\/\"]}]},{\"@type\":\"ImageObject\",\"inLanguage\":\"cs\",\"@id\":\"https:\\\/\\\/poppers-original.eu\\\/cs\\\/produkt\\\/jungle-juice-platinum-10ml-poppers-mala-lahvicka\\\/#primaryimage\",\"url\":\"https:\\\/\\\/poppers-original.eu\\\/wp-content\\\/uploads\\\/2023\\\/08\\\/jungle-juice-platinum-poppers-10-ml-small-bottle.jpg\",\"contentUrl\":\"https:\\\/\\\/poppers-original.eu\\\/wp-content\\\/uploads\\\/2023\\\/08\\\/jungle-juice-platinum-poppers-10-ml-small-bottle.jpg\",\"width\":1000,\"height\":1000,\"caption\":\"Jungle Juice Platinum 10 ml Poppers Mal\u00e1 Lahvi\u010dka\"},{\"@type\":\"BreadcrumbList\",\"@id\":\"https:\\\/\\\/poppers-original.eu\\\/cs\\\/produkt\\\/jungle-juice-platinum-10ml-poppers-mala-lahvicka\\\/#breadcrumb\",\"itemListElement\":[{\"@type\":\"ListItem\",\"position\":1,\"name\":\"Home\",\"item\":\"https:\\\/\\\/poppers-original.eu\\\/cs\\\/\"},{\"@type\":\"ListItem\",\"position\":2,\"name\":\"Shop\",\"item\":\"https:\\\/\\\/poppers-original.eu\\\/shop\\\/\"},{\"@type\":\"ListItem\",\"position\":3,\"name\":\"Jungle Juice Platinum 10 ml Poppers Mal\u00e1 lahvi\u010dka\"}]},{\"@type\":\"WebSite\",\"@id\":\"https:\\\/\\\/poppers-original.eu\\\/cs\\\/#website\",\"url\":\"https:\\\/\\\/poppers-original.eu\\\/cs\\\/\",\"name\":\"Poppers Original, Buy Poppers online\",\"description\":\"Poppers Original\",\"publisher\":{\"@id\":\"https:\\\/\\\/poppers-original.eu\\\/cs\\\/#organization\"},\"potentialAction\":[{\"@type\":\"SearchAction\",\"target\":{\"@type\":\"EntryPoint\",\"urlTemplate\":\"https:\\\/\\\/poppers-original.eu\\\/cs\\\/?s={search_term_string}\"},\"query-input\":{\"@type\":\"PropertyValueSpecification\",\"valueRequired\":true,\"valueName\":\"search_term_string\"}}],\"inLanguage\":\"cs\"},{\"@type\":\"Organization\",\"@id\":\"https:\\\/\\\/poppers-original.eu\\\/cs\\\/#organization\",\"name\":\"Poppers Sale, Buy Poppers online\",\"url\":\"https:\\\/\\\/poppers-original.eu\\\/cs\\\/\",\"logo\":{\"@type\":\"ImageObject\",\"inLanguage\":\"cs\",\"@id\":\"https:\\\/\\\/poppers-original.eu\\\/cs\\\/#\\\/schema\\\/logo\\\/image\\\/\",\"url\":\"https:\\\/\\\/poppers-original.eu\\\/wp-content\\\/uploads\\\/2023\\\/05\\\/poppers-original-logo.png\",\"contentUrl\":\"https:\\\/\\\/poppers-original.eu\\\/wp-content\\\/uploads\\\/2023\\\/05\\\/poppers-original-logo.png\",\"width\":790,\"height\":150,\"caption\":\"Poppers Sale, Buy Poppers online\"},\"image\":{\"@id\":\"https:\\\/\\\/poppers-original.eu\\\/cs\\\/#\\\/schema\\\/logo\\\/image\\\/\"}}]}<\/script>\n<!-- \/ Yoast SEO plugin. -->","yoast_head_json":{"title":"Jungle Juice Platinum 10 ml Poppers Mal\u00e1 lahvi\u010dka - EU Poppers Sale, Buy Poppers online","description":"Pro\u017eijte s Jungle Juice Platinum 10 ml nezapomenuteln\u00e9 chv\u00edle! Siln\u00fd popper s ohromuj\u00edc\u00ed \u010distotou. Nakupte nyn\u00ed a z\u00edskejte neopakovateln\u00fd z\u00e1\u017eitek!","robots":{"index":"index","follow":"follow","max-snippet":"max-snippet:-1","max-image-preview":"max-image-preview:large","max-video-preview":"max-video-preview:-1"},"canonical":"https:\/\/poppers-original.eu\/cs\/produkt\/jungle-juice-platinum-10ml-poppers-mala-lahvicka\/","og_locale":"cs_CZ","og_type":"article","og_title":"Jungle Juice Platinum 10 ml Poppers Mal\u00e1 lahvi\u010dka - EU Poppers Sale, Buy Poppers online","og_description":"Pro\u017eijte s Jungle Juice Platinum 10 ml nezapomenuteln\u00e9 chv\u00edle! Siln\u00fd popper s ohromuj\u00edc\u00ed \u010distotou. Nakupte nyn\u00ed a z\u00edskejte neopakovateln\u00fd z\u00e1\u017eitek!","og_url":"https:\/\/poppers-original.eu\/cs\/produkt\/jungle-juice-platinum-10ml-poppers-mala-lahvicka\/","og_site_name":"EU Poppers Sale, Buy Poppers online","article_modified_time":"2025-02-11T12:33:03+00:00","og_image":[{"width":1000,"height":1000,"url":"https:\/\/poppers-original.eu\/wp-content\/uploads\/2023\/08\/jungle-juice-platinum-poppers-10-ml-small-bottle.jpg","type":"image\/jpeg"}],"twitter_card":"summary_large_image","twitter_misc":{"Odhadovan\u00e1 doba \u010dten\u00ed":"2 minuty"},"schema":{"@context":"https:\/\/schema.org","@graph":[{"@type":"WebPage","@id":"https:\/\/poppers-original.eu\/cs\/produkt\/jungle-juice-platinum-10ml-poppers-mala-lahvicka\/","url":"https:\/\/poppers-original.eu\/cs\/produkt\/jungle-juice-platinum-10ml-poppers-mala-lahvicka\/","name":"Jungle Juice Platinum 10 ml Poppers Mal\u00e1 lahvi\u010dka - EU Poppers Sale, Buy Poppers online","isPartOf":{"@id":"https:\/\/poppers-original.eu\/cs\/#website"},"primaryImageOfPage":{"@id":"https:\/\/poppers-original.eu\/cs\/produkt\/jungle-juice-platinum-10ml-poppers-mala-lahvicka\/#primaryimage"},"image":{"@id":"https:\/\/poppers-original.eu\/cs\/produkt\/jungle-juice-platinum-10ml-poppers-mala-lahvicka\/#primaryimage"},"thumbnailUrl":"https:\/\/poppers-original.eu\/wp-content\/uploads\/2023\/08\/jungle-juice-platinum-poppers-10-ml-small-bottle.jpg","datePublished":"2023-08-07T17:29:16+00:00","dateModified":"2025-02-11T12:33:03+00:00","description":"Pro\u017eijte s Jungle Juice Platinum 10 ml nezapomenuteln\u00e9 chv\u00edle! Siln\u00fd popper s ohromuj\u00edc\u00ed \u010distotou. Nakupte nyn\u00ed a z\u00edskejte neopakovateln\u00fd z\u00e1\u017eitek!","breadcrumb":{"@id":"https:\/\/poppers-original.eu\/cs\/produkt\/jungle-juice-platinum-10ml-poppers-mala-lahvicka\/#breadcrumb"},"inLanguage":"cs","potentialAction":[{"@type":"ReadAction","target":["https:\/\/poppers-original.eu\/cs\/produkt\/jungle-juice-platinum-10ml-poppers-mala-lahvicka\/"]}]},{"@type":"ImageObject","inLanguage":"cs","@id":"https:\/\/poppers-original.eu\/cs\/produkt\/jungle-juice-platinum-10ml-poppers-mala-lahvicka\/#primaryimage","url":"https:\/\/poppers-original.eu\/wp-content\/uploads\/2023\/08\/jungle-juice-platinum-poppers-10-ml-small-bottle.jpg","contentUrl":"https:\/\/poppers-original.eu\/wp-content\/uploads\/2023\/08\/jungle-juice-platinum-poppers-10-ml-small-bottle.jpg","width":1000,"height":1000,"caption":"Jungle Juice Platinum 10 ml Poppers Mal\u00e1 Lahvi\u010dka"},{"@type":"BreadcrumbList","@id":"https:\/\/poppers-original.eu\/cs\/produkt\/jungle-juice-platinum-10ml-poppers-mala-lahvicka\/#breadcrumb","itemListElement":[{"@type":"ListItem","position":1,"name":"Home","item":"https:\/\/poppers-original.eu\/cs\/"},{"@type":"ListItem","position":2,"name":"Shop","item":"https:\/\/poppers-original.eu\/shop\/"},{"@type":"ListItem","position":3,"name":"Jungle Juice Platinum 10 ml Poppers Mal\u00e1 lahvi\u010dka"}]},{"@type":"WebSite","@id":"https:\/\/poppers-original.eu\/cs\/#website","url":"https:\/\/poppers-original.eu\/cs\/","name":"Poppers Original, Buy Poppers online","description":"Poppers Original","publisher":{"@id":"https:\/\/poppers-original.eu\/cs\/#organization"},"potentialAction":[{"@type":"SearchAction","target":{"@type":"EntryPoint","urlTemplate":"https:\/\/poppers-original.eu\/cs\/?s={search_term_string}"},"query-input":{"@type":"PropertyValueSpecification","valueRequired":true,"valueName":"search_term_string"}}],"inLanguage":"cs"},{"@type":"Organization","@id":"https:\/\/poppers-original.eu\/cs\/#organization","name":"Poppers Sale, Buy Poppers online","url":"https:\/\/poppers-original.eu\/cs\/","logo":{"@type":"ImageObject","inLanguage":"cs","@id":"https:\/\/poppers-original.eu\/cs\/#\/schema\/logo\/image\/","url":"https:\/\/poppers-original.eu\/wp-content\/uploads\/2023\/05\/poppers-original-logo.png","contentUrl":"https:\/\/poppers-original.eu\/wp-content\/uploads\/2023\/05\/poppers-original-logo.png","width":790,"height":150,"caption":"Poppers Sale, Buy Poppers online"},"image":{"@id":"https:\/\/poppers-original.eu\/cs\/#\/schema\/logo\/image\/"}}]}},"_links":{"self":[{"href":"https:\/\/poppers-original.eu\/cs\/wp-json\/wp\/v2\/product\/6367","targetHints":{"allow":["GET"]}}],"collection":[{"href":"https:\/\/poppers-original.eu\/cs\/wp-json\/wp\/v2\/product"}],"about":[{"href":"https:\/\/poppers-original.eu\/cs\/wp-json\/wp\/v2\/types\/product"}],"replies":[{"embeddable":true,"href":"https:\/\/poppers-original.eu\/cs\/wp-json\/wp\/v2\/comments?post=6367"}],"wp:featuredmedia":[{"embeddable":true,"href":"https:\/\/poppers-original.eu\/cs\/wp-json\/wp\/v2\/media\/5579"}],"wp:attachment":[{"href":"https:\/\/poppers-original.eu\/cs\/wp-json\/wp\/v2\/media?parent=6367"}],"wp:term":[{"taxonomy":"product_brand","embeddable":true,"href":"https:\/\/poppers-original.eu\/cs\/wp-json\/wp\/v2\/product_brand?post=6367"},{"taxonomy":"product_cat","embeddable":true,"href":"https:\/\/poppers-original.eu\/cs\/wp-json\/wp\/v2\/product_cat?post=6367"},{"taxonomy":"product_tag","embeddable":true,"href":"https:\/\/poppers-original.eu\/cs\/wp-json\/wp\/v2\/product_tag?post=6367"}],"curies":[{"name":"wp","href":"https:\/\/api.w.org\/{rel}","templated":true}]}}